{"id":399,"date":"2018-10-26T15:51:20","date_gmt":"2018-10-26T13:51:20","guid":{"rendered":"http:\/\/agora.xtec.cat\/ceipserraparera\/?page_id=399"},"modified":"2026-01-29T15:47:03","modified_gmt":"2026-01-29T14:47:03","slug":"apadrinaments","status":"publish","type":"page","link":"https:\/\/agora.xtec.cat\/ceipserraparera\/projecte-educatiu\/apadrinaments\/","title":{"rendered":"Apadrinaments"},"content":{"rendered":"<p style=\"text-align: left;\"><span style=\"font-weight: 400;\">L&#8217;apadrinament lector \u00e9s una activitat cooperativa que es realitza per parelles formades\u00a0 per alumnes m\u00e9s grans que fan de padrins de lectura i els\/les alumnes m\u00e9s petites que fan de filloles.<\/span><\/p>\n<p style=\"text-align: left;\"><span style=\"font-weight: 400;\">Amb aquest projecte s\u2019intenta que tant uns com altres visquin una experi\u00e8ncia d\u2019aprenentatge lector, en el qual els nens i les nenes m\u00e9s grans (padrins lectors) llegeixin, expliquin, animin, facin de model, escoltin&#8230; als infants m\u00e9s petits (fillols\/les) i que aquesta activitat sigui engrescadora i tan motivadora com sigui possible per tal que se&#8217;ls hi encomani el plaer de llegir.<\/span><\/p>\n<p style=\"text-align: left;\"><span style=\"font-weight: 400;\">A m\u00e9s de dinamitzar el proc\u00e9s de lectura tamb\u00e9 es pret\u00e9n establir vincles\u00a0 entre padrins i fillols no nom\u00e9s al voltant de la lectura sin\u00f3 tamb\u00e9 envers altres situacions de la vida escolar.<\/span><\/p>\n<p><a href=\"https:\/\/agora.xtec.cat\/ceipserraparera\/wp-content\/uploads\/usu207\/2026\/01\/Captura-de-pantalla-2026-01-29-153428.png\"><img loading=\"lazy\" decoding=\"async\" class=\"alignnone wp-image-3853\" src=\"https:\/\/agora.xtec.cat\/ceipserraparera\/wp-content\/uploads\/usu207\/2026\/01\/Captura-de-pantalla-2026-01-29-153428.png\" alt=\"\" width=\"229\" height=\"163\" srcset=\"https:\/\/agora.xtec.cat\/ceipserraparera\/wp-content\/uploads\/usu207\/2026\/01\/Captura-de-pantalla-2026-01-29-153428.png 832w, https:\/\/agora.xtec.cat\/ceipserraparera\/wp-content\/uploads\/usu207\/2026\/01\/Captura-de-pantalla-2026-01-29-153428-300x213.png 300w, https:\/\/agora.xtec.cat\/ceipserraparera\/wp-content\/uploads\/usu207\/2026\/01\/Captura-de-pantalla-2026-01-29-153428-768x546.png 768w\" sizes=\"auto, (max-width: 229px) 100vw, 229px\" \/><\/a>\u00a0 \u00a0 \u00a0 \u00a0 <a href=\"https:\/\/agora.xtec.cat\/ceipserraparera\/wp-content\/uploads\/usu207\/2026\/01\/Captura-de-pantalla-2026-01-29-153307.png\"><img loading=\"lazy\" decoding=\"async\" class=\"alignnone wp-image-3852\" src=\"https:\/\/agora.xtec.cat\/ceipserraparera\/wp-content\/uploads\/usu207\/2026\/01\/Captura-de-pantalla-2026-01-29-153307.png\" alt=\"\" width=\"354\" height=\"162\" srcset=\"https:\/\/agora.xtec.cat\/ceipserraparera\/wp-content\/uploads\/usu207\/2026\/01\/Captura-de-pantalla-2026-01-29-153307.png 1368w, https:\/\/agora.xtec.cat\/ceipserraparera\/wp-content\/uploads\/usu207\/2026\/01\/Captura-de-pantalla-2026-01-29-153307-300x137.png 300w, https:\/\/agora.xtec.cat\/ceipserraparera\/wp-content\/uploads\/usu207\/2026\/01\/Captura-de-pantalla-2026-01-29-153307-1024x469.png 1024w, https:\/\/agora.xtec.cat\/ceipserraparera\/wp-content\/uploads\/usu207\/2026\/01\/Captura-de-pantalla-2026-01-29-153307-768x351.png 768w\" sizes=\"auto, (max-width: 354px) 100vw, 354px\" \/> \u00a0 \u00a0 \u00a0 \u00a0<\/a><a href=\"https:\/\/agora.xtec.cat\/ceipserraparera\/wp-content\/uploads\/usu207\/2026\/01\/Captura-de-pantalla-2026-01-29-154049.png\"><img loading=\"lazy\" decoding=\"async\" class=\"alignnone wp-image-3854\" src=\"https:\/\/agora.xtec.cat\/ceipserraparera\/wp-content\/uploads\/usu207\/2026\/01\/Captura-de-pantalla-2026-01-29-154049.png\" alt=\"\" width=\"118\" height=\"161\" srcset=\"https:\/\/agora.xtec.cat\/ceipserraparera\/wp-content\/uploads\/usu207\/2026\/01\/Captura-de-pantalla-2026-01-29-154049.png 562w, https:\/\/agora.xtec.cat\/ceipserraparera\/wp-content\/uploads\/usu207\/2026\/01\/Captura-de-pantalla-2026-01-29-154049-221x300.png 221w\" sizes=\"auto, (max-width: 118px) 100vw, 118px\" \/>\u00a0\u00a0\u00a0\u00a0\u00a0\u00a0\u00a0\u00a0 <\/a><a href=\"https:\/\/agora.xtec.cat\/ceipserraparera\/wp-content\/uploads\/usu207\/2026\/01\/Captura-de-pantalla-2026-01-29-154151.png\"><img loading=\"lazy\" decoding=\"async\" class=\"alignnone wp-image-3855\" src=\"https:\/\/agora.xtec.cat\/ceipserraparera\/wp-content\/uploads\/usu207\/2026\/01\/Captura-de-pantalla-2026-01-29-154151.png\" alt=\"\" width=\"114\" height=\"161\" srcset=\"https:\/\/agora.xtec.cat\/ceipserraparera\/wp-content\/uploads\/usu207\/2026\/01\/Captura-de-pantalla-2026-01-29-154151.png 535w, https:\/\/agora.xtec.cat\/ceipserraparera\/wp-content\/uploads\/usu207\/2026\/01\/Captura-de-pantalla-2026-01-29-154151-212x300.png 212w\" sizes=\"auto, (max-width: 114px) 100vw, 114px\" \/><\/a><\/p>\n","protected":false},"excerpt":{"rendered":"<p>L&#8217;apadrinament lector \u00e9s una activitat cooperativa que es realitza per parelles formades\u00a0 per alumnes m\u00e9s grans que fan de padrins de lectura i els\/les alumnes m\u00e9s petites que fan de filloles.<br \/>\nAmb aquest projecte s\u2019intenta que tant uns com altres visquin una experi\u00e8ncia d\u2019aprenentatge lector, en&hellip;  <a href=\"https:\/\/agora.xtec.cat\/ceipserraparera\/projecte-educatiu\/apadrinaments\/\" title=\"Read Apadrinaments\">Llegeix m\u00e9s\u00bb<\/a><\/p>\n","protected":false},"author":3,"featured_media":0,"parent":64,"menu_order":0,"comment_status":"closed","ping_status":"closed","template":"","meta":{"_bbp_topic_count":0,"_bbp_reply_count":0,"_bbp_total_topic_count":0,"_bbp_total_reply_count":0,"_bbp_voice_count":0,"_bbp_anonymous_reply_count":0,"_bbp_topic_count_hidden":0,"_bbp_reply_count_hidden":0,"_bbp_forum_subforum_count":0,"footnotes":""},"class_list":["post-399","page","type-page","status-publish","hentry"],"post_mailing_queue_ids":[],"_links":{"self":[{"href":"https:\/\/agora.xtec.cat\/ceipserraparera\/wp-json\/wp\/v2\/pages\/399","targetHints":{"allow":["GET"]}}],"collection":[{"href":"https:\/\/agora.xtec.cat\/ceipserraparera\/wp-json\/wp\/v2\/pages"}],"about":[{"href":"https:\/\/agora.xtec.cat\/ceipserraparera\/wp-json\/wp\/v2\/types\/page"}],"author":[{"embeddable":true,"href":"https:\/\/agora.xtec.cat\/ceipserraparera\/wp-json\/wp\/v2\/users\/3"}],"replies":[{"embeddable":true,"href":"https:\/\/agora.xtec.cat\/ceipserraparera\/wp-json\/wp\/v2\/comments?post=399"}],"version-history":[{"count":3,"href":"https:\/\/agora.xtec.cat\/ceipserraparera\/wp-json\/wp\/v2\/pages\/399\/revisions"}],"predecessor-version":[{"id":3857,"href":"https:\/\/agora.xtec.cat\/ceipserraparera\/wp-json\/wp\/v2\/pages\/399\/revisions\/3857"}],"up":[{"embeddable":true,"href":"https:\/\/agora.xtec.cat\/ceipserraparera\/wp-json\/wp\/v2\/pages\/64"}],"wp:attachment":[{"href":"https:\/\/agora.xtec.cat\/ceipserraparera\/wp-json\/wp\/v2\/media?parent=399"}],"curies":[{"name":"wp","href":"https:\/\/api.w.org\/{rel}","templated":true}]}}