{"id":28,"date":"2014-09-18T12:29:35","date_gmt":"2014-09-18T12:29:35","guid":{"rendered":"http:\/\/agora.xtec.cat\/ceipserraparera\/?page_id=28"},"modified":"2025-09-12T15:33:37","modified_gmt":"2025-09-12T13:33:37","slug":"consell-escolar","status":"publish","type":"page","link":"https:\/\/agora.xtec.cat\/ceipserraparera\/lescola\/consell-escolar\/","title":{"rendered":"Equip Docent"},"content":{"rendered":"<table style=\"height: 1103px;\" width=\"799\">\n<tbody>\n<tr>\n<td style=\"text-align: center; width: 180px;\"><strong>Tutors<\/strong><\/td>\n<td style=\"text-align: left; width: 611px;\"><strong>EI\u20133<\/strong>: Montse Moreno i Alba Quesada<\/p>\n<p><strong>EI-4: <\/strong>Sandra Rodr\u00edguez i Elisabet Gil<\/p>\n<p><strong>EI\u20135:<\/strong> N\u00faria D\u00edez, Marta Gallart i Sara Barb\u00e9<\/p>\n<p><strong>1r: <\/strong>S\u00f2nia Rodr\u00edguez, Silvia Delgado i Cristina de la Mano<\/p>\n<p><strong>2n: <\/strong>Susana V\u00e1zquez i Elena Moreno<\/p>\n<p><strong>3r: <\/strong>Bruno Bergad\u00e0 i Cati Su\u00e1rez<\/p>\n<p><strong>4t: <\/strong>Jesi Rodr\u00edguez i Maria Jos\u00e9 Romero<\/p>\n<p><strong>5\u00e8<\/strong>: Cristina Mart\u00ednez i Marga Soriano<\/p>\n<p><strong>6\u00e8: <\/strong>Joan Morera i David Romero<\/td>\n<\/tr>\n<tr>\n<td style=\"text-align: center; width: 180px;\"><strong>Especialistes<\/strong><\/td>\n<td style=\"width: 611px;\">Naroa Ortega (Atenci\u00f3 a la diversitat)<\/p>\n<p>Jennifer Flores (Atenci\u00f3 a la diversitat)<\/p>\n<p>Joana Branchadell (Atenci\u00f3 a la diversitat)<\/p>\n<p>Berta L\u00f3pez (Atenci\u00f3 a la diversitat)<\/p>\n<p>Maribel Mir (Educaci\u00f3 Musical)<\/p>\n<p>Guillem Alemany (Educaci\u00f3 F\u00edsica)<\/p>\n<p>Gemma Ayora (Educaci\u00f3 F\u00edsica)<\/p>\n<p>M\u00f3nica Pareja (Angl\u00e8s)<\/p>\n<p>Manoli Moledo (Angl\u00e8s)<\/p>\n<p>Montse Par\u00e9s (Suport Educaci\u00f3 Infantil)<\/p>\n<p>Mar Guilera (Suport Educaci\u00f3 Infantil)<\/p>\n<p>Ignasi Mill\u00e1n (Suport Educaci\u00f3 Prim\u00e0ria)<\/td>\n<\/tr>\n<tr>\n<td style=\"text-align: center; width: 180px;\"><strong>Serveis Educatius<\/strong><\/td>\n<td style=\"width: 611px;\">Beatriz Sala (Logopeda EAP)<\/p>\n<p>Lorena Padilla (Psicopedagoga EAP)<\/p>\n<p>Sonia Jim\u00e9nez (Treballadora social EAP)<\/td>\n<\/tr>\n<tr>\n<td style=\"text-align: center; width: 180px;\"><strong>Personal No docent<\/strong><\/td>\n<td style=\"width: 611px;\">David Gonz\u00e1lez (Conserge)<\/p>\n<p>Cristina Plaza (Administrativa)<\/p>\n<p>Vanessa Sagrado (T\u00e8cnica d\u2019Educaci\u00f3 Infantil)<\/p>\n<p>Laia Marqu\u00e8s (Educadora d&#8217;Educaci\u00f3 Especial)<\/p>\n<p>Adriana Iglesias (Vetlladora)<\/p>\n<p>Dunia Delgado (Vetlladora)<\/td>\n<\/tr>\n<\/tbody>\n<\/table>\n<p style=\"text-align: center;\">\n","protected":false},"excerpt":{"rendered":"<p>Tutors<br \/>\nEI\u20133: Montse Moreno i Alba Quesada<br \/>\nEI-4: Sandra Rodr\u00edguez i Elisabet Gil<br \/>\nEI\u20135: N\u00faria D\u00edez, Marta Gallart i Sara Barb\u00e9<br \/>\n1r: S\u00f2nia Rodr\u00edguez, Silvia Delgado i Cristina de la Mano<br \/>\n2n: Susana V\u00e1zquez i Elena Moreno<br \/>\n3r: Bruno Bergad\u00e0 i Cati Su\u00e1rez<br \/>\n4t: Jesi Rodr\u00edguez i Maria Jos\u00e9 Romero<br \/>\n5\u00e8: Cristina Mart\u00ednez&hellip;  <a href=\"https:\/\/agora.xtec.cat\/ceipserraparera\/lescola\/consell-escolar\/\" title=\"Read Equip Docent\">Llegeix m\u00e9s\u00bb<\/a><\/p>\n","protected":false},"author":2,"featured_media":0,"parent":22,"menu_order":50,"comment_status":"closed","ping_status":"closed","template":"page-templates\/side-menu.php","meta":{"_bbp_topic_count":0,"_bbp_reply_count":0,"_bbp_total_topic_count":0,"_bbp_total_reply_count":0,"_bbp_voice_count":0,"_bbp_anonymous_reply_count":0,"_bbp_topic_count_hidden":0,"_bbp_reply_count_hidden":0,"_bbp_forum_subforum_count":0,"footnotes":""},"class_list":["post-28","page","type-page","status-publish","hentry"],"post_mailing_queue_ids":[],"_links":{"self":[{"href":"https:\/\/agora.xtec.cat\/ceipserraparera\/wp-json\/wp\/v2\/pages\/28","targetHints":{"allow":["GET"]}}],"collection":[{"href":"https:\/\/agora.xtec.cat\/ceipserraparera\/wp-json\/wp\/v2\/pages"}],"about":[{"href":"https:\/\/agora.xtec.cat\/ceipserraparera\/wp-json\/wp\/v2\/types\/page"}],"author":[{"embeddable":true,"href":"https:\/\/agora.xtec.cat\/ceipserraparera\/wp-json\/wp\/v2\/users\/2"}],"replies":[{"embeddable":true,"href":"https:\/\/agora.xtec.cat\/ceipserraparera\/wp-json\/wp\/v2\/comments?post=28"}],"version-history":[{"count":7,"href":"https:\/\/agora.xtec.cat\/ceipserraparera\/wp-json\/wp\/v2\/pages\/28\/revisions"}],"predecessor-version":[{"id":3703,"href":"https:\/\/agora.xtec.cat\/ceipserraparera\/wp-json\/wp\/v2\/pages\/28\/revisions\/3703"}],"up":[{"embeddable":true,"href":"https:\/\/agora.xtec.cat\/ceipserraparera\/wp-json\/wp\/v2\/pages\/22"}],"wp:attachment":[{"href":"https:\/\/agora.xtec.cat\/ceipserraparera\/wp-json\/wp\/v2\/media?parent=28"}],"curies":[{"name":"wp","href":"https:\/\/api.w.org\/{rel}","templated":true}]}}