{"id":26,"date":"2014-09-18T12:24:32","date_gmt":"2014-09-18T12:24:32","guid":{"rendered":"http:\/\/agora.xtec.cat\/ceipserraparera\/?page_id=26"},"modified":"2019-02-28T17:22:05","modified_gmt":"2019-02-28T16:22:05","slug":"historia","status":"publish","type":"page","link":"https:\/\/agora.xtec.cat\/ceipserraparera\/lescola\/historia\/","title":{"rendered":"Hist\u00f2ria"},"content":{"rendered":"<p>L&#8217;escola Serraparera va obrir les seves portes\u00a0 al novembre del 1974 en ple proc\u00e9s de creixement del municipi de Cerdanyola. Els anys 60 i 70 van ser una \u00e8poca clarament marcada per l&#8217;arribada de poblaci\u00f3 a Cerdanyola, sobretot procedent d&#8217;Andalusia, i \u00e9s en aquest context que va n\u00e9ixer la nostra escola.<\/p>\n<p>Des de llavors, compta amb una gran traject\u00f2ria en l&#8217;\u00e0mbit de l&#8217;educaci\u00f3, formant alumnes generacions rere generacions. Aix\u00f2 ha fet que la nostra escola sigui important per a la gent del barri i a dia d&#8217;avui puguem rebre, amb molt d&#8217;afecte, els fills i filles d&#8217;antics alumnes.<\/p>\n","protected":false},"excerpt":{"rendered":"<p>L&#8217;escola Serraparera va obrir les seves portes\u00a0 al novembre del 1974 en ple proc\u00e9s de creixement del municipi de Cerdanyola. Els anys 60 i 70 van ser una \u00e8poca clarament marcada per l&#8217;arribada de poblaci\u00f3 a Cerdanyola, sobretot procedent d&#8217;Andalusia, i \u00e9s en aquest context&hellip;  <a href=\"https:\/\/agora.xtec.cat\/ceipserraparera\/lescola\/historia\/\" title=\"Read Hist\u00f2ria\">Llegeix m\u00e9s\u00bb<\/a><\/p>\n","protected":false},"author":2,"featured_media":0,"parent":22,"menu_order":20,"comment_status":"closed","ping_status":"closed","template":"page-templates\/side-menu.php","meta":{"_bbp_topic_count":0,"_bbp_reply_count":0,"_bbp_total_topic_count":0,"_bbp_total_reply_count":0,"_bbp_voice_count":0,"_bbp_anonymous_reply_count":0,"_bbp_topic_count_hidden":0,"_bbp_reply_count_hidden":0,"_bbp_forum_subforum_count":0,"footnotes":""},"class_list":["post-26","page","type-page","status-publish","hentry"],"post_mailing_queue_ids":[],"_links":{"self":[{"href":"https:\/\/agora.xtec.cat\/ceipserraparera\/wp-json\/wp\/v2\/pages\/26","targetHints":{"allow":["GET"]}}],"collection":[{"href":"https:\/\/agora.xtec.cat\/ceipserraparera\/wp-json\/wp\/v2\/pages"}],"about":[{"href":"https:\/\/agora.xtec.cat\/ceipserraparera\/wp-json\/wp\/v2\/types\/page"}],"author":[{"embeddable":true,"href":"https:\/\/agora.xtec.cat\/ceipserraparera\/wp-json\/wp\/v2\/users\/2"}],"replies":[{"embeddable":true,"href":"https:\/\/agora.xtec.cat\/ceipserraparera\/wp-json\/wp\/v2\/comments?post=26"}],"version-history":[{"count":4,"href":"https:\/\/agora.xtec.cat\/ceipserraparera\/wp-json\/wp\/v2\/pages\/26\/revisions"}],"predecessor-version":[{"id":580,"href":"https:\/\/agora.xtec.cat\/ceipserraparera\/wp-json\/wp\/v2\/pages\/26\/revisions\/580"}],"up":[{"embeddable":true,"href":"https:\/\/agora.xtec.cat\/ceipserraparera\/wp-json\/wp\/v2\/pages\/22"}],"wp:attachment":[{"href":"https:\/\/agora.xtec.cat\/ceipserraparera\/wp-json\/wp\/v2\/media?parent=26"}],"curies":[{"name":"wp","href":"https:\/\/api.w.org\/{rel}","templated":true}]}}