{"id":66,"date":"2014-09-18T12:40:47","date_gmt":"2014-09-18T12:40:47","guid":{"rendered":"http:\/\/agora.xtec.cat\/ceipserrallo\/?page_id=66"},"modified":"2015-02-09T16:23:47","modified_gmt":"2015-02-09T15:23:47","slug":"serveis","status":"publish","type":"page","link":"https:\/\/agora.xtec.cat\/ceipserrallo\/serveis\/","title":{"rendered":"Serveis"},"content":{"rendered":"<p>El centre compta amb els seg\u00fcents <strong>serveis i equipaments propis<\/strong>:<\/p>\n<ul class=\"Estilo2\">\n<li>Aula d&#8217;acollida per a alumnes nouvinguts.<\/li>\n<li>Aula d&#8217;educaci\u00f3 especial.<\/li>\n<li>USEE (Unitat de Suport a L&#8217;Educaci\u00f3 Especial).<\/li>\n<li>Laboratori d&#8217;diomes.<\/li>\n<li>Aula d&#8217;inform\u00e0tica.<\/li>\n<li>Bibiloteca escolar.<\/li>\n<li>Sala de psicomotricitat.<\/li>\n<li>Aula de m\u00fasica.<\/li>\n<li>Acollida dels infants de 8:00 h a 9:00h (AMPA).<\/li>\n<li>Menjador escolar (AMPA).<\/li>\n<li>Activitats extraescolars (AMPA).<\/li>\n<\/ul>\n<p>Com a centre p\u00fablic del Departament d&#8217;Educaci\u00f3 t\u00e9 acc\u00e8s als seg\u00fcents <strong>serveis externs<\/strong>:<\/p>\n<ul>\n<li><strong><a href=\"http:\/\/www.xtec.cat\/se-tarragones\/\" target=\"_blank\">Serveis Educatius de Zona<\/a><\/strong>: CRP (centres de recursos pedag\u00f2gics), EAP (equips d\u2019assessorament i orientaci\u00f3 Psicopedag\u00f2gica), ELIC (equips d\u2019assessorament en llengua i cohesi\u00f3 social)<\/li>\n<li><strong>Serveis Educatius Espec\u00edfics<\/strong>: CREDA (centres de recursos educatius per a deficients auditius), CREDV (centres de recursos educatius per a deficients visuals), SAAM (serveis educatius espec\u00edfics per a l&#8217;alumnat amb greus trastorns motrius i d&#8217;accessibilitat), SEETDiC (serveis educatius espec\u00edfics per a l&#8217;alumnat amb trastorns generalitzats del desenvolupament i la conducta)<\/li>\n<li><strong><a href=\"http:\/\/cdatarragona.net\/\" target=\"_blank\">Camps d\u2019Aprenentatge<\/a><\/strong><\/li>\n<\/ul>\n","protected":false},"excerpt":{"rendered":"<p>El centre compta amb els seg\u00fcents serveis i equipaments propis: Aula d&#8217;acollida per a alumnes nouvinguts. Aula d&#8217;educaci\u00f3 especial. USEE (Unitat de Suport a L&#8217;Educaci\u00f3 Especial). Laboratori d&#8217;diomes. Aula d&#8217;inform\u00e0tica. Bibiloteca escolar. Sala de psicomotricitat. Aula de m\u00fasica. Acollida dels infants de 8:00 h a 9:00h (AMPA). Menjador escolar (AMPA). Activitats extraescolars (AMPA). Com a [&hellip;]<\/p>\n","protected":false},"author":2,"featured_media":0,"parent":0,"menu_order":0,"comment_status":"closed","ping_status":"closed","template":"page-templates\/side-menu.php","meta":{"_bbp_topic_count":0,"_bbp_reply_count":0,"_bbp_total_topic_count":0,"_bbp_total_reply_count":0,"_bbp_voice_count":0,"_bbp_anonymous_reply_count":0,"_bbp_topic_count_hidden":0,"_bbp_reply_count_hidden":0,"_bbp_forum_subforum_count":0,"site-sidebar-layout":"default","site-content-layout":"","ast-site-content-layout":"","site-content-style":"default","site-sidebar-style":"default","ast-global-header-display":"","ast-banner-title-visibility":"","ast-main-header-display":"","ast-hfb-above-header-display":"","ast-hfb-below-header-display":"","ast-hfb-mobile-header-display":"","site-post-title":"","ast-breadcrumbs-content":"","ast-featured-img":"","footer-sml-layout":"","theme-transparent-header-meta":"","adv-header-id-meta":"","stick-header-meta":"","header-above-stick-meta":"","header-main-stick-meta":"","header-below-stick-meta":"","astra-migrate-meta-layouts":"default","ast-page-background-enabled":"default","ast-page-background-meta":{"desktop":{"background-color":"var(--ast-global-color-4)","background-image":"","background-repeat":"repeat","background-position":"center center","background-size":"auto","background-attachment":"scroll","background-type":"","background-media":"","overlay-type":"","overlay-color":"","overlay-opacity":"","overlay-gradient":""},"tablet":{"background-color":"","background-image":"","background-repeat":"repeat","background-position":"center center","background-size":"auto","background-attachment":"scroll","background-type":"","background-media":"","overlay-type":"","overlay-color":"","overlay-opacity":"","overlay-gradient":""},"mobile":{"background-color":"","background-image":"","background-repeat":"repeat","background-position":"center center","background-size":"auto","background-attachment":"scroll","background-type":"","background-media":"","overlay-type":"","overlay-color":"","overlay-opacity":"","overlay-gradient":""}},"ast-content-background-meta":{"desktop":{"background-color":"var(--ast-global-color-5)","background-image":"","background-repeat":"repeat","background-position":"center center","background-size":"auto","background-attachment":"scroll","background-type":"","background-media":"","overlay-type":"","overlay-color":"","overlay-opacity":"","overlay-gradient":""},"tablet":{"background-color":"var(--ast-global-color-5)","background-image":"","background-repeat":"repeat","background-position":"center center","background-size":"auto","background-attachment":"scroll","background-type":"","background-media":"","overlay-type":"","overlay-color":"","overlay-opacity":"","overlay-gradient":""},"mobile":{"background-color":"var(--ast-global-color-5)","background-image":"","background-repeat":"repeat","background-position":"center center","background-size":"auto","background-attachment":"scroll","background-type":"","background-media":"","overlay-type":"","overlay-color":"","overlay-opacity":"","overlay-gradient":""}},"footnotes":""},"class_list":["post-66","page","type-page","status-publish","hentry"],"post_mailing_queue_ids":[],"_links":{"self":[{"href":"https:\/\/agora.xtec.cat\/ceipserrallo\/wp-json\/wp\/v2\/pages\/66","targetHints":{"allow":["GET"]}}],"collection":[{"href":"https:\/\/agora.xtec.cat\/ceipserrallo\/wp-json\/wp\/v2\/pages"}],"about":[{"href":"https:\/\/agora.xtec.cat\/ceipserrallo\/wp-json\/wp\/v2\/types\/page"}],"author":[{"embeddable":true,"href":"https:\/\/agora.xtec.cat\/ceipserrallo\/wp-json\/wp\/v2\/users\/2"}],"replies":[{"embeddable":true,"href":"https:\/\/agora.xtec.cat\/ceipserrallo\/wp-json\/wp\/v2\/comments?post=66"}],"version-history":[{"count":3,"href":"https:\/\/agora.xtec.cat\/ceipserrallo\/wp-json\/wp\/v2\/pages\/66\/revisions"}],"predecessor-version":[{"id":172,"href":"https:\/\/agora.xtec.cat\/ceipserrallo\/wp-json\/wp\/v2\/pages\/66\/revisions\/172"}],"wp:attachment":[{"href":"https:\/\/agora.xtec.cat\/ceipserrallo\/wp-json\/wp\/v2\/media?parent=66"}],"curies":[{"name":"wp","href":"https:\/\/api.w.org\/{rel}","templated":true}]}}