{"id":6483,"date":"2026-03-04T22:31:00","date_gmt":"2026-03-04T21:31:00","guid":{"rendered":"https:\/\/agora.xtec.cat\/ceipserrallo\/?page_id=6483"},"modified":"2026-04-15T12:16:05","modified_gmt":"2026-04-15T10:16:05","slug":"preinscripcio-i-matricula","status":"publish","type":"page","link":"https:\/\/agora.xtec.cat\/ceipserrallo\/preinscripcio-i-matricula\/","title":{"rendered":"Preinscripci\u00f3 i matr\u00edcula"},"content":{"rendered":"<p class=\"western\" align=\"center\"><u><b>CALENDARI DEL PROC\u00c9S DE PREINSCRIPCI\u00d3 I <\/b><\/u><u><b>MATRICULACI\u00d3 PER AL PROPER CURS 2026-2027<\/b><\/u><\/p>\n<table style=\"width: 100%;\">\n<tbody>\n<tr>\n<td style=\"width: 49.1487%;\">\n<ul>\n<li>Publicaci\u00f3 de l\u2019oferta inicial de places escolars<\/li>\n<\/ul>\n<\/td>\n<td style=\"width: 19.2962%;\">3 de mar\u00e7<\/td>\n<td style=\"width: 31.5551%;\"><span style=\"color: #000000;\"><a style=\"color: #000000;\" href=\"https:\/\/drive.google.com\/file\/d\/11mXTLg7N_Z6SgcriWP4jacqFyV7u3DUd\/view?usp=drive_link\"><strong>Document<\/strong><\/a><\/span><\/td>\n<\/tr>\n<tr>\n<td style=\"width: 49.1487%;\">\n<ul>\n<li><strong>Presentaci\u00f3 de sol\u2022licituds<\/strong><\/li>\n<\/ul>\n<\/td>\n<td style=\"width: 19.2962%;\"><strong>Del 4 al 18 de mar\u00e7<\/strong><\/td>\n<td style=\"width: 31.5551%;\"><span style=\"color: #000000;\"><a style=\"color: #000000;\" href=\"https:\/\/preinscripcio.gencat.cat\/ca\/estudis\/infantil-3-6\/inici\/\"><strong>Enlla\u00e7 per fer la preinscripci\u00f3<\/strong><\/a><\/span><\/td>\n<\/tr>\n<tr>\n<td style=\"width: 49.1487%;\">\n<ul>\n<li>Presentaci\u00f3 de documentaci\u00f3<\/li>\n<\/ul>\n<\/td>\n<td style=\"width: 19.2962%;\">Fins el 19 de mar\u00e7<\/td>\n<td style=\"width: 31.5551%;\"><\/td>\n<\/tr>\n<tr>\n<td style=\"width: 49.1487%;\">\n<ul>\n<li><strong>Publicaci\u00f3 de la llista amb la puntuaci\u00f3 provisional<\/strong><\/li>\n<\/ul>\n<\/td>\n<td style=\"width: 19.2962%;\"><strong>15 d\u2019abril<\/strong><\/td>\n<td style=\"width: 31.5551%;\"><span style=\"color: #000000;\"><a style=\"color: #000000;\" href=\"https:\/\/drive.google.com\/file\/d\/1_iL1_yOb3QMtYuci4XmPTSn3U4AIOzuF\/view?usp=sharing\"><strong>Document<\/strong><\/a><\/span><\/td>\n<\/tr>\n<tr>\n<td style=\"width: 49.1487%;\">\n<ul>\n<li>Presentaci\u00f3 de reclamacions a la puntuaci\u00f3 provisional<\/li>\n<\/ul>\n<p><strong>\u00a0<\/strong><\/td>\n<td style=\"width: 19.2962%;\">Del 15 al 20 d\u2019abril<\/td>\n<td style=\"width: 31.5551%;\"><\/td>\n<\/tr>\n<tr>\n<td style=\"width: 49.1487%;\">\n<ul>\n<li><strong>Publicaci\u00f3 de la llista amb la puntuaci\u00f3 un cop resoltes les reclamacions<\/strong><\/li>\n<\/ul>\n<\/td>\n<td style=\"width: 19.2962%;\"><strong>23 d\u2019abril<\/strong><\/td>\n<td style=\"width: 31.5551%;\"><strong>Document<\/strong><\/td>\n<\/tr>\n<tr>\n<td style=\"width: 49.1487%;\">\n<ul>\n<li>Sorteig per resoldre les sol\u00b7licituds de preinscripci\u00f3 empatades en punts<\/li>\n<\/ul>\n<\/td>\n<td style=\"width: 19.2962%;\">28 d\u2019abril<\/td>\n<td style=\"width: 31.5551%;\">N\u00famero per determinar l\u2019ordre en cas d\u2019empat:<\/td>\n<\/tr>\n<tr>\n<td style=\"width: 49.1487%;\">\n<ul>\n<li><strong>Publicaci\u00f3 de la llista ordenada definitiva<\/strong><\/li>\n<\/ul>\n<\/td>\n<td style=\"width: 19.2962%;\"><strong>29 d\u2019abril<\/strong><\/td>\n<td style=\"width: 31.5551%;\"><strong>Document<\/strong><\/td>\n<\/tr>\n<tr>\n<td style=\"width: 49.1487%;\">\n<ul>\n<li>Ampliaci\u00f3 de peticions de preinscripci\u00f3 d\u2019alumnat amb necessitats educatives espec\u00edfiques derivades de situaci\u00f3 socioecon\u00f2mica desafavorida sense assignaci\u00f3 (assignaci\u00f3 d\u2019ofici)<\/li>\n<\/ul>\n<\/td>\n<td style=\"width: 19.2962%;\">13 i 14 de maig<\/td>\n<td style=\"width: 31.5551%;\"><\/td>\n<\/tr>\n<tr>\n<td style=\"width: 49.1487%;\">\n<ul>\n<li><strong>Ampliaci\u00f3 de peticions de preinscripci\u00f3 per a alumnes sense pla\u00e7a assignada a cap centre (assignaci\u00f3 d\u2019ofici)<\/strong><\/li>\n<\/ul>\n<\/td>\n<td style=\"width: 19.2962%;\"><strong>De l\u20191 al 3 de juny<\/strong><\/td>\n<td style=\"width: 31.5551%;\"><\/td>\n<\/tr>\n<tr>\n<td style=\"width: 49.1487%;\">\n<ul>\n<li>Publicaci\u00f3 de l\u2019oferta final<\/li>\n<\/ul>\n<\/td>\n<td style=\"width: 19.2962%;\">10 de juny<\/td>\n<td style=\"width: 31.5551%;\">Document<\/td>\n<\/tr>\n<tr>\n<td style=\"width: 49.1487%;\">\n<ul>\n<li><strong>Publicaci\u00f3 de la llista d\u2019alumnes preinscrits, d\u2019admesos i llista d\u2019espera<\/strong><\/li>\n<\/ul>\n<\/td>\n<td style=\"width: 19.2962%;\"><strong>10 de juny<\/strong><\/td>\n<td style=\"width: 31.5551%;\"><strong>Document<\/strong><\/td>\n<\/tr>\n<tr>\n<td style=\"width: 49.1487%;\">\n<ul>\n<li>Per\u00edode de matriculaci\u00f3<\/li>\n<\/ul>\n<\/td>\n<td style=\"width: 19.2962%;\">Del 22 al 30 de juny<\/td>\n<td style=\"width: 31.5551%;\"><strong>\u00a0<\/strong><\/td>\n<\/tr>\n<tr>\n<td style=\"width: 49.1487%;\"><\/td>\n<td style=\"width: 19.2962%;\"><\/td>\n<td style=\"width: 31.5551%;\"><\/td>\n<\/tr>\n<tr>\n<td style=\"width: 49.1487%;\"><\/td>\n<td style=\"width: 19.2962%;\"><\/td>\n<td style=\"width: 31.5551%;\"><\/td>\n<\/tr>\n<\/tbody>\n<\/table>\n","protected":false},"excerpt":{"rendered":"<p>CALENDARI DEL PROC\u00c9S DE PREINSCRIPCI\u00d3 I MATRICULACI\u00d3 PER AL PROPER CURS 2026-2027 Publicaci\u00f3 de l\u2019oferta inicial de places escolars 3 de mar\u00e7 Document Presentaci\u00f3 de sol\u2022licituds Del 4 al 18 de mar\u00e7 Enlla\u00e7 per fer la preinscripci\u00f3 Presentaci\u00f3 de documentaci\u00f3 Fins el 19 de mar\u00e7 Publicaci\u00f3 de la llista amb la puntuaci\u00f3 provisional 15 d\u2019abril [&hellip;]<\/p>\n","protected":false},"author":1,"featured_media":0,"parent":0,"menu_order":0,"comment_status":"closed","ping_status":"closed","template":"","meta":{"_bbp_topic_count":0,"_bbp_reply_count":0,"_bbp_total_topic_count":0,"_bbp_total_reply_count":0,"_bbp_voice_count":0,"_bbp_anonymous_reply_count":0,"_bbp_topic_count_hidden":0,"_bbp_reply_count_hidden":0,"_bbp_forum_subforum_count":0,"site-sidebar-layout":"default","site-content-layout":"","ast-site-content-layout":"default","site-content-style":"default","site-sidebar-style":"default","ast-global-header-display":"","ast-banner-title-visibility":"","ast-main-header-display":"","ast-hfb-above-header-display":"","ast-hfb-below-header-display":"","ast-hfb-mobile-header-display":"","site-post-title":"","ast-breadcrumbs-content":"","ast-featured-img":"","footer-sml-layout":"","theme-transparent-header-meta":"default","adv-header-id-meta":"","stick-header-meta":"","header-above-stick-meta":"","header-main-stick-meta":"","header-below-stick-meta":"","astra-migrate-meta-layouts":"set","ast-page-background-enabled":"default","ast-page-background-meta":{"desktop":{"background-color":"var(--ast-global-color-4)","background-image":"","background-repeat":"repeat","background-position":"center center","background-size":"auto","background-attachment":"scroll","background-type":"","background-media":"","overlay-type":"","overlay-color":"","overlay-opacity":"","overlay-gradient":""},"tablet":{"background-color":"","background-image":"","background-repeat":"repeat","background-position":"center center","background-size":"auto","background-attachment":"scroll","background-type":"","background-media":"","overlay-type":"","overlay-color":"","overlay-opacity":"","overlay-gradient":""},"mobile":{"background-color":"","background-image":"","background-repeat":"repeat","background-position":"center center","background-size":"auto","background-attachment":"scroll","background-type":"","background-media":"","overlay-type":"","overlay-color":"","overlay-opacity":"","overlay-gradient":""}},"ast-content-background-meta":{"desktop":{"background-color":"var(--ast-global-color-5)","background-image":"","background-repeat":"repeat","background-position":"center center","background-size":"auto","background-attachment":"scroll","background-type":"","background-media":"","overlay-type":"","overlay-color":"","overlay-opacity":"","overlay-gradient":""},"tablet":{"background-color":"var(--ast-global-color-5)","background-image":"","background-repeat":"repeat","background-position":"center center","background-size":"auto","background-attachment":"scroll","background-type":"","background-media":"","overlay-type":"","overlay-color":"","overlay-opacity":"","overlay-gradient":""},"mobile":{"background-color":"var(--ast-global-color-5)","background-image":"","background-repeat":"repeat","background-position":"center center","background-size":"auto","background-attachment":"scroll","background-type":"","background-media":"","overlay-type":"","overlay-color":"","overlay-opacity":"","overlay-gradient":""}},"footnotes":""},"class_list":["post-6483","page","type-page","status-publish","hentry"],"post_mailing_queue_ids":[],"_links":{"self":[{"href":"https:\/\/agora.xtec.cat\/ceipserrallo\/wp-json\/wp\/v2\/pages\/6483","targetHints":{"allow":["GET"]}}],"collection":[{"href":"https:\/\/agora.xtec.cat\/ceipserrallo\/wp-json\/wp\/v2\/pages"}],"about":[{"href":"https:\/\/agora.xtec.cat\/ceipserrallo\/wp-json\/wp\/v2\/types\/page"}],"author":[{"embeddable":true,"href":"https:\/\/agora.xtec.cat\/ceipserrallo\/wp-json\/wp\/v2\/users\/1"}],"replies":[{"embeddable":true,"href":"https:\/\/agora.xtec.cat\/ceipserrallo\/wp-json\/wp\/v2\/comments?post=6483"}],"version-history":[{"count":6,"href":"https:\/\/agora.xtec.cat\/ceipserrallo\/wp-json\/wp\/v2\/pages\/6483\/revisions"}],"predecessor-version":[{"id":6551,"href":"https:\/\/agora.xtec.cat\/ceipserrallo\/wp-json\/wp\/v2\/pages\/6483\/revisions\/6551"}],"wp:attachment":[{"href":"https:\/\/agora.xtec.cat\/ceipserrallo\/wp-json\/wp\/v2\/media?parent=6483"}],"curies":[{"name":"wp","href":"https:\/\/api.w.org\/{rel}","templated":true}]}}