{"id":426,"date":"2015-03-25T10:51:27","date_gmt":"2015-03-25T09:51:27","guid":{"rendered":"http:\/\/agora.xtec.cat\/ceipserrallo\/?page_id=426"},"modified":"2024-11-26T12:12:01","modified_gmt":"2024-11-26T11:12:01","slug":"teatre","status":"publish","type":"page","link":"https:\/\/agora.xtec.cat\/ceipserrallo\/projecte-educatiu\/teatre\/","title":{"rendered":"Teatre"},"content":{"rendered":"<p>El programa \u201cTeatre a les escoles\u201d, a trav\u00e9s dels assessors de teatre de l\u2019Ajuntament, est\u00e0 present a l\u2019escola de fa molts anys. La participaci\u00f3 dels i les mestres es fonamental pel desenvolupament de l\u2019activitat en el conjunt de l\u2019escola.<br \/>\n\u00c9s una font de motivaci\u00f3 i suport a l\u2019alumnat en l\u2019\u00e0rea de llengua. Tanmateix , i per la seva naturalesa tranversal, el teatre ens permet canalitzar de manera creativa l\u2019expressi\u00f3 personal de cada alumne a trav\u00e9s de la paraula, el moviment, la creaci\u00f3 pl\u00e0stica i musical.<br \/>\nEn aquests moments , l\u2019activitat es desenvolupa a cicle mitj\u00e0 (3r i 4rt) amb la seva participaci\u00f3 en el Festival de Nadal, Sant Jordi i la Mostra de Teatre del Tarragon\u00e8s.<br \/>\nEn aquest link podeu trobar tota la informaci\u00f3 del servei :<br \/>\nhttp:\/\/www.tarragona.cat\/ensenyament\/activitats-i-programes-de-suport\/servei-teatre-a-les-escoles<\/p>\n<p>&nbsp;<\/p>\n<p style=\"text-align: center;\"><a href=\"https:\/\/agora.xtec.cat\/ceipserrallo\/wp-content\/uploads\/usu211\/2024\/11\/teatre.png\"><img loading=\"lazy\" decoding=\"async\" class=\"alignnone size-full wp-image-5609\" src=\"https:\/\/agora.xtec.cat\/ceipserrallo\/wp-content\/uploads\/usu211\/2024\/11\/teatre.png\" alt=\"\" width=\"841\" height=\"635\" srcset=\"https:\/\/agora.xtec.cat\/ceipserrallo\/wp-content\/uploads\/usu211\/2024\/11\/teatre.png 841w, https:\/\/agora.xtec.cat\/ceipserrallo\/wp-content\/uploads\/usu211\/2024\/11\/teatre-300x227.png 300w, https:\/\/agora.xtec.cat\/ceipserrallo\/wp-content\/uploads\/usu211\/2024\/11\/teatre-768x580.png 768w, https:\/\/agora.xtec.cat\/ceipserrallo\/wp-content\/uploads\/usu211\/2024\/11\/teatre-200x150.png 200w\" sizes=\"auto, (max-width: 841px) 100vw, 841px\" \/><\/a><\/p>\n<p>&nbsp;<\/p>\n","protected":false},"excerpt":{"rendered":"<p>El programa \u201cTeatre a les escoles\u201d, a trav\u00e9s dels assessors de teatre de l\u2019Ajuntament, est\u00e0 present a l\u2019escola de fa molts anys. La participaci\u00f3 dels i les mestres es fonamental pel desenvolupament de l\u2019activitat en el conjunt de l\u2019escola. \u00c9s una font de motivaci\u00f3 i suport a l\u2019alumnat en l\u2019\u00e0rea de llengua. Tanmateix , i [&hellip;]<\/p>\n","protected":false},"author":3,"featured_media":0,"parent":64,"menu_order":0,"comment_status":"closed","ping_status":"closed","template":"","meta":{"_bbp_topic_count":0,"_bbp_reply_count":0,"_bbp_total_topic_count":0,"_bbp_total_reply_count":0,"_bbp_voice_count":0,"_bbp_anonymous_reply_count":0,"_bbp_topic_count_hidden":0,"_bbp_reply_count_hidden":0,"_bbp_forum_subforum_count":0,"site-sidebar-layout":"default","site-content-layout":"","ast-site-content-layout":"","site-content-style":"default","site-sidebar-style":"default","ast-global-header-display":"","ast-banner-title-visibility":"","ast-main-header-display":"","ast-hfb-above-header-display":"","ast-hfb-below-header-display":"","ast-hfb-mobile-header-display":"","site-post-title":"","ast-breadcrumbs-content":"","ast-featured-img":"","footer-sml-layout":"","theme-transparent-header-meta":"","adv-header-id-meta":"","stick-header-meta":"","header-above-stick-meta":"","header-main-stick-meta":"","header-below-stick-meta":"","astra-migrate-meta-layouts":"default","ast-page-background-enabled":"default","ast-page-background-meta":{"desktop":{"background-color":"var(--ast-global-color-4)","background-image":"","background-repeat":"repeat","background-position":"center center","background-size":"auto","background-attachment":"scroll","background-type":"","background-media":"","overlay-type":"","overlay-color":"","overlay-opacity":"","overlay-gradient":""},"tablet":{"background-color":"","background-image":"","background-repeat":"repeat","background-position":"center center","background-size":"auto","background-attachment":"scroll","background-type":"","background-media":"","overlay-type":"","overlay-color":"","overlay-opacity":"","overlay-gradient":""},"mobile":{"background-color":"","background-image":"","background-repeat":"repeat","background-position":"center center","background-size":"auto","background-attachment":"scroll","background-type":"","background-media":"","overlay-type":"","overlay-color":"","overlay-opacity":"","overlay-gradient":""}},"ast-content-background-meta":{"desktop":{"background-color":"var(--ast-global-color-5)","background-image":"","background-repeat":"repeat","background-position":"center center","background-size":"auto","background-attachment":"scroll","background-type":"","background-media":"","overlay-type":"","overlay-color":"","overlay-opacity":"","overlay-gradient":""},"tablet":{"background-color":"var(--ast-global-color-5)","background-image":"","background-repeat":"repeat","background-position":"center center","background-size":"auto","background-attachment":"scroll","background-type":"","background-media":"","overlay-type":"","overlay-color":"","overlay-opacity":"","overlay-gradient":""},"mobile":{"background-color":"var(--ast-global-color-5)","background-image":"","background-repeat":"repeat","background-position":"center center","background-size":"auto","background-attachment":"scroll","background-type":"","background-media":"","overlay-type":"","overlay-color":"","overlay-opacity":"","overlay-gradient":""}},"footnotes":""},"class_list":["post-426","page","type-page","status-publish","hentry"],"post_mailing_queue_ids":[],"_links":{"self":[{"href":"https:\/\/agora.xtec.cat\/ceipserrallo\/wp-json\/wp\/v2\/pages\/426","targetHints":{"allow":["GET"]}}],"collection":[{"href":"https:\/\/agora.xtec.cat\/ceipserrallo\/wp-json\/wp\/v2\/pages"}],"about":[{"href":"https:\/\/agora.xtec.cat\/ceipserrallo\/wp-json\/wp\/v2\/types\/page"}],"author":[{"embeddable":true,"href":"https:\/\/agora.xtec.cat\/ceipserrallo\/wp-json\/wp\/v2\/users\/3"}],"replies":[{"embeddable":true,"href":"https:\/\/agora.xtec.cat\/ceipserrallo\/wp-json\/wp\/v2\/comments?post=426"}],"version-history":[{"count":3,"href":"https:\/\/agora.xtec.cat\/ceipserrallo\/wp-json\/wp\/v2\/pages\/426\/revisions"}],"predecessor-version":[{"id":5610,"href":"https:\/\/agora.xtec.cat\/ceipserrallo\/wp-json\/wp\/v2\/pages\/426\/revisions\/5610"}],"up":[{"embeddable":true,"href":"https:\/\/agora.xtec.cat\/ceipserrallo\/wp-json\/wp\/v2\/pages\/64"}],"wp:attachment":[{"href":"https:\/\/agora.xtec.cat\/ceipserrallo\/wp-json\/wp\/v2\/media?parent=426"}],"curies":[{"name":"wp","href":"https:\/\/api.w.org\/{rel}","templated":true}]}}