{"id":422,"date":"2015-03-25T10:50:40","date_gmt":"2015-03-25T09:50:40","guid":{"rendered":"http:\/\/agora.xtec.cat\/ceipserrallo\/?page_id=422"},"modified":"2015-04-10T11:39:16","modified_gmt":"2015-04-10T10:39:16","slug":"salut-escolar","status":"publish","type":"page","link":"https:\/\/agora.xtec.cat\/ceipserrallo\/projecte-educatiu\/salut-escolar\/","title":{"rendered":"Salut escolar"},"content":{"rendered":"<p>Els programes de salut que s\u2019apliquen a l\u2019escola s\u00f3n:<\/p>\n<p>1) A trav\u00e9s de l\u2019Ag\u00e8ncia de Salut P\u00fablica de Catalunya<\/p>\n<p>&#8211; Vacunaci\u00f3 escolar 6PRI amb l\u2019objectiu de facilitar l\u2019acc\u00e9s a la vacunaci\u00f3 i continuar amb el calendari de vacunacions que s\u2019inicia a la inf\u00e0ncia.<\/p>\n<p>L\u2019equip de salut escolar de l\u2019equip d\u2019Atenci\u00f3 Prim\u00e0ria administra:<\/p>\n<ul>\n<li>VPH \u2013 <em>Vacuna contra el papil\u00b7lomavirus<\/em>: s\u2019administra en dues dosis i \u00fanicament a les noies.<\/li>\n<li>VHA \u2013 <em>Vacuna contra l\u2019hepatitis A<\/em>: S\u2019administra en dues dosis.<\/li>\n<li>VVZ \u2013 <em>Vacuna contra la varicel\u00b7la<\/em>: S\u2019administra en dues dosis als nois o noies que no hagin passat la malaltia ni hagin rebut la vacuna.<\/li>\n<li>MCC \u2013 <em>Vacuna antimeninoc\u00f2ccia C conjugada<\/em>: S\u2019administra una \u00fanica dosis.<\/li>\n<\/ul>\n<p>&#8211; Programa de salut bucodental infantil a 1PRI i 6PRI amb l\u2019objectiu d\u2019identificar els problemes bucodentals que l\u2019alumnat pugui tenir: c\u00e0ries, malaltia gingival o maloclusi\u00f3<\/p>\n<p>L\u2019odont\u00f2leg es despla\u00e7a a l\u2019escola.<\/p>\n<p>2) A trav\u00e9s del Servei de Salut Escolar de l\u2019\u00c0rea de Promoci\u00f3 de Salut de l\u2019Ajuntament de Tarragona, amb l\u2019objectiu de promocionar la salut i els h\u00e0bits saludables<\/p>\n<p>&#8211; Seguiment del calendari vacunal a 2EI.<\/p>\n<p>&#8211; Programa <em>Fer salut mola<\/em>:<\/p>\n<ul>\n<li>Taller bucodental a Cicle Inicial<\/li>\n<li>Joc de la oca (Alimentaci\u00f3) a Cicle Mitj\u00e0.<\/li>\n<li>Canvis puberals a Cicle Superior<\/li>\n<\/ul>\n<p>&#8211; Assessorament\/formaci\u00f3:<\/p>\n<ul>\n<li>Dirigit als docents: primers auxilis, tractament de malalties cr\u00f2niques de l\u2019alumnat.<\/li>\n<li>Dirigit a les fam\u00edlies: suport vital b\u00e0sic, alimentaci\u00f3.<\/li>\n<\/ul>\n","protected":false},"excerpt":{"rendered":"<p>Els programes de salut que s\u2019apliquen a l\u2019escola s\u00f3n: 1) A trav\u00e9s de l\u2019Ag\u00e8ncia de Salut P\u00fablica de Catalunya &#8211; Vacunaci\u00f3 escolar 6PRI amb l\u2019objectiu de facilitar l\u2019acc\u00e9s a la vacunaci\u00f3 i continuar amb el calendari de vacunacions que s\u2019inicia a la inf\u00e0ncia. L\u2019equip de salut escolar de l\u2019equip d\u2019Atenci\u00f3 Prim\u00e0ria administra: VPH \u2013 Vacuna [&hellip;]<\/p>\n","protected":false},"author":3,"featured_media":0,"parent":64,"menu_order":0,"comment_status":"closed","ping_status":"closed","template":"","meta":{"_bbp_topic_count":0,"_bbp_reply_count":0,"_bbp_total_topic_count":0,"_bbp_total_reply_count":0,"_bbp_voice_count":0,"_bbp_anonymous_reply_count":0,"_bbp_topic_count_hidden":0,"_bbp_reply_count_hidden":0,"_bbp_forum_subforum_count":0,"site-sidebar-layout":"default","site-content-layout":"","ast-site-content-layout":"","site-content-style":"default","site-sidebar-style":"default","ast-global-header-display":"","ast-banner-title-visibility":"","ast-main-header-display":"","ast-hfb-above-header-display":"","ast-hfb-below-header-display":"","ast-hfb-mobile-header-display":"","site-post-title":"","ast-breadcrumbs-content":"","ast-featured-img":"","footer-sml-layout":"","theme-transparent-header-meta":"","adv-header-id-meta":"","stick-header-meta":"","header-above-stick-meta":"","header-main-stick-meta":"","header-below-stick-meta":"","astra-migrate-meta-layouts":"default","ast-page-background-enabled":"default","ast-page-background-meta":{"desktop":{"background-color":"var(--ast-global-color-4)","background-image":"","background-repeat":"repeat","background-position":"center center","background-size":"auto","background-attachment":"scroll","background-type":"","background-media":"","overlay-type":"","overlay-color":"","overlay-opacity":"","overlay-gradient":""},"tablet":{"background-color":"","background-image":"","background-repeat":"repeat","background-position":"center center","background-size":"auto","background-attachment":"scroll","background-type":"","background-media":"","overlay-type":"","overlay-color":"","overlay-opacity":"","overlay-gradient":""},"mobile":{"background-color":"","background-image":"","background-repeat":"repeat","background-position":"center center","background-size":"auto","background-attachment":"scroll","background-type":"","background-media":"","overlay-type":"","overlay-color":"","overlay-opacity":"","overlay-gradient":""}},"ast-content-background-meta":{"desktop":{"background-color":"var(--ast-global-color-5)","background-image":"","background-repeat":"repeat","background-position":"center center","background-size":"auto","background-attachment":"scroll","background-type":"","background-media":"","overlay-type":"","overlay-color":"","overlay-opacity":"","overlay-gradient":""},"tablet":{"background-color":"var(--ast-global-color-5)","background-image":"","background-repeat":"repeat","background-position":"center center","background-size":"auto","background-attachment":"scroll","background-type":"","background-media":"","overlay-type":"","overlay-color":"","overlay-opacity":"","overlay-gradient":""},"mobile":{"background-color":"var(--ast-global-color-5)","background-image":"","background-repeat":"repeat","background-position":"center center","background-size":"auto","background-attachment":"scroll","background-type":"","background-media":"","overlay-type":"","overlay-color":"","overlay-opacity":"","overlay-gradient":""}},"footnotes":""},"class_list":["post-422","page","type-page","status-publish","hentry"],"post_mailing_queue_ids":[],"_links":{"self":[{"href":"https:\/\/agora.xtec.cat\/ceipserrallo\/wp-json\/wp\/v2\/pages\/422","targetHints":{"allow":["GET"]}}],"collection":[{"href":"https:\/\/agora.xtec.cat\/ceipserrallo\/wp-json\/wp\/v2\/pages"}],"about":[{"href":"https:\/\/agora.xtec.cat\/ceipserrallo\/wp-json\/wp\/v2\/types\/page"}],"author":[{"embeddable":true,"href":"https:\/\/agora.xtec.cat\/ceipserrallo\/wp-json\/wp\/v2\/users\/3"}],"replies":[{"embeddable":true,"href":"https:\/\/agora.xtec.cat\/ceipserrallo\/wp-json\/wp\/v2\/comments?post=422"}],"version-history":[{"count":2,"href":"https:\/\/agora.xtec.cat\/ceipserrallo\/wp-json\/wp\/v2\/pages\/422\/revisions"}],"predecessor-version":[{"id":506,"href":"https:\/\/agora.xtec.cat\/ceipserrallo\/wp-json\/wp\/v2\/pages\/422\/revisions\/506"}],"up":[{"embeddable":true,"href":"https:\/\/agora.xtec.cat\/ceipserrallo\/wp-json\/wp\/v2\/pages\/64"}],"wp:attachment":[{"href":"https:\/\/agora.xtec.cat\/ceipserrallo\/wp-json\/wp\/v2\/media?parent=422"}],"curies":[{"name":"wp","href":"https:\/\/api.w.org\/{rel}","templated":true}]}}