{"id":3338,"date":"2020-07-29T17:21:51","date_gmt":"2020-07-29T15:21:51","guid":{"rendered":"https:\/\/agora.xtec.cat\/ceipserrallo\/?page_id=3338"},"modified":"2026-02-25T22:45:08","modified_gmt":"2026-02-25T21:45:08","slug":"equip-docent","status":"publish","type":"page","link":"https:\/\/agora.xtec.cat\/ceipserrallo\/equip-docent\/","title":{"rendered":"Equip docent"},"content":{"rendered":"<p><strong>Equip Directiu<\/strong><\/p>\n<p>Directora\u2026\u2026\u2026\u2026\u2026\u2026\u2026\u2026\u2026\u2026\u2026\u2026.Laia Callau<\/p>\n<p>Cap d\u2019Estudis \u2026\u2026\u2026\u2026\u2026\u2026\u2026\u2026\u2026.\u00a0 Nat\u00e0lia Barber\u00e0<\/p>\n<p>Secretaria \u2026\u2026\u2026\u2026\u2026\u2026\u2026\u2026\u2026\u2026\u2026. Ingrid Edo<\/p>\n<p><strong>Educaci\u00f3 infantil<\/strong><\/p>\n<p>Gemma Garc\u00eda, Paula Margaix i\u00a0 Ana G\u00f3mez.<\/p>\n<p><strong>Educaci\u00f3 Prim\u00e0ria<\/strong><\/p>\n<p>1 PRI&#8230;&#8230;&#8230;&#8230;&#8230;&#8230;&#8230;&#8230;&#8230;&#8230;&#8230;&#8230;&#8230;&#8230;&#8230;.N\u00faria Ribas<\/p>\n<p>2 PRI&#8230;&#8230;&#8230;&#8230;&#8230;&#8230;&#8230;&#8230;&#8230;&#8230;&#8230;&#8230;&#8230;&#8230;&#8230;.Am\u00e0lia Mart\u00ednez<\/p>\n<p>3 PRI&#8230;&#8230;&#8230;&#8230;&#8230;&#8230;&#8230;&#8230;&#8230;&#8230;&#8230;&#8230;&#8230;&#8230;&#8230;.Anna Royo<\/p>\n<p>4 PRI&#8230;&#8230;&#8230;&#8230;&#8230;&#8230;&#8230;&#8230;&#8230;&#8230;&#8230;&#8230;&#8230;&#8230;&#8230;.Esther Serrano<\/p>\n<p>5 PRI&#8230;&#8230;&#8230;&#8230;&#8230;&#8230;&#8230;&#8230;&#8230;&#8230;&#8230;&#8230;&#8230;&#8230;&#8230;.Tamara Archidona<\/p>\n<p><span style=\"font-family: inherit; font-size: 1em;\">6 PRI A &#8230;&#8230;&#8230;&#8230;&#8230;&#8230;&#8230;&#8230;&#8230;&#8230;&#8230;&#8230;&#8230;&#8230;&#8230;.Olga Mallafr\u00e9 \/ Miguel \u00c1ngel Romero<\/span><\/p>\n<p>6 PRI B&#8230;&#8230;&#8230;&#8230;&#8230;&#8230;&#8230;&#8230;&#8230;&#8230;&#8230;&#8230;&#8230;&#8230;&#8230;.Vanessa Callau<\/p>\n<p><strong>Especialistes<\/strong><\/p>\n<p>Educaci\u00f3 F\u00edsica&#8230;&#8230;&#8230;&#8230;&#8230;&#8230;&#8230;&#8230;&#8230;&#8230;Salvador Sol\u00e9<\/p>\n<p>Educaci\u00f3 Especial \u2026\u2026\u2026\u2026\u2026\u2026&#8230;.Saray Duro.<\/p>\n<p>M\u00fasica \u2026\u2026\u2026\u2026\u2026\u2026\u2026\u2026\u2026\u2026\u2026\u2026Cristina Escol\u00e0<\/p>\n<p>Angl\u00e8s \u2026\u2026\u2026\u2026\u2026\u2026\u2026\u2026\u2026\u2026\u2026\u2026Irene Qui\u00f1ones<\/p>\n<p>SIEI&#8230;&#8230;&#8230;&#8230;&#8230;&#8230;&#8230;&#8230;&#8230;&#8230;&#8230;&#8230;&#8230;&#8230;&#8230;&#8230; Al\u00edcia Budesca<\/p>\n<p>Religi\u00f3&#8230;&#8230;&#8230;&#8230;&#8230;&#8230;&#8230;&#8230;&#8230;&#8230;&#8230;&#8230;&#8230;&#8230;.. Marta Ros<\/p>\n<p><strong>Personal PAS\/PAE<\/strong><\/p>\n<p>TEI \u2026\u2026\u2026\u2026\u2026\u2026&#8230;&#8230;\u00a0 \u00a0Mar Ara\u00fajo<\/p>\n<p>EEE \u2026\u2026\u2026\u2026\u2026\u2026\u2026.\u00a0 \u00a0M\u00f2nica Torreblanca<\/p>\n<p>AEE \u2026\u2026\u2026\u2026\u2026\u2026\u2026..\u00a0 M\u00edriam Gol<\/p>\n<p>TIS&#8230;&#8230;&#8230;&#8230;&#8230;&#8230;&#8230;&#8230;&#8230;&#8230;\u00a0 Laura Juan<\/p>\n<p>&nbsp;<\/p>\n<p><strong>Administrativa<\/strong><\/p>\n<p>L&#8217;administrativa del centre \u00e9s la Cristina Garrido.<\/p>\n<p><strong>Consergeria<\/strong><\/p>\n<p>El centre disposa d\u2019un conserge, l&#8217;Enric Vellv\u00e9.<\/p>\n","protected":false},"excerpt":{"rendered":"<p>Equip Directiu Directora\u2026\u2026\u2026\u2026\u2026\u2026\u2026\u2026\u2026\u2026\u2026\u2026.Laia Callau Cap d\u2019Estudis \u2026\u2026\u2026\u2026\u2026\u2026\u2026\u2026\u2026.\u00a0 Nat\u00e0lia Barber\u00e0 Secretaria \u2026\u2026\u2026\u2026\u2026\u2026\u2026\u2026\u2026\u2026\u2026. Ingrid Edo Educaci\u00f3 infantil Gemma Garc\u00eda, Paula Margaix i\u00a0 Ana G\u00f3mez. Educaci\u00f3 Prim\u00e0ria 1 PRI&#8230;&#8230;&#8230;&#8230;&#8230;&#8230;&#8230;&#8230;&#8230;&#8230;&#8230;&#8230;&#8230;&#8230;&#8230;.N\u00faria Ribas 2 PRI&#8230;&#8230;&#8230;&#8230;&#8230;&#8230;&#8230;&#8230;&#8230;&#8230;&#8230;&#8230;&#8230;&#8230;&#8230;.Am\u00e0lia Mart\u00ednez 3 PRI&#8230;&#8230;&#8230;&#8230;&#8230;&#8230;&#8230;&#8230;&#8230;&#8230;&#8230;&#8230;&#8230;&#8230;&#8230;.Anna Royo 4 PRI&#8230;&#8230;&#8230;&#8230;&#8230;&#8230;&#8230;&#8230;&#8230;&#8230;&#8230;&#8230;&#8230;&#8230;&#8230;.Esther Serrano 5 PRI&#8230;&#8230;&#8230;&#8230;&#8230;&#8230;&#8230;&#8230;&#8230;&#8230;&#8230;&#8230;&#8230;&#8230;&#8230;.Tamara Archidona 6 PRI A &#8230;&#8230;&#8230;&#8230;&#8230;&#8230;&#8230;&#8230;&#8230;&#8230;&#8230;&#8230;&#8230;&#8230;&#8230;.Olga Mallafr\u00e9 \/ Miguel \u00c1ngel Romero 6 PRI B&#8230;&#8230;&#8230;&#8230;&#8230;&#8230;&#8230;&#8230;&#8230;&#8230;&#8230;&#8230;&#8230;&#8230;&#8230;.Vanessa Callau Especialistes Educaci\u00f3 F\u00edsica&#8230;&#8230;&#8230;&#8230;&#8230;&#8230;&#8230;&#8230;&#8230;&#8230;Salvador [&hellip;]<\/p>\n","protected":false},"author":7,"featured_media":0,"parent":0,"menu_order":0,"comment_status":"closed","ping_status":"closed","template":"","meta":{"_bbp_topic_count":0,"_bbp_reply_count":0,"_bbp_total_topic_count":0,"_bbp_total_reply_count":0,"_bbp_voice_count":0,"_bbp_anonymous_reply_count":0,"_bbp_topic_count_hidden":0,"_bbp_reply_count_hidden":0,"_bbp_forum_subforum_count":0,"site-sidebar-layout":"default","site-content-layout":"","ast-site-content-layout":"","site-content-style":"default","site-sidebar-style":"default","ast-global-header-display":"","ast-banner-title-visibility":"","ast-main-header-display":"","ast-hfb-above-header-display":"","ast-hfb-below-header-display":"","ast-hfb-mobile-header-display":"","site-post-title":"","ast-breadcrumbs-content":"","ast-featured-img":"","footer-sml-layout":"","theme-transparent-header-meta":"","adv-header-id-meta":"","stick-header-meta":"","header-above-stick-meta":"","header-main-stick-meta":"","header-below-stick-meta":"","astra-migrate-meta-layouts":"default","ast-page-background-enabled":"default","ast-page-background-meta":{"desktop":{"background-color":"var(--ast-global-color-4)","background-image":"","background-repeat":"repeat","background-position":"center center","background-size":"auto","background-attachment":"scroll","background-type":"","background-media":"","overlay-type":"","overlay-color":"","overlay-opacity":"","overlay-gradient":""},"tablet":{"background-color":"","background-image":"","background-repeat":"repeat","background-position":"center center","background-size":"auto","background-attachment":"scroll","background-type":"","background-media":"","overlay-type":"","overlay-color":"","overlay-opacity":"","overlay-gradient":""},"mobile":{"background-color":"","background-image":"","background-repeat":"repeat","background-position":"center center","background-size":"auto","background-attachment":"scroll","background-type":"","background-media":"","overlay-type":"","overlay-color":"","overlay-opacity":"","overlay-gradient":""}},"ast-content-background-meta":{"desktop":{"background-color":"var(--ast-global-color-5)","background-image":"","background-repeat":"repeat","background-position":"center center","background-size":"auto","background-attachment":"scroll","background-type":"","background-media":"","overlay-type":"","overlay-color":"","overlay-opacity":"","overlay-gradient":""},"tablet":{"background-color":"var(--ast-global-color-5)","background-image":"","background-repeat":"repeat","background-position":"center center","background-size":"auto","background-attachment":"scroll","background-type":"","background-media":"","overlay-type":"","overlay-color":"","overlay-opacity":"","overlay-gradient":""},"mobile":{"background-color":"var(--ast-global-color-5)","background-image":"","background-repeat":"repeat","background-position":"center center","background-size":"auto","background-attachment":"scroll","background-type":"","background-media":"","overlay-type":"","overlay-color":"","overlay-opacity":"","overlay-gradient":""}},"footnotes":""},"class_list":["post-3338","page","type-page","status-publish","hentry"],"post_mailing_queue_ids":[],"_links":{"self":[{"href":"https:\/\/agora.xtec.cat\/ceipserrallo\/wp-json\/wp\/v2\/pages\/3338","targetHints":{"allow":["GET"]}}],"collection":[{"href":"https:\/\/agora.xtec.cat\/ceipserrallo\/wp-json\/wp\/v2\/pages"}],"about":[{"href":"https:\/\/agora.xtec.cat\/ceipserrallo\/wp-json\/wp\/v2\/types\/page"}],"author":[{"embeddable":true,"href":"https:\/\/agora.xtec.cat\/ceipserrallo\/wp-json\/wp\/v2\/users\/7"}],"replies":[{"embeddable":true,"href":"https:\/\/agora.xtec.cat\/ceipserrallo\/wp-json\/wp\/v2\/comments?post=3338"}],"version-history":[{"count":6,"href":"https:\/\/agora.xtec.cat\/ceipserrallo\/wp-json\/wp\/v2\/pages\/3338\/revisions"}],"predecessor-version":[{"id":6411,"href":"https:\/\/agora.xtec.cat\/ceipserrallo\/wp-json\/wp\/v2\/pages\/3338\/revisions\/6411"}],"wp:attachment":[{"href":"https:\/\/agora.xtec.cat\/ceipserrallo\/wp-json\/wp\/v2\/media?parent=3338"}],"curies":[{"name":"wp","href":"https:\/\/api.w.org\/{rel}","templated":true}]}}