{"id":26,"date":"2014-09-18T12:24:32","date_gmt":"2014-09-18T12:24:32","guid":{"rendered":"http:\/\/agora.xtec.cat\/ceipserrallo\/?page_id=26"},"modified":"2022-12-12T10:38:29","modified_gmt":"2022-12-12T09:38:29","slug":"historia","status":"publish","type":"page","link":"https:\/\/agora.xtec.cat\/ceipserrallo\/lescola\/historia\/","title":{"rendered":"Hist\u00f2ria"},"content":{"rendered":"<p class=\"Estilo2\">L&#8217;escola El Serrallo es troba a la <a href=\"http:\/\/www.tarragona.cat\" target=\"_blank\" rel=\"noopener\">ciutat de Tarragona<\/a>, al centre-oest, al barri del Serrallo, del qual s&#8217;ha agafat el nom.<\/p>\n<p class=\"Estilo2\">\u00c9s un barri representatiu dins del conjunt de la ciutat i amb una personalitat pr\u00f2pia diferenciada. Durant anys, ha estat for\u00e7a separat geogr\u00e0ficament de la resta de la ciutat, cosa que avui en dia no succeeix degut al creixement d&#8217;aquesta.<\/p>\n<p class=\"Estilo2\">Durant molts anys, l&#8217;escola acollia als fills de pescadors o de persones directament relacionades amb el m\u00f3n de la pesca; aquests representaven ben b\u00e9 la meitat de la matr\u00edcula del Centre.<\/p>\n<p class=\"Estilo2\">D&#8217;un temps en\u00e7\u00e0, i amb motiu del creixement demogr\u00e0fic de la d\u00e8cada dels vuitanta, el barri ha sofert for\u00e7a canvis socials i culturals que han afectat, com \u00e9s normal, a la poblaci\u00f3 del Centre. El fet de qu\u00e8 el barri es vegi limitat f\u00edsicament per la via del tren i el port ha fet que moltes fam\u00edlies origin\u00e0ries del Serrallo hagin marxat del barri cap a altres zones de Tarragona.<\/p>\n<p class=\"Estilo2\">L&#8217;antic Col\u00b7legi, inaugurat l&#8217;any 1947, es trobava ubicat a un edifici propietat de la Confraria de Pescadors de Tarragona i com a conseq\u00fc\u00e8ncia d&#8217;aix\u00f2 va passar a ser una escola de Patronat. Aquesta escola depenia del M.E.C. i de l&#8217;Institut Social de la Marina, essent la denominaci\u00f3: &#8220;Centre d&#8217;Orientaci\u00f3 Mar\u00edtimo Pesquera&#8221;. A partir de 1976, aquesta estructura administrativa va canviar, tant en l&#8217;admissi\u00f3 de mestres com respecte a la dotaci\u00f3 econ\u00f2mica per despeses de funcionament, es va suprimir el Patronat i es va passar a dependre directament del M.E.C.<\/p>\n<p class=\"Estilo2\">Aquest fet va suposar un canvi en els criteris d&#8217;admissi\u00f3 d&#8217;alumnes, es va passar quasi exclusivament d&#8217;acollir fills de pescadors a acollir tamb\u00e9 nens de la barriada de Torres Jordi, la qual es va inaugurar en aquests temps, i d&#8217;altres zones properes al Port de Tarragona.<\/p>\n<p class=\"Estilo2\">Amb l&#8217;ampliaci\u00f3 de la poblaci\u00f3 va esdevenir necess\u00e0ria una ampliaci\u00f3 de l&#8217;edifici. L&#8217;any 1984 es va inaugurar oficialment el nou col\u00b7legi situat al Passeig de la Independ\u00e8ncia s\/n. L&#8217;any 1996, es va realitzar una primera reforma amb la incorporaci\u00f3 del parvulari a l&#8217;edifici i el curs 2001-02 una segona.<\/p>\n<p class=\"Estilo2\">\n","protected":false},"excerpt":{"rendered":"<p>L&#8217;escola El Serrallo es troba a la ciutat de Tarragona, al centre-oest, al barri del Serrallo, del qual s&#8217;ha agafat el nom. \u00c9s un barri representatiu dins del conjunt de la ciutat i amb una personalitat pr\u00f2pia diferenciada. Durant anys, ha estat for\u00e7a separat geogr\u00e0ficament de la resta de la ciutat, cosa que avui en [&hellip;]<\/p>\n","protected":false},"author":2,"featured_media":0,"parent":22,"menu_order":20,"comment_status":"closed","ping_status":"closed","template":"page-templates\/side-menu.php","meta":{"_bbp_topic_count":0,"_bbp_reply_count":0,"_bbp_total_topic_count":0,"_bbp_total_reply_count":0,"_bbp_voice_count":0,"_bbp_anonymous_reply_count":0,"_bbp_topic_count_hidden":0,"_bbp_reply_count_hidden":0,"_bbp_forum_subforum_count":0,"site-sidebar-layout":"default","site-content-layout":"","ast-site-content-layout":"","site-content-style":"default","site-sidebar-style":"default","ast-global-header-display":"","ast-banner-title-visibility":"","ast-main-header-display":"","ast-hfb-above-header-display":"","ast-hfb-below-header-display":"","ast-hfb-mobile-header-display":"","site-post-title":"","ast-breadcrumbs-content":"","ast-featured-img":"","footer-sml-layout":"","theme-transparent-header-meta":"","adv-header-id-meta":"","stick-header-meta":"","header-above-stick-meta":"","header-main-stick-meta":"","header-below-stick-meta":"","astra-migrate-meta-layouts":"default","ast-page-background-enabled":"default","ast-page-background-meta":{"desktop":{"background-color":"var(--ast-global-color-4)","background-image":"","background-repeat":"repeat","background-position":"center center","background-size":"auto","background-attachment":"scroll","background-type":"","background-media":"","overlay-type":"","overlay-color":"","overlay-opacity":"","overlay-gradient":""},"tablet":{"background-color":"","background-image":"","background-repeat":"repeat","background-position":"center center","background-size":"auto","background-attachment":"scroll","background-type":"","background-media":"","overlay-type":"","overlay-color":"","overlay-opacity":"","overlay-gradient":""},"mobile":{"background-color":"","background-image":"","background-repeat":"repeat","background-position":"center center","background-size":"auto","background-attachment":"scroll","background-type":"","background-media":"","overlay-type":"","overlay-color":"","overlay-opacity":"","overlay-gradient":""}},"ast-content-background-meta":{"desktop":{"background-color":"var(--ast-global-color-5)","background-image":"","background-repeat":"repeat","background-position":"center center","background-size":"auto","background-attachment":"scroll","background-type":"","background-media":"","overlay-type":"","overlay-color":"","overlay-opacity":"","overlay-gradient":""},"tablet":{"background-color":"var(--ast-global-color-5)","background-image":"","background-repeat":"repeat","background-position":"center center","background-size":"auto","background-attachment":"scroll","background-type":"","background-media":"","overlay-type":"","overlay-color":"","overlay-opacity":"","overlay-gradient":""},"mobile":{"background-color":"var(--ast-global-color-5)","background-image":"","background-repeat":"repeat","background-position":"center center","background-size":"auto","background-attachment":"scroll","background-type":"","background-media":"","overlay-type":"","overlay-color":"","overlay-opacity":"","overlay-gradient":""}},"footnotes":""},"class_list":["post-26","page","type-page","status-publish","hentry"],"post_mailing_queue_ids":[],"_links":{"self":[{"href":"https:\/\/agora.xtec.cat\/ceipserrallo\/wp-json\/wp\/v2\/pages\/26","targetHints":{"allow":["GET"]}}],"collection":[{"href":"https:\/\/agora.xtec.cat\/ceipserrallo\/wp-json\/wp\/v2\/pages"}],"about":[{"href":"https:\/\/agora.xtec.cat\/ceipserrallo\/wp-json\/wp\/v2\/types\/page"}],"author":[{"embeddable":true,"href":"https:\/\/agora.xtec.cat\/ceipserrallo\/wp-json\/wp\/v2\/users\/2"}],"replies":[{"embeddable":true,"href":"https:\/\/agora.xtec.cat\/ceipserrallo\/wp-json\/wp\/v2\/comments?post=26"}],"version-history":[{"count":3,"href":"https:\/\/agora.xtec.cat\/ceipserrallo\/wp-json\/wp\/v2\/pages\/26\/revisions"}],"predecessor-version":[{"id":4494,"href":"https:\/\/agora.xtec.cat\/ceipserrallo\/wp-json\/wp\/v2\/pages\/26\/revisions\/4494"}],"up":[{"embeddable":true,"href":"https:\/\/agora.xtec.cat\/ceipserrallo\/wp-json\/wp\/v2\/pages\/22"}],"wp:attachment":[{"href":"https:\/\/agora.xtec.cat\/ceipserrallo\/wp-json\/wp\/v2\/media?parent=26"}],"curies":[{"name":"wp","href":"https:\/\/api.w.org\/{rel}","templated":true}]}}