{"id":1180,"date":"2016-10-22T21:15:18","date_gmt":"2016-10-22T19:15:18","guid":{"rendered":"http:\/\/agora.xtec.cat\/ceipserrallo\/?page_id=1180"},"modified":"2024-11-18T14:53:04","modified_gmt":"2024-11-18T13:53:04","slug":"lhort-escolar","status":"publish","type":"page","link":"https:\/\/agora.xtec.cat\/ceipserrallo\/projecte-educatiu\/lhort-escolar\/","title":{"rendered":"L&#8217;hort escolar"},"content":{"rendered":"<p style=\"text-align: justify;\"><span style=\"font-family: 'Arial','sans-serif';\">Des de l\u2019escola veiem la necessitat d\u2019introduir noves activitats i estrat\u00e8gies que permetin millorar i ampliar el contacte dels nostres alumnes amb l\u2019entorn i la natura, alhora que ajuden a potenciar l\u2019educaci\u00f3 ambiental.<\/span><\/p>\n<p style=\"text-align: justify;\"><span style=\"font-family: 'Arial','sans-serif';\">Creiem que la possibilitat de tenir un hort a l\u2019escola pot ajudar als nostres alumnes a prendre consci\u00e8ncia de la import\u00e0ncia de con\u00e8ixer i protegir els diversos ecosistemes naturals i a valorar l\u2019esfor\u00e7 i la responsabilitat personals.<\/span><\/p>\n<p style=\"text-align: justify;\"><span style=\"font-family: 'Arial','sans-serif';\">L\u2019hort aporta una s\u00e8rie d\u2019estrat\u00e8gies gratificants i \u00faniques per a l\u2019alumnat i permet fer-lo servir per treballar amb alumnes de diferents edats i en diferents \u00e0rees curriculars.<\/span><\/p>\n<p style=\"text-align: justify;\"><span style=\"font-family: 'Arial','sans-serif';\">L\u2019hort ofereix un context idoni per aprendre a pensar, per educar emocionalment i per tenir domini de les habilitats socials, englobat en un marc pr\u00e0ctic, vivencial i manipulatiu.<\/span><\/p>\n<p style=\"text-align: justify;\">\u00c9s per totes aquestes raons que al llar del curs 2016-17 hem engegat un projecte que ens dur\u00e0 a rehabilitar un espai de l&#8217;escola que esdevindr\u00e0 el nostre hort. Desde el seu inici volem que sigui un projecte compartit i \u00e9s per aquest motiu que tot l&#8217;alumnat de l&#8217;escola participar\u00e0 en la seva posada en marxa. Aquest projecte es dura a terme amb la col.laboraci\u00f3 de l&#8217;AMPA de l&#8217;escola.<\/p>\n<p style=\"text-align: justify;\"><a href=\"http:\/\/agora.xtec.cat\/ceipserrallo\/wp-content\/uploads\/usu211\/2016\/10\/HORT.jpg\"><img loading=\"lazy\" decoding=\"async\" class=\"size-medium wp-image-1178 aligncenter\" src=\"http:\/\/agora.xtec.cat\/ceipserrallo\/wp-content\/uploads\/usu211\/2016\/10\/HORT-300x225.jpg\" alt=\"hort\" width=\"300\" height=\"225\" srcset=\"https:\/\/agora.xtec.cat\/ceipserrallo\/wp-content\/uploads\/usu211\/2016\/10\/HORT-300x225.jpg 300w, https:\/\/agora.xtec.cat\/ceipserrallo\/wp-content\/uploads\/usu211\/2016\/10\/HORT-768x576.jpg 768w, https:\/\/agora.xtec.cat\/ceipserrallo\/wp-content\/uploads\/usu211\/2016\/10\/HORT-1024x768.jpg 1024w, https:\/\/agora.xtec.cat\/ceipserrallo\/wp-content\/uploads\/usu211\/2016\/10\/HORT-200x150.jpg 200w\" sizes=\"auto, (max-width: 300px) 100vw, 300px\" \/><\/a><\/p>\n<p style=\"text-align: justify;\">Els objectius que volem aconseguir son:<\/p>\n<ul>\n<li>Promoure l\u2019educaci\u00f3 ambiental a l\u2019escola.<\/li>\n<li>Aconseguir una millor relaci\u00f3 amb l\u2019entorn a partir d\u2019un canvi d\u2019actituds i valors\u00a0 dels alumnes.<\/li>\n<li>Aproximar els\/les alumnes al coneixement de treballs i t\u00e8cniques que requereix un hort establint un contacte directe i manipulatiu amb elements com la terra, les llavors, l\u2019aigua, els adobs, etc.<\/li>\n<li>Fer el seguiment de tot el proc\u00e9s evolutiu vital de les plantes de l\u2019hort facilitant la comprensi\u00f3 del cicles biol\u00f2gics.<\/li>\n<li>Realitzar treballs pr\u00e0ctics per a con\u00e8ixer millor el funcionament de l\u2019hort i les diverses necessitats i atencions espec\u00edfiques d\u2019algunes varietats hort\u00edcoles.<\/li>\n<li>Utilitzar de forma adient, respectant les normes b\u00e0siques de seguretat, les diferents eines.<\/li>\n<li>Identificar com a ecosistema l\u2019hort del centre.<\/li>\n<li>Educar en la sostenibilitat, l\u2019estalvi d\u2019aigua i els recursos naturals.<\/li>\n<li>Possibilitar un aprenentatge interdisciplinari entre les diferents \u00e0rees.<\/li>\n<li>Afavorir el treball en equip, utilitzant t\u00e8cniques de treball cooperatiu.<\/li>\n<\/ul>\n<p>Aquest projecte ha estat dissenyat pels alumnes des de el seu comen\u00e7ament, l&#8217;han construit pas a pas i l&#8217;estan consolidant amb les seves ganes de veure&#8217;l cr\u00e8ixer i el seu esfor\u00e7 i i.lusi\u00f3. Us deixem una col.leci\u00f3 de fotos i un\u00a0 v\u00eddeo\u00a0 on\u00a0 ho podreu veure!<\/p>\n<p><a href=\"https:\/\/goo.gl\/photos\/xhFYQnB9CZ3p8pbT9\" target=\"_blank\" rel=\"noopener noreferrer\">Disseny i contrucci\u00f3 de l&#8217;espai 1<\/a><\/p>\n<p><a href=\"https:\/\/goo.gl\/photos\/8La9ZJncRZKcU98HA\" target=\"_blank\" rel=\"noopener noreferrer\">Disseny i contrucci\u00f3 de l&#8217;espai 2<\/a><\/p>\n\r\n\t<div class=\"slideshow_container slideshow_container_style-light\" style=\"height: 300px; \" data-slideshow-id=\"5588\" data-style-name=\"style-light\" data-style-version=\"2.3.1\" >\r\n\r\n\t\t\t\t\t<div class=\"slideshow_loading_icon\"><\/div>\r\n\t\t\r\n\t\t<div class=\"slideshow_content\" style=\"display: none;\">\r\n\r\n\t\t\t<div class=\"slideshow_view\">\r\n\t\t\t\t<div class=\"slideshow_slide slideshow_slide_image\">\r\n\t\t\t\t\t\t\t\t\t\t\t<img src=\"https:\/\/agora.xtec.cat\/ceipserrallo\/wp-content\/uploads\/usu211\/2024\/11\/13.jpg\" alt=\"13\" width=\"375\" height=\"500\" \/>\r\n\t\t\t\t\t\t\t\t\t\t<div class=\"slideshow_description_box slideshow_transparent\">\r\n\t\t\t\t\t\t<div class=\"slideshow_title\">13<\/div>\t\t\t\t\t\t\t\t\t\t\t<\/div>\r\n\t\t\t\t<\/div>\r\n\r\n\t\t\t\t\t\t<div style=\"clear: both;\"><\/div><\/div><div class=\"slideshow_view\">\r\n\t\t\t\t<div class=\"slideshow_slide slideshow_slide_image\">\r\n\t\t\t\t\t\t\t\t\t\t\t<img src=\"https:\/\/agora.xtec.cat\/ceipserrallo\/wp-content\/uploads\/usu211\/2024\/11\/12.jpg\" alt=\"12\" width=\"500\" height=\"375\" \/>\r\n\t\t\t\t\t\t\t\t\t\t<div class=\"slideshow_description_box slideshow_transparent\">\r\n\t\t\t\t\t\t<div class=\"slideshow_title\">12<\/div>\t\t\t\t\t\t\t\t\t\t\t<\/div>\r\n\t\t\t\t<\/div>\r\n\r\n\t\t\t\t\t\t<div style=\"clear: both;\"><\/div><\/div><div class=\"slideshow_view\">\r\n\t\t\t\t<div class=\"slideshow_slide slideshow_slide_image\">\r\n\t\t\t\t\t\t\t\t\t\t\t<img src=\"https:\/\/agora.xtec.cat\/ceipserrallo\/wp-content\/uploads\/usu211\/2024\/11\/11.jpg\" alt=\"11\" width=\"500\" height=\"375\" \/>\r\n\t\t\t\t\t\t\t\t\t\t<div class=\"slideshow_description_box slideshow_transparent\">\r\n\t\t\t\t\t\t<div class=\"slideshow_title\">11<\/div>\t\t\t\t\t\t\t\t\t\t\t<\/div>\r\n\t\t\t\t<\/div>\r\n\r\n\t\t\t\t\t\t<div style=\"clear: both;\"><\/div><\/div><div class=\"slideshow_view\">\r\n\t\t\t\t<div class=\"slideshow_slide slideshow_slide_image\">\r\n\t\t\t\t\t\t\t\t\t\t\t<img src=\"https:\/\/agora.xtec.cat\/ceipserrallo\/wp-content\/uploads\/usu211\/2024\/11\/10.jpg\" alt=\"oplus_32\" width=\"384\" height=\"510\" \/>\r\n\t\t\t\t\t\t\t\t\t\t<div class=\"slideshow_description_box slideshow_transparent\">\r\n\t\t\t\t\t\t<div class=\"slideshow_title\">oplus_32<\/div>\t\t\t\t\t\t\t\t\t\t\t<\/div>\r\n\t\t\t\t<\/div>\r\n\r\n\t\t\t\t\t\t<div style=\"clear: both;\"><\/div><\/div><div class=\"slideshow_view\">\r\n\t\t\t\t<div class=\"slideshow_slide slideshow_slide_image\">\r\n\t\t\t\t\t\t\t\t\t\t\t<img src=\"https:\/\/agora.xtec.cat\/ceipserrallo\/wp-content\/uploads\/usu211\/2024\/11\/9.jpg\" alt=\"oplus_32\" width=\"384\" height=\"510\" \/>\r\n\t\t\t\t\t\t\t\t\t\t<div class=\"slideshow_description_box slideshow_transparent\">\r\n\t\t\t\t\t\t<div class=\"slideshow_title\">oplus_32<\/div>\t\t\t\t\t\t\t\t\t\t\t<\/div>\r\n\t\t\t\t<\/div>\r\n\r\n\t\t\t\t\t\t<div style=\"clear: both;\"><\/div><\/div><div class=\"slideshow_view\">\r\n\t\t\t\t<div class=\"slideshow_slide slideshow_slide_image\">\r\n\t\t\t\t\t\t\t\t\t\t\t<img src=\"https:\/\/agora.xtec.cat\/ceipserrallo\/wp-content\/uploads\/usu211\/2024\/11\/8.jpg\" alt=\"oplus_32\" width=\"384\" height=\"510\" \/>\r\n\t\t\t\t\t\t\t\t\t\t<div class=\"slideshow_description_box slideshow_transparent\">\r\n\t\t\t\t\t\t<div class=\"slideshow_title\">oplus_32<\/div>\t\t\t\t\t\t\t\t\t\t\t<\/div>\r\n\t\t\t\t<\/div>\r\n\r\n\t\t\t\t\t\t<div style=\"clear: both;\"><\/div><\/div><div class=\"slideshow_view\">\r\n\t\t\t\t<div class=\"slideshow_slide slideshow_slide_image\">\r\n\t\t\t\t\t\t\t\t\t\t\t<img src=\"https:\/\/agora.xtec.cat\/ceipserrallo\/wp-content\/uploads\/usu211\/2024\/11\/7.jpg\" alt=\"oplus_32\" width=\"384\" height=\"510\" \/>\r\n\t\t\t\t\t\t\t\t\t\t<div class=\"slideshow_description_box slideshow_transparent\">\r\n\t\t\t\t\t\t<div class=\"slideshow_title\">oplus_32<\/div>\t\t\t\t\t\t\t\t\t\t\t<\/div>\r\n\t\t\t\t<\/div>\r\n\r\n\t\t\t\t\t\t<div style=\"clear: both;\"><\/div><\/div><div class=\"slideshow_view\">\r\n\t\t\t\t<div class=\"slideshow_slide slideshow_slide_image\">\r\n\t\t\t\t\t\t\t\t\t\t\t<img src=\"https:\/\/agora.xtec.cat\/ceipserrallo\/wp-content\/uploads\/usu211\/2024\/11\/6.jpg\" alt=\"oplus_32\" width=\"384\" height=\"510\" \/>\r\n\t\t\t\t\t\t\t\t\t\t<div class=\"slideshow_description_box slideshow_transparent\">\r\n\t\t\t\t\t\t<div class=\"slideshow_title\">oplus_32<\/div>\t\t\t\t\t\t\t\t\t\t\t<\/div>\r\n\t\t\t\t<\/div>\r\n\r\n\t\t\t\t\t\t<div style=\"clear: both;\"><\/div><\/div><div class=\"slideshow_view\">\r\n\t\t\t\t<div class=\"slideshow_slide slideshow_slide_image\">\r\n\t\t\t\t\t\t\t\t\t\t\t<img src=\"https:\/\/agora.xtec.cat\/ceipserrallo\/wp-content\/uploads\/usu211\/2024\/11\/5.png\" alt=\"5\" width=\"291\" height=\"401\" \/>\r\n\t\t\t\t\t\t\t\t\t\t<div class=\"slideshow_description_box slideshow_transparent\">\r\n\t\t\t\t\t\t<div class=\"slideshow_title\">5<\/div>\t\t\t\t\t\t\t\t\t\t\t<\/div>\r\n\t\t\t\t<\/div>\r\n\r\n\t\t\t\t\t\t<div style=\"clear: both;\"><\/div><\/div><div class=\"slideshow_view\">\r\n\t\t\t\t<div class=\"slideshow_slide slideshow_slide_image\">\r\n\t\t\t\t\t\t\t\t\t\t\t<img src=\"https:\/\/agora.xtec.cat\/ceipserrallo\/wp-content\/uploads\/usu211\/2024\/11\/4.png\" alt=\"4\" width=\"310\" height=\"400\" \/>\r\n\t\t\t\t\t\t\t\t\t\t<div class=\"slideshow_description_box slideshow_transparent\">\r\n\t\t\t\t\t\t<div class=\"slideshow_title\">4<\/div>\t\t\t\t\t\t\t\t\t\t\t<\/div>\r\n\t\t\t\t<\/div>\r\n\r\n\t\t\t\t\t\t<div style=\"clear: both;\"><\/div><\/div><div class=\"slideshow_view\">\r\n\t\t\t\t<div class=\"slideshow_slide slideshow_slide_image\">\r\n\t\t\t\t\t\t\t\t\t\t\t<img src=\"https:\/\/agora.xtec.cat\/ceipserrallo\/wp-content\/uploads\/usu211\/2024\/11\/3.png\" alt=\"3\" width=\"309\" height=\"399\" \/>\r\n\t\t\t\t\t\t\t\t\t\t<div class=\"slideshow_description_box slideshow_transparent\">\r\n\t\t\t\t\t\t<div class=\"slideshow_title\">3<\/div>\t\t\t\t\t\t\t\t\t\t\t<\/div>\r\n\t\t\t\t<\/div>\r\n\r\n\t\t\t\t\t\t<div style=\"clear: both;\"><\/div><\/div><div class=\"slideshow_view\">\r\n\t\t\t\t<div class=\"slideshow_slide slideshow_slide_image\">\r\n\t\t\t\t\t\t\t\t\t\t\t<img src=\"https:\/\/agora.xtec.cat\/ceipserrallo\/wp-content\/uploads\/usu211\/2024\/11\/2.png\" alt=\"2\" width=\"309\" height=\"412\" \/>\r\n\t\t\t\t\t\t\t\t\t\t<div class=\"slideshow_description_box slideshow_transparent\">\r\n\t\t\t\t\t\t<div class=\"slideshow_title\">2<\/div>\t\t\t\t\t\t\t\t\t\t\t<\/div>\r\n\t\t\t\t<\/div>\r\n\r\n\t\t\t\t\t\t<div style=\"clear: both;\"><\/div><\/div><div class=\"slideshow_view\">\r\n\t\t\t\t<div class=\"slideshow_slide slideshow_slide_image\">\r\n\t\t\t\t\t\t\t\t\t\t\t<img src=\"https:\/\/agora.xtec.cat\/ceipserrallo\/wp-content\/uploads\/usu211\/2024\/11\/1.png\" alt=\"1\" width=\"310\" height=\"410\" \/>\r\n\t\t\t\t\t\t\t\t\t\t<div class=\"slideshow_description_box slideshow_transparent\">\r\n\t\t\t\t\t\t<div class=\"slideshow_title\">1<\/div>\t\t\t\t\t\t\t\t\t\t\t<\/div>\r\n\t\t\t\t<\/div>\r\n\r\n\t\t\t\t\t\t<div style=\"clear: both;\"><\/div><\/div>\r\n\t\t<\/div>\r\n\r\n\t\t<div class=\"slideshow_controlPanel slideshow_transparent\" style=\"display: none;\"><ul><li class=\"slideshow_togglePlay\" data-play-text=\"Visualitza\" data-pause-text=\"Pausa\"><\/li><\/ul><\/div>\r\n\r\n\t\t<div class=\"slideshow_button slideshow_previous slideshow_transparent\" role=\"button\" data-previous-text=\"Anterior\" style=\"display: none;\"><\/div>\r\n\t\t<div class=\"slideshow_button slideshow_next slideshow_transparent\" role=\"button\" data-next-text=\"Seg\u00fcent\" style=\"display: none;\"><\/div>\r\n\r\n\t\t<div class=\"slideshow_pagination\" style=\"display: none;\" data-go-to-text=\"V\u00e9s a la diapositiva\"><div class=\"slideshow_pagination_center\"><\/div><\/div>\r\n\r\n\t\t<!-- WordPress Slideshow Version 2.3.1 -->\r\n\r\n\t\t\t<\/div>\r\n\r\n\n<p>&nbsp;<\/p>\n","protected":false},"excerpt":{"rendered":"<p>Des de l\u2019escola veiem la necessitat d\u2019introduir noves activitats i estrat\u00e8gies que permetin millorar i ampliar el contacte dels nostres alumnes amb l\u2019entorn i la natura, alhora que ajuden a potenciar l\u2019educaci\u00f3 ambiental. Creiem que la possibilitat de tenir un hort a l\u2019escola pot ajudar als nostres alumnes a prendre consci\u00e8ncia de la import\u00e0ncia de [&hellip;]<\/p>\n","protected":false},"author":4,"featured_media":0,"parent":64,"menu_order":0,"comment_status":"closed","ping_status":"closed","template":"page-templates\/side-menu.php","meta":{"_bbp_topic_count":0,"_bbp_reply_count":0,"_bbp_total_topic_count":0,"_bbp_total_reply_count":0,"_bbp_voice_count":0,"_bbp_anonymous_reply_count":0,"_bbp_topic_count_hidden":0,"_bbp_reply_count_hidden":0,"_bbp_forum_subforum_count":0,"site-sidebar-layout":"default","site-content-layout":"","ast-site-content-layout":"","site-content-style":"default","site-sidebar-style":"default","ast-global-header-display":"","ast-banner-title-visibility":"","ast-main-header-display":"","ast-hfb-above-header-display":"","ast-hfb-below-header-display":"","ast-hfb-mobile-header-display":"","site-post-title":"","ast-breadcrumbs-content":"","ast-featured-img":"","footer-sml-layout":"","theme-transparent-header-meta":"","adv-header-id-meta":"","stick-header-meta":"","header-above-stick-meta":"","header-main-stick-meta":"","header-below-stick-meta":"","astra-migrate-meta-layouts":"default","ast-page-background-enabled":"default","ast-page-background-meta":{"desktop":{"background-color":"var(--ast-global-color-4)","background-image":"","background-repeat":"repeat","background-position":"center center","background-size":"auto","background-attachment":"scroll","background-type":"","background-media":"","overlay-type":"","overlay-color":"","overlay-opacity":"","overlay-gradient":""},"tablet":{"background-color":"","background-image":"","background-repeat":"repeat","background-position":"center center","background-size":"auto","background-attachment":"scroll","background-type":"","background-media":"","overlay-type":"","overlay-color":"","overlay-opacity":"","overlay-gradient":""},"mobile":{"background-color":"","background-image":"","background-repeat":"repeat","background-position":"center center","background-size":"auto","background-attachment":"scroll","background-type":"","background-media":"","overlay-type":"","overlay-color":"","overlay-opacity":"","overlay-gradient":""}},"ast-content-background-meta":{"desktop":{"background-color":"var(--ast-global-color-5)","background-image":"","background-repeat":"repeat","background-position":"center center","background-size":"auto","background-attachment":"scroll","background-type":"","background-media":"","overlay-type":"","overlay-color":"","overlay-opacity":"","overlay-gradient":""},"tablet":{"background-color":"var(--ast-global-color-5)","background-image":"","background-repeat":"repeat","background-position":"center center","background-size":"auto","background-attachment":"scroll","background-type":"","background-media":"","overlay-type":"","overlay-color":"","overlay-opacity":"","overlay-gradient":""},"mobile":{"background-color":"var(--ast-global-color-5)","background-image":"","background-repeat":"repeat","background-position":"center center","background-size":"auto","background-attachment":"scroll","background-type":"","background-media":"","overlay-type":"","overlay-color":"","overlay-opacity":"","overlay-gradient":""}},"footnotes":""},"class_list":["post-1180","page","type-page","status-publish","hentry"],"post_mailing_queue_ids":[],"_links":{"self":[{"href":"https:\/\/agora.xtec.cat\/ceipserrallo\/wp-json\/wp\/v2\/pages\/1180","targetHints":{"allow":["GET"]}}],"collection":[{"href":"https:\/\/agora.xtec.cat\/ceipserrallo\/wp-json\/wp\/v2\/pages"}],"about":[{"href":"https:\/\/agora.xtec.cat\/ceipserrallo\/wp-json\/wp\/v2\/types\/page"}],"author":[{"embeddable":true,"href":"https:\/\/agora.xtec.cat\/ceipserrallo\/wp-json\/wp\/v2\/users\/4"}],"replies":[{"embeddable":true,"href":"https:\/\/agora.xtec.cat\/ceipserrallo\/wp-json\/wp\/v2\/comments?post=1180"}],"version-history":[{"count":4,"href":"https:\/\/agora.xtec.cat\/ceipserrallo\/wp-json\/wp\/v2\/pages\/1180\/revisions"}],"predecessor-version":[{"id":5602,"href":"https:\/\/agora.xtec.cat\/ceipserrallo\/wp-json\/wp\/v2\/pages\/1180\/revisions\/5602"}],"up":[{"embeddable":true,"href":"https:\/\/agora.xtec.cat\/ceipserrallo\/wp-json\/wp\/v2\/pages\/64"}],"wp:attachment":[{"href":"https:\/\/agora.xtec.cat\/ceipserrallo\/wp-json\/wp\/v2\/media?parent=1180"}],"curies":[{"name":"wp","href":"https:\/\/api.w.org\/{rel}","templated":true}]}}