{"id":897,"date":"2017-09-19T17:40:59","date_gmt":"2017-09-19T15:40:59","guid":{"rendered":"http:\/\/agora.xtec.cat\/ceipserraihunter\/?page_id=897"},"modified":"2023-02-27T17:52:54","modified_gmt":"2023-02-27T16:52:54","slug":"recomanacionsdidactiques","status":"publish","type":"page","link":"https:\/\/agora.xtec.cat\/ceipserraihunter\/recomanacionsdidactiques\/","title":{"rendered":"RECOMANACIONS DID\u00c0CTIQUES"},"content":{"rendered":"<p style=\"text-align: center;\"><a href=\"https:\/\/agora.xtec.cat\/ceipserraihunter\/wp-content\/uploads\/usu1493\/2020\/03\/Benvolgudes-fam\u00edlies-1-1.gif\"><img loading=\"lazy\" decoding=\"async\" class=\"alignnone size-large wp-image-3213\" src=\"https:\/\/agora.xtec.cat\/ceipserraihunter\/wp-content\/uploads\/usu1493\/2020\/03\/Benvolgudes-fam\u00edlies-1-1-724x1024.gif\" alt=\"\" width=\"724\" height=\"1024\" srcset=\"https:\/\/agora.xtec.cat\/ceipserraihunter\/wp-content\/uploads\/usu1493\/2020\/03\/Benvolgudes-fam\u00edlies-1-1-724x1024.gif 724w, https:\/\/agora.xtec.cat\/ceipserraihunter\/wp-content\/uploads\/usu1493\/2020\/03\/Benvolgudes-fam\u00edlies-1-1-212x300.gif 212w, https:\/\/agora.xtec.cat\/ceipserraihunter\/wp-content\/uploads\/usu1493\/2020\/03\/Benvolgudes-fam\u00edlies-1-1-768x1086.gif 768w\" sizes=\"auto, (max-width: 724px) 100vw, 724px\" \/><\/a><\/p>\n<h6>Us deixem tamb\u00e9 uns quants enlla\u00e7os per seguir amb activitats educatives pels dies de confinament i que ens poden ajudar a entrenir-nos. (Dos enlla\u00e7os generals i altres enlla\u00e7os per \u00e0rees curriculars)<\/h6>\n<h6>Recordeu que en els recursos de l&#8217;escola hi ha els diferents symbaloo amb m\u00e9s recursos que els alumnes ja han treballat a l&#8217;escola.<\/h6>\n<h6>Tingueu present que hi ha activitats que funcionen millor amb el navegador \u201cExplorer\u201d.<\/h6>\n<p>&nbsp;<\/p>\n<p><strong><span style=\"color: #000080;\">ACTIVITATS GENERALS<\/span><\/strong><\/p>\n<p style=\"text-align: left;\"><a href=\"https:\/\/natibergada.cat\/recursos-educatius-per-aprendre-des-de-casa\"><img loading=\"lazy\" decoding=\"async\" class=\"wp-image-3196 alignleft\" src=\"https:\/\/agora.xtec.cat\/ceipserraihunter\/wp-content\/uploads\/usu1493\/2020\/03\/aprendre-des-de-casa_nati.png\" alt=\"\" width=\"277\" height=\"199\" srcset=\"https:\/\/agora.xtec.cat\/ceipserraihunter\/wp-content\/uploads\/usu1493\/2020\/03\/aprendre-des-de-casa_nati.png 720w, https:\/\/agora.xtec.cat\/ceipserraihunter\/wp-content\/uploads\/usu1493\/2020\/03\/aprendre-des-de-casa_nati-300x216.png 300w\" sizes=\"auto, (max-width: 277px) 100vw, 277px\" \/><\/a> <a href=\"http:\/\/www.ceip-diputacio.com\/la%20motxilla.htm\"><img loading=\"lazy\" decoding=\"async\" class=\"alignnone wp-image-3199\" src=\"https:\/\/agora.xtec.cat\/ceipserraihunter\/wp-content\/uploads\/usu1493\/2020\/03\/LA-MOTXILLA.jpg\" alt=\"\" width=\"189\" height=\"219\" \/><\/a><a href=\"https:\/\/www.ccma.cat\/tv3\/super3\/infok\/\"><img loading=\"lazy\" decoding=\"async\" class=\"alignnone wp-image-3195\" src=\"https:\/\/agora.xtec.cat\/ceipserraihunter\/wp-content\/uploads\/usu1493\/2020\/03\/infok.jpg\" alt=\"\" width=\"218\" height=\"218\" srcset=\"https:\/\/agora.xtec.cat\/ceipserraihunter\/wp-content\/uploads\/usu1493\/2020\/03\/infok.jpg 225w, https:\/\/agora.xtec.cat\/ceipserraihunter\/wp-content\/uploads\/usu1493\/2020\/03\/infok-150x150.jpg 150w\" sizes=\"auto, (max-width: 218px) 100vw, 218px\" \/><\/a><\/p>\n<p style=\"text-align: left;\"><a href=\"https:\/\/blocs.xtec.cat\/tonivid\/aula-dacollida\/\"><img loading=\"lazy\" decoding=\"async\" class=\"alignnone wp-image-3297 aligncenter\" src=\"https:\/\/agora.xtec.cat\/ceipserraihunter\/wp-content\/uploads\/usu1493\/2020\/03\/ACOLLIDA.png\" alt=\"\" width=\"345\" height=\"86\" srcset=\"https:\/\/agora.xtec.cat\/ceipserraihunter\/wp-content\/uploads\/usu1493\/2020\/03\/ACOLLIDA.png 481w, https:\/\/agora.xtec.cat\/ceipserraihunter\/wp-content\/uploads\/usu1493\/2020\/03\/ACOLLIDA-300x75.png 300w\" sizes=\"auto, (max-width: 345px) 100vw, 345px\" \/><\/a><\/p>\n<p><strong><span style=\"color: #000080;\">ACTIVITATS PER \u00c0REES<\/span><\/strong><\/p>\n<table style=\"width: 671px;\">\n<tbody>\n<tr>\n<td style=\"width: 665px; text-align: center;\" colspan=\"5\"><strong><span style=\"color: #000080;\">\u00c0MBIT LING\u00dc\u00cdSTIC<\/span><\/strong><\/td>\n<\/tr>\n<tr>\n<td style=\"width: 126px;\"><a href=\"https:\/\/blocs.xtec.cat\/ealcaraz\/\"><img loading=\"lazy\" decoding=\"async\" class=\"alignnone size-full wp-image-3210\" src=\"https:\/\/agora.xtec.cat\/ceipserraihunter\/wp-content\/uploads\/usu1493\/2020\/03\/emilia-alcaraz.jpg\" alt=\"\" width=\"172\" height=\"172\" srcset=\"https:\/\/agora.xtec.cat\/ceipserraihunter\/wp-content\/uploads\/usu1493\/2020\/03\/emilia-alcaraz.jpg 172w, https:\/\/agora.xtec.cat\/ceipserraihunter\/wp-content\/uploads\/usu1493\/2020\/03\/emilia-alcaraz-150x150.jpg 150w\" sizes=\"auto, (max-width: 172px) 100vw, 172px\" \/><\/a><\/td>\n<td style=\"width: 140px;\"><a href=\"https:\/\/www.copc.cat\/adjuntos\/adjunto_15216\/v\/La%20Rosa%20contra%20el%20virus%20-%20CATAL%C3%80.pdf?tm=1584371645\"><img loading=\"lazy\" decoding=\"async\" class=\"alignnone size-full wp-image-3200\" src=\"https:\/\/agora.xtec.cat\/ceipserraihunter\/wp-content\/uploads\/usu1493\/2020\/03\/CONTE-ROSA.png\" alt=\"\" width=\"599\" height=\"453\" srcset=\"https:\/\/agora.xtec.cat\/ceipserraihunter\/wp-content\/uploads\/usu1493\/2020\/03\/CONTE-ROSA.png 599w, https:\/\/agora.xtec.cat\/ceipserraihunter\/wp-content\/uploads\/usu1493\/2020\/03\/CONTE-ROSA-300x227.png 300w, https:\/\/agora.xtec.cat\/ceipserraihunter\/wp-content\/uploads\/usu1493\/2020\/03\/CONTE-ROSA-200x150.png 200w\" sizes=\"auto, (max-width: 599px) 100vw, 599px\" \/><\/a><\/td>\n<td style=\"width: 136px;\"><a href=\"https:\/\/www.ara.cat\/societat\/conte-del-coronavirus_3_2417188261.html\"><img loading=\"lazy\" decoding=\"async\" class=\"alignnone size-full wp-image-3201\" src=\"https:\/\/agora.xtec.cat\/ceipserraihunter\/wp-content\/uploads\/usu1493\/2020\/03\/CONTE-CORONAVIRUS.jpg\" alt=\"\" width=\"300\" height=\"168\" \/><\/a><\/td>\n<td><a href=\"https:\/\/www.contes.cat\/escrits-contes\/\"><img loading=\"lazy\" decoding=\"async\" class=\"alignnone size-full wp-image-3230\" src=\"https:\/\/agora.xtec.cat\/ceipserraihunter\/wp-content\/uploads\/usu1493\/2020\/03\/lectures.png\" alt=\"\" width=\"122\" height=\"79\" \/><\/a><\/td>\n<td><a href=\"http:\/\/www.koalatext.com\/public\/\"><img loading=\"lazy\" decoding=\"async\" class=\"wp-image-3194 aligncenter\" src=\"https:\/\/agora.xtec.cat\/ceipserraihunter\/wp-content\/uploads\/usu1493\/2020\/03\/koalatext.jpg\" alt=\"\" width=\"106\" height=\"106\" srcset=\"https:\/\/agora.xtec.cat\/ceipserraihunter\/wp-content\/uploads\/usu1493\/2020\/03\/koalatext.jpg 225w, https:\/\/agora.xtec.cat\/ceipserraihunter\/wp-content\/uploads\/usu1493\/2020\/03\/koalatext-150x150.jpg 150w\" sizes=\"auto, (max-width: 106px) 100vw, 106px\" \/><\/a><\/td>\n<\/tr>\n<tr>\n<td style=\"width: 126px; text-align: center;\"><strong><span style=\"color: #000080;\">\u00c0MBIT MATEM\u00c0TIC<\/span><\/strong><\/td>\n<td style=\"width: 140px; text-align: center;\"><strong><span style=\"color: #000080;\">AMBIT CONEIXEMENT DEL MEDI<\/span><\/strong><\/td>\n<td style=\"width: 395px; text-align: center;\" colspan=\"3\"><strong><span style=\"color: #000080;\">AMBIT ART\u00cdSTIC<\/span><\/strong><\/td>\n<\/tr>\n<tr>\n<td style=\"width: 126px;\"><a href=\"http:\/\/www.cyberkidz.es\/cyberkidz\/juegos.php?groep=5&amp;vak=rekenen\"><img loading=\"lazy\" decoding=\"async\" class=\"alignnone size-full wp-image-3198\" src=\"https:\/\/agora.xtec.cat\/ceipserraihunter\/wp-content\/uploads\/usu1493\/2020\/03\/cyberkids.png\" alt=\"\" width=\"365\" height=\"107\" srcset=\"https:\/\/agora.xtec.cat\/ceipserraihunter\/wp-content\/uploads\/usu1493\/2020\/03\/cyberkids.png 365w, https:\/\/agora.xtec.cat\/ceipserraihunter\/wp-content\/uploads\/usu1493\/2020\/03\/cyberkids-300x88.png 300w\" sizes=\"auto, (max-width: 365px) 100vw, 365px\" \/><\/a><\/td>\n<td style=\"width: 140px;\"><a href=\"https:\/\/www.ccma.cat\/tv3\/super3\/dinamiks\/\"><img loading=\"lazy\" decoding=\"async\" class=\"alignnone size-full wp-image-3193\" src=\"https:\/\/agora.xtec.cat\/ceipserraihunter\/wp-content\/uploads\/usu1493\/2020\/03\/OFICIAL-DINAMIKS.jpg\" alt=\"\" width=\"300\" height=\"168\" \/><\/a><\/td>\n<td style=\"width: 136px;\"><a href=\"https:\/\/vedoque.com\/html5\/pintura\/pintoque\/\"><img loading=\"lazy\" decoding=\"async\" class=\"alignnone size-full wp-image-3202\" src=\"https:\/\/agora.xtec.cat\/ceipserraihunter\/wp-content\/uploads\/usu1493\/2020\/03\/PINTOQUE.png\" alt=\"\" width=\"635\" height=\"349\" srcset=\"https:\/\/agora.xtec.cat\/ceipserraihunter\/wp-content\/uploads\/usu1493\/2020\/03\/PINTOQUE.png 635w, https:\/\/agora.xtec.cat\/ceipserraihunter\/wp-content\/uploads\/usu1493\/2020\/03\/PINTOQUE-300x165.png 300w\" sizes=\"auto, (max-width: 635px) 100vw, 635px\" \/><\/a><\/td>\n<td style=\"width: 120px;\"><a href=\"https:\/\/aprendomusica.com\/aprendreMusica.htm\"><img loading=\"lazy\" decoding=\"async\" class=\"alignnone size-full wp-image-3208\" src=\"https:\/\/agora.xtec.cat\/ceipserraihunter\/wp-content\/uploads\/usu1493\/2020\/03\/APRENDRE-MUSICA.png\" alt=\"\" width=\"600\" height=\"72\" srcset=\"https:\/\/agora.xtec.cat\/ceipserraihunter\/wp-content\/uploads\/usu1493\/2020\/03\/APRENDRE-MUSICA.png 600w, https:\/\/agora.xtec.cat\/ceipserraihunter\/wp-content\/uploads\/usu1493\/2020\/03\/APRENDRE-MUSICA-300x36.png 300w\" sizes=\"auto, (max-width: 600px) 100vw, 600px\" \/><\/a><\/td>\n<td style=\"width: 135px;\"><a href=\"https:\/\/www.elblocdemusica.com\/2020\/03\/cancons-amb-familia.html\"><img loading=\"lazy\" decoding=\"async\" class=\"alignnone size-full wp-image-3209\" src=\"https:\/\/agora.xtec.cat\/ceipserraihunter\/wp-content\/uploads\/usu1493\/2020\/03\/can\u00e7ons.png\" alt=\"\" width=\"442\" height=\"210\" srcset=\"https:\/\/agora.xtec.cat\/ceipserraihunter\/wp-content\/uploads\/usu1493\/2020\/03\/can\u00e7ons.png 442w, https:\/\/agora.xtec.cat\/ceipserraihunter\/wp-content\/uploads\/usu1493\/2020\/03\/can\u00e7ons-300x143.png 300w\" sizes=\"auto, (max-width: 442px) 100vw, 442px\" \/><\/a><\/td>\n<\/tr>\n<tr>\n<td style=\"width: 268px; text-align: center;\" colspan=\"2\"><span style=\"color: #000080;\"><strong>AMBIT EDUCACI\u00d3 F\u00cdSICA<\/strong><\/span><\/td>\n<td style=\"width: 395px; text-align: center;\" colspan=\"3\"><span style=\"color: #000080;\"><strong>EIXOS TRANSVERSALS<\/strong><\/span><\/td>\n<\/tr>\n<tr>\n<td style=\"width: 126px;\"><a href=\"http:\/\/coneftadosconalvaro.blogspot.com\/2020\/03\/yo-me-quedo-en-casa.html?m=1\"><img loading=\"lazy\" decoding=\"async\" class=\"alignnone size-full wp-image-3214\" src=\"https:\/\/agora.xtec.cat\/ceipserraihunter\/wp-content\/uploads\/usu1493\/2020\/03\/jcos.jpg\" alt=\"\" width=\"218\" height=\"231\" \/><\/a><\/td>\n<td style=\"width: 140px;\"><a href=\"https:\/\/www.elvalordelaeducacionfisica.com\/10-juegos-con-globos-para-trabajar-ef-casa\/\"><img loading=\"lazy\" decoding=\"async\" class=\"alignnone size-full wp-image-3215\" src=\"https:\/\/agora.xtec.cat\/ceipserraihunter\/wp-content\/uploads\/usu1493\/2020\/03\/salut.jpg\" alt=\"\" width=\"242\" height=\"208\" \/><\/a><\/td>\n<td style=\"width: 136px;\"><a href=\"https:\/\/www.fmirobcn.org\/fjm\/playmiro\/PlayMiro.html?idioma=4&amp;retorn=1\"><img loading=\"lazy\" decoding=\"async\" class=\"alignnone size-full wp-image-3226\" src=\"https:\/\/agora.xtec.cat\/ceipserraihunter\/wp-content\/uploads\/usu1493\/2020\/03\/miro.png\" alt=\"\" width=\"192\" height=\"88\" \/><\/a><\/td>\n<td style=\"width: 120px;\"><a href=\"http:\/\/www.ceip-diputacio.com\/MITJA%20I%20SUPERIOR\/valors\/emocions1.htm\"><img loading=\"lazy\" decoding=\"async\" class=\"alignnone size-full wp-image-3227\" src=\"https:\/\/agora.xtec.cat\/ceipserraihunter\/wp-content\/uploads\/usu1493\/2020\/03\/emoicons.jpg\" alt=\"\" width=\"255\" height=\"197\" \/><\/a><\/td>\n<td style=\"width: 135px;\"><a href=\"https:\/\/www.mundoprimaria.com\/juegos-educativos\/juegos-de-atencion-infantil\"><img loading=\"lazy\" decoding=\"async\" class=\"alignnone size-full wp-image-3228\" src=\"https:\/\/agora.xtec.cat\/ceipserraihunter\/wp-content\/uploads\/usu1493\/2020\/03\/puzzles.png\" alt=\"\" width=\"131\" height=\"124\" \/><\/a><\/td>\n<\/tr>\n<\/tbody>\n<\/table>\n<p>&nbsp;<\/p>\n<p><a href=\"http:\/\/www.ceip-diputacio.com\/la%20motxilla.htm\">\u00a0\u00a0<\/a><\/p>\n<p>&nbsp;<\/p>\n","protected":false},"excerpt":{"rendered":"<p><a href=\"https:\/\/agora.xtec.cat\/ceipserraihunter\/wp-content\/uploads\/usu1493\/2020\/03\/Benvolgudes-fam\u00edlies-1-1.gif\"><\/a><br \/>\nUs deixem tamb\u00e9 uns quants enlla\u00e7os per seguir amb activitats educatives pels dies de confinament i que ens poden ajudar a entrenir-nos. (Dos enlla\u00e7os generals i altres enlla\u00e7os per \u00e0rees curriculars)<br \/>\nRecordeu que en els recursos de l&#8217;escola hi ha els diferents symbaloo amb m\u00e9s&hellip;  <a href=\"https:\/\/agora.xtec.cat\/ceipserraihunter\/recomanacionsdidactiques\/\" title=\"Read RECOMANACIONS DID\u00c0CTIQUES\">Llegeix m\u00e9s\u00bb<\/a><\/p>\n","protected":false},"author":1,"featured_media":0,"parent":0,"menu_order":0,"comment_status":"closed","ping_status":"closed","template":"","meta":{"_bbp_topic_count":0,"_bbp_reply_count":0,"_bbp_total_topic_count":0,"_bbp_total_reply_count":0,"_bbp_voice_count":0,"_bbp_anonymous_reply_count":0,"_bbp_topic_count_hidden":0,"_bbp_reply_count_hidden":0,"_bbp_forum_subforum_count":0,"footnotes":""},"class_list":["post-897","page","type-page","status-publish","hentry"],"post_mailing_queue_ids":[],"_links":{"self":[{"href":"https:\/\/agora.xtec.cat\/ceipserraihunter\/wp-json\/wp\/v2\/pages\/897","targetHints":{"allow":["GET"]}}],"collection":[{"href":"https:\/\/agora.xtec.cat\/ceipserraihunter\/wp-json\/wp\/v2\/pages"}],"about":[{"href":"https:\/\/agora.xtec.cat\/ceipserraihunter\/wp-json\/wp\/v2\/types\/page"}],"author":[{"embeddable":true,"href":"https:\/\/agora.xtec.cat\/ceipserraihunter\/wp-json\/wp\/v2\/users\/1"}],"replies":[{"embeddable":true,"href":"https:\/\/agora.xtec.cat\/ceipserraihunter\/wp-json\/wp\/v2\/comments?post=897"}],"version-history":[{"count":4,"href":"https:\/\/agora.xtec.cat\/ceipserraihunter\/wp-json\/wp\/v2\/pages\/897\/revisions"}],"predecessor-version":[{"id":3298,"href":"https:\/\/agora.xtec.cat\/ceipserraihunter\/wp-json\/wp\/v2\/pages\/897\/revisions\/3298"}],"wp:attachment":[{"href":"https:\/\/agora.xtec.cat\/ceipserraihunter\/wp-json\/wp\/v2\/media?parent=897"}],"curies":[{"name":"wp","href":"https:\/\/api.w.org\/{rel}","templated":true}]}}