{"id":73,"date":"2014-09-18T14:01:51","date_gmt":"2014-09-18T13:01:51","guid":{"rendered":"http:\/\/agora.xtec.cat\/ceipserraihunter\/?page_id=73"},"modified":"2018-09-10T17:17:41","modified_gmt":"2018-09-10T15:17:41","slug":"menjador-escolar","status":"publish","type":"page","link":"https:\/\/agora.xtec.cat\/ceipserraihunter\/serveis\/menjador-escolar\/","title":{"rendered":"Menjador escolar"},"content":{"rendered":"<p>El servei de menjador de l&#8217;escola estar\u00e0 gestionat pel Consell Comarcal del Bages, a trav\u00e9s de l&#8217;empresa <b>SERHS food<\/b>.<\/p>\n<p>El procediment d&#8217;aquest curs pel servei de menjador ser\u00e0 a trav\u00e9s d&#8217;<strong>una aplicaci\u00f3 de m\u00f2bil<\/strong>, amb previ registre a la web de l&#8217;empresa.<br \/>\nLes fam\u00edlies usu\u00e0ries del servei poden seguir les instruccions per registrar-se al seg\u00fcent <a href=\"https:\/\/drive.google.com\/file\/d\/1n75Hr1y9ad8xcIMhgH92MCnZK1y8ahua\/view?usp=sharing\">enlla\u00e7<\/a>.<\/p>\n<p>El preu del menjador \u00e9s de 6,16\u20ac.<\/p>\n<p>L&#8217;escola no ofereix el servei de menjar amb carmanyola.<\/p>\n<p>Les beques de menjador per antics alumnes es gestionen al Maig. Les dels nous alumnes al Setembre.<\/p>\n<p>&nbsp;<\/p>\n","protected":false},"excerpt":{"rendered":"<p>El servei de menjador de l&#8217;escola estar\u00e0 gestionat pel Consell Comarcal del Bages, a trav\u00e9s de l&#8217;empresa SERHS food.<br \/>\nEl procediment d&#8217;aquest curs pel servei de menjador ser\u00e0 a trav\u00e9s d&#8217;una aplicaci\u00f3 de m\u00f2bil, amb previ registre a la web de l&#8217;empresa.<br \/>\nLes fam\u00edlies usu\u00e0ries del servei&hellip;  <a href=\"https:\/\/agora.xtec.cat\/ceipserraihunter\/serveis\/menjador-escolar\/\" title=\"Read Menjador escolar\">Llegeix m\u00e9s\u00bb<\/a><\/p>\n","protected":false},"author":1,"featured_media":0,"parent":66,"menu_order":30,"comment_status":"closed","ping_status":"closed","template":"page-templates\/side-menu.php","meta":{"_bbp_topic_count":0,"_bbp_reply_count":0,"_bbp_total_topic_count":0,"_bbp_total_reply_count":0,"_bbp_voice_count":0,"_bbp_anonymous_reply_count":0,"_bbp_topic_count_hidden":0,"_bbp_reply_count_hidden":0,"_bbp_forum_subforum_count":0,"footnotes":""},"class_list":["post-73","page","type-page","status-publish","hentry"],"post_mailing_queue_ids":[],"_links":{"self":[{"href":"https:\/\/agora.xtec.cat\/ceipserraihunter\/wp-json\/wp\/v2\/pages\/73","targetHints":{"allow":["GET"]}}],"collection":[{"href":"https:\/\/agora.xtec.cat\/ceipserraihunter\/wp-json\/wp\/v2\/pages"}],"about":[{"href":"https:\/\/agora.xtec.cat\/ceipserraihunter\/wp-json\/wp\/v2\/types\/page"}],"author":[{"embeddable":true,"href":"https:\/\/agora.xtec.cat\/ceipserraihunter\/wp-json\/wp\/v2\/users\/1"}],"replies":[{"embeddable":true,"href":"https:\/\/agora.xtec.cat\/ceipserraihunter\/wp-json\/wp\/v2\/comments?post=73"}],"version-history":[{"count":3,"href":"https:\/\/agora.xtec.cat\/ceipserraihunter\/wp-json\/wp\/v2\/pages\/73\/revisions"}],"predecessor-version":[{"id":2065,"href":"https:\/\/agora.xtec.cat\/ceipserraihunter\/wp-json\/wp\/v2\/pages\/73\/revisions\/2065"}],"up":[{"embeddable":true,"href":"https:\/\/agora.xtec.cat\/ceipserraihunter\/wp-json\/wp\/v2\/pages\/66"}],"wp:attachment":[{"href":"https:\/\/agora.xtec.cat\/ceipserraihunter\/wp-json\/wp\/v2\/media?parent=73"}],"curies":[{"name":"wp","href":"https:\/\/api.w.org\/{rel}","templated":true}]}}