{"id":5960,"date":"2023-02-27T18:06:37","date_gmt":"2023-02-27T17:06:37","guid":{"rendered":"https:\/\/agora.xtec.cat\/ceipserraihunter\/?page_id=5960"},"modified":"2023-02-28T15:09:21","modified_gmt":"2023-02-28T14:09:21","slug":"ampa","status":"publish","type":"page","link":"https:\/\/agora.xtec.cat\/ceipserraihunter\/ampa\/","title":{"rendered":"AMPA"},"content":{"rendered":"<p><a href=\"https:\/\/agora.xtec.cat\/ceipserraihunter\/wp-content\/uploads\/usu1493\/2023\/02\/logo-AMPA.jpg\"><img loading=\"lazy\" decoding=\"async\" class=\"wp-image-5966 aligncenter\" src=\"https:\/\/agora.xtec.cat\/ceipserraihunter\/wp-content\/uploads\/usu1493\/2023\/02\/logo-AMPA.jpg\" alt=\"\" width=\"179\" height=\"179\" srcset=\"https:\/\/agora.xtec.cat\/ceipserraihunter\/wp-content\/uploads\/usu1493\/2023\/02\/logo-AMPA.jpg 800w, https:\/\/agora.xtec.cat\/ceipserraihunter\/wp-content\/uploads\/usu1493\/2023\/02\/logo-AMPA-300x300.jpg 300w, https:\/\/agora.xtec.cat\/ceipserraihunter\/wp-content\/uploads\/usu1493\/2023\/02\/logo-AMPA-150x150.jpg 150w, https:\/\/agora.xtec.cat\/ceipserraihunter\/wp-content\/uploads\/usu1493\/2023\/02\/logo-AMPA-768x768.jpg 768w\" sizes=\"auto, (max-width: 179px) 100vw, 179px\" \/><\/a><\/p>\n<p><strong>AMPA <\/strong>\u00e9s l\u2019Associaci\u00f3 de Mares i Pares d\u2019Alumnes.<\/p>\n<p>El nostre objectiu principal \u00e9s poder oferir els serveis necessaris i cobrir les necessitats de les fam\u00edlies que formen part de la nostra escola. En definitiva, som pares i mares que vetllem per l\u2019escola i col\u00b7laborarem amb ella per un b\u00e9 com\u00fa: els nostres fills i filles.<\/p>\n<p><em>Qu\u00e8 es fa des de l\u2019AMPA?<\/em><\/p>\n<ul>\n<li><span style=\"font-family: inherit; font-size: 1em;\">Programem i organitzem <\/span><strong style=\"font-family: inherit; font-size: 1em;\">extraescolars <\/strong><span style=\"font-family: inherit; font-size: 1em;\">per fer durant el curs en les instal\u00b7lacions de l\u2019escola a preus assequibles. Tamb\u00e9 obtenim un millor preu per als cursets de nataci\u00f3 a la piscina municipal de Manresa.<\/span><\/li>\n<li>Facilitem la <strong>compra del llibres <\/strong>escolars a trav\u00e9s d\u2019una p\u00e0gina web. Aquesta web permet seleccionar els llibres que es desitgin segons el curs.<\/li>\n<li>Venem material escolar com <strong>llibretes<\/strong>.<\/li>\n<li>Disposem de la <strong>samarreta <\/strong>i <strong>dessuadora <\/strong>de l\u2019escola, que si b\u00e9, no \u00e9s obligat\u00f2ria, s\u00ed \u00e9s recomanable tenir-la per quan els nostres nens i nenes van d\u2019excursi\u00f3.<\/li>\n<li>Organitzem la <strong>festa de fi de curs <\/strong>i participem en les festes que realitza l\u2019escola.<\/li>\n<li>Col\u00b7laborem en les <strong>necessitats <\/strong>que pugui tenir <strong>l\u2019escola<\/strong>, com pot ser en material per les aules, en les jornades culturals\u2026<\/li>\n<li>Fem el <strong>calendari <\/strong>anual de l\u2019escola amb la fotografia de tots els nens per cursos, de paret i de butxaca.<\/li>\n<li><strong>Informem <\/strong>de les novetats que envolten la comunitat educativa, aix\u00ed com tamb\u00e9 de les novetats que van sorgint a l\u2019escola dels nostres fills.<\/li>\n<\/ul>\n<p>Per ser de l\u2019AMPA i poder gaudir de tots els seus serveis, nom\u00e9s cal pagar una quota anual de <strong>20\u20ac <\/strong>per fam\u00edlia.<\/p>\n<p>&nbsp;<\/p>\n<p>Si voleu m\u00e9s informaci\u00f3:<\/p>\n<p style=\"text-align: center;\">Correu electr\u00f2nic: <a href=\"mailto:ampaserraihunter@gmail.com\"><em>ampaserraihunter@gmail.com<\/em><\/a><\/p>\n<p style=\"text-align: center;\">Tel\u00e8fon: <em>692 92 99 56<\/em><\/p>\n<p>Tamb\u00e9 tenim grup de WhatsApp per als membres.<\/p>\n<p>Si voleu con\u00e8ixer totes les novetats de l&#8217;AMPA ens podeu seguir a:<\/p>\n<p><a href=\"https:\/\/agora.xtec.cat\/ceipserraihunter\/wp-content\/uploads\/usu1493\/2023\/02\/facebook.png\"><img loading=\"lazy\" decoding=\"async\" class=\"alignnone wp-image-5962\" src=\"https:\/\/agora.xtec.cat\/ceipserraihunter\/wp-content\/uploads\/usu1493\/2023\/02\/facebook.png\" alt=\"\" width=\"51\" height=\"51\" srcset=\"https:\/\/agora.xtec.cat\/ceipserraihunter\/wp-content\/uploads\/usu1493\/2023\/02\/facebook.png 225w, https:\/\/agora.xtec.cat\/ceipserraihunter\/wp-content\/uploads\/usu1493\/2023\/02\/facebook-150x150.png 150w\" sizes=\"auto, (max-width: 51px) 100vw, 51px\" \/> <\/a><a target=_\"blank\" href=\"http:\/\/www.facebook.com\/ampaserraihunter\"><em>http:\/\/www.facebook.com\/ampaserraihunter<\/em><\/a><\/p>\n<p><a href=\"https:\/\/agora.xtec.cat\/ceipserraihunter\/wp-content\/uploads\/usu1493\/2023\/02\/instagram.jpg\"><img loading=\"lazy\" decoding=\"async\" class=\"alignnone wp-image-5961\" src=\"https:\/\/agora.xtec.cat\/ceipserraihunter\/wp-content\/uploads\/usu1493\/2023\/02\/instagram.jpg\" alt=\"\" width=\"42\" height=\"42\" srcset=\"https:\/\/agora.xtec.cat\/ceipserraihunter\/wp-content\/uploads\/usu1493\/2023\/02\/instagram.jpg 225w, https:\/\/agora.xtec.cat\/ceipserraihunter\/wp-content\/uploads\/usu1493\/2023\/02\/instagram-150x150.jpg 150w\" sizes=\"auto, (max-width: 42px) 100vw, 42px\" \/><\/a>\u00a0 <a target=_\"blank\" href=\"https:\/\/www.instagram.com\/ampaserraihunter\/\"><em>https:\/\/www.instagram.com\/ampaserraihunter\/<\/em><\/a><\/p>\n<p>&nbsp;<\/p>\n<p>Col\u00b7laboradors:<\/p>\n<p><a href=\"https:\/\/agora.xtec.cat\/ceipserraihunter\/wp-content\/uploads\/usu1493\/2023\/02\/comercial-girona.png\" target=\"_blank\" rel=\"noopener\"><img loading=\"lazy\" decoding=\"async\" class=\"alignnone wp-image-5965\" src=\"https:\/\/agora.xtec.cat\/ceipserraihunter\/wp-content\/uploads\/usu1493\/2023\/02\/comercial-girona.png\" alt=\"\" width=\"111\" height=\"142\" \/>\u00a0\u00a0 <\/a>\u00a0 \u00a0 \u00a0<a href=\"https:\/\/agora.xtec.cat\/ceipserraihunter\/wp-content\/uploads\/usu1493\/2023\/02\/piscina-manresa.jpg\"><img loading=\"lazy\" decoding=\"async\" class=\"alignnone size-full wp-image-5963\" src=\"https:\/\/agora.xtec.cat\/ceipserraihunter\/wp-content\/uploads\/usu1493\/2023\/02\/piscina-manresa.jpg\" alt=\"\" width=\"200\" height=\"200\" srcset=\"https:\/\/agora.xtec.cat\/ceipserraihunter\/wp-content\/uploads\/usu1493\/2023\/02\/piscina-manresa.jpg 200w, https:\/\/agora.xtec.cat\/ceipserraihunter\/wp-content\/uploads\/usu1493\/2023\/02\/piscina-manresa-150x150.jpg 150w\" sizes=\"auto, (max-width: 200px) 100vw, 200px\" \/><\/a>\u00a0\u00a0\u00a0\u00a0\u00a0\u00a0\u00a0<a href=\"https:\/\/agora.xtec.cat\/ceipserraihunter\/wp-content\/uploads\/usu1493\/2023\/02\/comercial-girona.png\"> \u00a0 <\/a><a href=\"https:\/\/agora.xtec.cat\/ceipserraihunter\/wp-content\/uploads\/usu1493\/2023\/02\/cae-logo-color-br.jpg\"><img loading=\"lazy\" decoding=\"async\" class=\"alignnone wp-image-5964\" src=\"https:\/\/agora.xtec.cat\/ceipserraihunter\/wp-content\/uploads\/usu1493\/2023\/02\/cae-logo-color-br.jpg\" alt=\"\" width=\"300\" height=\"144\" srcset=\"https:\/\/agora.xtec.cat\/ceipserraihunter\/wp-content\/uploads\/usu1493\/2023\/02\/cae-logo-color-br.jpg 473w, https:\/\/agora.xtec.cat\/ceipserraihunter\/wp-content\/uploads\/usu1493\/2023\/02\/cae-logo-color-br-300x144.jpg 300w\" sizes=\"auto, (max-width: 300px) 100vw, 300px\" \/><\/a><\/p>\n<p>&nbsp;<\/p>\n<p>&nbsp;<\/p>\n<p>&nbsp;<\/p>\n","protected":false},"excerpt":{"rendered":"<p><a href=\"https:\/\/agora.xtec.cat\/ceipserraihunter\/wp-content\/uploads\/usu1493\/2023\/02\/logo-AMPA.jpg\"><\/a><br \/>\nAMPA \u00e9s l\u2019Associaci\u00f3 de Mares i Pares d\u2019Alumnes.<br \/>\nEl nostre objectiu principal \u00e9s poder oferir els serveis necessaris i cobrir les necessitats de les fam\u00edlies que formen part de la nostra escola. En definitiva, som pares i mares que vetllem per l\u2019escola i col\u00b7laborarem amb&hellip;  <a href=\"https:\/\/agora.xtec.cat\/ceipserraihunter\/ampa\/\" title=\"Read AMPA\">Llegeix m\u00e9s\u00bb<\/a><\/p>\n","protected":false},"author":5,"featured_media":0,"parent":0,"menu_order":0,"comment_status":"closed","ping_status":"closed","template":"","meta":{"_bbp_topic_count":0,"_bbp_reply_count":0,"_bbp_total_topic_count":0,"_bbp_total_reply_count":0,"_bbp_voice_count":0,"_bbp_anonymous_reply_count":0,"_bbp_topic_count_hidden":0,"_bbp_reply_count_hidden":0,"_bbp_forum_subforum_count":0,"footnotes":""},"class_list":["post-5960","page","type-page","status-publish","hentry"],"post_mailing_queue_ids":[],"_links":{"self":[{"href":"https:\/\/agora.xtec.cat\/ceipserraihunter\/wp-json\/wp\/v2\/pages\/5960","targetHints":{"allow":["GET"]}}],"collection":[{"href":"https:\/\/agora.xtec.cat\/ceipserraihunter\/wp-json\/wp\/v2\/pages"}],"about":[{"href":"https:\/\/agora.xtec.cat\/ceipserraihunter\/wp-json\/wp\/v2\/types\/page"}],"author":[{"embeddable":true,"href":"https:\/\/agora.xtec.cat\/ceipserraihunter\/wp-json\/wp\/v2\/users\/5"}],"replies":[{"embeddable":true,"href":"https:\/\/agora.xtec.cat\/ceipserraihunter\/wp-json\/wp\/v2\/comments?post=5960"}],"version-history":[{"count":3,"href":"https:\/\/agora.xtec.cat\/ceipserraihunter\/wp-json\/wp\/v2\/pages\/5960\/revisions"}],"predecessor-version":[{"id":5975,"href":"https:\/\/agora.xtec.cat\/ceipserraihunter\/wp-json\/wp\/v2\/pages\/5960\/revisions\/5975"}],"wp:attachment":[{"href":"https:\/\/agora.xtec.cat\/ceipserraihunter\/wp-json\/wp\/v2\/media?parent=5960"}],"curies":[{"name":"wp","href":"https:\/\/api.w.org\/{rel}","templated":true}]}}