{"id":3600,"date":"2020-05-08T18:38:03","date_gmt":"2020-05-08T16:38:03","guid":{"rendered":"http:\/\/agora.xtec.cat\/ceipserraihunter\/?page_id=3600"},"modified":"2026-04-24T10:51:06","modified_gmt":"2026-04-24T08:51:06","slug":"cartellera","status":"publish","type":"page","link":"https:\/\/agora.xtec.cat\/ceipserraihunter\/cartellera\/","title":{"rendered":"Cartellera"},"content":{"rendered":"<h1><span style=\"color: #003300;\">INFORMACIONS\u00a0 \u00a0 \u00a0 <a href=\"https:\/\/agora.xtec.cat\/ceipserraihunter\/wp-content\/uploads\/usu1493\/2020\/05\/CARTELLERA.png\"><img loading=\"lazy\" decoding=\"async\" class=\"wp-image-3605 alignright\" src=\"https:\/\/agora.xtec.cat\/ceipserraihunter\/wp-content\/uploads\/usu1493\/2020\/05\/CARTELLERA-1024x1024.png\" alt=\"\" width=\"174\" height=\"174\" srcset=\"https:\/\/agora.xtec.cat\/ceipserraihunter\/wp-content\/uploads\/usu1493\/2020\/05\/CARTELLERA-1024x1024.png 1024w, https:\/\/agora.xtec.cat\/ceipserraihunter\/wp-content\/uploads\/usu1493\/2020\/05\/CARTELLERA-150x150.png 150w, https:\/\/agora.xtec.cat\/ceipserraihunter\/wp-content\/uploads\/usu1493\/2020\/05\/CARTELLERA-300x300.png 300w, https:\/\/agora.xtec.cat\/ceipserraihunter\/wp-content\/uploads\/usu1493\/2020\/05\/CARTELLERA-768x768.png 768w, https:\/\/agora.xtec.cat\/ceipserraihunter\/wp-content\/uploads\/usu1493\/2020\/05\/CARTELLERA.png 1080w\" sizes=\"auto, (max-width: 174px) 100vw, 174px\" \/><\/a> <\/span><\/h1>\n<p><strong>Adre\u00e7a<\/strong> <strong>electr\u00f2nica<\/strong>: <a href=\"mailto:a8038181@xtec.cat\"><strong>a8038181<span class=\"\">@xtec.cat<\/span><\/strong><\/a><\/p>\n<p><strong>Tel\u00e8fon<\/strong> \u2013 m\u00f2bil de l\u2019escola: <strong>608 293 571<\/strong><\/p>\n<h3><\/h3>\n<h3><a href=\"https:\/\/agora.xtec.cat\/ceipserraihunter\/wp-content\/uploads\/usu1493\/2026\/02\/PREINSCRIPCIO-26-27-1.pdf\">PREINSCRIPCI\u00d3 26 &#8211; 27<\/a><\/h3>\n<p>Per\u00edode d&#8217;inscripci\u00f3 del 4 al 18 de mar\u00e7 de 2026.<\/p>\n<p><a href=\"https:\/\/drive.google.com\/file\/d\/1gQgW68xWE8z6kbGsYTqg9xGYnqdf7mz4\/view?usp=drive_link\">INFORMACI\u00d3 BAREM PROVISIONAL PREINSCRIPCI\u00d3<\/a><\/p>\n<p><a href=\"https:\/\/drive.google.com\/file\/d\/133kiiLEr4IXLbrP_ggq3HbVQzfGRZJvy\/view?usp=sharing\">INFORMACI\u00d3 BAREM RESOLTES PREINSCRIPCI\u00d3<\/a><\/p>\n<p>&nbsp;<\/p>\n<h3><a href=\"https:\/\/serveiseducatius.xtec.cat\/alturgell\/general\/accions-de-prevencio-per-promoure-laprenentatge-appa\/\"><span style=\"color: #666699;\">PROJECTE APPA<\/span><\/a><\/h3>\n<p>L&#8217;escola Serra i Hunter s&#8217;ha adherit al Projecte APPA, projecte del Departament d&#8217;Educaci\u00f3 i Formaci\u00f3 Professional. El projecte consisteix en realitzar unes proves que ajuden a detectar i avaluar possibles dificultats vinculades al desenvolupament de les compet\u00e8ncies oral i lectora individuals de l\u2019alumnat de primer i tercer de prim\u00e0ria.<\/p>\n<p>Les proves es duran a terme del 19 de gener fins el 12 de febrer de 2026.<\/p>\n<p><a href=\"https:\/\/drive.google.com\/file\/d\/1IPoMblUerwq8M0f-oTFEzQz6GoXDkzqQ\/view?usp=sharing\"><span style=\"color: #2795b6;\">Informaci\u00f3 per les fam\u00edlies.<\/span><\/a><\/p>\n<h3><a href=\"https:\/\/www.educacionfpydeportes.gob.es\/servicios-al-ciudadano\/catalogo\/general\/05\/050140\/ficha\/050140-2025.html\">BEQUES NEE CURS 25 &#8211; 26<\/a><\/h3>\n<p>Termini des del 30 d&#8217;abril al 11 de setembre de 2025.<\/p>\n","protected":false},"excerpt":{"rendered":"<p>INFORMACIONS\u00a0 \u00a0 \u00a0 <a href=\"https:\/\/agora.xtec.cat\/ceipserraihunter\/wp-content\/uploads\/usu1493\/2020\/05\/CARTELLERA.png\"><\/a><br \/>\nAdre\u00e7a electr\u00f2nica: <a href=\"mailto:a8038181@xtec.cat\">a8038181@xtec.cat<\/a><br \/>\nTel\u00e8fon \u2013 m\u00f2bil de l\u2019escola: 608 293 571<\/p>\n<p><a href=\"https:\/\/agora.xtec.cat\/ceipserraihunter\/wp-content\/uploads\/usu1493\/2026\/02\/PREINSCRIPCIO-26-27-1.pdf\">PREINSCRIPCI\u00d3 26 &#8211; 27<\/a><br \/>\nPer\u00edode d&#8217;inscripci\u00f3 del 4 al 18 de mar\u00e7 de 2026.<br \/>\n<a href=\"https:\/\/drive.google.com\/file\/d\/1gQgW68xWE8z6kbGsYTqg9xGYnqdf7mz4\/view?usp=drive_link\">INFORMACI\u00d3 BAREM PROVISIONAL PREINSCRIPCI\u00d3<\/a><br \/>\n<a href=\"https:\/\/drive.google.com\/file\/d\/133kiiLEr4IXLbrP_ggq3HbVQzfGRZJvy\/view?usp=sharing\">INFORMACI\u00d3 BAREM RESOLTES PREINSCRIPCI\u00d3<\/a><br \/>\n&nbsp;<br \/>\n<a href=\"https:\/\/serveiseducatius.xtec.cat\/alturgell\/general\/accions-de-prevencio-per-promoure-laprenentatge-appa\/\">PROJECTE APPA<\/a><br \/>\nL&#8217;escola Serra i Hunter s&#8217;ha adherit al&hellip;  <a href=\"https:\/\/agora.xtec.cat\/ceipserraihunter\/cartellera\/\" title=\"Read Cartellera\">Llegeix m\u00e9s\u00bb<\/a><\/p>\n","protected":false},"author":5,"featured_media":0,"parent":0,"menu_order":0,"comment_status":"closed","ping_status":"closed","template":"","meta":{"_bbp_topic_count":0,"_bbp_reply_count":0,"_bbp_total_topic_count":0,"_bbp_total_reply_count":0,"_bbp_voice_count":0,"_bbp_anonymous_reply_count":0,"_bbp_topic_count_hidden":0,"_bbp_reply_count_hidden":0,"_bbp_forum_subforum_count":0,"footnotes":""},"class_list":["post-3600","page","type-page","status-publish","hentry"],"post_mailing_queue_ids":[],"_links":{"self":[{"href":"https:\/\/agora.xtec.cat\/ceipserraihunter\/wp-json\/wp\/v2\/pages\/3600","targetHints":{"allow":["GET"]}}],"collection":[{"href":"https:\/\/agora.xtec.cat\/ceipserraihunter\/wp-json\/wp\/v2\/pages"}],"about":[{"href":"https:\/\/agora.xtec.cat\/ceipserraihunter\/wp-json\/wp\/v2\/types\/page"}],"author":[{"embeddable":true,"href":"https:\/\/agora.xtec.cat\/ceipserraihunter\/wp-json\/wp\/v2\/users\/5"}],"replies":[{"embeddable":true,"href":"https:\/\/agora.xtec.cat\/ceipserraihunter\/wp-json\/wp\/v2\/comments?post=3600"}],"version-history":[{"count":6,"href":"https:\/\/agora.xtec.cat\/ceipserraihunter\/wp-json\/wp\/v2\/pages\/3600\/revisions"}],"predecessor-version":[{"id":7306,"href":"https:\/\/agora.xtec.cat\/ceipserraihunter\/wp-json\/wp\/v2\/pages\/3600\/revisions\/7306"}],"wp:attachment":[{"href":"https:\/\/agora.xtec.cat\/ceipserraihunter\/wp-json\/wp\/v2\/media?parent=3600"}],"curies":[{"name":"wp","href":"https:\/\/api.w.org\/{rel}","templated":true}]}}