{"id":34,"date":"2014-09-18T12:32:18","date_gmt":"2014-09-18T11:32:18","guid":{"rendered":"http:\/\/agora.xtec.cat\/ceipserraihunter\/?page_id=34"},"modified":"2017-02-15T12:42:16","modified_gmt":"2017-02-15T11:42:16","slug":"oferta-educativa","status":"publish","type":"page","link":"https:\/\/agora.xtec.cat\/ceipserraihunter\/lescola\/oferta-educativa\/","title":{"rendered":"Oferta educativa"},"content":{"rendered":"<p>L&#8217;escola Serra i Hunter ofereix ensenyament a Educaci\u00f3 Infantil (P3, P4 i P5) i a Educaci\u00f3 Prim\u00e0ria (de 1r a 6\u00e8).<\/p>\n<p>Horari de Pre-Inscripci\u00f3:<\/p>\n<p>Jornada de Portes Obertes:<\/p>\n<p>Dies de matriculaci\u00f3:<\/p>\n<p>Documentaci\u00f3 necess\u00e0ria per fer la matr\u00edcula:<\/p>\n<p>&nbsp;<\/p>\n<p>&nbsp;<\/p>\n<p>&nbsp;<\/p>\n","protected":false},"excerpt":{"rendered":"<p>L&#8217;escola Serra i Hunter ofereix ensenyament a Educaci\u00f3 Infantil (P3, P4 i P5) i a Educaci\u00f3 Prim\u00e0ria (de 1r a 6\u00e8).<br \/>\nHorari de Pre-Inscripci\u00f3:<br \/>\nJornada de Portes Obertes:<br \/>\nDies de matriculaci\u00f3:<br \/>\nDocumentaci\u00f3 necess\u00e0ria per fer la matr\u00edcula:<br \/>\n&nbsp;<br \/>\n&nbsp;<br \/>\n&nbsp;<\/p>\n","protected":false},"author":1,"featured_media":0,"parent":22,"menu_order":60,"comment_status":"closed","ping_status":"closed","template":"page-templates\/side-menu.php","meta":{"_bbp_topic_count":0,"_bbp_reply_count":0,"_bbp_total_topic_count":0,"_bbp_total_reply_count":0,"_bbp_voice_count":0,"_bbp_anonymous_reply_count":0,"_bbp_topic_count_hidden":0,"_bbp_reply_count_hidden":0,"_bbp_forum_subforum_count":0,"footnotes":""},"class_list":["post-34","page","type-page","status-publish","hentry"],"post_mailing_queue_ids":[],"_links":{"self":[{"href":"https:\/\/agora.xtec.cat\/ceipserraihunter\/wp-json\/wp\/v2\/pages\/34","targetHints":{"allow":["GET"]}}],"collection":[{"href":"https:\/\/agora.xtec.cat\/ceipserraihunter\/wp-json\/wp\/v2\/pages"}],"about":[{"href":"https:\/\/agora.xtec.cat\/ceipserraihunter\/wp-json\/wp\/v2\/types\/page"}],"author":[{"embeddable":true,"href":"https:\/\/agora.xtec.cat\/ceipserraihunter\/wp-json\/wp\/v2\/users\/1"}],"replies":[{"embeddable":true,"href":"https:\/\/agora.xtec.cat\/ceipserraihunter\/wp-json\/wp\/v2\/comments?post=34"}],"version-history":[{"count":3,"href":"https:\/\/agora.xtec.cat\/ceipserraihunter\/wp-json\/wp\/v2\/pages\/34\/revisions"}],"predecessor-version":[{"id":509,"href":"https:\/\/agora.xtec.cat\/ceipserraihunter\/wp-json\/wp\/v2\/pages\/34\/revisions\/509"}],"up":[{"embeddable":true,"href":"https:\/\/agora.xtec.cat\/ceipserraihunter\/wp-json\/wp\/v2\/pages\/22"}],"wp:attachment":[{"href":"https:\/\/agora.xtec.cat\/ceipserraihunter\/wp-json\/wp\/v2\/media?parent=34"}],"curies":[{"name":"wp","href":"https:\/\/api.w.org\/{rel}","templated":true}]}}