{"id":32,"date":"2014-09-18T12:31:33","date_gmt":"2014-09-18T11:31:33","guid":{"rendered":"http:\/\/agora.xtec.cat\/ceipserraihunter\/?page_id=32"},"modified":"2025-09-06T08:01:08","modified_gmt":"2025-09-06T06:01:08","slug":"calendari-del-curs","status":"publish","type":"page","link":"https:\/\/agora.xtec.cat\/ceipserraihunter\/lescola\/calendari-del-curs\/","title":{"rendered":"Calendari del curs"},"content":{"rendered":"<p style=\"text-align: center;\"><a href=\"https:\/\/agora.xtec.cat\/ceipserraihunter\/wp-content\/uploads\/usu1493\/2025\/06\/REUNIONS-INICI-DE-CURS.png\"><img loading=\"lazy\" decoding=\"async\" class=\"wp-image-6969 alignleft\" src=\"https:\/\/agora.xtec.cat\/ceipserraihunter\/wp-content\/uploads\/usu1493\/2025\/06\/REUNIONS-INICI-DE-CURS.png\" alt=\"\" width=\"360\" height=\"370\" srcset=\"https:\/\/agora.xtec.cat\/ceipserraihunter\/wp-content\/uploads\/usu1493\/2025\/06\/REUNIONS-INICI-DE-CURS.png 526w, https:\/\/agora.xtec.cat\/ceipserraihunter\/wp-content\/uploads\/usu1493\/2025\/06\/REUNIONS-INICI-DE-CURS-292x300.png 292w\" sizes=\"auto, (max-width: 360px) 100vw, 360px\" \/><\/a><\/p>\n<p><a href=\"https:\/\/agora.xtec.cat\/ceipserraihunter\/wp-content\/uploads\/usu1493\/2025\/09\/calendari-escolar-25-26_web.png\"><img loading=\"lazy\" decoding=\"async\" class=\"alignnone  wp-image-6981\" src=\"https:\/\/agora.xtec.cat\/ceipserraihunter\/wp-content\/uploads\/usu1493\/2025\/09\/calendari-escolar-25-26_web.png\" alt=\"\" width=\"329\" height=\"489\" srcset=\"https:\/\/agora.xtec.cat\/ceipserraihunter\/wp-content\/uploads\/usu1493\/2025\/09\/calendari-escolar-25-26_web.png 476w, https:\/\/agora.xtec.cat\/ceipserraihunter\/wp-content\/uploads\/usu1493\/2025\/09\/calendari-escolar-25-26_web-202x300.png 202w\" sizes=\"auto, (max-width: 329px) 100vw, 329px\" \/><\/a><\/p>\n<p>L\u2019<b>horari lectiu<\/b> del centre \u00e9s de 9 a 12:30 h i de 15:00 a 16:30 h tant per als alumnes d&#8217;Educaci\u00f3 Infantil com pels alumnes d&#8217;Educaci\u00f3 Prim\u00e0ria.<\/p>\n<p>Per als alumnes que inicien l\u2019escolaritzaci\u00f3 a I3 s\u2019organitza un breu per\u00edode d\u2019adaptaci\u00f3 que suposa una certa modificaci\u00f3 dels horaris dels primers dies de classe, i que es fa saber a les fam\u00edlies en les reunions pr\u00e8vies corresponents.<\/p>\n<p>&nbsp;<\/p>\n","protected":false},"excerpt":{"rendered":"<p><a href=\"https:\/\/agora.xtec.cat\/ceipserraihunter\/wp-content\/uploads\/usu1493\/2025\/06\/REUNIONS-INICI-DE-CURS.png\"><\/a><br \/>\n<a href=\"https:\/\/agora.xtec.cat\/ceipserraihunter\/wp-content\/uploads\/usu1493\/2025\/09\/calendari-escolar-25-26_web.png\"><\/a><br \/>\nL\u2019horari lectiu del centre \u00e9s de 9 a 12:30 h i de 15:00 a 16:30 h tant per als alumnes d&#8217;Educaci\u00f3 Infantil com pels alumnes d&#8217;Educaci\u00f3 Prim\u00e0ria.<br \/>\nPer als alumnes que inicien l\u2019escolaritzaci\u00f3 a I3 s\u2019organitza un breu per\u00edode d\u2019adaptaci\u00f3 que suposa una certa&hellip;  <a href=\"https:\/\/agora.xtec.cat\/ceipserraihunter\/lescola\/calendari-del-curs\/\" title=\"Read Calendari del curs\">Llegeix m\u00e9s\u00bb<\/a><\/p>\n","protected":false},"author":1,"featured_media":0,"parent":22,"menu_order":50,"comment_status":"closed","ping_status":"closed","template":"page-templates\/side-menu.php","meta":{"_bbp_topic_count":0,"_bbp_reply_count":0,"_bbp_total_topic_count":0,"_bbp_total_reply_count":0,"_bbp_voice_count":0,"_bbp_anonymous_reply_count":0,"_bbp_topic_count_hidden":0,"_bbp_reply_count_hidden":0,"_bbp_forum_subforum_count":0,"footnotes":""},"class_list":["post-32","page","type-page","status-publish","hentry"],"post_mailing_queue_ids":[],"_links":{"self":[{"href":"https:\/\/agora.xtec.cat\/ceipserraihunter\/wp-json\/wp\/v2\/pages\/32","targetHints":{"allow":["GET"]}}],"collection":[{"href":"https:\/\/agora.xtec.cat\/ceipserraihunter\/wp-json\/wp\/v2\/pages"}],"about":[{"href":"https:\/\/agora.xtec.cat\/ceipserraihunter\/wp-json\/wp\/v2\/types\/page"}],"author":[{"embeddable":true,"href":"https:\/\/agora.xtec.cat\/ceipserraihunter\/wp-json\/wp\/v2\/users\/1"}],"replies":[{"embeddable":true,"href":"https:\/\/agora.xtec.cat\/ceipserraihunter\/wp-json\/wp\/v2\/comments?post=32"}],"version-history":[{"count":8,"href":"https:\/\/agora.xtec.cat\/ceipserraihunter\/wp-json\/wp\/v2\/pages\/32\/revisions"}],"predecessor-version":[{"id":6982,"href":"https:\/\/agora.xtec.cat\/ceipserraihunter\/wp-json\/wp\/v2\/pages\/32\/revisions\/6982"}],"up":[{"embeddable":true,"href":"https:\/\/agora.xtec.cat\/ceipserraihunter\/wp-json\/wp\/v2\/pages\/22"}],"wp:attachment":[{"href":"https:\/\/agora.xtec.cat\/ceipserraihunter\/wp-json\/wp\/v2\/media?parent=32"}],"curies":[{"name":"wp","href":"https:\/\/api.w.org\/{rel}","templated":true}]}}