{"id":30,"date":"2014-09-18T12:30:23","date_gmt":"2014-09-18T11:30:23","guid":{"rendered":"http:\/\/agora.xtec.cat\/ceipserraihunter\/?page_id=30"},"modified":"2021-03-06T17:56:24","modified_gmt":"2021-03-06T16:56:24","slug":"instal%c2%b7lacions","status":"publish","type":"page","link":"https:\/\/agora.xtec.cat\/ceipserraihunter\/lescola\/instal%c2%b7lacions\/","title":{"rendered":"Instal\u00b7lacions"},"content":{"rendered":"<p>L\u2019escola consta de dos edificis i dos patis, un \u00e9s d\u2019educaci\u00f3 infantil i l\u2019altre d\u2019educaci\u00f3 prim\u00e0ria.<\/p>\n<p>L\u2019edifici d\u2019educaci\u00f3 infantil consta de:<\/p>\n<ul>\n<li>Aula d&#8217;experimentaci\u00f3.<\/li>\n<li>Aula de Llum.<\/li>\n<li>Aula psicomotricitat.<\/li>\n<li>Quartet de material.<\/li>\n<li>Aula de refor\u00e7.<\/li>\n<li>WC mestres.<\/li>\n<li>Sis aules de l&#8217;equip de petits.<\/li>\n<\/ul>\n<p>L\u2019edifici d\u2019educaci\u00f3 prim\u00e0ria consta de:<\/p>\n<ul>\n<li>Planta baixa: despatx de direcci\u00f3, despatx de l\u2019AMPA, sala de mestres, WC mestres, arxiu, trasters, menjador i cuina.<\/li>\n<li>Primera planta: cinc aules de l&#8217;equip de mitjans, una aula d&#8217;educaci\u00f3 especial, una aula d&#8217;audici\u00f3 i llenguatge, dues tutories de refor\u00e7, dos WC alumnes, un WC mestres i dos quartets de neteja.<\/li>\n<li>Segona planta: aula d\u2019collida, aula TIC, vuit aules de l&#8217;equip de grans, dos WC d\u2019alumnes, dos WC de mestres i dos quartets de neteja.<\/li>\n<\/ul>\n<p>La construcci\u00f3 del gimn\u00e0s encara est\u00e0 pendent de pressupost municipal.<\/p>\n","protected":false},"excerpt":{"rendered":"<p>L\u2019escola consta de dos edificis i dos patis, un \u00e9s d\u2019educaci\u00f3 infantil i l\u2019altre d\u2019educaci\u00f3 prim\u00e0ria.<br \/>\nL\u2019edifici d\u2019educaci\u00f3 infantil consta de:<\/p>\n<ul>\n<li>Aula d&#8217;experimentaci\u00f3.<\/li>\n<li>Aula de Llum.<\/li>\n<li>Aula psicomotricitat.<\/li>\n<li>Quartet de material.<\/li>\n<li>Aula de refor\u00e7.<\/li>\n<li>WC mestres.<\/li>\n<li>Sis aules de l&#8217;equip de petits.<\/li>\n<\/ul>\n<p>L\u2019edifici d\u2019educaci\u00f3 prim\u00e0ria consta de:<\/p>\n<ul>\n<li>Planta baixa: despatx de direcci\u00f3, despatx de l\u2019AMPA,&hellip;  <a href=\"https:\/\/agora.xtec.cat\/ceipserraihunter\/lescola\/instal%c2%b7lacions\/\" title=\"Read Instal\u00b7lacions\">Llegeix m\u00e9s\u00bb<\/a><br \/>\n","protected":false},"author":1,"featured_media":0,"parent":22,"menu_order":40,"comment_status":"closed","ping_status":"closed","template":"page-templates\/side-menu.php","meta":{"_bbp_topic_count":0,"_bbp_reply_count":0,"_bbp_total_topic_count":0,"_bbp_total_reply_count":0,"_bbp_voice_count":0,"_bbp_anonymous_reply_count":0,"_bbp_topic_count_hidden":0,"_bbp_reply_count_hidden":0,"_bbp_forum_subforum_count":0,"footnotes":""},"class_list":["post-30","page","type-page","status-publish","hentry"],"post_mailing_queue_ids":[],"_links":{"self":[{"href":"https:\/\/agora.xtec.cat\/ceipserraihunter\/wp-json\/wp\/v2\/pages\/30","targetHints":{"allow":["GET"]}}],"collection":[{"href":"https:\/\/agora.xtec.cat\/ceipserraihunter\/wp-json\/wp\/v2\/pages"}],"about":[{"href":"https:\/\/agora.xtec.cat\/ceipserraihunter\/wp-json\/wp\/v2\/types\/page"}],"author":[{"embeddable":true,"href":"https:\/\/agora.xtec.cat\/ceipserraihunter\/wp-json\/wp\/v2\/users\/1"}],"replies":[{"embeddable":true,"href":"https:\/\/agora.xtec.cat\/ceipserraihunter\/wp-json\/wp\/v2\/comments?post=30"}],"version-history":[{"count":3,"href":"https:\/\/agora.xtec.cat\/ceipserraihunter\/wp-json\/wp\/v2\/pages\/30\/revisions"}],"predecessor-version":[{"id":4485,"href":"https:\/\/agora.xtec.cat\/ceipserraihunter\/wp-json\/wp\/v2\/pages\/30\/revisions\/4485"}],"up":[{"embeddable":true,"href":"https:\/\/agora.xtec.cat\/ceipserraihunter\/wp-json\/wp\/v2\/pages\/22"}],"wp:attachment":[{"href":"https:\/\/agora.xtec.cat\/ceipserraihunter\/wp-json\/wp\/v2\/media?parent=30"}],"curies":[{"name":"wp","href":"https:\/\/api.w.org\/{rel}","templated":true}]}}