{"id":26,"date":"2014-09-18T12:24:32","date_gmt":"2014-09-18T11:24:32","guid":{"rendered":"http:\/\/agora.xtec.cat\/ceipserraihunter\/?page_id=26"},"modified":"2017-02-01T12:49:04","modified_gmt":"2017-02-01T11:49:04","slug":"historia","status":"publish","type":"page","link":"https:\/\/agora.xtec.cat\/ceipserraihunter\/lescola\/historia\/","title":{"rendered":"Presentaci\u00f3"},"content":{"rendered":"<p style=\"text-align: left;\">L\u2019escola Jaume Serra i Hunter \u00e9s un centre que acull des d&#8217;Educaci\u00f3 Infantil a Cicle Superior, de doble linea. Es considera una escola integradora, inclusiva i implicada amb el barri.<\/p>\n<p>L\u2019escola es troba situada a la zona sud-est\u00a0 de la ciutat de Manresa, est\u00e0 al mig del barri de la Balconada 1, que posteriorment s\u2019ampli\u00e0 amb\u00a0 la Balconada 2, un barri obrer, on la majoria de poblaci\u00f3 activa s\u00f3n treballadors dins els rams t\u00e8xtil, construcci\u00f3, metal\u00b7l\u00fargic&#8230; Molt pr\u00f2xim al centre es troba el barri de Cal Gravat on hi ha en funcionament un IES.<\/p>\n<p>El centre acull alumnes que venen d\u2019altres barris que es troben dins la zona educativa ( La Font, Sagrada Fam\u00edlia, Escodines,&#8230;) i fins i tot fora de la zona.<\/p>\n<p style=\"text-align: left;\"><strong>El barri\/zona educativa <\/strong><\/p>\n<p style=\"text-align: justify;\">En el seu origen, l\u2019Escola Serra i Hunter es va crear per donar servei al barri de La Balconada i Sant Pau. Fa anys que tamb\u00e9 s\u2019assignen al nostre centre els alumnes que provenen dels Comtals, que juntament amb els de Sant Pau utilitzen el servei de transport escolar.<\/p>\n<p style=\"text-align: justify;\">Amb els anys l\u2019entorn urban\u00edstic es va anar transformant. A tocar de l\u2019escola es troba el barri de Cal Gravat, que actualment compta amb un IES. I compartim edifici amb la llar d&#8217;infants La Lluna. S\u2019incorporen tamb\u00e9 alumnes d\u2019altres zones de la ciutat que no s&#8217;han pogut escolaritzar en els centres m\u00e9s propers.<\/p>\n<p style=\"text-align: justify;\">\u00c9s un avantatge que al nostre centre hi ha un f\u00e0cil acc\u00e9s amb vehicle privat i t\u00e9 a tocar una parada d\u2019autob\u00fas amb dues l\u00ednies. L\u2019acc\u00e9s a peu al recinte escolar es fa des de la zona peatonal del barri (els cotxes nom\u00e9s circulen per la perif\u00e8ria), que a m\u00e9s t\u00e9 molts espais verds que conviden al joc i al passeig.<\/p>\n<p style=\"text-align: justify;\"><strong>Relaci\u00f3 centre\/entorn <\/strong><\/p>\n<p style=\"text-align: justify;\">Les relacions del nostre centre amb l\u2019entorn s\u00f3n bones i mantenim contactes peri\u00f2dics tant amb l\u2019associaci\u00f3 de ve\u00efns, com amb les entitats de formaci\u00f3 i educaci\u00f3 en el lleure del barri. Aprofitem totes les activitats que es proposen des de l\u2019Ajuntament de caire gratu\u00eft, com ara l\u2019Esport a l\u2019escola (nataci\u00f3, atletisme, judo&#8230;), audicions del Conservatori municipal de m\u00fasica de Manresa, activitats a la Casa de la Culla&#8230;<\/p>\n<p>&nbsp;<\/p>\n","protected":false},"excerpt":{"rendered":"<p>L\u2019escola Jaume Serra i Hunter \u00e9s un centre que acull des d&#8217;Educaci\u00f3 Infantil a Cicle Superior, de doble linea. Es considera una escola integradora, inclusiva i implicada amb el barri.<br \/>\nL\u2019escola es troba situada a la zona sud-est\u00a0 de la ciutat de Manresa, est\u00e0 al mig&hellip;  <a href=\"https:\/\/agora.xtec.cat\/ceipserraihunter\/lescola\/historia\/\" title=\"Read Presentaci\u00f3\">Llegeix m\u00e9s\u00bb<\/a><\/p>\n","protected":false},"author":1,"featured_media":0,"parent":22,"menu_order":20,"comment_status":"closed","ping_status":"closed","template":"page-templates\/side-menu.php","meta":{"_bbp_topic_count":0,"_bbp_reply_count":0,"_bbp_total_topic_count":0,"_bbp_total_reply_count":0,"_bbp_voice_count":0,"_bbp_anonymous_reply_count":0,"_bbp_topic_count_hidden":0,"_bbp_reply_count_hidden":0,"_bbp_forum_subforum_count":0,"footnotes":""},"class_list":["post-26","page","type-page","status-publish","hentry"],"post_mailing_queue_ids":[],"_links":{"self":[{"href":"https:\/\/agora.xtec.cat\/ceipserraihunter\/wp-json\/wp\/v2\/pages\/26","targetHints":{"allow":["GET"]}}],"collection":[{"href":"https:\/\/agora.xtec.cat\/ceipserraihunter\/wp-json\/wp\/v2\/pages"}],"about":[{"href":"https:\/\/agora.xtec.cat\/ceipserraihunter\/wp-json\/wp\/v2\/types\/page"}],"author":[{"embeddable":true,"href":"https:\/\/agora.xtec.cat\/ceipserraihunter\/wp-json\/wp\/v2\/users\/1"}],"replies":[{"embeddable":true,"href":"https:\/\/agora.xtec.cat\/ceipserraihunter\/wp-json\/wp\/v2\/comments?post=26"}],"version-history":[{"count":3,"href":"https:\/\/agora.xtec.cat\/ceipserraihunter\/wp-json\/wp\/v2\/pages\/26\/revisions"}],"predecessor-version":[{"id":491,"href":"https:\/\/agora.xtec.cat\/ceipserraihunter\/wp-json\/wp\/v2\/pages\/26\/revisions\/491"}],"up":[{"embeddable":true,"href":"https:\/\/agora.xtec.cat\/ceipserraihunter\/wp-json\/wp\/v2\/pages\/22"}],"wp:attachment":[{"href":"https:\/\/agora.xtec.cat\/ceipserraihunter\/wp-json\/wp\/v2\/media?parent=26"}],"curies":[{"name":"wp","href":"https:\/\/api.w.org\/{rel}","templated":true}]}}