{"id":73,"date":"2014-09-18T14:01:51","date_gmt":"2014-09-18T13:01:51","guid":{"rendered":"http:\/\/agora.xtec.cat\/ceipsentfores\/?page_id=73"},"modified":"2026-03-02T08:12:24","modified_gmt":"2026-03-02T07:12:24","slug":"menjador-escolar","status":"publish","type":"page","link":"https:\/\/agora.xtec.cat\/ceipsentfores\/menjador-escolar\/","title":{"rendered":"Menjador escolar"},"content":{"rendered":"<p><strong><img loading=\"lazy\" decoding=\"async\" class=\"alignleft  wp-image-6478\" src=\"https:\/\/agora.xtec.cat\/ceipsentfores\/wp-content\/uploads\/usu1701\/2026\/02\/IMG_6312-1-1-300x225.jpg\" alt=\"\" width=\"342\" height=\"256\" srcset=\"https:\/\/agora.xtec.cat\/ceipsentfores\/wp-content\/uploads\/usu1701\/2026\/02\/IMG_6312-1-1-300x225.jpg 300w, https:\/\/agora.xtec.cat\/ceipsentfores\/wp-content\/uploads\/usu1701\/2026\/02\/IMG_6312-1-1-1024x768.jpg 1024w, https:\/\/agora.xtec.cat\/ceipsentfores\/wp-content\/uploads\/usu1701\/2026\/02\/IMG_6312-1-1-768x576.jpg 768w, https:\/\/agora.xtec.cat\/ceipsentfores\/wp-content\/uploads\/usu1701\/2026\/02\/IMG_6312-1-1-1536x1152.jpg 1536w, https:\/\/agora.xtec.cat\/ceipsentfores\/wp-content\/uploads\/usu1701\/2026\/02\/IMG_6312-1-1-2048x1536.jpg 2048w\" sizes=\"auto, (max-width: 342px) 100vw, 342px\" \/>Altes, baixes i abs\u00e8ncies<\/strong><br \/>\nEl servei de menjador est\u00e0 obert a tot l\u2019alumnat del CEIP Sentfores.<\/p>\n<p>Segons les necessitats de les fam\u00edlies, es pot fer \u00fas del menjador:<\/p>\n<p>&#8211; En condici\u00f3 de <strong>fix\/a<\/strong> &#8211; Nens o nenes que dinen a l\u2019escola cada dia, i que en el cas en que no hi assisteixin, encara que sigui per causa justificada, fan front al pagament de la quota establerta per a les abs\u00e8ncies justificades, i que per tant, contribueixen al sosteniment dels costos de l\u2019estructura fixa del servei.<br \/>\n-En condici\u00f3 d\u2019<strong>eventual<\/strong> &#8211; Nens o nenes que quan no assisteixen al menjador, no fan front al pagament de la quota establerta per a les abs\u00e8ncies justificades, i que per tant no contribueixen al sosteniment dels costos de l\u2019estructura fixa del servei.<\/p>\n<p>Una fam\u00edlia pot donar-se d\u2019alta del servei de menjador en qualsevol moment, al llarg del curs, sempre i quan formalitzi la inscripci\u00f3 i ho faci amb suficient antelaci\u00f3.<br \/>\nIgualment, les fam\u00edlies poden donar-se de baixa d\u2019aquest servei en qualsevol moment. La baixa es fa efectiva quan s\u2019ha comunicat formalment a la coordinadora de menjador. Es recomana fer-ho amb suficient antelaci\u00f3.<\/p>\n<p>Si heu de fer \u00fas del menjador de manera espor\u00e0dica, \u00e9s molt important seguir les seg\u00fcents normes:<img loading=\"lazy\" decoding=\"async\" class=\" wp-image-6505 alignright\" src=\"https:\/\/agora.xtec.cat\/ceipsentfores\/wp-content\/uploads\/usu1701\/2026\/02\/IMG_6336-1-300x225.jpg\" alt=\"\" width=\"434\" height=\"325\" srcset=\"https:\/\/agora.xtec.cat\/ceipsentfores\/wp-content\/uploads\/usu1701\/2026\/02\/IMG_6336-1-300x225.jpg 300w, https:\/\/agora.xtec.cat\/ceipsentfores\/wp-content\/uploads\/usu1701\/2026\/02\/IMG_6336-1-1024x768.jpg 1024w, https:\/\/agora.xtec.cat\/ceipsentfores\/wp-content\/uploads\/usu1701\/2026\/02\/IMG_6336-1-768x576.jpg 768w, https:\/\/agora.xtec.cat\/ceipsentfores\/wp-content\/uploads\/usu1701\/2026\/02\/IMG_6336-1-1536x1152.jpg 1536w, https:\/\/agora.xtec.cat\/ceipsentfores\/wp-content\/uploads\/usu1701\/2026\/02\/IMG_6336-1-2048x1536.jpg 2048w\" sizes=\"auto, (max-width: 434px) 100vw, 434px\" \/><br \/>\n&#8211; Informar a la tutora el dia en que teniu previst que el vostre fill\/a es quedi a dinar a l\u2019escola.<br \/>\n&#8211; Posar-vos d\u2019acord amb la Fina Crusellas, coordinadora del servei, per concretar la forma de cobrament del cost del servei.<\/p>\n<p>Pel que fa a les abs\u00e8ncies, considerem que s\u00f3n justificades:<br \/>\n&#8211; els dies en que la mainada va d\u2019excursi\u00f3 o de col\u00f2nies.<br \/>\n&#8211; els dies en que un nen o nena causa baixa del servei per motius diversos (malaltia, vacances familiars o altres q\u00fcestions) i la fam\u00edlia ho comunica amb suficient antelaci\u00f3 a la tutora o a la coordinadora de menjador.<\/p>\n<table class=\" aligncenter\" style=\"height: 119px; width: 294px;\">\n<tbody>\n<tr style=\"height: 119px;\">\n<td style=\"width: 288px; text-align: center; height: 119px;\">Tel. La Xarranca : 649185007<br \/>\ne-mail la Xarranca:<a href=\"mailto:laxarranca@gmail.com\"> laxarranca<span class=\"\">@gmail.com\u00a0 \u00a0 \u00a0 \u00a0 <\/span><\/a>Instagram: @laxarrancasccl<\/td>\n<\/tr>\n<\/tbody>\n<\/table>\n<p>Els preus del menjador son els seg\u00fcents:<\/p>\n<table style=\"height: 137px;\" width=\"556\">\n<tbody>\n<tr>\n<td style=\"width: 274px;\">Tipus de men\u00fas<\/td>\n<td style=\"width: 274px;\">Preu men\u00fa\/dia<\/td>\n<\/tr>\n<tr>\n<td style=\"width: 274px;\">Nens\/es fixos<\/td>\n<td style=\"width: 274px;\">7 \u20ac\/dia<\/td>\n<\/tr>\n<tr>\n<td style=\"width: 274px;\">Nens\/es eventuals<\/td>\n<td style=\"width: 274px;\">7,60 \u20ac\/dia<\/td>\n<\/tr>\n<tr>\n<td style=\"width: 274px;\">Abs\u00e8ncies justificades<\/td>\n<td style=\"width: 274px;\">4,50 \u20ac\/dia<\/td>\n<\/tr>\n<\/tbody>\n<\/table>\n<p>En el cas dels nens\/es que es queden a dinar a l\u2019escola en condici\u00f3 de fixes, el cobrament dels rebuts es far\u00e0 mitjan\u00e7ant domiciliaci\u00f3 banc\u00e0ria. Els rebuts es giraran entre el dia 1 i 5 de cada mes.<\/p>\n<p>Els nens i nenes que es queden a dinar a l\u2019escola han de portar el seg\u00fcent material:<br \/>\n&#8211; Una manta o sac de dormir (els nens i nenes de I3)<br \/>\n&#8211; Un necesser amb raspall de dents i dentifrici (qui cregui convenient)<\/p>\n<p>Organitzaci\u00f3 dels torns:<\/p>\n<ul>\n<li><strong>Primer<\/strong> torn: els infants d&#8217;infantil van a les 12:30h del migdia. Els alumnes d&#8217;I3 fan descans i els alumnes I4 i I5 fan una estona de relaxaci\u00f3 a la classe.<\/li>\n<li><strong>Segon<\/strong> torn: els infants de cicle inicial i mitj\u00e0 van a les 13:15h al menjador.<\/li>\n<li><strong>Tercer<\/strong> torn: els infants de cicle superior comen\u00e7en al voltant de les 14h del migdia.<\/li>\n<\/ul>\n<p>Durant la franja hor\u00e0ria de menjador, de 13h a 15h, les monitores acompanyen en tot moment les activitats dels alumnes ( migdiada, descans, esbarjo, joc dirigit, manualitats &#8230;)<\/p>\n","protected":false},"excerpt":{"rendered":"<p>Altes, baixes i abs\u00e8ncies El servei de menjador est\u00e0 obert a tot l\u2019alumnat del CEIP Sentfores. Segons les necessitats de les fam\u00edlies, es pot fer \u00fas del menjador: &#8211; En condici\u00f3 de fix\/a &#8211; Nens o nenes que dinen a l\u2019escola cada dia, i que en el cas en que no hi assisteixin, encara que [&hellip;]<\/p>\n","protected":false},"author":1,"featured_media":0,"parent":0,"menu_order":30,"comment_status":"closed","ping_status":"closed","template":"","meta":{"_bbp_topic_count":0,"_bbp_reply_count":0,"_bbp_total_topic_count":0,"_bbp_total_reply_count":0,"_bbp_voice_count":0,"_bbp_anonymous_reply_count":0,"_bbp_topic_count_hidden":0,"_bbp_reply_count_hidden":0,"_bbp_forum_subforum_count":0,"site-sidebar-layout":"default","site-content-layout":"","ast-site-content-layout":"default","site-content-style":"default","site-sidebar-style":"default","ast-global-header-display":"","ast-banner-title-visibility":"","ast-main-header-display":"","ast-hfb-above-header-display":"","ast-hfb-below-header-display":"","ast-hfb-mobile-header-display":"","site-post-title":"","ast-breadcrumbs-content":"","ast-featured-img":"","footer-sml-layout":"","theme-transparent-header-meta":"","adv-header-id-meta":"","stick-header-meta":"","header-above-stick-meta":"","header-main-stick-meta":"","header-below-stick-meta":"","astra-migrate-meta-layouts":"set","ast-page-background-enabled":"default","ast-page-background-meta":{"desktop":{"background-color":"var(--ast-global-color-4)","background-image":"","background-repeat":"repeat","background-position":"center center","background-size":"auto","background-attachment":"scroll","background-type":"","background-media":"","overlay-type":"","overlay-color":"","overlay-opacity":"","overlay-gradient":""},"tablet":{"background-color":"","background-image":"","background-repeat":"repeat","background-position":"center center","background-size":"auto","background-attachment":"scroll","background-type":"","background-media":"","overlay-type":"","overlay-color":"","overlay-opacity":"","overlay-gradient":""},"mobile":{"background-color":"","background-image":"","background-repeat":"repeat","background-position":"center center","background-size":"auto","background-attachment":"scroll","background-type":"","background-media":"","overlay-type":"","overlay-color":"","overlay-opacity":"","overlay-gradient":""}},"ast-content-background-meta":{"desktop":{"background-color":"var(--ast-global-color-5)","background-image":"","background-repeat":"repeat","background-position":"center center","background-size":"auto","background-attachment":"scroll","background-type":"","background-media":"","overlay-type":"","overlay-color":"","overlay-opacity":"","overlay-gradient":""},"tablet":{"background-color":"var(--ast-global-color-5)","background-image":"","background-repeat":"repeat","background-position":"center center","background-size":"auto","background-attachment":"scroll","background-type":"","background-media":"","overlay-type":"","overlay-color":"","overlay-opacity":"","overlay-gradient":""},"mobile":{"background-color":"var(--ast-global-color-5)","background-image":"","background-repeat":"repeat","background-position":"center center","background-size":"auto","background-attachment":"scroll","background-type":"","background-media":"","overlay-type":"","overlay-color":"","overlay-opacity":"","overlay-gradient":""}},"footnotes":""},"class_list":["post-73","page","type-page","status-publish","hentry"],"post_mailing_queue_ids":[],"_links":{"self":[{"href":"https:\/\/agora.xtec.cat\/ceipsentfores\/wp-json\/wp\/v2\/pages\/73","targetHints":{"allow":["GET"]}}],"collection":[{"href":"https:\/\/agora.xtec.cat\/ceipsentfores\/wp-json\/wp\/v2\/pages"}],"about":[{"href":"https:\/\/agora.xtec.cat\/ceipsentfores\/wp-json\/wp\/v2\/types\/page"}],"author":[{"embeddable":true,"href":"https:\/\/agora.xtec.cat\/ceipsentfores\/wp-json\/wp\/v2\/users\/1"}],"replies":[{"embeddable":true,"href":"https:\/\/agora.xtec.cat\/ceipsentfores\/wp-json\/wp\/v2\/comments?post=73"}],"version-history":[{"count":6,"href":"https:\/\/agora.xtec.cat\/ceipsentfores\/wp-json\/wp\/v2\/pages\/73\/revisions"}],"predecessor-version":[{"id":6543,"href":"https:\/\/agora.xtec.cat\/ceipsentfores\/wp-json\/wp\/v2\/pages\/73\/revisions\/6543"}],"wp:attachment":[{"href":"https:\/\/agora.xtec.cat\/ceipsentfores\/wp-json\/wp\/v2\/media?parent=73"}],"curies":[{"name":"wp","href":"https:\/\/api.w.org\/{rel}","templated":true}]}}