{"id":6890,"date":"2026-04-05T09:40:16","date_gmt":"2026-04-05T07:40:16","guid":{"rendered":"https:\/\/agora.xtec.cat\/ceipsentfores\/?page_id=6890"},"modified":"2026-04-05T09:52:36","modified_gmt":"2026-04-05T07:52:36","slug":"menus","status":"publish","type":"page","link":"https:\/\/agora.xtec.cat\/ceipsentfores\/qui-som-a-la-xarranca-2\/menus\/","title":{"rendered":"Men\u00fas del menjador"},"content":{"rendered":"\n<p>En aquest espai podreu consultar els men\u00fas mensuals del menjador escolar \ud83d\uddd3\ufe0f, dissenyats per oferir una alimentaci\u00f3 equilibrada, variada i adequada a les necessitats dels infants \ud83e\udd57\ud83c\udf7d\ufe0f<\/p>\n\n\n\n<p>A m\u00e9s dels \u00e0pats que es serveixen a l\u2019escola, cada men\u00fa inclou propostes de sopar \ud83c\udf19 pensades per complementar l\u2019alimentaci\u00f3 di\u00e0ria, afavorint aix\u00ed uns h\u00e0bits saludables i una dieta equilibrada al llarg de tota la jornada.<\/p>\n\n\n\n<p>Els men\u00fas s\u2019actualitzen mensualment \ud83d\udd04 perqu\u00e8 pugueu planificar amb antelaci\u00f3 els \u00e0pats a casa \ud83c\udfe0 i fer un seguiment del que mengen els vostres fills i filles \ud83d\udc68\u200d\ud83d\udc69\u200d\ud83d\udc67\u200d\ud83d\udc66<\/p>\n\n\n\n<p><\/p>\n\n\n\n        <div class=\"wp-block-getwid-post-carousel custom-post-type-post has-slides-gap-small is-carousel has-arrows-inside has-dots-outside\">\n            <div data-slider-option=\"{&quot;sliderSlidesToShowDesktop&quot;:&quot;4&quot;,&quot;getwid_slidesToShowLaptop&quot;:&quot;1&quot;,&quot;getwid_slidesToShowTablet&quot;:&quot;1&quot;,&quot;getwid_slidesToShowMobile&quot;:&quot;1&quot;,&quot;getwid_autoplay_speed&quot;:6000,&quot;getwid_animation_speed&quot;:800,&quot;getwid_slidesToScroll&quot;:&quot;1&quot;,&quot;getwid_autoplay&quot;:false,&quot;getwid_pause_on_hover&quot;:false,&quot;getwid_infinite&quot;:true,&quot;getwid_center_mode&quot;:false,&quot;getwid_arrows&quot;:&quot;inside&quot;,&quot;getwid_dots&quot;:&quot;outside&quot;}\" class=\"wp-block-getwid-post-carousel__wrapper\">\n                \t\t\t\t\t\t\t<div class=\"wp-block-getwid-post-carousel__slide\">\n\t\t\t\t\t\t\t\t\n<div class=\"wp-block-getwid-post-carousel__post\">\n            <div class=\"wp-block-getwid-post-carousel__post-thumbnail\">\n            <a href=\"https:\/\/agora.xtec.cat\/ceipsentfores\/xarranca\/menus\/menu-de-labril-%f0%9f%a5%a6%f0%9f%a5%95%f0%9f%8d%90\/\"><img loading=\"lazy\" decoding=\"async\" width=\"389\" height=\"581\" src=\"https:\/\/agora.xtec.cat\/ceipsentfores\/wp-content\/uploads\/usu1701\/2026\/03\/foto-Menu-abril.jpg\" class=\"attachment-post-thumbnail size-post-thumbnail wp-post-image\" alt=\"Plat abril\" srcset=\"https:\/\/agora.xtec.cat\/ceipsentfores\/wp-content\/uploads\/usu1701\/2026\/03\/foto-Menu-abril.jpg 389w, https:\/\/agora.xtec.cat\/ceipsentfores\/wp-content\/uploads\/usu1701\/2026\/03\/foto-Menu-abril-201x300.jpg 201w\" sizes=\"auto, (max-width: 389px) 100vw, 389px\" \/><\/a>\n        <\/div>\n        <div class=\"wp-block-getwid-post-carousel__post-content-wrapper\">\n        <div class=\"wp-block-getwid-post-carousel__post-header\">\n            <h3 class=\"wp-block-getwid-post-carousel__post-title\"><a href=\"https:\/\/agora.xtec.cat\/ceipsentfores\/xarranca\/menus\/menu-de-labril-%f0%9f%a5%a6%f0%9f%a5%95%f0%9f%8d%90\/\">Men\u00fa de l&#8217;abril \ud83e\udd66\ud83e\udd55\ud83c\udf50<\/a><\/h3>        <\/div>\n        <div class=\"wp-block-getwid-post-carousel__post-excerpt\"><\/div>\n    <\/div>\n<\/div>\n\n\t\t\t\t\t\t\t<\/div>\n\t\t\t\t\t\t\t\t\t\t\t\t\t<div class=\"wp-block-getwid-post-carousel__slide\">\n\t\t\t\t\t\t\t\t\n<div class=\"wp-block-getwid-post-carousel__post\">\n            <div class=\"wp-block-getwid-post-carousel__post-thumbnail\">\n            <a href=\"https:\/\/agora.xtec.cat\/ceipsentfores\/xarranca\/menus\/menu-del-mes-de-marc\/\"><img loading=\"lazy\" decoding=\"async\" width=\"1024\" height=\"1024\" src=\"https:\/\/agora.xtec.cat\/ceipsentfores\/wp-content\/uploads\/usu1701\/2026\/02\/quaresma.png\" class=\"attachment-post-thumbnail size-post-thumbnail wp-post-image\" alt=\"\" srcset=\"https:\/\/agora.xtec.cat\/ceipsentfores\/wp-content\/uploads\/usu1701\/2026\/02\/quaresma.png 1024w, https:\/\/agora.xtec.cat\/ceipsentfores\/wp-content\/uploads\/usu1701\/2026\/02\/quaresma-300x300.png 300w, https:\/\/agora.xtec.cat\/ceipsentfores\/wp-content\/uploads\/usu1701\/2026\/02\/quaresma-150x150.png 150w, https:\/\/agora.xtec.cat\/ceipsentfores\/wp-content\/uploads\/usu1701\/2026\/02\/quaresma-768x768.png 768w\" sizes=\"auto, (max-width: 1024px) 100vw, 1024px\" \/><\/a>\n        <\/div>\n        <div class=\"wp-block-getwid-post-carousel__post-content-wrapper\">\n        <div class=\"wp-block-getwid-post-carousel__post-header\">\n            <h3 class=\"wp-block-getwid-post-carousel__post-title\"><a href=\"https:\/\/agora.xtec.cat\/ceipsentfores\/xarranca\/menus\/menu-del-mes-de-marc\/\">Men\u00fa del mes de MAR\u00c7!! \ud83c\udf37<\/a><\/h3>        <\/div>\n        <div class=\"wp-block-getwid-post-carousel__post-excerpt\"><p>Us deixem aqu\u00ed el MEN\u00da del mes de mar\u00e7, perqu\u00e8 el pugueu consultar!!<\/p>\n<\/div>\n    <\/div>\n<\/div>\n\n\t\t\t\t\t\t\t<\/div>\n\t\t\t\t\t\t\t\t\t\t\t\t\t<div class=\"wp-block-getwid-post-carousel__slide\">\n\t\t\t\t\t\t\t\t\n<div class=\"wp-block-getwid-post-carousel__post\">\n            <div class=\"wp-block-getwid-post-carousel__post-thumbnail\">\n            <a href=\"https:\/\/agora.xtec.cat\/ceipsentfores\/xarranca\/menus\/el-menu-del-mes-de-febrer\/\"><img loading=\"lazy\" decoding=\"async\" width=\"1536\" height=\"1024\" src=\"https:\/\/agora.xtec.cat\/ceipsentfores\/wp-content\/uploads\/usu1701\/2026\/01\/Imatge-febrer-2026.jpg\" class=\"attachment-post-thumbnail size-post-thumbnail wp-post-image\" alt=\"\" srcset=\"https:\/\/agora.xtec.cat\/ceipsentfores\/wp-content\/uploads\/usu1701\/2026\/01\/Imatge-febrer-2026.jpg 1536w, https:\/\/agora.xtec.cat\/ceipsentfores\/wp-content\/uploads\/usu1701\/2026\/01\/Imatge-febrer-2026-300x200.jpg 300w, https:\/\/agora.xtec.cat\/ceipsentfores\/wp-content\/uploads\/usu1701\/2026\/01\/Imatge-febrer-2026-1024x683.jpg 1024w, https:\/\/agora.xtec.cat\/ceipsentfores\/wp-content\/uploads\/usu1701\/2026\/01\/Imatge-febrer-2026-768x512.jpg 768w\" sizes=\"auto, (max-width: 1536px) 100vw, 1536px\" \/><\/a>\n        <\/div>\n        <div class=\"wp-block-getwid-post-carousel__post-content-wrapper\">\n        <div class=\"wp-block-getwid-post-carousel__post-header\">\n            <h3 class=\"wp-block-getwid-post-carousel__post-title\"><a href=\"https:\/\/agora.xtec.cat\/ceipsentfores\/xarranca\/menus\/el-menu-del-mes-de-febrer\/\">El men\u00fa del mes de FEBRER<\/a><\/h3>        <\/div>\n        <div class=\"wp-block-getwid-post-carousel__post-excerpt\"><p>El dijous llarder, botifarra menjar\u00e9!\ud83e\udd73. Menjar b\u00e9, cr\u00e9ixer sans i gaudir a taula amb un toc de disbauxa! Bon profit i bon carnestoltes! \ud83c\udf7d\ufe0f\ud83c\udf89\u00a0 MEN\u00da<\/p>\n<\/div>\n    <\/div>\n<\/div>\n\n\t\t\t\t\t\t\t<\/div>\n\t\t\t\t\t\t\t\t\t\t\t\t\t<div class=\"wp-block-getwid-post-carousel__slide\">\n\t\t\t\t\t\t\t\t\n<div class=\"wp-block-getwid-post-carousel__post\">\n            <div class=\"wp-block-getwid-post-carousel__post-thumbnail\">\n            <a href=\"https:\/\/agora.xtec.cat\/ceipsentfores\/xarranca\/menus\/menu-sorpresa-27-de-gener\/\"><img loading=\"lazy\" decoding=\"async\" width=\"401\" height=\"602\" src=\"https:\/\/agora.xtec.cat\/ceipsentfores\/wp-content\/uploads\/usu1701\/2026\/01\/MENU-SORPRESA.jpg\" class=\"attachment-post-thumbnail size-post-thumbnail wp-post-image\" alt=\"\" srcset=\"https:\/\/agora.xtec.cat\/ceipsentfores\/wp-content\/uploads\/usu1701\/2026\/01\/MENU-SORPRESA.jpg 401w, https:\/\/agora.xtec.cat\/ceipsentfores\/wp-content\/uploads\/usu1701\/2026\/01\/MENU-SORPRESA-200x300.jpg 200w\" sizes=\"auto, (max-width: 401px) 100vw, 401px\" \/><\/a>\n        <\/div>\n        <div class=\"wp-block-getwid-post-carousel__post-content-wrapper\">\n        <div class=\"wp-block-getwid-post-carousel__post-header\">\n            <h3 class=\"wp-block-getwid-post-carousel__post-title\"><a href=\"https:\/\/agora.xtec.cat\/ceipsentfores\/xarranca\/menus\/menu-sorpresa-27-de-gener\/\">MEN\u00da SORPRESA &#8211; 27 de GENER<\/a><\/h3>        <\/div>\n        <div class=\"wp-block-getwid-post-carousel__post-excerpt\"><p>MEN\u00da SORPRESA &#8211; 27 de GENER El proper\u00a027 de gener\u00a0se celebrar\u00e0 el\u00a0men\u00fa sorpresa\u00a0al menjador de l\u2019escola. Avui, els alumnes, rebran una butlleta\u00a0on hauran de\u00a0triar entre tres opcions de primer plat, tres opcions de segon plat i tres opcions de postres, segons les seves prefer\u00e8ncies. Us animem a estar-ne pendents i a retornar la butlleta degudament [&hellip;]<\/p>\n<\/div>\n    <\/div>\n<\/div>\n\n\t\t\t\t\t\t\t<\/div>\n\t\t\t\t\t\t\t\t\t\t\t\t\t<div class=\"wp-block-getwid-post-carousel__slide\">\n\t\t\t\t\t\t\t\t\n<div class=\"wp-block-getwid-post-carousel__post\">\n            <div class=\"wp-block-getwid-post-carousel__post-thumbnail\">\n            <a href=\"https:\/\/agora.xtec.cat\/ceipsentfores\/xarranca\/menus\/menu-de-gener\/\"><img loading=\"lazy\" decoding=\"async\" width=\"627\" height=\"934\" src=\"https:\/\/agora.xtec.cat\/ceipsentfores\/wp-content\/uploads\/usu1701\/2025\/12\/gener-1.jpg\" class=\"attachment-post-thumbnail size-post-thumbnail wp-post-image\" alt=\"\" srcset=\"https:\/\/agora.xtec.cat\/ceipsentfores\/wp-content\/uploads\/usu1701\/2025\/12\/gener-1.jpg 627w, https:\/\/agora.xtec.cat\/ceipsentfores\/wp-content\/uploads\/usu1701\/2025\/12\/gener-1-201x300.jpg 201w\" sizes=\"auto, (max-width: 627px) 100vw, 627px\" \/><\/a>\n        <\/div>\n        <div class=\"wp-block-getwid-post-carousel__post-content-wrapper\">\n        <div class=\"wp-block-getwid-post-carousel__post-header\">\n            <h3 class=\"wp-block-getwid-post-carousel__post-title\"><a href=\"https:\/\/agora.xtec.cat\/ceipsentfores\/xarranca\/menus\/menu-de-gener\/\">Men\u00fa de gener!<\/a><\/h3>        <\/div>\n        <div class=\"wp-block-getwid-post-carousel__post-excerpt\"><p>Passat el ti\u00f3, els Reis i el torr\u00f3, mengem sa i amb il\u00b7lusi\u00f3. La Xarranca us desitja un bon any 2026!!<\/p>\n<\/div>\n    <\/div>\n<\/div>\n\n\t\t\t\t\t\t\t<\/div>\n\t\t\t\t\t\t\t\t\t\t\t\t\t<div class=\"wp-block-getwid-post-carousel__slide\">\n\t\t\t\t\t\t\t\t\n<div class=\"wp-block-getwid-post-carousel__post\">\n            <div class=\"wp-block-getwid-post-carousel__post-thumbnail\">\n            <a href=\"https:\/\/agora.xtec.cat\/ceipsentfores\/xarranca\/menus\/menu-de-desembre\/\"><img loading=\"lazy\" decoding=\"async\" width=\"928\" height=\"696\" src=\"https:\/\/agora.xtec.cat\/ceipsentfores\/wp-content\/uploads\/usu1701\/2025\/11\/Menu-desembre.png\" class=\"attachment-post-thumbnail size-post-thumbnail wp-post-image\" alt=\"\" srcset=\"https:\/\/agora.xtec.cat\/ceipsentfores\/wp-content\/uploads\/usu1701\/2025\/11\/Menu-desembre.png 928w, https:\/\/agora.xtec.cat\/ceipsentfores\/wp-content\/uploads\/usu1701\/2025\/11\/Menu-desembre-300x225.png 300w, https:\/\/agora.xtec.cat\/ceipsentfores\/wp-content\/uploads\/usu1701\/2025\/11\/Menu-desembre-768x576.png 768w, https:\/\/agora.xtec.cat\/ceipsentfores\/wp-content\/uploads\/usu1701\/2025\/11\/Menu-desembre-200x150.png 200w\" sizes=\"auto, (max-width: 928px) 100vw, 928px\" \/><\/a>\n        <\/div>\n        <div class=\"wp-block-getwid-post-carousel__post-content-wrapper\">\n        <div class=\"wp-block-getwid-post-carousel__post-header\">\n            <h3 class=\"wp-block-getwid-post-carousel__post-title\"><a href=\"https:\/\/agora.xtec.cat\/ceipsentfores\/xarranca\/menus\/menu-de-desembre\/\">Men\u00fa de desembre<\/a><\/h3>        <\/div>\n        <div class=\"wp-block-getwid-post-carousel__post-excerpt\"><p>\ud83c\udf84 Ja podeu consultar el men\u00fa! \ud83c\udf7d\ufe0f Men\u00fa del mes de desembre, l\u2019\u00faltim d\u2019aquest any! Un mes especial, amb propostes pensades per cuidar l\u2019alimentaci\u00f3 i acomiadar el 2025 amb bon gust. Doneu-hi un cop d\u2019ull i aix\u00ed sabreu que us espera al menjador!<\/p>\n<\/div>\n    <\/div>\n<\/div>\n\n\t\t\t\t\t\t\t<\/div>\n\t\t\t\t\t\t\t\t\t\t\t\t\t<div class=\"wp-block-getwid-post-carousel__slide\">\n\t\t\t\t\t\t\t\t\n<div class=\"wp-block-getwid-post-carousel__post\">\n            <div class=\"wp-block-getwid-post-carousel__post-thumbnail\">\n            <a href=\"https:\/\/agora.xtec.cat\/ceipsentfores\/xarranca\/menu-mes-de-novembre\/\"><img loading=\"lazy\" decoding=\"async\" width=\"637\" height=\"428\" src=\"https:\/\/agora.xtec.cat\/ceipsentfores\/wp-content\/uploads\/usu1701\/2025\/11\/Foto-novembre.jpg\" class=\"attachment-post-thumbnail size-post-thumbnail wp-post-image\" alt=\"\" srcset=\"https:\/\/agora.xtec.cat\/ceipsentfores\/wp-content\/uploads\/usu1701\/2025\/11\/Foto-novembre.jpg 637w, https:\/\/agora.xtec.cat\/ceipsentfores\/wp-content\/uploads\/usu1701\/2025\/11\/Foto-novembre-300x202.jpg 300w\" sizes=\"auto, (max-width: 637px) 100vw, 637px\" \/><\/a>\n        <\/div>\n        <div class=\"wp-block-getwid-post-carousel__post-content-wrapper\">\n        <div class=\"wp-block-getwid-post-carousel__post-header\">\n            <h3 class=\"wp-block-getwid-post-carousel__post-title\"><a href=\"https:\/\/agora.xtec.cat\/ceipsentfores\/xarranca\/menu-mes-de-novembre\/\">Men\u00fa mes de novembre<\/a><\/h3>        <\/div>\n        <div class=\"wp-block-getwid-post-carousel__post-excerpt\"><p>Aqu\u00ed trobareu el men\u00fa d&#8217;aquest mes de novembre. Men\u00fa novembre<\/p>\n<\/div>\n    <\/div>\n<\/div>\n\n\t\t\t\t\t\t\t<\/div>\n\t\t\t\t\t\t\t\t\t\t\t\t\t<div class=\"wp-block-getwid-post-carousel__slide\">\n\t\t\t\t\t\t\t\t\n<div class=\"wp-block-getwid-post-carousel__post\">\n            <div class=\"wp-block-getwid-post-carousel__post-thumbnail\">\n            <a href=\"https:\/\/agora.xtec.cat\/ceipsentfores\/xarranca\/menu-mes-doctubre-2\/\"><img loading=\"lazy\" decoding=\"async\" width=\"1280\" height=\"854\" src=\"https:\/\/agora.xtec.cat\/ceipsentfores\/wp-content\/uploads\/usu1701\/2025\/10\/apples-7465439_1280.jpg\" class=\"attachment-post-thumbnail size-post-thumbnail wp-post-image\" alt=\"\" srcset=\"https:\/\/agora.xtec.cat\/ceipsentfores\/wp-content\/uploads\/usu1701\/2025\/10\/apples-7465439_1280.jpg 1280w, https:\/\/agora.xtec.cat\/ceipsentfores\/wp-content\/uploads\/usu1701\/2025\/10\/apples-7465439_1280-300x200.jpg 300w, https:\/\/agora.xtec.cat\/ceipsentfores\/wp-content\/uploads\/usu1701\/2025\/10\/apples-7465439_1280-1024x683.jpg 1024w, https:\/\/agora.xtec.cat\/ceipsentfores\/wp-content\/uploads\/usu1701\/2025\/10\/apples-7465439_1280-768x512.jpg 768w\" sizes=\"auto, (max-width: 1280px) 100vw, 1280px\" \/><\/a>\n        <\/div>\n        <div class=\"wp-block-getwid-post-carousel__post-content-wrapper\">\n        <div class=\"wp-block-getwid-post-carousel__post-header\">\n            <h3 class=\"wp-block-getwid-post-carousel__post-title\"><a href=\"https:\/\/agora.xtec.cat\/ceipsentfores\/xarranca\/menu-mes-doctubre-2\/\">Men\u00fa mes d&#8217;octubre<\/a><\/h3>        <\/div>\n        <div class=\"wp-block-getwid-post-carousel__post-excerpt\"><p>Us deixem el men\u00fa d&#8217;aquest mes. MEN\u00da<\/p>\n<\/div>\n    <\/div>\n<\/div>\n\n\t\t\t\t\t\t\t<\/div>\n\t\t\t\t\t\t\t\t\t\t\t\t\t<div class=\"wp-block-getwid-post-carousel__slide\">\n\t\t\t\t\t\t\t\t\n<div class=\"wp-block-getwid-post-carousel__post\">\n            <div class=\"wp-block-getwid-post-carousel__post-thumbnail\">\n            <a href=\"https:\/\/agora.xtec.cat\/ceipsentfores\/xarranca\/menu-del-mes-de-setembre\/\"><img loading=\"lazy\" decoding=\"async\" width=\"1280\" height=\"689\" src=\"https:\/\/agora.xtec.cat\/ceipsentfores\/wp-content\/uploads\/usu1701\/2025\/09\/vegetables-573961_1280.jpg\" class=\"attachment-post-thumbnail size-post-thumbnail wp-post-image\" alt=\"\" srcset=\"https:\/\/agora.xtec.cat\/ceipsentfores\/wp-content\/uploads\/usu1701\/2025\/09\/vegetables-573961_1280.jpg 1280w, https:\/\/agora.xtec.cat\/ceipsentfores\/wp-content\/uploads\/usu1701\/2025\/09\/vegetables-573961_1280-300x161.jpg 300w, https:\/\/agora.xtec.cat\/ceipsentfores\/wp-content\/uploads\/usu1701\/2025\/09\/vegetables-573961_1280-1024x551.jpg 1024w, https:\/\/agora.xtec.cat\/ceipsentfores\/wp-content\/uploads\/usu1701\/2025\/09\/vegetables-573961_1280-768x413.jpg 768w\" sizes=\"auto, (max-width: 1280px) 100vw, 1280px\" \/><\/a>\n        <\/div>\n        <div class=\"wp-block-getwid-post-carousel__post-content-wrapper\">\n        <div class=\"wp-block-getwid-post-carousel__post-header\">\n            <h3 class=\"wp-block-getwid-post-carousel__post-title\"><a href=\"https:\/\/agora.xtec.cat\/ceipsentfores\/xarranca\/menu-del-mes-de-setembre\/\">Men\u00fa del mes de setembre<\/a><\/h3>        <\/div>\n        <div class=\"wp-block-getwid-post-carousel__post-excerpt\"><p>La Xarranca us dona la benvinguda al nou curs! Us deixem el men\u00fa del mes de setembre. MEN\u00da<\/p>\n<\/div>\n    <\/div>\n<\/div>\n\n\t\t\t\t\t\t\t<\/div>\n\t\t\t\t\t\t            <\/div>\n        <\/div>\n        ","protected":false},"excerpt":{"rendered":"<p>En aquest espai podreu consultar els men\u00fas mensuals del menjador escolar \ud83d\uddd3\ufe0f, dissenyats per oferir una alimentaci\u00f3 equilibrada, variada i adequada a les necessitats dels infants \ud83e\udd57\ud83c\udf7d\ufe0f A m\u00e9s dels \u00e0pats que es serveixen a l\u2019escola, cada men\u00fa inclou propostes de sopar \ud83c\udf19 pensades per complementar l\u2019alimentaci\u00f3 di\u00e0ria, afavorint aix\u00ed uns h\u00e0bits saludables i una [&hellip;]<\/p>\n","protected":false},"author":11,"featured_media":0,"parent":6875,"menu_order":3,"comment_status":"closed","ping_status":"close","template":"","meta":{"_bbp_topic_count":0,"_bbp_reply_count":0,"_bbp_total_topic_count":0,"_bbp_total_reply_count":0,"_bbp_voice_count":0,"_bbp_anonymous_reply_count":0,"_bbp_topic_count_hidden":0,"_bbp_reply_count_hidden":0,"_bbp_forum_subforum_count":0,"site-sidebar-layout":"default","site-content-layout":"","ast-site-content-layout":"default","site-content-style":"default","site-sidebar-style":"default","ast-global-header-display":"","ast-banner-title-visibility":"","ast-main-header-display":"","ast-hfb-above-header-display":"","ast-hfb-below-header-display":"","ast-hfb-mobile-header-display":"","site-post-title":"","ast-breadcrumbs-content":"","ast-featured-img":"","footer-sml-layout":"","theme-transparent-header-meta":"","adv-header-id-meta":"","stick-header-meta":"","header-above-stick-meta":"","header-main-stick-meta":"","header-below-stick-meta":"","astra-migrate-meta-layouts":"set","ast-page-background-enabled":"default","ast-page-background-meta":{"desktop":{"background-color":"var(--ast-global-color-4)","background-image":"","background-repeat":"repeat","background-position":"center center","background-size":"auto","background-attachment":"scroll","background-type":"","background-media":"","overlay-type":"","overlay-color":"","overlay-opacity":"","overlay-gradient":""},"tablet":{"background-color":"","background-image":"","background-repeat":"repeat","background-position":"center center","background-size":"auto","background-attachment":"scroll","background-type":"","background-media":"","overlay-type":"","overlay-color":"","overlay-opacity":"","overlay-gradient":""},"mobile":{"background-color":"","background-image":"","background-repeat":"repeat","background-position":"center center","background-size":"auto","background-attachment":"scroll","background-type":"","background-media":"","overlay-type":"","overlay-color":"","overlay-opacity":"","overlay-gradient":""}},"ast-content-background-meta":{"desktop":{"background-color":"var(--ast-global-color-5)","background-image":"","background-repeat":"repeat","background-position":"center center","background-size":"auto","background-attachment":"scroll","background-type":"","background-media":"","overlay-type":"","overlay-color":"","overlay-opacity":"","overlay-gradient":""},"tablet":{"background-color":"var(--ast-global-color-5)","background-image":"","background-repeat":"repeat","background-position":"center center","background-size":"auto","background-attachment":"scroll","background-type":"","background-media":"","overlay-type":"","overlay-color":"","overlay-opacity":"","overlay-gradient":""},"mobile":{"background-color":"var(--ast-global-color-5)","background-image":"","background-repeat":"repeat","background-position":"center center","background-size":"auto","background-attachment":"scroll","background-type":"","background-media":"","overlay-type":"","overlay-color":"","overlay-opacity":"","overlay-gradient":""}},"footnotes":""},"class_list":["post-6890","page","type-page","status-publish","hentry"],"post_mailing_queue_ids":[],"_links":{"self":[{"href":"https:\/\/agora.xtec.cat\/ceipsentfores\/wp-json\/wp\/v2\/pages\/6890","targetHints":{"allow":["GET"]}}],"collection":[{"href":"https:\/\/agora.xtec.cat\/ceipsentfores\/wp-json\/wp\/v2\/pages"}],"about":[{"href":"https:\/\/agora.xtec.cat\/ceipsentfores\/wp-json\/wp\/v2\/types\/page"}],"author":[{"embeddable":true,"href":"https:\/\/agora.xtec.cat\/ceipsentfores\/wp-json\/wp\/v2\/users\/11"}],"replies":[{"embeddable":true,"href":"https:\/\/agora.xtec.cat\/ceipsentfores\/wp-json\/wp\/v2\/comments?post=6890"}],"version-history":[{"count":4,"href":"https:\/\/agora.xtec.cat\/ceipsentfores\/wp-json\/wp\/v2\/pages\/6890\/revisions"}],"predecessor-version":[{"id":6895,"href":"https:\/\/agora.xtec.cat\/ceipsentfores\/wp-json\/wp\/v2\/pages\/6890\/revisions\/6895"}],"up":[{"embeddable":true,"href":"https:\/\/agora.xtec.cat\/ceipsentfores\/wp-json\/wp\/v2\/pages\/6875"}],"wp:attachment":[{"href":"https:\/\/agora.xtec.cat\/ceipsentfores\/wp-json\/wp\/v2\/media?parent=6890"}],"curies":[{"name":"wp","href":"https:\/\/api.w.org\/{rel}","templated":true}]}}