{"id":6870,"date":"2026-04-05T07:55:22","date_gmt":"2026-04-05T05:55:22","guid":{"rendered":"https:\/\/agora.xtec.cat\/ceipsentfores\/?page_id=6870"},"modified":"2026-04-05T07:55:23","modified_gmt":"2026-04-05T05:55:23","slug":"secretaria","status":"publish","type":"page","link":"https:\/\/agora.xtec.cat\/ceipsentfores\/secretaria\/","title":{"rendered":"Secretaria"},"content":{"rendered":"\n<div class=\"wp-block-media-text is-stacked-on-mobile\" style=\"grid-template-columns:36% auto\"><figure class=\"wp-block-media-text__media\"><img loading=\"lazy\" decoding=\"async\" width=\"626\" height=\"467\" src=\"https:\/\/agora.xtec.cat\/ceipsentfores\/wp-content\/uploads\/usu1701\/2026\/04\/Captura-de-pantalla-2026-04-05-075411.png\" alt=\"\" class=\"wp-image-6872 size-full\" srcset=\"https:\/\/agora.xtec.cat\/ceipsentfores\/wp-content\/uploads\/usu1701\/2026\/04\/Captura-de-pantalla-2026-04-05-075411.png 626w, https:\/\/agora.xtec.cat\/ceipsentfores\/wp-content\/uploads\/usu1701\/2026\/04\/Captura-de-pantalla-2026-04-05-075411-300x224.png 300w\" sizes=\"auto, (max-width: 626px) 100vw, 626px\" \/><\/figure><div class=\"wp-block-media-text__content\">\n<p>A l\u2019apartat de <strong>Secretaria<\/strong> hi trobareu tota la informaci\u00f3 necess\u00e0ria per a la gesti\u00f3 administrativa de l\u2019escola. Hi podreu consultar els processos de <strong>preinscripci\u00f3 i matr\u00edcula<\/strong>, aix\u00ed com els terminis i la documentaci\u00f3 requerida. Tamb\u00e9 hi ha informaci\u00f3 sobre les <strong>quotes de material<\/strong>, la compra de <strong>llibres escolars<\/strong> i les diferents <strong>autoritzacions<\/strong> que cal presentar al llarg del curs. A m\u00e9s, s\u2019hi inclou el <strong>calendari lectiu<\/strong> actualitzat i altres avisos importants per a les fam\u00edlies, amb l\u2019objectiu de facilitar-vos tots els tr\u00e0mits i mantenir-vos informats en tot moment.<\/p>\n<\/div><\/div>\n","protected":false},"excerpt":{"rendered":"<p>A l\u2019apartat de Secretaria hi trobareu tota la informaci\u00f3 necess\u00e0ria per a la gesti\u00f3 administrativa de l\u2019escola. Hi podreu consultar els processos de preinscripci\u00f3 i matr\u00edcula, aix\u00ed com els terminis i la documentaci\u00f3 requerida. Tamb\u00e9 hi ha informaci\u00f3 sobre les quotes de material, la compra de llibres escolars i les diferents autoritzacions que cal presentar [&hellip;]<\/p>\n","protected":false},"author":11,"featured_media":0,"parent":0,"menu_order":0,"comment_status":"closed","ping_status":"close","template":"","meta":{"_bbp_topic_count":0,"_bbp_reply_count":0,"_bbp_total_topic_count":0,"_bbp_total_reply_count":0,"_bbp_voice_count":0,"_bbp_anonymous_reply_count":0,"_bbp_topic_count_hidden":0,"_bbp_reply_count_hidden":0,"_bbp_forum_subforum_count":0,"site-sidebar-layout":"default","site-content-layout":"","ast-site-content-layout":"default","site-content-style":"default","site-sidebar-style":"default","ast-global-header-display":"","ast-banner-title-visibility":"","ast-main-header-display":"","ast-hfb-above-header-display":"","ast-hfb-below-header-display":"","ast-hfb-mobile-header-display":"","site-post-title":"","ast-breadcrumbs-content":"","ast-featured-img":"","footer-sml-layout":"","theme-transparent-header-meta":"","adv-header-id-meta":"","stick-header-meta":"","header-above-stick-meta":"","header-main-stick-meta":"","header-below-stick-meta":"","astra-migrate-meta-layouts":"set","ast-page-background-enabled":"default","ast-page-background-meta":{"desktop":{"background-color":"var(--ast-global-color-4)","background-image":"","background-repeat":"repeat","background-position":"center center","background-size":"auto","background-attachment":"scroll","background-type":"","background-media":"","overlay-type":"","overlay-color":"","overlay-opacity":"","overlay-gradient":""},"tablet":{"background-color":"","background-image":"","background-repeat":"repeat","background-position":"center center","background-size":"auto","background-attachment":"scroll","background-type":"","background-media":"","overlay-type":"","overlay-color":"","overlay-opacity":"","overlay-gradient":""},"mobile":{"background-color":"","background-image":"","background-repeat":"repeat","background-position":"center center","background-size":"auto","background-attachment":"scroll","background-type":"","background-media":"","overlay-type":"","overlay-color":"","overlay-opacity":"","overlay-gradient":""}},"ast-content-background-meta":{"desktop":{"background-color":"var(--ast-global-color-5)","background-image":"","background-repeat":"repeat","background-position":"center center","background-size":"auto","background-attachment":"scroll","background-type":"","background-media":"","overlay-type":"","overlay-color":"","overlay-opacity":"","overlay-gradient":""},"tablet":{"background-color":"var(--ast-global-color-5)","background-image":"","background-repeat":"repeat","background-position":"center center","background-size":"auto","background-attachment":"scroll","background-type":"","background-media":"","overlay-type":"","overlay-color":"","overlay-opacity":"","overlay-gradient":""},"mobile":{"background-color":"var(--ast-global-color-5)","background-image":"","background-repeat":"repeat","background-position":"center center","background-size":"auto","background-attachment":"scroll","background-type":"","background-media":"","overlay-type":"","overlay-color":"","overlay-opacity":"","overlay-gradient":""}},"footnotes":""},"class_list":["post-6870","page","type-page","status-publish","hentry"],"post_mailing_queue_ids":[],"_links":{"self":[{"href":"https:\/\/agora.xtec.cat\/ceipsentfores\/wp-json\/wp\/v2\/pages\/6870","targetHints":{"allow":["GET"]}}],"collection":[{"href":"https:\/\/agora.xtec.cat\/ceipsentfores\/wp-json\/wp\/v2\/pages"}],"about":[{"href":"https:\/\/agora.xtec.cat\/ceipsentfores\/wp-json\/wp\/v2\/types\/page"}],"author":[{"embeddable":true,"href":"https:\/\/agora.xtec.cat\/ceipsentfores\/wp-json\/wp\/v2\/users\/11"}],"replies":[{"embeddable":true,"href":"https:\/\/agora.xtec.cat\/ceipsentfores\/wp-json\/wp\/v2\/comments?post=6870"}],"version-history":[{"count":1,"href":"https:\/\/agora.xtec.cat\/ceipsentfores\/wp-json\/wp\/v2\/pages\/6870\/revisions"}],"predecessor-version":[{"id":6873,"href":"https:\/\/agora.xtec.cat\/ceipsentfores\/wp-json\/wp\/v2\/pages\/6870\/revisions\/6873"}],"wp:attachment":[{"href":"https:\/\/agora.xtec.cat\/ceipsentfores\/wp-json\/wp\/v2\/media?parent=6870"}],"curies":[{"name":"wp","href":"https:\/\/api.w.org\/{rel}","templated":true}]}}