{"id":651,"date":"2017-11-21T14:00:59","date_gmt":"2017-11-21T13:00:59","guid":{"rendered":"http:\/\/agora.xtec.cat\/ceipsentfores\/?page_id=651"},"modified":"2026-03-13T14:22:55","modified_gmt":"2026-03-13T13:22:55","slug":"claustre-de-mestres","status":"publish","type":"page","link":"https:\/\/agora.xtec.cat\/ceipsentfores\/lescola\/claustre-de-mestres\/","title":{"rendered":"Claustre de mestres 2025-26"},"content":{"rendered":"<h4><a name=\"_Toc432664463\"><\/a><span lang=\"CA\">RELACI\u00d3 PROFESSORAT<\/span><\/h4>\n<h4><span lang=\"CA\">suport socioeducatiu\/ administraci\u00f3<\/span><\/h4>\n<table style=\"width: 761px;\">\n<tbody>\n<tr>\n<td style=\"width: 308px;\"><strong>Educaci\u00f3 Infantil <\/strong><\/td>\n<td style=\"width: 445px;\">Tutora I3: S\u00edlvia T.\/Sheila T.\u00a0 TEI: <span data-sheets-value=\"{&quot;1&quot;:2,&quot;2&quot;:&quot;Annabel Gonz\u00e1lez Garrido&quot;}\" data-sheets-userformat=\"{&quot;2&quot;:15229,&quot;3&quot;:{&quot;1&quot;:0},&quot;5&quot;:{&quot;1&quot;:[{&quot;1&quot;:2,&quot;2&quot;:0,&quot;5&quot;:{&quot;1&quot;:2,&quot;2&quot;:0}},{&quot;1&quot;:0,&quot;2&quot;:0,&quot;3&quot;:3},{&quot;1&quot;:1,&quot;2&quot;:0,&quot;4&quot;:1}]},&quot;6&quot;:{&quot;1&quot;:[{&quot;1&quot;:2,&quot;2&quot;:0,&quot;5&quot;:{&quot;1&quot;:2,&quot;2&quot;:0}},{&quot;1&quot;:0,&quot;2&quot;:0,&quot;3&quot;:3},{&quot;1&quot;:1,&quot;2&quot;:0,&quot;4&quot;:1}]},&quot;7&quot;:{&quot;1&quot;:[{&quot;1&quot;:2,&quot;2&quot;:0,&quot;5&quot;:{&quot;1&quot;:2,&quot;2&quot;:0}},{&quot;1&quot;:0,&quot;2&quot;:0,&quot;3&quot;:3},{&quot;1&quot;:1,&quot;2&quot;:0,&quot;4&quot;:1}]},&quot;8&quot;:{&quot;1&quot;:[{&quot;1&quot;:2,&quot;2&quot;:0,&quot;5&quot;:{&quot;1&quot;:2,&quot;2&quot;:0}},{&quot;1&quot;:0,&quot;2&quot;:0,&quot;3&quot;:3},{&quot;1&quot;:1,&quot;2&quot;:0,&quot;4&quot;:1}]},&quot;9&quot;:0,&quot;11&quot;:4,&quot;12&quot;:0,&quot;14&quot;:{&quot;1&quot;:2,&quot;2&quot;:0},&quot;15&quot;:&quot;Arial&quot;,&quot;16&quot;:11}\">Annabel G.\/Anna T.<\/span><\/p>\n<p>Tutora I4: \u00c0ngels C. <span data-sheets-value=\"{&quot;1&quot;:2,&quot;2&quot;:&quot;Eva Soler Valls&quot;}\" data-sheets-userformat=\"{&quot;2&quot;:15231,&quot;3&quot;:{&quot;1&quot;:0},&quot;4&quot;:{&quot;1&quot;:2,&quot;2&quot;:11982760},&quot;5&quot;:{&quot;1&quot;:[{&quot;1&quot;:2,&quot;2&quot;:0,&quot;5&quot;:{&quot;1&quot;:2,&quot;2&quot;:0}},{&quot;1&quot;:0,&quot;2&quot;:0,&quot;3&quot;:3},{&quot;1&quot;:1,&quot;2&quot;:0,&quot;4&quot;:1}]},&quot;6&quot;:{&quot;1&quot;:[{&quot;1&quot;:2,&quot;2&quot;:0,&quot;5&quot;:{&quot;1&quot;:2,&quot;2&quot;:0}},{&quot;1&quot;:0,&quot;2&quot;:0,&quot;3&quot;:3},{&quot;1&quot;:1,&quot;2&quot;:0,&quot;4&quot;:1}]},&quot;7&quot;:{&quot;1&quot;:[{&quot;1&quot;:2,&quot;2&quot;:0,&quot;5&quot;:{&quot;1&quot;:2,&quot;2&quot;:0}},{&quot;1&quot;:0,&quot;2&quot;:0,&quot;3&quot;:3},{&quot;1&quot;:1,&quot;2&quot;:0,&quot;4&quot;:1}]},&quot;8&quot;:{&quot;1&quot;:[{&quot;1&quot;:2,&quot;2&quot;:0,&quot;5&quot;:{&quot;1&quot;:2,&quot;2&quot;:0}},{&quot;1&quot;:0,&quot;2&quot;:0,&quot;3&quot;:3},{&quot;1&quot;:1,&quot;2&quot;:0,&quot;4&quot;:1}]},&quot;9&quot;:0,&quot;11&quot;:4,&quot;12&quot;:0,&quot;14&quot;:{&quot;1&quot;:2,&quot;2&quot;:0},&quot;15&quot;:&quot;Arial&quot;,&quot;16&quot;:11}\">\u00a0<\/span><\/p>\n<p>Tutora I5: Deli R.<\/p>\n<p>Suport EI: Dani H.<\/td>\n<\/tr>\n<tr>\n<td style=\"width: 308px;\"><strong>Educaci\u00f3 Prim\u00e0ria<\/strong><strong>\u00a0<\/strong><\/td>\n<td style=\"width: 445px;\">Tutora 1r: Gemma A.\/Anna C.<\/p>\n<p>Tutora 2n: Ariadna F.\/Bet B.<\/p>\n<p>Tutora 3r: Miracle G.<\/p>\n<p>Tutor 4t :\u00a0 Xevi R.<\/p>\n<p>Tutora 5\u00e8: Marta M.<\/p>\n<p>Tutora 6\u00e8 A: Anna S.\/Elisabet B.<\/p>\n<p>Tutora 6\u00e8 B: Irene H.<\/p>\n<p>Aula d&#8217;acollida: Salvador B.<\/td>\n<\/tr>\n<tr>\n<td style=\"width: 308px;\"><strong>Especialista Llengua Anglesa <\/strong><\/td>\n<td style=\"width: 445px;\">Anna C. (Educaci\u00f3 Infantil i Cicle Inicial)<\/p>\n<p>Raquel C. (Cicle Mitj\u00e0 i Cicle Superior)<\/td>\n<\/tr>\n<tr>\n<td style=\"width: 308px;\"><strong>Especialista Ed. Musical <\/strong><\/td>\n<td style=\"width: 445px;\">Elena M. (I3, I4 i I5)<\/p>\n<p>N\u00faria D. (Prim\u00e0ria)<\/td>\n<\/tr>\n<tr>\n<td style=\"width: 308px;\"><strong>Especialista Ed. Especial <\/strong><\/td>\n<td style=\"width: 445px;\">Ester T. (Educaci\u00f3 Infantil i Cicle Inicial)<\/p>\n<p>Jordina R. (Cicle Mitj\u00e0 i Cicle Superior)<\/td>\n<\/tr>\n<tr>\n<td style=\"width: 308px;\"><strong>Especialista Ed. F\u00edsica <\/strong><\/td>\n<td style=\"width: 445px;\">Dani H. (Educaci\u00f3 Infantil i Cicle Inicial)<\/p>\n<p>Raquel C. (Cicle Mitj\u00e0 i Cicle Superior)<\/td>\n<\/tr>\n<tr>\n<td style=\"width: 308px;\"><strong>Psicopedagoga EAP <\/strong><\/td>\n<td style=\"width: 445px;\">N\u00faria M.<\/td>\n<\/tr>\n<tr>\n<td style=\"width: 308px;\"><strong>Auxiliars Educaci\u00f3 Especial\u00a0<\/strong><strong style=\"font-family: inherit; font-size: 1em;\">(Vetlladores)<\/strong><\/td>\n<td style=\"width: 445px;\">Cristina J.<\/td>\n<\/tr>\n<tr>\n<td style=\"width: 308px;\"><strong>Personal Administraci\u00f3 i Serveis<\/strong><\/td>\n<td style=\"width: 445px;\">Ana\u00efs P.<\/p>\n<p>Salih B.<\/td>\n<\/tr>\n<\/tbody>\n<\/table>\n<h1><span lang=\"CA\">C\u00c0RRECS UNIPERSONALS I DE GESTI\u00d3<\/span><\/h1>\n<table style=\"height: 191px;\" width=\"578\">\n<tbody>\n<tr style=\"height: 31px;\">\n<td style=\"height: 31px; width: 284px;\"><strong>Directora<\/strong><\/td>\n<td style=\"height: 31px; width: 286px;\">Elena M.<\/td>\n<\/tr>\n<tr style=\"height: 31px;\">\n<td style=\"height: 31px; width: 284px;\"><strong>Secret\u00e0ria<\/strong><\/td>\n<td style=\"height: 31px; width: 286px;\">Gemma F.<\/td>\n<\/tr>\n<tr style=\"height: 31px;\">\n<td style=\"height: 31px; width: 284px;\"><strong>Cap d\u2019Estudis<\/strong><\/td>\n<td style=\"height: 31px; width: 286px;\">Ester T.<\/td>\n<\/tr>\n<tr style=\"height: 56px;\">\n<td style=\"height: 36px; width: 284px;\"><strong>Coordinadora TAC<\/strong><\/td>\n<td style=\"height: 36px; width: 286px;\">Anna S.<\/td>\n<\/tr>\n<tr style=\"height: 31px;\">\n<td style=\"height: 31px; width: 284px;\"><strong>Riscos Laborals<\/strong><\/td>\n<td style=\"height: 31px; width: 286px;\">Dani H.<\/td>\n<\/tr>\n<tr style=\"height: 31px;\">\n<td style=\"height: 31px; width: 284px;\"><strong>Pla Catal\u00e0 Esport a l\u2019Escola<\/strong><\/td>\n<td style=\"height: 31px; width: 286px;\">Raquel C.<\/td>\n<\/tr>\n<\/tbody>\n<\/table>\n","protected":false},"excerpt":{"rendered":"<p>RELACI\u00d3 PROFESSORAT suport socioeducatiu\/ administraci\u00f3 Educaci\u00f3 Infantil Tutora I3: S\u00edlvia T.\/Sheila T.\u00a0 TEI: Annabel G.\/Anna T. Tutora I4: \u00c0ngels C. \u00a0 Tutora I5: Deli R. Suport EI: Dani H. Educaci\u00f3 Prim\u00e0ria\u00a0 Tutora 1r: Gemma A.\/Anna C. Tutora 2n: Ariadna F.\/Bet B. Tutora 3r: Miracle G. Tutor 4t :\u00a0 Xevi R. Tutora 5\u00e8: Marta M. Tutora [&hellip;]<\/p>\n","protected":false},"author":1,"featured_media":0,"parent":22,"menu_order":5,"comment_status":"closed","ping_status":"closed","template":"","meta":{"_bbp_topic_count":0,"_bbp_reply_count":0,"_bbp_total_topic_count":0,"_bbp_total_reply_count":0,"_bbp_voice_count":0,"_bbp_anonymous_reply_count":0,"_bbp_topic_count_hidden":0,"_bbp_reply_count_hidden":0,"_bbp_forum_subforum_count":0,"site-sidebar-layout":"default","site-content-layout":"","ast-site-content-layout":"default","site-content-style":"default","site-sidebar-style":"default","ast-global-header-display":"","ast-banner-title-visibility":"","ast-main-header-display":"","ast-hfb-above-header-display":"","ast-hfb-below-header-display":"","ast-hfb-mobile-header-display":"","site-post-title":"","ast-breadcrumbs-content":"","ast-featured-img":"","footer-sml-layout":"","theme-transparent-header-meta":"","adv-header-id-meta":"","stick-header-meta":"","header-above-stick-meta":"","header-main-stick-meta":"","header-below-stick-meta":"","astra-migrate-meta-layouts":"set","ast-page-background-enabled":"default","ast-page-background-meta":{"desktop":{"background-color":"var(--ast-global-color-4)","background-image":"","background-repeat":"repeat","background-position":"center center","background-size":"auto","background-attachment":"scroll","background-type":"","background-media":"","overlay-type":"","overlay-color":"","overlay-opacity":"","overlay-gradient":""},"tablet":{"background-color":"","background-image":"","background-repeat":"repeat","background-position":"center center","background-size":"auto","background-attachment":"scroll","background-type":"","background-media":"","overlay-type":"","overlay-color":"","overlay-opacity":"","overlay-gradient":""},"mobile":{"background-color":"","background-image":"","background-repeat":"repeat","background-position":"center center","background-size":"auto","background-attachment":"scroll","background-type":"","background-media":"","overlay-type":"","overlay-color":"","overlay-opacity":"","overlay-gradient":""}},"ast-content-background-meta":{"desktop":{"background-color":"var(--ast-global-color-5)","background-image":"","background-repeat":"repeat","background-position":"center center","background-size":"auto","background-attachment":"scroll","background-type":"","background-media":"","overlay-type":"","overlay-color":"","overlay-opacity":"","overlay-gradient":""},"tablet":{"background-color":"var(--ast-global-color-5)","background-image":"","background-repeat":"repeat","background-position":"center center","background-size":"auto","background-attachment":"scroll","background-type":"","background-media":"","overlay-type":"","overlay-color":"","overlay-opacity":"","overlay-gradient":""},"mobile":{"background-color":"var(--ast-global-color-5)","background-image":"","background-repeat":"repeat","background-position":"center center","background-size":"auto","background-attachment":"scroll","background-type":"","background-media":"","overlay-type":"","overlay-color":"","overlay-opacity":"","overlay-gradient":""}},"footnotes":""},"class_list":["post-651","page","type-page","status-publish","hentry"],"post_mailing_queue_ids":[],"_links":{"self":[{"href":"https:\/\/agora.xtec.cat\/ceipsentfores\/wp-json\/wp\/v2\/pages\/651","targetHints":{"allow":["GET"]}}],"collection":[{"href":"https:\/\/agora.xtec.cat\/ceipsentfores\/wp-json\/wp\/v2\/pages"}],"about":[{"href":"https:\/\/agora.xtec.cat\/ceipsentfores\/wp-json\/wp\/v2\/types\/page"}],"author":[{"embeddable":true,"href":"https:\/\/agora.xtec.cat\/ceipsentfores\/wp-json\/wp\/v2\/users\/1"}],"replies":[{"embeddable":true,"href":"https:\/\/agora.xtec.cat\/ceipsentfores\/wp-json\/wp\/v2\/comments?post=651"}],"version-history":[{"count":6,"href":"https:\/\/agora.xtec.cat\/ceipsentfores\/wp-json\/wp\/v2\/pages\/651\/revisions"}],"predecessor-version":[{"id":6394,"href":"https:\/\/agora.xtec.cat\/ceipsentfores\/wp-json\/wp\/v2\/pages\/651\/revisions\/6394"}],"up":[{"embeddable":true,"href":"https:\/\/agora.xtec.cat\/ceipsentfores\/wp-json\/wp\/v2\/pages\/22"}],"wp:attachment":[{"href":"https:\/\/agora.xtec.cat\/ceipsentfores\/wp-json\/wp\/v2\/media?parent=651"}],"curies":[{"name":"wp","href":"https:\/\/api.w.org\/{rel}","templated":true}]}}