{"id":630,"date":"2017-11-20T10:47:46","date_gmt":"2017-11-20T09:47:46","guid":{"rendered":"http:\/\/agora.xtec.cat\/ceipsentfores\/?page_id=630"},"modified":"2019-03-21T21:16:59","modified_gmt":"2019-03-21T20:16:59","slug":"qui-som","status":"publish","type":"page","link":"https:\/\/agora.xtec.cat\/ceipsentfores\/qui-som\/","title":{"rendered":"Qui som?"},"content":{"rendered":"<p>L\u2019AMPA \u00e9s l\u2019entitat sense afany de lucre que agrupa les fam\u00edlies de la nostra escola. Ens permet, com a pares i mares de la comunitat educativa administrar i gestionar els recursos que tots plegats aportem, intentant oferir els serveis m\u00e9s adients a les circumst\u00e0ncies i necessitats de cada moment.<\/p>\n<p>Les persones que constitueixen la Junta de l\u2019AMPA s\u00f3n:<\/p>\n<p>President: Xevi Mas<br \/>\nVicepresident:\u00a0 Cristina Seguranyes<br \/>\nSecretaria: Anna M\u00aa Busquets<br \/>\nTresorera:\u00a0 N\u00faria Sol\u00e0<br \/>\nVocals Comissi\u00f3 Menjador:\u00a0 Cristina Seguranyes \/ Irene Moncunill<br \/>\nVocals Comissi\u00f3 Transport:\u00a0 Sonia Lopez \/ Aurora Pera<br \/>\nVocals Comissi\u00f3 Llibre Social:\u00a0 Marta Arrebola \/ Juli Roma<br \/>\nVocals Comissi\u00f3 de Festes:\u00a0 Juli Roma \/ Marc Fauchs<br \/>\nVocals Comissi\u00f3 Comunicaci\u00f3:\u00a0 Anna M\u00aa Busquets \/ Xevi Mas<br \/>\nVocals Comissi\u00f3 Extraescolars \/Esports:\u00a0 Anna M\u00aa Busquets \/ Marc Fa\u00fcchs<br \/>\nVocals Comissi\u00f3 de Loteria: Anna M\u00aa Busquets<br \/>\nVocals Comissi\u00f3 Econ\u00f2mica i subvencions: N\u00faria Sol\u00e0 \/ Aurora Pera<\/p>\n<p>L\u2019AMPA s\u2019organitza mitjan\u00e7ant la figura del \u201cdelegat de curs\u201d, l\u2019objectiu del qual \u00e9s establir un pont entre la Junta de l\u2019AMPA i la resta de fam\u00edlies de l\u2019escola.<\/p>\n<p>A continuaci\u00f3 us detallem els pares\/mares delegats d\u2019enguany:<\/p>\n<table class=\" aligncenter\" style=\"height: 299px;\" width=\"197\">\n<tbody>\n<tr>\n<td style=\"width: 191px;\">P-3 Maria Coma<\/td>\n<\/tr>\n<tr>\n<td style=\"width: 191px;\">P-4 Cristina Seguranyes<\/td>\n<\/tr>\n<tr>\n<td style=\"width: 191px;\">P-5 Juli Roma<\/td>\n<\/tr>\n<tr>\n<td style=\"width: 191px;\">1r Anna M\u00aa Busquets<\/td>\n<\/tr>\n<tr>\n<td style=\"width: 191px;\">2n Barbara Ylla<\/td>\n<\/tr>\n<tr>\n<td style=\"width: 191px;\">3r N\u00faria Vila<\/td>\n<\/tr>\n<tr>\n<td style=\"width: 191px;\">4t Marta Arrebola<\/td>\n<\/tr>\n<tr>\n<td style=\"width: 191px;\">5\u00e8 Marta Arrebola<\/td>\n<\/tr>\n<tr>\n<td style=\"width: 191px; text-align: left;\">6\u00e8. Aurora Pera<\/td>\n<\/tr>\n<\/tbody>\n<\/table>\n<p>&nbsp;<\/p>\n<p style=\"text-align: left;\">Si voleu contactar amb nosaltres per a fer-nos arribar els vostres comentaris, suggeriments, dubtes o reclamacions, podeu utilitzar qualsevol d\u2019aquests canals:<br \/>\n1. deixar el vostre missatge a la b\u00fastia de l\u2019AMPA situada al final de la rampa, davant de la porta d\u2019acc\u00e9s principal a l\u2019escola.<br \/>\n2. assistir a les reunions de la Junta.<br \/>\n3. per correu electr\u00f2nic:<a href=\"mailto:ampa.sentfores@gmail.com\">\u00a0ampa.sentfores@gmail.com<\/a><br \/>\n4. mitjan\u00e7ant el vostre delegat de curs.<\/p>\n<p style=\"text-align: left;\">Les reunions de Junta s\u00f3n el primer dimecres de cada mes, a partir de les 21:00h, i s\u00f3n obertes a tothom. Nom\u00e9s demanem que, en el cas que un pare o mare vulgui assistir-hi, avisi algun membre de la Junta amb uns dies d\u2019antelaci\u00f3. El motiu \u00e9s poder incloure en l\u2019ordre del dia el tema a tractar i confirmar que no s&#8217;hagi produ\u00eft variaci\u00f3 en el dia\/hora de la reuni\u00f3.<\/p>\n<p style=\"text-align: left;\">I recordeu que a l\u2019AMPA hi ha lloc per a tots i totes, que com m\u00e9s siguem, m\u00e9s aportacions i serveis podrem oferir.<\/p>\n","protected":false},"excerpt":{"rendered":"<p>L\u2019AMPA \u00e9s l\u2019entitat sense afany de lucre que agrupa les fam\u00edlies de la nostra escola. Ens permet, com a pares i mares de la comunitat educativa administrar i gestionar els recursos que tots plegats aportem, intentant oferir els serveis m\u00e9s adients a les circumst\u00e0ncies i necessitats de cada moment. Les persones que constitueixen la Junta [&hellip;]<\/p>\n","protected":false},"author":1,"featured_media":0,"parent":0,"menu_order":0,"comment_status":"closed","ping_status":"closed","template":"page-templates\/side-menu.php","meta":{"_bbp_topic_count":0,"_bbp_reply_count":0,"_bbp_total_topic_count":0,"_bbp_total_reply_count":0,"_bbp_voice_count":0,"_bbp_anonymous_reply_count":0,"_bbp_topic_count_hidden":0,"_bbp_reply_count_hidden":0,"_bbp_forum_subforum_count":0,"site-sidebar-layout":"default","site-content-layout":"","ast-site-content-layout":"","site-content-style":"default","site-sidebar-style":"default","ast-global-header-display":"","ast-banner-title-visibility":"","ast-main-header-display":"","ast-hfb-above-header-display":"","ast-hfb-below-header-display":"","ast-hfb-mobile-header-display":"","site-post-title":"","ast-breadcrumbs-content":"","ast-featured-img":"","footer-sml-layout":"","theme-transparent-header-meta":"","adv-header-id-meta":"","stick-header-meta":"","header-above-stick-meta":"","header-main-stick-meta":"","header-below-stick-meta":"","astra-migrate-meta-layouts":"default","ast-page-background-enabled":"default","ast-page-background-meta":{"desktop":{"background-color":"var(--ast-global-color-4)","background-image":"","background-repeat":"repeat","background-position":"center center","background-size":"auto","background-attachment":"scroll","background-type":"","background-media":"","overlay-type":"","overlay-color":"","overlay-opacity":"","overlay-gradient":""},"tablet":{"background-color":"","background-image":"","background-repeat":"repeat","background-position":"center center","background-size":"auto","background-attachment":"scroll","background-type":"","background-media":"","overlay-type":"","overlay-color":"","overlay-opacity":"","overlay-gradient":""},"mobile":{"background-color":"","background-image":"","background-repeat":"repeat","background-position":"center center","background-size":"auto","background-attachment":"scroll","background-type":"","background-media":"","overlay-type":"","overlay-color":"","overlay-opacity":"","overlay-gradient":""}},"ast-content-background-meta":{"desktop":{"background-color":"var(--ast-global-color-5)","background-image":"","background-repeat":"repeat","background-position":"center center","background-size":"auto","background-attachment":"scroll","background-type":"","background-media":"","overlay-type":"","overlay-color":"","overlay-opacity":"","overlay-gradient":""},"tablet":{"background-color":"var(--ast-global-color-5)","background-image":"","background-repeat":"repeat","background-position":"center center","background-size":"auto","background-attachment":"scroll","background-type":"","background-media":"","overlay-type":"","overlay-color":"","overlay-opacity":"","overlay-gradient":""},"mobile":{"background-color":"var(--ast-global-color-5)","background-image":"","background-repeat":"repeat","background-position":"center center","background-size":"auto","background-attachment":"scroll","background-type":"","background-media":"","overlay-type":"","overlay-color":"","overlay-opacity":"","overlay-gradient":""}},"footnotes":""},"class_list":["post-630","page","type-page","status-publish","hentry"],"post_mailing_queue_ids":[],"_links":{"self":[{"href":"https:\/\/agora.xtec.cat\/ceipsentfores\/wp-json\/wp\/v2\/pages\/630","targetHints":{"allow":["GET"]}}],"collection":[{"href":"https:\/\/agora.xtec.cat\/ceipsentfores\/wp-json\/wp\/v2\/pages"}],"about":[{"href":"https:\/\/agora.xtec.cat\/ceipsentfores\/wp-json\/wp\/v2\/types\/page"}],"author":[{"embeddable":true,"href":"https:\/\/agora.xtec.cat\/ceipsentfores\/wp-json\/wp\/v2\/users\/1"}],"replies":[{"embeddable":true,"href":"https:\/\/agora.xtec.cat\/ceipsentfores\/wp-json\/wp\/v2\/comments?post=630"}],"version-history":[{"count":3,"href":"https:\/\/agora.xtec.cat\/ceipsentfores\/wp-json\/wp\/v2\/pages\/630\/revisions"}],"predecessor-version":[{"id":2300,"href":"https:\/\/agora.xtec.cat\/ceipsentfores\/wp-json\/wp\/v2\/pages\/630\/revisions\/2300"}],"wp:attachment":[{"href":"https:\/\/agora.xtec.cat\/ceipsentfores\/wp-json\/wp\/v2\/media?parent=630"}],"curies":[{"name":"wp","href":"https:\/\/api.w.org\/{rel}","templated":true}]}}