{"id":9231,"date":"2021-04-12T22:35:10","date_gmt":"2021-04-12T20:35:10","guid":{"rendered":"http:\/\/agora.xtec.cat\/ceipseguidillas\/?page_id=9231"},"modified":"2021-04-12T22:35:10","modified_gmt":"2021-04-12T20:35:10","slug":"canvi-de-contrasenya-no-permes","status":"publish","type":"page","link":"https:\/\/agora.xtec.cat\/ceipseguidillas\/canvi-de-contrasenya-no-permes\/","title":{"rendered":"CANVI DE CONTRASENYA NO PERM\u00c8S"},"content":{"rendered":"<p>&nbsp;<\/p>\n<p>&nbsp;<\/p>\n<p style=\"text-align: center;\">El canvi de contrasenya al teu correu electr\u00f2nic de l&#8217;escola Las Seguidillas no est\u00e0 perm\u00e8s. Aquest compte \u00e9s un recurs educatiu gestionat i administrat pel centre.<\/p>\n<p style=\"text-align: center;\">Si tens un problema amb la contrasenya, no et funciona o no la recordes, posa&#8217;t en contacte amb nosaltres amb aquest correu electr\u00f2nic.<\/p>\n<p style=\"text-align: center;\">culturadigital@lasseguidillas.com<\/p>\n<p style=\"text-align: center;\">Recorda explicar a l&#8217;e-mail:<\/p>\n<p style=\"text-align: left;\">Nom i curs<\/p>\n<p style=\"text-align: left;\">correu electr\u00f2nic de Las Seguidillas<\/p>\n<p style=\"text-align: left;\">Problema o dubte<\/p>\n<p style=\"text-align: center;\">Moltes gr\u00e0cies!<\/p>\n<p style=\"text-align: center;\">\n","protected":false},"excerpt":{"rendered":"<p>&nbsp;<br \/>\n&nbsp;<br \/>\nEl canvi de contrasenya al teu correu electr\u00f2nic de l&#8217;escola Las Seguidillas no est\u00e0 perm\u00e8s. Aquest compte \u00e9s un recurs educatiu gestionat i administrat pel centre.<br \/>\nSi tens un problema amb la contrasenya, no et funciona o no la recordes, posa&#8217;t en contacte amb nosaltres amb&hellip;  <a href=\"https:\/\/agora.xtec.cat\/ceipseguidillas\/canvi-de-contrasenya-no-permes\/\" title=\"Read CANVI DE CONTRASENYA NO PERM\u00c8S\">Llegeix m\u00e9s\u00bb<\/a><\/p>\n","protected":false},"author":130,"featured_media":0,"parent":0,"menu_order":0,"comment_status":"closed","ping_status":"closed","template":"","meta":{"_bbp_topic_count":0,"_bbp_reply_count":0,"_bbp_total_topic_count":0,"_bbp_total_reply_count":0,"_bbp_voice_count":0,"_bbp_anonymous_reply_count":0,"_bbp_topic_count_hidden":0,"_bbp_reply_count_hidden":0,"_bbp_forum_subforum_count":0,"footnotes":""},"class_list":["post-9231","page","type-page","status-publish","hentry"],"post_mailing_queue_ids":[],"_links":{"self":[{"href":"https:\/\/agora.xtec.cat\/ceipseguidillas\/wp-json\/wp\/v2\/pages\/9231","targetHints":{"allow":["GET"]}}],"collection":[{"href":"https:\/\/agora.xtec.cat\/ceipseguidillas\/wp-json\/wp\/v2\/pages"}],"about":[{"href":"https:\/\/agora.xtec.cat\/ceipseguidillas\/wp-json\/wp\/v2\/types\/page"}],"author":[{"embeddable":true,"href":"https:\/\/agora.xtec.cat\/ceipseguidillas\/wp-json\/wp\/v2\/users\/130"}],"replies":[{"embeddable":true,"href":"https:\/\/agora.xtec.cat\/ceipseguidillas\/wp-json\/wp\/v2\/comments?post=9231"}],"version-history":[{"count":1,"href":"https:\/\/agora.xtec.cat\/ceipseguidillas\/wp-json\/wp\/v2\/pages\/9231\/revisions"}],"predecessor-version":[{"id":9232,"href":"https:\/\/agora.xtec.cat\/ceipseguidillas\/wp-json\/wp\/v2\/pages\/9231\/revisions\/9232"}],"wp:attachment":[{"href":"https:\/\/agora.xtec.cat\/ceipseguidillas\/wp-json\/wp\/v2\/media?parent=9231"}],"curies":[{"name":"wp","href":"https:\/\/api.w.org\/{rel}","templated":true}]}}