{"id":73,"date":"2014-09-18T14:01:51","date_gmt":"2014-09-18T14:01:51","guid":{"rendered":"http:\/\/agora.xtec.cat\/ceipseguidillas\/?page_id=73"},"modified":"2023-05-31T16:31:06","modified_gmt":"2023-05-31T14:31:06","slug":"menjador-escolar","status":"publish","type":"page","link":"https:\/\/agora.xtec.cat\/ceipseguidillas\/lescola\/menjador-escolar\/","title":{"rendered":"Menjador escolar"},"content":{"rendered":"<p>L&#8217;escola ofereix al nostre alumnat la possibilitat d&#8217;utilitzar el menjador escolar. D&#8217;aquest servei se&#8217;n fa c\u00e0rrec l&#8217;empresa &#8220;Roca Gonz\u00e0lez&#8221;. Els alumnes poden fer \u00fas d&#8217;aquest servei de manera espor\u00e0dica o fixa.<\/p>\n<p>El preu del t\u00edquet menjador \u00e9s de 6,50\u20ac<\/p>\n<p><a href=\"https:\/\/agora.xtec.cat\/ceipseguidillas\/wp-content\/uploads\/usu1087\/2023\/05\/Menu-430000396-E.Basal_.pdf\"><span style=\"color: #008080;\">Men\u00fa JUNY &#8211; Basal escola calenta<\/span><\/a><\/p>\n<p><a href=\"https:\/\/agora.xtec.cat\/ceipseguidillas\/wp-content\/uploads\/usu1087\/2023\/05\/Menu-430000396-E.Halal_.pdf\"><span style=\"color: #008080;\">Men\u00fa JUNY &#8211; Halal escola calenta<\/span><\/a><\/p>\n<p><a href=\"https:\/\/agora.xtec.cat\/ceipseguidillas\/wp-content\/uploads\/usu1087\/2023\/04\/Menu-430000396-E.Basal_-2.pdf\"><span style=\"color: #008080;\">Men\u00fa MAIG &#8211; Basal escola calenta<\/span><\/a><\/p>\n<p><a href=\"https:\/\/agora.xtec.cat\/ceipseguidillas\/wp-content\/uploads\/usu1087\/2023\/04\/Menu-430000396-E.Halal_-1.pdf\"><span style=\"color: #008080;\">Men\u00fa MAIG &#8211; Halal escola calenta<\/span><\/a><\/p>\n<p><a href=\"https:\/\/agora.xtec.cat\/ceipseguidillas\/wp-content\/uploads\/usu1087\/2023\/04\/Menu-430000396-E.Basal_.pdf\"><span style=\"color: #008080;\">Men\u00fa ABRIL &#8211; Basal escola calenta<\/span><\/a><\/p>\n<p><a href=\"https:\/\/agora.xtec.cat\/ceipseguidillas\/wp-content\/uploads\/usu1087\/2023\/04\/Menu-430000396-E.Halal_.pdf\"><span style=\"color: #008080;\">Men\u00fa ABRIL &#8211; Halal escola calenta<\/span><\/a><\/p>\n","protected":false},"excerpt":{"rendered":"<p>L&#8217;escola ofereix al nostre alumnat la possibilitat d&#8217;utilitzar el menjador escolar. D&#8217;aquest servei se&#8217;n fa c\u00e0rrec l&#8217;empresa &#8220;Roca Gonz\u00e0lez&#8221;. Els alumnes poden fer \u00fas d&#8217;aquest servei de manera espor\u00e0dica o fixa.<br \/>\nEl preu del t\u00edquet menjador \u00e9s de 6,50\u20ac<br \/>\n<a href=\"https:\/\/agora.xtec.cat\/ceipseguidillas\/wp-content\/uploads\/usu1087\/2023\/05\/Menu-430000396-E.Basal_.pdf\">Men\u00fa JUNY &#8211; Basal escola calenta<\/a><br \/>\n<a href=\"https:\/\/agora.xtec.cat\/ceipseguidillas\/wp-content\/uploads\/usu1087\/2023\/05\/Menu-430000396-E.Halal_.pdf\">Men\u00fa&hellip;  <a href=\"https:\/\/agora.xtec.cat\/ceipseguidillas\/lescola\/menjador-escolar\/\" title=\"Read Menjador escolar\">Llegeix m\u00e9s\u00bb<\/a><\/p>\n","protected":false},"author":2,"featured_media":0,"parent":22,"menu_order":30,"comment_status":"closed","ping_status":"closed","template":"page-templates\/side-menu.php","meta":{"_bbp_topic_count":0,"_bbp_reply_count":0,"_bbp_total_topic_count":0,"_bbp_total_reply_count":0,"_bbp_voice_count":0,"_bbp_anonymous_reply_count":0,"_bbp_topic_count_hidden":0,"_bbp_reply_count_hidden":0,"_bbp_forum_subforum_count":0,"footnotes":""},"class_list":["post-73","page","type-page","status-publish","hentry"],"post_mailing_queue_ids":[],"_links":{"self":[{"href":"https:\/\/agora.xtec.cat\/ceipseguidillas\/wp-json\/wp\/v2\/pages\/73","targetHints":{"allow":["GET"]}}],"collection":[{"href":"https:\/\/agora.xtec.cat\/ceipseguidillas\/wp-json\/wp\/v2\/pages"}],"about":[{"href":"https:\/\/agora.xtec.cat\/ceipseguidillas\/wp-json\/wp\/v2\/types\/page"}],"author":[{"embeddable":true,"href":"https:\/\/agora.xtec.cat\/ceipseguidillas\/wp-json\/wp\/v2\/users\/2"}],"replies":[{"embeddable":true,"href":"https:\/\/agora.xtec.cat\/ceipseguidillas\/wp-json\/wp\/v2\/comments?post=73"}],"version-history":[{"count":6,"href":"https:\/\/agora.xtec.cat\/ceipseguidillas\/wp-json\/wp\/v2\/pages\/73\/revisions"}],"predecessor-version":[{"id":10147,"href":"https:\/\/agora.xtec.cat\/ceipseguidillas\/wp-json\/wp\/v2\/pages\/73\/revisions\/10147"}],"up":[{"embeddable":true,"href":"https:\/\/agora.xtec.cat\/ceipseguidillas\/wp-json\/wp\/v2\/pages\/22"}],"wp:attachment":[{"href":"https:\/\/agora.xtec.cat\/ceipseguidillas\/wp-json\/wp\/v2\/media?parent=73"}],"curies":[{"name":"wp","href":"https:\/\/api.w.org\/{rel}","templated":true}]}}