{"id":6020,"date":"2017-09-26T12:33:04","date_gmt":"2017-09-26T10:33:04","guid":{"rendered":"http:\/\/agora.xtec.cat\/ceipseguidillas\/?page_id=6020"},"modified":"2021-11-13T09:28:01","modified_gmt":"2021-11-13T08:28:01","slug":"documents","status":"publish","type":"page","link":"https:\/\/agora.xtec.cat\/ceipseguidillas\/serveis\/documents\/","title":{"rendered":"Documents"},"content":{"rendered":"<p>&nbsp;<\/p>\n<p><span style=\"color: #3366ff;\"><a style=\"color: #3366ff;\" href=\"https:\/\/agora.xtec.cat\/ceipseguidillas\/projecte-linguistic-2018-seguidillas\/\" target=\"_blank\" rel=\"noopener noreferrer\">P<\/a><a style=\"font-family: inherit; font-size: 1em; color: #3366ff;\" href=\"https:\/\/agora.xtec.cat\/ceipseguidillas\/projecte-linguistic-2018-seguidillas\/\" target=\"_blank\" rel=\"noopener noreferrer\">ROJECTE LIG\u00dc\u00cdSTIC (En revisi\u00f3)<\/a><\/span><\/p>\n<p><span style=\"color: #3366ff;\"><a style=\"color: #3366ff;\" href=\"https:\/\/agora.xtec.cat\/ceipseguidillas\/carta-compromis-2011\/\" target=\"_blank\" rel=\"noopener noreferrer\">CARTA DE COMPROM\u00cdS<\/a><\/span><\/p>\n<p><span style=\"color: #3366ff;\"><a style=\"color: #3366ff;\" href=\"https:\/\/agora.xtec.cat\/ceipseguidillas\/nofc-definitiu-2016\/\" target=\"_blank\" rel=\"noopener noreferrer\">NOFC (En revisi\u00f3)<\/a><\/span><\/p>\n<p><span style=\"color: #3366ff;\"><a style=\"color: #3366ff;\" href=\"https:\/\/agora.xtec.cat\/ceipseguidillas\/wp-content\/uploads\/usu1087\/2019\/03\/Projecte-Educatiu-de-Centre.pdf\">Projecte Educatiu de Centre (En revisi\u00f3)<\/a><\/span><\/p>\n<p><a href=\"https:\/\/agora.xtec.cat\/ceipseguidillas\/wp-content\/uploads\/usu1087\/2021\/11\/Pla_org_centres-2021-2022_novembre.pdf\"><span style=\"color: #3366ff;\">Pla d&#8217;obertura de centre. Curs 2021-2022<\/span><\/a><\/p>\n<p>&nbsp;<\/p>\n<p>&nbsp;<\/p>\n","protected":false},"excerpt":{"rendered":"<p>&nbsp;<br \/>\n<a style=\"color: #3366ff;\" href=\"https:\/\/agora.xtec.cat\/ceipseguidillas\/projecte-linguistic-2018-seguidillas\/\" target=\"_blank\" rel=\"noopener noreferrer\">P<\/a><a style=\"font-family: inherit; font-size: 1em; color: #3366ff;\" href=\"https:\/\/agora.xtec.cat\/ceipseguidillas\/projecte-linguistic-2018-seguidillas\/\" target=\"_blank\" rel=\"noopener noreferrer\">ROJECTE LIG\u00dc\u00cdSTIC (En revisi\u00f3)<\/a><br \/>\n<a style=\"color: #3366ff;\" href=\"https:\/\/agora.xtec.cat\/ceipseguidillas\/carta-compromis-2011\/\" target=\"_blank\" rel=\"noopener noreferrer\">CARTA DE COMPROM\u00cdS<\/a><br \/>\n<a style=\"color: #3366ff;\" href=\"https:\/\/agora.xtec.cat\/ceipseguidillas\/nofc-definitiu-2016\/\" target=\"_blank\" rel=\"noopener noreferrer\">NOFC (En revisi\u00f3)<\/a><br \/>\n<a style=\"color: #3366ff;\" href=\"https:\/\/agora.xtec.cat\/ceipseguidillas\/wp-content\/uploads\/usu1087\/2019\/03\/Projecte-Educatiu-de-Centre.pdf\">Projecte Educatiu de Centre (En revisi\u00f3)<\/a><br \/>\n<a href=\"https:\/\/agora.xtec.cat\/ceipseguidillas\/wp-content\/uploads\/usu1087\/2021\/11\/Pla_org_centres-2021-2022_novembre.pdf\">Pla&hellip;  <a href=\"https:\/\/agora.xtec.cat\/ceipseguidillas\/serveis\/documents\/\" title=\"Read Documents\">Llegeix m\u00e9s\u00bb<\/a><\/p>\n","protected":false},"author":1,"featured_media":0,"parent":66,"menu_order":0,"comment_status":"closed","ping_status":"closed","template":"","meta":{"_bbp_topic_count":0,"_bbp_reply_count":0,"_bbp_total_topic_count":0,"_bbp_total_reply_count":0,"_bbp_voice_count":0,"_bbp_anonymous_reply_count":0,"_bbp_topic_count_hidden":0,"_bbp_reply_count_hidden":0,"_bbp_forum_subforum_count":0,"footnotes":""},"class_list":["post-6020","page","type-page","status-publish","hentry"],"post_mailing_queue_ids":[],"_links":{"self":[{"href":"https:\/\/agora.xtec.cat\/ceipseguidillas\/wp-json\/wp\/v2\/pages\/6020","targetHints":{"allow":["GET"]}}],"collection":[{"href":"https:\/\/agora.xtec.cat\/ceipseguidillas\/wp-json\/wp\/v2\/pages"}],"about":[{"href":"https:\/\/agora.xtec.cat\/ceipseguidillas\/wp-json\/wp\/v2\/types\/page"}],"author":[{"embeddable":true,"href":"https:\/\/agora.xtec.cat\/ceipseguidillas\/wp-json\/wp\/v2\/users\/1"}],"replies":[{"embeddable":true,"href":"https:\/\/agora.xtec.cat\/ceipseguidillas\/wp-json\/wp\/v2\/comments?post=6020"}],"version-history":[{"count":5,"href":"https:\/\/agora.xtec.cat\/ceipseguidillas\/wp-json\/wp\/v2\/pages\/6020\/revisions"}],"predecessor-version":[{"id":9483,"href":"https:\/\/agora.xtec.cat\/ceipseguidillas\/wp-json\/wp\/v2\/pages\/6020\/revisions\/9483"}],"up":[{"embeddable":true,"href":"https:\/\/agora.xtec.cat\/ceipseguidillas\/wp-json\/wp\/v2\/pages\/66"}],"wp:attachment":[{"href":"https:\/\/agora.xtec.cat\/ceipseguidillas\/wp-json\/wp\/v2\/media?parent=6020"}],"curies":[{"name":"wp","href":"https:\/\/api.w.org\/{rel}","templated":true}]}}