{"id":30,"date":"2014-09-18T12:30:23","date_gmt":"2014-09-18T12:30:23","guid":{"rendered":"http:\/\/agora.xtec.cat\/ceipseguidillas\/?page_id=30"},"modified":"2017-01-31T16:46:12","modified_gmt":"2017-01-31T15:46:12","slug":"instal%c2%b7lacions","status":"publish","type":"page","link":"https:\/\/agora.xtec.cat\/ceipseguidillas\/lescola\/instal%c2%b7lacions\/","title":{"rendered":"Instal\u00b7lacions"},"content":{"rendered":"<h3>L&#8217;escola disposa d&#8217;instal\u00b7lacions adients per a la formaci\u00f3 integral del nostre alumnat<\/h3>\n\r\n\t<div class=\"slideshow_container slideshow_container_style-light\" style=\"height: 200px; \" data-slideshow-id=\"142\" data-style-name=\"style-light\" data-style-version=\"2.3.1\" >\r\n\r\n\t\t\t\t\t<div class=\"slideshow_loading_icon\"><\/div>\r\n\t\t\r\n\t\t<div class=\"slideshow_content\" style=\"display: none;\">\r\n\r\n\t\t\t<div class=\"slideshow_view\">\r\n\t\t\t\t<div class=\"slideshow_slide slideshow_slide_image\">\r\n\t\t\t\t\t\t\t\t\t\t\t<img src=\"https:\/\/agora.xtec.cat\/ceipseguidillas\/wp-content\/uploads\/usu1087\/2016\/05\/inform\u00e0tica.jpg\" alt=\"inform\u00e0tica\" width=\"2946\" height=\"1979\" \/>\r\n\t\t\t\t\t\t\t\t\t\t<div class=\"slideshow_description_box slideshow_transparent\">\r\n\t\t\t\t\t\t<div class=\"slideshow_title\">inform\u00e0tica<\/div>\t\t\t\t\t\t\t\t\t\t\t<\/div>\r\n\t\t\t\t<\/div>\r\n\r\n\t\t\t\t\t\t\r\n\t\t\t\t<div class=\"slideshow_slide slideshow_slide_image\">\r\n\t\t\t\t\t\t\t\t\t\t\t<img src=\"https:\/\/agora.xtec.cat\/ceipseguidillas\/wp-content\/uploads\/usu1087\/2016\/05\/aula-angl\u00e8s.jpg\" alt=\"aula angl\u00e8s\" width=\"3200\" height=\"2159\" \/>\r\n\t\t\t\t\t\t\t\t\t\t<div class=\"slideshow_description_box slideshow_transparent\">\r\n\t\t\t\t\t\t<div class=\"slideshow_title\">aula angl\u00e8s<\/div>\t\t\t\t\t\t\t\t\t\t\t<\/div>\r\n\t\t\t\t<\/div>\r\n\r\n\t\t\t\t\t\t<div style=\"clear: both;\"><\/div><\/div><div class=\"slideshow_view\">\r\n\t\t\t\t<div class=\"slideshow_slide slideshow_slide_image\">\r\n\t\t\t\t\t\t\t\t\t\t\t<img src=\"https:\/\/agora.xtec.cat\/ceipseguidillas\/wp-content\/uploads\/usu1087\/2016\/05\/audiovisuals.jpg\" alt=\"audiovisuals\" width=\"3200\" height=\"2159\" \/>\r\n\t\t\t\t\t\t\t\t\t\t<div class=\"slideshow_description_box slideshow_transparent\">\r\n\t\t\t\t\t\t<div class=\"slideshow_title\">audiovisuals<\/div>\t\t\t\t\t\t\t\t\t\t\t<\/div>\r\n\t\t\t\t<\/div>\r\n\r\n\t\t\t\t\t\t\r\n\t\t\t\t<div class=\"slideshow_slide slideshow_slide_image\">\r\n\t\t\t\t\t\t\t\t\t\t\t<img src=\"https:\/\/agora.xtec.cat\/ceipseguidillas\/wp-content\/uploads\/usu1087\/2016\/05\/sorral.jpg\" alt=\"sorral\" width=\"3200\" height=\"2159\" \/>\r\n\t\t\t\t\t\t\t\t\t\t<div class=\"slideshow_description_box slideshow_transparent\">\r\n\t\t\t\t\t\t<div class=\"slideshow_title\">sorral<\/div>\t\t\t\t\t\t\t\t\t\t\t<\/div>\r\n\t\t\t\t<\/div>\r\n\r\n\t\t\t\t\t\t<div style=\"clear: both;\"><\/div><\/div><div class=\"slideshow_view\">\r\n\t\t\t\t<div class=\"slideshow_slide slideshow_slide_image\">\r\n\t\t\t\t\t\t\t\t\t\t\t<img src=\"https:\/\/agora.xtec.cat\/ceipseguidillas\/wp-content\/uploads\/usu1087\/2016\/05\/psicomotricitat.jpg\" alt=\"psicomotricitat\" width=\"2327\" height=\"1570\" \/>\r\n\t\t\t\t\t\t\t\t\t\t<div class=\"slideshow_description_box slideshow_transparent\">\r\n\t\t\t\t\t\t<div class=\"slideshow_title\">psicomotricitat<\/div>\t\t\t\t\t\t\t\t\t\t\t<\/div>\r\n\t\t\t\t<\/div>\r\n\r\n\t\t\t\t\t\t\r\n\t\t\t\t<div class=\"slideshow_slide slideshow_slide_image\">\r\n\t\t\t\t\t\t\t\t\t\t\t<img src=\"https:\/\/agora.xtec.cat\/ceipseguidillas\/wp-content\/uploads\/usu1087\/2016\/05\/pavello.jpg\" alt=\"pavell\u00f3 poliesportiu\" width=\"3200\" height=\"2159\" \/>\r\n\t\t\t\t\t\t\t\t\t\t<div class=\"slideshow_description_box slideshow_transparent\">\r\n\t\t\t\t\t\t<div class=\"slideshow_title\">pavell\u00f3 poliesportiu<\/div>\t\t\t\t\t\t\t\t\t\t\t<\/div>\r\n\t\t\t\t<\/div>\r\n\r\n\t\t\t\t\t\t<div style=\"clear: both;\"><\/div><\/div><div class=\"slideshow_view\">\r\n\t\t\t\t<div class=\"slideshow_slide slideshow_slide_image\">\r\n\t\t\t\t\t\t\t\t\t\t\t<img src=\"https:\/\/agora.xtec.cat\/ceipseguidillas\/wp-content\/uploads\/usu1087\/2016\/05\/pati.jpg\" alt=\"pati\" width=\"3200\" height=\"2159\" \/>\r\n\t\t\t\t\t\t\t\t\t\t<div class=\"slideshow_description_box slideshow_transparent\">\r\n\t\t\t\t\t\t<div class=\"slideshow_title\">pati<\/div>\t\t\t\t\t\t\t\t\t\t\t<\/div>\r\n\t\t\t\t<\/div>\r\n\r\n\t\t\t\t\t\t<div style=\"clear: both;\"><\/div><\/div>\r\n\t\t<\/div>\r\n\r\n\t\t<div class=\"slideshow_controlPanel slideshow_transparent\" style=\"display: none;\"><ul><li class=\"slideshow_togglePlay\" data-play-text=\"Visualitza\" data-pause-text=\"Pausa\"><\/li><\/ul><\/div>\r\n\r\n\t\t<div class=\"slideshow_button slideshow_previous slideshow_transparent\" role=\"button\" data-previous-text=\"Anterior\" style=\"display: none;\"><\/div>\r\n\t\t<div class=\"slideshow_button slideshow_next slideshow_transparent\" role=\"button\" data-next-text=\"Seg\u00fcent\" style=\"display: none;\"><\/div>\r\n\r\n\t\t<div class=\"slideshow_pagination\" style=\"display: none;\" data-go-to-text=\"V\u00e9s a la diapositiva\"><div class=\"slideshow_pagination_center\"><\/div><\/div>\r\n\r\n\t\t<!-- WordPress Slideshow Version 2.3.1 -->\r\n\r\n\t\t\t<\/div>\r\n\r\n\n<p>&nbsp;<\/p>\n<p>Si voleu veure&#8217;n m\u00e9s aqu\u00ed teniu un enlla\u00e7 <a href=\"http:\/\/www.picturetrail.com\/sfx\/album\/view\/24754797\">http:\/\/www.picturetrail.com\/sfx\/album\/view\/24754797<\/a><\/p>\n","protected":false},"excerpt":{"rendered":"<p>L&#8217;escola disposa d&#8217;instal\u00b7lacions adients per a la formaci\u00f3 integral del nostre alumnat<\/p>\n<p>\t\t\t\t\t\tinform\u00e0tica\t\t\t\t\t\t\t\t\t\t\t<\/p>\n<p>\t\t\t\t\t\taula angl\u00e8s\t\t\t\t\t\t\t\t\t\t\t<\/p>\n<p>\t\t\t\t\t\taudiovisuals\t\t\t\t\t\t\t\t\t\t\t<\/p>\n<p>\t\t\t\t\t\tsorral\t\t\t\t\t\t\t\t\t\t\t<\/p>\n<p>\t\t\t\t\t\tpsicomotricitat\t\t\t\t\t\t\t\t\t\t\t<\/p>\n<p>\t\t\t\t\t\tpavell\u00f3 poliesportiu\t\t\t\t\t\t\t\t\t\t\t<\/p>\n<p>\t\t\t\t\t\tpati\t\t\t\t\t\t\t\t\t\t\t<\/p>\n<ul>\n<li class=\"slideshow_togglePlay\" data-play-text=\"Visualitza\" data-pause-text=\"Pausa\"><\/li>\n<\/ul>\n<p>&nbsp;<br \/>\nSi voleu veure&#8217;n m\u00e9s aqu\u00ed teniu un enlla\u00e7 <a href=\"http:\/\/www.picturetrail.com\/sfx\/album\/view\/24754797\">http:\/\/www.picturetrail.com\/sfx\/album\/view\/24754797<\/a><\/p>\n","protected":false},"author":2,"featured_media":0,"parent":22,"menu_order":40,"comment_status":"closed","ping_status":"closed","template":"page-templates\/side-menu.php","meta":{"_bbp_topic_count":0,"_bbp_reply_count":0,"_bbp_total_topic_count":0,"_bbp_total_reply_count":0,"_bbp_voice_count":0,"_bbp_anonymous_reply_count":0,"_bbp_topic_count_hidden":0,"_bbp_reply_count_hidden":0,"_bbp_forum_subforum_count":0,"footnotes":""},"class_list":["post-30","page","type-page","status-publish","hentry"],"post_mailing_queue_ids":[],"_links":{"self":[{"href":"https:\/\/agora.xtec.cat\/ceipseguidillas\/wp-json\/wp\/v2\/pages\/30","targetHints":{"allow":["GET"]}}],"collection":[{"href":"https:\/\/agora.xtec.cat\/ceipseguidillas\/wp-json\/wp\/v2\/pages"}],"about":[{"href":"https:\/\/agora.xtec.cat\/ceipseguidillas\/wp-json\/wp\/v2\/types\/page"}],"author":[{"embeddable":true,"href":"https:\/\/agora.xtec.cat\/ceipseguidillas\/wp-json\/wp\/v2\/users\/2"}],"replies":[{"embeddable":true,"href":"https:\/\/agora.xtec.cat\/ceipseguidillas\/wp-json\/wp\/v2\/comments?post=30"}],"version-history":[{"count":3,"href":"https:\/\/agora.xtec.cat\/ceipseguidillas\/wp-json\/wp\/v2\/pages\/30\/revisions"}],"predecessor-version":[{"id":5321,"href":"https:\/\/agora.xtec.cat\/ceipseguidillas\/wp-json\/wp\/v2\/pages\/30\/revisions\/5321"}],"up":[{"embeddable":true,"href":"https:\/\/agora.xtec.cat\/ceipseguidillas\/wp-json\/wp\/v2\/pages\/22"}],"wp:attachment":[{"href":"https:\/\/agora.xtec.cat\/ceipseguidillas\/wp-json\/wp\/v2\/media?parent=30"}],"curies":[{"name":"wp","href":"https:\/\/api.w.org\/{rel}","templated":true}]}}