{"id":26,"date":"2014-09-18T12:24:32","date_gmt":"2014-09-18T12:24:32","guid":{"rendered":"http:\/\/agora.xtec.cat\/ceipseguidillas\/?page_id=26"},"modified":"2016-05-09T10:33:35","modified_gmt":"2016-05-09T08:33:35","slug":"historia","status":"publish","type":"page","link":"https:\/\/agora.xtec.cat\/ceipseguidillas\/lescola\/historia\/","title":{"rendered":"Hist\u00f2ria"},"content":{"rendered":"<p>L\u2019escola Las Seguidillas es va inaugurar en el curs escolar 1975-1976 i est\u00e0 ubicada a l\u2019Avinguda Via de la Plata, s\/n, al nord-oest del poble. El centre comparteix recinte i pavell\u00f3 amb l\u2019escola La Mu\u00f1eira i, al seu entorn, hi ha l\u2019IES Federica Montseny, el mercat, l\u2019Ajuntament i el Centre C\u00edvic. En els anys 80 l\u2019escola va arribar a tenir tres l\u00ednies en alguns cicles.<\/p>\n<p>En el municipi hi ha quatre escoles d\u2019Educaci\u00f3 Infantil i Prim\u00e0ria. Tres de les quals tenen doble l\u00ednia i una escola \u00e9s d\u2019una l\u00ednia i dos instituts de secund\u00e0ria.<\/p>\n<p>A Badia, en el seu origen, la majoria dels seus habitants eren funcionaris vinguts de la resta d\u2019Espanya (professors, treballadors de correus, telef\u00f2nica, gu\u00e0rdia civils, policia,&#8230;), per tant la llengua materna i vehicular era i continua sent el castell\u00e0. En els anys 80 el cens de Badia era d\u2019uns 25.000 habitants i es van construir vuit escoles de prim\u00e0ria, dos centres de secund\u00e0ria i dues llars d\u2019infants. Al 1995 era de 17.927 persones, d\u2019en\u00e7\u00e0 el registre mostra un descens de poblaci\u00f3 a un ritme d\u2019un 1,3% de mitjana, exceptuant l\u2019any 2010 on hi ha un increment d\u2019un 0,2%; al 2014 hi havia 13.553 persones registrades a Badia.<\/p>\n<p>A Badia, a data 1 de desembre de 2012, hi ha presents moltes nacionalitats, al voltant de 51 pa\u00efsos diferents extracomunitaris, per\u00f2 s\u00f3n poc nombroses comparades amb altres poblacions del voltant. Hi ha un total de 799 persones estrangeres (5,72% de la poblaci\u00f3) dels quals 431 s\u00f3n del Marroc seguits pels pa\u00efsos Llatinoamericans.<\/p>\n","protected":false},"excerpt":{"rendered":"<p>L\u2019escola Las Seguidillas es va inaugurar en el curs escolar 1975-1976 i est\u00e0 ubicada a l\u2019Avinguda Via de la Plata, s\/n, al nord-oest del poble. El centre comparteix recinte i pavell\u00f3 amb l\u2019escola La Mu\u00f1eira i, al seu entorn, hi ha l\u2019IES Federica Montseny, el&hellip;  <a href=\"https:\/\/agora.xtec.cat\/ceipseguidillas\/lescola\/historia\/\" title=\"Read Hist\u00f2ria\">Llegeix m\u00e9s\u00bb<\/a><\/p>\n","protected":false},"author":2,"featured_media":0,"parent":22,"menu_order":20,"comment_status":"closed","ping_status":"closed","template":"page-templates\/side-menu.php","meta":{"_bbp_topic_count":0,"_bbp_reply_count":0,"_bbp_total_topic_count":0,"_bbp_total_reply_count":0,"_bbp_voice_count":0,"_bbp_anonymous_reply_count":0,"_bbp_topic_count_hidden":0,"_bbp_reply_count_hidden":0,"_bbp_forum_subforum_count":0,"footnotes":""},"class_list":["post-26","page","type-page","status-publish","hentry"],"post_mailing_queue_ids":[],"_links":{"self":[{"href":"https:\/\/agora.xtec.cat\/ceipseguidillas\/wp-json\/wp\/v2\/pages\/26","targetHints":{"allow":["GET"]}}],"collection":[{"href":"https:\/\/agora.xtec.cat\/ceipseguidillas\/wp-json\/wp\/v2\/pages"}],"about":[{"href":"https:\/\/agora.xtec.cat\/ceipseguidillas\/wp-json\/wp\/v2\/types\/page"}],"author":[{"embeddable":true,"href":"https:\/\/agora.xtec.cat\/ceipseguidillas\/wp-json\/wp\/v2\/users\/2"}],"replies":[{"embeddable":true,"href":"https:\/\/agora.xtec.cat\/ceipseguidillas\/wp-json\/wp\/v2\/comments?post=26"}],"version-history":[{"count":3,"href":"https:\/\/agora.xtec.cat\/ceipseguidillas\/wp-json\/wp\/v2\/pages\/26\/revisions"}],"predecessor-version":[{"id":4739,"href":"https:\/\/agora.xtec.cat\/ceipseguidillas\/wp-json\/wp\/v2\/pages\/26\/revisions\/4739"}],"up":[{"embeddable":true,"href":"https:\/\/agora.xtec.cat\/ceipseguidillas\/wp-json\/wp\/v2\/pages\/22"}],"wp:attachment":[{"href":"https:\/\/agora.xtec.cat\/ceipseguidillas\/wp-json\/wp\/v2\/media?parent=26"}],"curies":[{"name":"wp","href":"https:\/\/api.w.org\/{rel}","templated":true}]}}