{"id":24,"date":"2014-09-18T12:23:15","date_gmt":"2014-09-18T12:23:15","guid":{"rendered":"http:\/\/agora.xtec.cat\/ceipseguidillas\/?page_id=24"},"modified":"2016-04-29T12:36:49","modified_gmt":"2016-04-29T10:36:49","slug":"on-som","status":"publish","type":"page","link":"https:\/\/agora.xtec.cat\/ceipseguidillas\/lescola\/on-som\/","title":{"rendered":"On som"},"content":{"rendered":"<p style=\"color: #666666;\"><strong>Escola Las Seguidillas<\/strong><br \/>\nAvinguda Via de la Plata, s\/n<br \/>\n08214 Badia del Vall\u00e8s<\/p>\n<p>Tel. 93 729 01 88\u00a0\u00a0\u00a0 Fax. 937184771<\/p>\n<p>ceipseguidillas@xtec.cat<\/p>\n<p>&nbsp;<br \/>\n<iframe loading=\"lazy\" src=\"https:\/\/www.google.com\/maps\/embed?pb=!1m14!1m12!1m3!1d5975.590441179446!2d2.115278292590319!3d41.508712280572006!2m3!1f0!2f0!3f0!3m2!1i1024!2i768!4f13.1!5e0!3m2!1sca!2ses!4v1461926137600\" width=\"600\" height=\"450\" frameborder=\"0\" style=\"border:0\" allowfullscreen><\/iframe><br \/>\n<strong>Com arribar-hi:<\/strong><\/p>\n<p><strong>Tren:<\/strong> Estaci\u00f3 de Barber\u00e0 del Vall\u00e8s (10 minuts caminant)<br \/>\n<strong>Bus:<\/strong> A2 (Estaci\u00f3 d&#8217;autobusos Fabra i Puig)<\/p>\n<p>&nbsp;<\/p>\n","protected":false},"excerpt":{"rendered":"<p>Escola Las Seguidillas<br \/>\nAvinguda Via de la Plata, s\/n<br \/>\n08214 Badia del Vall\u00e8s<br \/>\nTel. 93 729 01 88\u00a0\u00a0\u00a0 Fax. 937184771<br \/>\nceipseguidillas@xtec.cat<br \/>\n&nbsp;<\/p>\n<p>Com arribar-hi:<br \/>\nTren: Estaci\u00f3 de Barber\u00e0 del Vall\u00e8s (10 minuts caminant)<br \/>\nBus: A2 (Estaci\u00f3 d&#8217;autobusos Fabra i Puig)<br \/>\n&nbsp;<\/p>\n","protected":false},"author":2,"featured_media":0,"parent":22,"menu_order":10,"comment_status":"closed","ping_status":"closed","template":"page-templates\/side-menu.php","meta":{"_bbp_topic_count":0,"_bbp_reply_count":0,"_bbp_total_topic_count":0,"_bbp_total_reply_count":0,"_bbp_voice_count":0,"_bbp_anonymous_reply_count":0,"_bbp_topic_count_hidden":0,"_bbp_reply_count_hidden":0,"_bbp_forum_subforum_count":0,"footnotes":""},"class_list":["post-24","page","type-page","status-publish","hentry"],"post_mailing_queue_ids":[],"_links":{"self":[{"href":"https:\/\/agora.xtec.cat\/ceipseguidillas\/wp-json\/wp\/v2\/pages\/24","targetHints":{"allow":["GET"]}}],"collection":[{"href":"https:\/\/agora.xtec.cat\/ceipseguidillas\/wp-json\/wp\/v2\/pages"}],"about":[{"href":"https:\/\/agora.xtec.cat\/ceipseguidillas\/wp-json\/wp\/v2\/types\/page"}],"author":[{"embeddable":true,"href":"https:\/\/agora.xtec.cat\/ceipseguidillas\/wp-json\/wp\/v2\/users\/2"}],"replies":[{"embeddable":true,"href":"https:\/\/agora.xtec.cat\/ceipseguidillas\/wp-json\/wp\/v2\/comments?post=24"}],"version-history":[{"count":4,"href":"https:\/\/agora.xtec.cat\/ceipseguidillas\/wp-json\/wp\/v2\/pages\/24\/revisions"}],"predecessor-version":[{"id":317,"href":"https:\/\/agora.xtec.cat\/ceipseguidillas\/wp-json\/wp\/v2\/pages\/24\/revisions\/317"}],"up":[{"embeddable":true,"href":"https:\/\/agora.xtec.cat\/ceipseguidillas\/wp-json\/wp\/v2\/pages\/22"}],"wp:attachment":[{"href":"https:\/\/agora.xtec.cat\/ceipseguidillas\/wp-json\/wp\/v2\/media?parent=24"}],"curies":[{"name":"wp","href":"https:\/\/api.w.org\/{rel}","templated":true}]}}