{"id":9,"date":"2014-09-17T15:08:18","date_gmt":"2014-09-17T13:08:18","guid":{"rendered":"http:\/\/agora.xtec.cat\/ceipsegimoncomas\/?page_id=9"},"modified":"2025-05-26T21:39:31","modified_gmt":"2025-05-26T19:39:31","slug":"pagina-dinici-buida","status":"publish","type":"page","link":"https:\/\/agora.xtec.cat\/ceipsegimoncomas\/","title":{"rendered":"P\u00c0GINA INICI"},"content":{"rendered":"<h3><\/h3>\n<table style=\"width: 99.7808%; height: 154px;\">\n<tbody>\n<tr>\n<td style=\"width: 15.1123%;\">\n<h4 style=\"text-align: center;\"><strong><a href=\"https:\/\/agora.xtec.cat\/ceipsegimoncomas\/lescola\/\">L&#8217;ESCOLA<\/a><\/strong><\/h4>\n<\/td>\n<td style=\"width: 31.4354%;\">\n<h4 style=\"text-align: center;\"><strong><a href=\"https:\/\/agora.xtec.cat\/ceipsegimoncomas\/documents-descola\/\">DOCUMENTS D&#8217;ESCOLA<\/a><\/strong><\/h4>\n<\/td>\n<td style=\"width: 30.8997%;\">\n<h4 style=\"text-align: center;\"><strong><a href=\"https:\/\/agora.xtec.cat\/ceipsegimoncomas\/projectes\/\">PROJECTES D&#8217;ESCOLA<\/a><\/strong><\/h4>\n<\/td>\n<td style=\"width: 37.5462%;\">\n<h4 style=\"text-align: center;\"><a href=\"https:\/\/agora.xtec.cat\/ceipsegimoncomas\/serveis\/menjador-escolar\/\"><strong>MENJADOR<\/strong><\/a><\/h4>\n<\/td>\n<\/tr>\n<tr>\n<td style=\"width: 15.1123%;\">\n<h4 style=\"text-align: center;\"><strong><a href=\"https:\/\/agora.xtec.cat\/ceipsegimoncomas\/afa\/\">AFA<\/a><\/strong><\/h4>\n<\/td>\n<td style=\"width: 31.4354%;\">\n<h4 style=\"text-align: center;\"><a href=\"https:\/\/agora.xtec.cat\/ceipsegimoncomas\/lescola\/calendari-del-curs\/\">CALENDARI DEL CURS<\/a><\/h4>\n<\/td>\n<td style=\"width: 30.8997%;\">\n<h4 style=\"text-align: center;\"><strong><a href=\"https:\/\/agora.xtec.cat\/ceipsegimoncomas\/preinscripcio-escola\/\">PREINSCRIPCI\u00d3<\/a><\/strong><\/h4>\n<\/td>\n<td style=\"width: 37.5462%;\">\n<h4 style=\"text-align: center;\"><a href=\"https:\/\/agora.xtec.cat\/ceipsegimoncomas\/lescola\/families\/\">FAM\u00cdLIES<\/a><\/h4>\n<\/td>\n<\/tr>\n<\/tbody>\n<\/table>\n<p><em>Aquests principis es plantegen com a fonamentals en totes les escoles i tots els plans d\u2019aprenentatge perqu\u00e8 ofereixen els blocs de construcci\u00f3 de <strong>disseny, millora i innovaci\u00f3<\/strong>.\u00a0<\/em><\/p>\n<h3 style=\"text-align: center;\"><a href=\"https:\/\/agora.xtec.cat\/ceipsegimoncomas\/wp-content\/uploads\/usu388\/2024\/01\/ELS-7-PRINCIPIS-DE-LAPRENENTATGE-Pagina-2-blanc.jpg\"><img loading=\"lazy\" decoding=\"async\" class=\"alignnone size-large wp-image-11670\" src=\"https:\/\/agora.xtec.cat\/ceipsegimoncomas\/wp-content\/uploads\/usu388\/2024\/01\/ELS-7-PRINCIPIS-DE-LAPRENENTATGE-Pagina-2-blanc-1024x724.jpg\" alt=\"\" width=\"1024\" height=\"724\" srcset=\"https:\/\/agora.xtec.cat\/ceipsegimoncomas\/wp-content\/uploads\/usu388\/2024\/01\/ELS-7-PRINCIPIS-DE-LAPRENENTATGE-Pagina-2-blanc-1024x724.jpg 1024w, https:\/\/agora.xtec.cat\/ceipsegimoncomas\/wp-content\/uploads\/usu388\/2024\/01\/ELS-7-PRINCIPIS-DE-LAPRENENTATGE-Pagina-2-blanc-300x212.jpg 300w, https:\/\/agora.xtec.cat\/ceipsegimoncomas\/wp-content\/uploads\/usu388\/2024\/01\/ELS-7-PRINCIPIS-DE-LAPRENENTATGE-Pagina-2-blanc-768x543.jpg 768w, https:\/\/agora.xtec.cat\/ceipsegimoncomas\/wp-content\/uploads\/usu388\/2024\/01\/ELS-7-PRINCIPIS-DE-LAPRENENTATGE-Pagina-2-blanc-1536x1086.jpg 1536w, https:\/\/agora.xtec.cat\/ceipsegimoncomas\/wp-content\/uploads\/usu388\/2024\/01\/ELS-7-PRINCIPIS-DE-LAPRENENTATGE-Pagina-2-blanc-2048x1448.jpg 2048w\" sizes=\"auto, (max-width: 1024px) 100vw, 1024px\" \/><\/a><\/h3>\n<p>&nbsp;<\/p>\n<h2><strong>\u00a0<\/strong><\/h2>\n<p>&nbsp;<\/p>\n","protected":false},"excerpt":{"rendered":"<p><a href=\"https:\/\/agora.xtec.cat\/ceipsegimoncomas\/lescola\/\">L&#8217;ESCOLA<\/a><\/p>\n<p><a href=\"https:\/\/agora.xtec.cat\/ceipsegimoncomas\/documents-descola\/\">DOCUMENTS D&#8217;ESCOLA<\/a><\/p>\n<p><a href=\"https:\/\/agora.xtec.cat\/ceipsegimoncomas\/projectes\/\">PROJECTES D&#8217;ESCOLA<\/a><\/p>\n<p><a href=\"https:\/\/agora.xtec.cat\/ceipsegimoncomas\/serveis\/menjador-escolar\/\">MENJADOR<\/a><\/p>\n<p><a href=\"https:\/\/agora.xtec.cat\/ceipsegimoncomas\/afa\/\">AFA<\/a><\/p>\n<p><a href=\"https:\/\/agora.xtec.cat\/ceipsegimoncomas\/lescola\/calendari-del-curs\/\">CALENDARI DEL CURS<\/a><\/p>\n<p><a href=\"https:\/\/agora.xtec.cat\/ceipsegimoncomas\/preinscripcio-escola\/\">PREINSCRIPCI\u00d3<\/a><\/p>\n<p><a href=\"https:\/\/agora.xtec.cat\/ceipsegimoncomas\/lescola\/families\/\">FAM\u00cdLIES<\/a><\/p>\n<p>Aquests principis es plantegen com a fonamentals en totes les escoles i tots els plans d\u2019aprenentatge perqu\u00e8 ofereixen els blocs de construcci\u00f3 de disseny, millora i innovaci\u00f3.\u00a0<br \/>\n<a href=\"https:\/\/agora.xtec.cat\/ceipsegimoncomas\/wp-content\/uploads\/usu388\/2024\/01\/ELS-7-PRINCIPIS-DE-LAPRENENTATGE-Pagina-2-blanc.jpg\"><\/a><br \/>\n&nbsp;<br \/>\n\u00a0<br \/>\n&nbsp;<\/p>\n","protected":false},"author":1,"featured_media":0,"parent":0,"menu_order":0,"comment_status":"closed","ping_status":"closed","template":"page-templates\/front-page.php","meta":{"_bbp_topic_count":0,"_bbp_reply_count":0,"_bbp_total_topic_count":0,"_bbp_total_reply_count":0,"_bbp_voice_count":0,"_bbp_anonymous_reply_count":0,"_bbp_topic_count_hidden":0,"_bbp_reply_count_hidden":0,"_bbp_forum_subforum_count":0,"footnotes":""},"class_list":["post-9","page","type-page","status-publish","hentry"],"post_mailing_queue_ids":[],"_links":{"self":[{"href":"https:\/\/agora.xtec.cat\/ceipsegimoncomas\/wp-json\/wp\/v2\/pages\/9","targetHints":{"allow":["GET"]}}],"collection":[{"href":"https:\/\/agora.xtec.cat\/ceipsegimoncomas\/wp-json\/wp\/v2\/pages"}],"about":[{"href":"https:\/\/agora.xtec.cat\/ceipsegimoncomas\/wp-json\/wp\/v2\/types\/page"}],"author":[{"embeddable":true,"href":"https:\/\/agora.xtec.cat\/ceipsegimoncomas\/wp-json\/wp\/v2\/users\/1"}],"replies":[{"embeddable":true,"href":"https:\/\/agora.xtec.cat\/ceipsegimoncomas\/wp-json\/wp\/v2\/comments?post=9"}],"version-history":[{"count":8,"href":"https:\/\/agora.xtec.cat\/ceipsegimoncomas\/wp-json\/wp\/v2\/pages\/9\/revisions"}],"predecessor-version":[{"id":12077,"href":"https:\/\/agora.xtec.cat\/ceipsegimoncomas\/wp-json\/wp\/v2\/pages\/9\/revisions\/12077"}],"wp:attachment":[{"href":"https:\/\/agora.xtec.cat\/ceipsegimoncomas\/wp-json\/wp\/v2\/media?parent=9"}],"curies":[{"name":"wp","href":"https:\/\/api.w.org\/{rel}","templated":true}]}}