{"id":6661,"date":"2018-08-08T12:23:25","date_gmt":"2018-08-08T10:23:25","guid":{"rendered":"http:\/\/agora.xtec.cat\/ceipsegimoncomas\/?page_id=6661"},"modified":"2024-01-03T14:05:09","modified_gmt":"2024-01-03T13:05:09","slug":"programacio-anual","status":"publish","type":"page","link":"https:\/\/agora.xtec.cat\/ceipsegimoncomas\/documents-descola\/programacio-anual\/","title":{"rendered":"Projecte Ling\u00fc\u00edstic de Centre"},"content":{"rendered":"<p>Aquest document defineix el tractament de les lleng\u00fces a l&#8217;escola.<\/p>\n<p><a href=\"https:\/\/agora.xtec.cat\/ceipsegimoncomas\/wp-content\/uploads\/usu388\/bp-attachments\/3913\/PROJECTE-LING\u00dc\u00cdSTIC-25-05-2020.pdf\">PROJECTE LING\u00dc\u00cdSTIC DE CENTRE<\/a><\/p>\n","protected":false},"excerpt":{"rendered":"<p>Aquest document defineix el tractament de les lleng\u00fces a l&#8217;escola.<br \/>\n<a href=\"https:\/\/agora.xtec.cat\/ceipsegimoncomas\/wp-content\/uploads\/usu388\/bp-attachments\/3913\/PROJECTE-LING\u00dc\u00cdSTIC-25-05-2020.pdf\">PROJECTE LING\u00dc\u00cdSTIC DE CENTRE<\/a><\/p>\n","protected":false},"author":1,"featured_media":0,"parent":11557,"menu_order":40,"comment_status":"closed","ping_status":"closed","template":"page-templates\/side-menu.php","meta":{"_bbp_topic_count":0,"_bbp_reply_count":0,"_bbp_total_topic_count":0,"_bbp_total_reply_count":0,"_bbp_voice_count":0,"_bbp_anonymous_reply_count":0,"_bbp_topic_count_hidden":0,"_bbp_reply_count_hidden":0,"_bbp_forum_subforum_count":0,"footnotes":""},"class_list":["post-6661","page","type-page","status-publish","hentry"],"post_mailing_queue_ids":[],"_links":{"self":[{"href":"https:\/\/agora.xtec.cat\/ceipsegimoncomas\/wp-json\/wp\/v2\/pages\/6661","targetHints":{"allow":["GET"]}}],"collection":[{"href":"https:\/\/agora.xtec.cat\/ceipsegimoncomas\/wp-json\/wp\/v2\/pages"}],"about":[{"href":"https:\/\/agora.xtec.cat\/ceipsegimoncomas\/wp-json\/wp\/v2\/types\/page"}],"author":[{"embeddable":true,"href":"https:\/\/agora.xtec.cat\/ceipsegimoncomas\/wp-json\/wp\/v2\/users\/1"}],"replies":[{"embeddable":true,"href":"https:\/\/agora.xtec.cat\/ceipsegimoncomas\/wp-json\/wp\/v2\/comments?post=6661"}],"version-history":[{"count":3,"href":"https:\/\/agora.xtec.cat\/ceipsegimoncomas\/wp-json\/wp\/v2\/pages\/6661\/revisions"}],"predecessor-version":[{"id":9475,"href":"https:\/\/agora.xtec.cat\/ceipsegimoncomas\/wp-json\/wp\/v2\/pages\/6661\/revisions\/9475"}],"up":[{"embeddable":true,"href":"https:\/\/agora.xtec.cat\/ceipsegimoncomas\/wp-json\/wp\/v2\/pages\/11557"}],"wp:attachment":[{"href":"https:\/\/agora.xtec.cat\/ceipsegimoncomas\/wp-json\/wp\/v2\/media?parent=6661"}],"curies":[{"name":"wp","href":"https:\/\/api.w.org\/{rel}","templated":true}]}}