{"id":36,"date":"2014-09-18T12:33:11","date_gmt":"2014-09-18T11:33:11","guid":{"rendered":"http:\/\/agora.xtec.cat\/ceipsegimoncomas\/?page_id=36"},"modified":"2025-10-01T20:09:29","modified_gmt":"2025-10-01T18:09:29","slug":"material-escolar","status":"publish","type":"page","link":"https:\/\/agora.xtec.cat\/ceipsegimoncomas\/lescola\/material-escolar\/","title":{"rendered":"Inici de curs"},"content":{"rendered":"<h3><strong>INFORMACIONS CURS 2025-26<\/strong><\/h3>\n<p><strong>INFORMACI\u00d3 B\u00c0SICA INICI DE CURS<\/strong><\/p>\n<ul>\n<li><a href=\"https:\/\/drive.google.com\/file\/d\/1667tT_bZ7cDbzS_24RQLitaibYM69kZy\/view?usp=sharing\"><span style=\"color: #3366ff;\">Informaci\u00f3 d&#8217;inici de curs 2025\/26<\/span><\/a> (XERRAIRE INFORMATIU)<\/li>\n<li><a href=\"https:\/\/drive.google.com\/file\/d\/1bsCMBz0S3z9ZCyvxz6ElZsdRtO0Xem0A\/view?usp=sharing\"><span style=\"color: #3366ff;\">Carta fi de curs 2024\/25<\/span><\/a><\/li>\n<\/ul>\n<p><strong>CURS 2025-26 (informacions)<\/strong><\/p>\n<ul>\n<li><a href=\"https:\/\/drive.google.com\/file\/d\/1hHt5GDl18t7gYvcInp5RVA-Da2GfzAn_\/view?usp=sharing\"><span style=\"color: #3366ff;\">Educaci\u00f3 Infantil I3 &#8211; juny<\/span><\/a><\/li>\n<li><a href=\"https:\/\/drive.google.com\/file\/d\/1yGgz5jNWpREmKH45OLj10eKWSizHRU_d\/view?usp=sharing\"><span style=\"color: #3366ff;\">Educaci\u00f3 Infantil<\/span><\/a><\/li>\n<li><a href=\"https:\/\/drive.google.com\/file\/d\/18imB9zX01JONI_9DmkJKuBstoKvP-yPR\/view?usp=sharing\"><span style=\"color: #3366ff;\">Cicle Inicial (1r i 2n)<\/span><\/a><\/li>\n<li><a href=\"https:\/\/drive.google.com\/file\/d\/1pOYKiLXQY5VgqZy4OThwb5MEUNQzYbeW\/view?usp=sharing\"><span style=\"color: #3366ff;\">Cicle Mitj\u00e0 (3r i 4t)<\/span><\/a><\/li>\n<li><a href=\"https:\/\/drive.google.com\/file\/d\/1dXyIOovaURkN4lsliYm0vCwVPdkBGTIe\/view?usp=sharing\"><span style=\"color: #3366ff;\">Cicle Superior (5\u00e8 i 6\u00e8)<\/span><\/a><\/li>\n<\/ul>\n<h3><strong>AUTORITZACIONS<\/strong><\/h3>\n<p>DIGITAL-INTERNET SEGURA<\/p>\n<ul>\n<li><a href=\"https:\/\/drive.google.com\/file\/d\/1v3MNFjvZB03I7bQfzpbnumTYD5lLQFBw\/view?usp=sharing\">Autoritzaci\u00f3 relativa als alumnes menors de 14 anys: \u00fas d\u2019imatges, publicaci\u00f3 de dades de car\u00e0cter personal i de material que elaboren.<\/a><\/li>\n<li><a href=\"https:\/\/drive.google.com\/file\/d\/1DdP8K6F9WLZLKxmBA9ySVIfVLJfDrU9t\/view?usp=sharing\">Autoritzaci\u00f3 relativa als alumnes menors de 14 anys: \u00fas de serveis i recursos digitals a internet per treballar a l\u2019aula.<\/a><\/li>\n<li><a href=\"https:\/\/drive.google.com\/file\/d\/1WaEr4nl9EQPthDa8ge3Q1SjK7tk01pNo\/view?usp=sharing\">Autoritzaci\u00f3 per a l\u2019administraci\u00f3 de paracetamol <\/a><\/li>\n<\/ul>\n<h3><strong>AUTORITZACIONS<\/strong><\/h3>\n<p><strong>Altres autoritzacions i\/o informacions es fan des de l&#8217;aplicaci\u00f3 <a href=\"https:\/\/dinantia.com\/es\/\">DINANTIA<\/a><\/strong><\/p>\n<ul>\n<li>Marxar sols de l&#8217;escola (3r a 6\u00e8)<\/li>\n<li>Persones autoritzades per recollir l&#8217;alumnat (I3 a 3r) &#8211; no marxen sols<\/li>\n<li>Medicaments en cas de malaltia.<\/li>\n<li>Sortides al voltant de l\u2019escola &#8211; no requereixen transport<\/li>\n<li>Intoler\u00e0ncies aliment\u00e0ries (cal informe m\u00e8dic)<\/li>\n<li>Seguiment de r\u00e8gim especial<\/li>\n<li>Servei de p\u00edcnic en les sortides<\/li>\n<li>Despla\u00e7ament al centre sanitari en cas d&#8217;emerg\u00e8ncia m\u00e8dica &#8211; pr\u00e8via trucada a la fam\u00edlia<\/li>\n<\/ul>\n<p><a class=\"button large\" style=\"padding: 1em; font-weight: 400; margin: 0.1em; color: white !important; background-color: #087eb6;\" href=\"https:\/\/docs.google.com\/spreadsheets\/d\/1lDx_3Szg-lwoJLEMftFY1Z59vJSZYgIIEiGBzq2T22w\/edit?usp=sharing\" target=\"_blank\" rel=\"noopener noreferrer\">LLIBRES DE TEXT CURS 2025-2026\u00a0<\/a><\/p>\n","protected":false},"excerpt":{"rendered":"<p>INFORMACIONS CURS 2025-26<br \/>\nINFORMACI\u00d3 B\u00c0SICA INICI DE CURS<\/p>\n<ul>\n<li><a href=\"https:\/\/drive.google.com\/file\/d\/1667tT_bZ7cDbzS_24RQLitaibYM69kZy\/view?usp=sharing\">Informaci\u00f3 d&#8217;inici de curs 2025\/26<\/a> (XERRAIRE INFORMATIU)<\/li>\n<li><a href=\"https:\/\/drive.google.com\/file\/d\/1bsCMBz0S3z9ZCyvxz6ElZsdRtO0Xem0A\/view?usp=sharing\">Carta fi de curs 2024\/25<\/a><\/li>\n<\/ul>\n<p>CURS 2025-26 (informacions)<\/p>\n<ul>\n<li><a href=\"https:\/\/drive.google.com\/file\/d\/1hHt5GDl18t7gYvcInp5RVA-Da2GfzAn_\/view?usp=sharing\">Educaci\u00f3 Infantil I3 &#8211; juny<\/a><\/li>\n<li><a href=\"https:\/\/drive.google.com\/file\/d\/1yGgz5jNWpREmKH45OLj10eKWSizHRU_d\/view?usp=sharing\">Educaci\u00f3 Infantil<\/a><\/li>\n<li><a href=\"https:\/\/drive.google.com\/file\/d\/18imB9zX01JONI_9DmkJKuBstoKvP-yPR\/view?usp=sharing\">Cicle Inicial (1r i 2n)<\/a><\/li>\n<li><a href=\"https:\/\/drive.google.com\/file\/d\/1pOYKiLXQY5VgqZy4OThwb5MEUNQzYbeW\/view?usp=sharing\">Cicle Mitj\u00e0 (3r i 4t)<\/a><\/li>\n<li><a href=\"https:\/\/drive.google.com\/file\/d\/1dXyIOovaURkN4lsliYm0vCwVPdkBGTIe\/view?usp=sharing\">Cicle Superior (5\u00e8 i 6\u00e8)<\/a><\/li>\n<\/ul>\n<p>AUTORITZACIONS<br \/>\nDIGITAL-INTERNET SEGURA<\/p>\n<ul>\n<li><a href=\"https:\/\/drive.google.com\/file\/d\/1v3MNFjvZB03I7bQfzpbnumTYD5lLQFBw\/view?usp=sharing\">Autoritzaci\u00f3&hellip;  <a href=\"https:\/\/agora.xtec.cat\/ceipsegimoncomas\/lescola\/material-escolar\/\" title=\"Read Inici de curs\">Llegeix m\u00e9s\u00bb<\/a><br \/>\n","protected":false},"author":1,"featured_media":0,"parent":22,"menu_order":50,"comment_status":"closed","ping_status":"closed","template":"page-templates\/side-menu.php","meta":{"_bbp_topic_count":0,"_bbp_reply_count":0,"_bbp_total_topic_count":0,"_bbp_total_reply_count":0,"_bbp_voice_count":0,"_bbp_anonymous_reply_count":0,"_bbp_topic_count_hidden":0,"_bbp_reply_count_hidden":0,"_bbp_forum_subforum_count":0,"footnotes":""},"class_list":["post-36","page","type-page","status-publish","hentry"],"post_mailing_queue_ids":[],"_links":{"self":[{"href":"https:\/\/agora.xtec.cat\/ceipsegimoncomas\/wp-json\/wp\/v2\/pages\/36","targetHints":{"allow":["GET"]}}],"collection":[{"href":"https:\/\/agora.xtec.cat\/ceipsegimoncomas\/wp-json\/wp\/v2\/pages"}],"about":[{"href":"https:\/\/agora.xtec.cat\/ceipsegimoncomas\/wp-json\/wp\/v2\/types\/page"}],"author":[{"embeddable":true,"href":"https:\/\/agora.xtec.cat\/ceipsegimoncomas\/wp-json\/wp\/v2\/users\/1"}],"replies":[{"embeddable":true,"href":"https:\/\/agora.xtec.cat\/ceipsegimoncomas\/wp-json\/wp\/v2\/comments?post=36"}],"version-history":[{"count":6,"href":"https:\/\/agora.xtec.cat\/ceipsegimoncomas\/wp-json\/wp\/v2\/pages\/36\/revisions"}],"predecessor-version":[{"id":12298,"href":"https:\/\/agora.xtec.cat\/ceipsegimoncomas\/wp-json\/wp\/v2\/pages\/36\/revisions\/12298"}],"up":[{"embeddable":true,"href":"https:\/\/agora.xtec.cat\/ceipsegimoncomas\/wp-json\/wp\/v2\/pages\/22"}],"wp:attachment":[{"href":"https:\/\/agora.xtec.cat\/ceipsegimoncomas\/wp-json\/wp\/v2\/media?parent=36"}],"curies":[{"name":"wp","href":"https:\/\/api.w.org\/{rel}","templated":true}]}}