{"id":359,"date":"2016-08-02T09:29:49","date_gmt":"2016-08-02T08:29:49","guid":{"rendered":"http:\/\/agora.xtec.cat\/ceipsegimoncomas\/?page_id=359"},"modified":"2026-02-03T22:47:55","modified_gmt":"2026-02-03T21:47:55","slug":"afa","status":"publish","type":"page","link":"https:\/\/agora.xtec.cat\/ceipsegimoncomas\/afa\/","title":{"rendered":"AFA Segimon Comas"},"content":{"rendered":"<h1 style=\"text-align: center;\"><a href=\"https:\/\/agora.xtec.cat\/ceipsegimoncomas\/wp-content\/uploads\/usu388\/2026\/02\/Logos-50-aniversari1.png\"><img loading=\"lazy\" decoding=\"async\" class=\"aligncenter wp-image-12382\" src=\"https:\/\/agora.xtec.cat\/ceipsegimoncomas\/wp-content\/uploads\/usu388\/2026\/02\/Logos-50-aniversari1.png\" alt=\"\" width=\"351\" height=\"351\" \/><\/a><em><span style=\"color: #6b49a6;\"><strong data-start=\"277\" data-end=\"317\">50 anys al teu costat<\/strong><\/span><\/em><\/h1>\n<section class=\"hero\" role=\"banner\" aria-label=\"AFA Segimon Comas - Fam\u00edlies compromeses\">\n<div class=\"hero-content\" style=\"text-align: center;\">\n<h3 style=\"text-align: center;\" data-start=\"270\" data-end=\"317\"><strong data-start=\"277\" data-end=\"317\">Fam\u00edlies compromeses amb l\u2019educaci\u00f3, la conviv\u00e8ncia i la socialitzaci\u00f3.<\/strong><\/h3>\n<h6 data-start=\"270\" data-end=\"317\"><em>Construint comunitat educativa des de la participaci\u00f3 i la col\u00b7laboraci\u00f3.<\/p>\n<p><\/em><\/h6>\n<nav class=\"buttons\" aria-label=\"Enlla\u00e7os principals de la web\"><\/nav>\n<\/div>\n<\/section>\n<h5 style=\"text-align: center;\"><strong><a href=\"mailto:afasegimoncomas@gmail.com\">\ud83d\udce9 afasegimoncomas@gmail.com<\/a><\/strong><\/h5>\n<h5 style=\"text-align: center;\"><strong><a href=\"https:\/\/agora.xtec.cat\/ceipsegimoncomas\/wp-content\/uploads\/usu388\/2023\/04\/2111463.png\"><img loading=\"lazy\" decoding=\"async\" class=\"wp-image-11352 alignnone\" src=\"https:\/\/agora.xtec.cat\/ceipsegimoncomas\/wp-content\/uploads\/usu388\/2023\/04\/2111463.png\" alt=\"\" width=\"23\" height=\"23\" \/><\/a><a href=\"https:\/\/www.instagram.com\/afasegimoncomas\/\" target=\"_blank\" rel=\"noopener\"> @afasegimoncomas<\/a><\/strong><\/h5>\n","protected":false},"excerpt":{"rendered":"<p><a href=\"https:\/\/agora.xtec.cat\/ceipsegimoncomas\/wp-content\/uploads\/usu388\/2026\/02\/Logos-50-aniversari1.png\"><\/a>50 anys al teu costat<\/p>\n<p>Fam\u00edlies compromeses amb l\u2019educaci\u00f3, la conviv\u00e8ncia i la socialitzaci\u00f3.<br \/>\nConstruint comunitat educativa des de la participaci\u00f3 i la col\u00b7laboraci\u00f3.<\/p>\n<p><a href=\"mailto:afasegimoncomas@gmail.com\">\ud83d\udce9 afasegimoncomas@gmail.com<\/a><br \/>\n<a href=\"https:\/\/agora.xtec.cat\/ceipsegimoncomas\/wp-content\/uploads\/usu388\/2023\/04\/2111463.png\"><\/a><a href=\"https:\/\/www.instagram.com\/afasegimoncomas\/\" target=\"_blank\" rel=\"noopener\"> @afasegimoncomas<\/a><\/p>\n","protected":false},"author":1,"featured_media":0,"parent":0,"menu_order":0,"comment_status":"closed","ping_status":"closed","template":"page-templates\/side-menu.php","meta":{"_bbp_topic_count":0,"_bbp_reply_count":0,"_bbp_total_topic_count":0,"_bbp_total_reply_count":0,"_bbp_voice_count":0,"_bbp_anonymous_reply_count":0,"_bbp_topic_count_hidden":0,"_bbp_reply_count_hidden":0,"_bbp_forum_subforum_count":0,"footnotes":""},"class_list":["post-359","page","type-page","status-publish","hentry"],"post_mailing_queue_ids":[],"_links":{"self":[{"href":"https:\/\/agora.xtec.cat\/ceipsegimoncomas\/wp-json\/wp\/v2\/pages\/359","targetHints":{"allow":["GET"]}}],"collection":[{"href":"https:\/\/agora.xtec.cat\/ceipsegimoncomas\/wp-json\/wp\/v2\/pages"}],"about":[{"href":"https:\/\/agora.xtec.cat\/ceipsegimoncomas\/wp-json\/wp\/v2\/types\/page"}],"author":[{"embeddable":true,"href":"https:\/\/agora.xtec.cat\/ceipsegimoncomas\/wp-json\/wp\/v2\/users\/1"}],"replies":[{"embeddable":true,"href":"https:\/\/agora.xtec.cat\/ceipsegimoncomas\/wp-json\/wp\/v2\/comments?post=359"}],"version-history":[{"count":6,"href":"https:\/\/agora.xtec.cat\/ceipsegimoncomas\/wp-json\/wp\/v2\/pages\/359\/revisions"}],"predecessor-version":[{"id":12387,"href":"https:\/\/agora.xtec.cat\/ceipsegimoncomas\/wp-json\/wp\/v2\/pages\/359\/revisions\/12387"}],"wp:attachment":[{"href":"https:\/\/agora.xtec.cat\/ceipsegimoncomas\/wp-json\/wp\/v2\/media?parent=359"}],"curies":[{"name":"wp","href":"https:\/\/api.w.org\/{rel}","templated":true}]}}