{"id":290,"date":"2016-07-19T18:06:11","date_gmt":"2016-07-19T17:06:11","guid":{"rendered":"http:\/\/agora.xtec.cat\/ceipsegimoncomas\/?page_id=290"},"modified":"2024-01-03T14:04:14","modified_gmt":"2024-01-03T13:04:14","slug":"trets-didentitat","status":"publish","type":"page","link":"https:\/\/agora.xtec.cat\/ceipsegimoncomas\/documents-descola\/trets-didentitat\/","title":{"rendered":"Projecte Educatiu de Centre"},"content":{"rendered":"<h2 style=\"text-align: center;\"><span style=\"color: #6b7db3;\"><strong>MISSI\u00d3<\/strong><\/span><\/h2>\n<p><span style=\"color: #6b7db3;\">La principal finalitat de la nostra escola \u00e9s contribuir al creixement personal dels nostres alumnes en el seu proc\u00e9s de socialitzaci\u00f3 i individualitzaci\u00f3.<\/span><\/p>\n<p><span style=\"color: #6b7db3;\">Desenvolupar al m\u00e0xim les capacitats i compet\u00e8ncies de tots i cadascun dels nens\/es, com a principi fonamentador de l\u2019equitat i garantia, alhora, de la cohesi\u00f3 social.<\/span><\/p>\n<h2 style=\"text-align: center;\"><strong><span style=\"color: #6b7db3;\">VISI\u00d3 DE FUTUR<\/span><\/strong><\/h2>\n<p><span style=\"color: #6b7db3;\">Volem formar a persones que siguin capaces d\u2019adaptar-se als canvis i poder decidir el seu futur.<\/span><\/p>\n<p><span style=\"color: #6b7db3;\">Volem formar persones aut\u00f2nomes que puguin ser part activa de la societat canviant en la qual vivim de forma responsable.<\/span><\/p>\n<p><span style=\"color: #6b7db3;\">Organitzem l&#8217;escola de manera consensuada i amb una gesti\u00f3 transparent i a l&#8217;abast de tot el col\u00b7lectiu.<\/span><\/p>\n<p><span style=\"color: #6b7db3;\">Disposem d&#8217;eines de gesti\u00f3 eficients.<\/span><\/p>\n<p><span style=\"color: #6b7db3;\">Atenem la diversitat dels alumnes i avancem en la personalitzaci\u00f3 del curr\u00edculum.<\/span><\/p>\n<p><span style=\"color: #6b7db3;\">Millorem dels processos d&#8217;ensenyament-aprenentatge a partir de reconduir els resultats obtinguts i la reflexi\u00f3 de la pr\u00e0ctica educativa.<\/span><\/p>\n<p><span style=\"color: #6b7db3;\">Compartim valors amb tota la comunitat per avan\u00e7ar envers l&#8217;acci\u00f3 educativa transversal.<\/span><\/p>\n<p><span style=\"color: #6b7db3;\">Gestionem efica\u00e7ment els recursos humans, materials i les instal\u00b7lacions.<\/span><\/p>\n<p><span style=\"color: #6b7db3;\">Com a comunitat educativa ens definim amb els seg\u00fcents elements que ens identifiquen i ens configuren com a col\u00b7lectiu.<\/span><\/p>\n<ul style=\"list-style-type: square;\">\n<li>\n<h2><b>\u00a0<\/b><span style=\"color: #6b7db3;\"><b><i>La pertinen\u00e7a a un tot<\/i><\/b><\/span><\/h2>\n<\/li>\n<\/ul>\n<p><span style=\"color: #6b7db3;\">Entenem l&#8217;escola com un col\u00b7lectiu hum\u00e0 on tots hi tenim cabuda, responsabilitats i drets.<\/span><\/p>\n<p><span style=\"color: #6b7db3;\">Els nens s\u00f3n l&#8217;eix vertebrador de la comunitat i l&#8217;equip de mestres afavoreix din\u00e0miques per tal d&#8217;integrar en aquest marc a les fam\u00edlies, institucions i entorn immediat i global.<\/span><\/p>\n<p><span style=\"color: #6b7db3;\">L&#8217;escola necessita persones actives i que sentin la comunitat educativa viva i amb una actiitud d&#8217;establir lligams que ens ajudin a caminar seguint el batec del m\u00f3n que vivim.<\/span><\/p>\n<p><span style=\"color: #6b7db3;\">Organitzem l&#8217;escola a partir de crear estrat\u00e8gies organitzatives que canvien amb el pas dels cursos.<\/span><\/p>\n<p><span style=\"font-weight: 400; color: #6b7db3;\">Prioritzem la formaci\u00f3 integral dels nostres alumnes des de la perspectiva del creixement personal i de l&#8217;aprenentatge.<\/span><\/p>\n<p><span style=\"color: #6b7db3;\">Prioritzem l&#8217;assoliment de les compet\u00e8ncies b\u00e0siques per assolir la qualitat educativa.<\/span><\/p>\n<p><span style=\"color: #6b7db3;\">Plantegem les activitats de centre sota la premissa de l&#8217;equitat.<\/span><\/p>\n<ul style=\"list-style-type: square;\">\n<li>\n<h2><span style=\"color: #6b7db3;\"><b><i><b><i>El tractament ling\u00fc\u00edstic<\/i><\/b><\/i><\/b><\/span><\/h2>\n<\/li>\n<\/ul>\n<p><span style=\"color: #6b7db3;\">L&#8217;escola t\u00e9 el catal\u00e0 com a llengua vehicular de l&#8217;escola.<\/span><\/p>\n<p><span style=\"color: #6b7db3;\">Establim el tractament de les lleng\u00fces dins el Projecte Ling\u00fc\u00edstic de Centre.<\/span><\/p>\n<p><span style=\"color: #6b7db3;\">Prioritzem dins el Pla Anual actuacions que fomentin el coneixement de la llengua catalana des d&#8217;una perspectiva l\u00fadica i participativa de tota la comunitat amb activitats de caire pluriling\u00fce emmarcades en celebracions de caire global.<\/span><\/p>\n<p><span style=\"color: #6b7db3;\">Potenciem el tractament pluriling\u00fces de tractament del catal\u00e0, castell\u00e0 i angl\u00e8s.<\/span><\/p>\n<p><span style=\"color: #6b7db3;\">Incorporem dins dels projectes de centre activitats de participaci\u00f3 de les altres lleng\u00fces de la comunitat educativa.<\/span><\/p>\n<p><span style=\"color: #6b7db3;\">Impartim una \u00e0rea curricular en angl\u00e8s a l&#8217;Educaci\u00f3 Prim\u00e0ria.<\/span><\/p>\n<p><span style=\"color: #6b7db3;\">Participem en activitats d&#8217;innovaci\u00f3 promogudes pel Departament d&#8217;Ensenyament d&#8217;impuls a \u00a0les lleng\u00fces.<\/span><\/p>\n<p><span style=\"color: #6b7db3;\">Editem una revista escolar anual dedicada a la difusi\u00f3 del tractament de la llengua a l&#8217;escola.<\/span><\/p>\n<p><span style=\"color: #6b7db3;\">Difonem les activitats ling\u00fc\u00edstiques m\u00e9s rellevants al blog d&#8217;angl\u00e8s i de cada cicle.<\/span><\/p>\n<ul>\n<li>\n<h2><strong><span style=\"color: #6b7db3;\"><i><i>La sostenibilitat com una aposta de futur<\/i><\/i><\/span><\/strong><\/h2>\n<\/li>\n<\/ul>\n<p><span style=\"color: #6b7db3;\">Som Escola Verdes des del curs 2001\/02 i participem activament en el Programa Escoles Verdes del Departament d&#8217;Ensenyament.<\/span><\/p>\n<p><span style=\"color: #6b7db3;\">Planifiquem Plans d&#8217;Acci\u00f3 d&#8217;acord amb els Projectes de Direcci\u00f3 per tal de definir i avaluar els objectius treballats.<\/span><\/p>\n<p><span style=\"color: #6b7db3;\">Establim mecanirmes de participaci\u00f3 de les fam\u00edlies, la comunicat educativa i els alumnes d&#8217;acord amb els criteris del Programa i el Pla d&#8217;Acci\u00f3 vigent.<\/span><\/p>\n<p><span style=\"color: #6b7db3;\">Tenim definits programes de corresponsabilitat amb l&#8217;Ajuntament de Sant Quirze de Besora per tal d&#8217;avan\u00e7ar en la sostenibilitat de l&#8217;escola i el municipi.<\/span><\/p>\n<p><span style=\"color: #6b7db3;\">Integrem en el curr\u00edculum els continguts i objectius del Pla d&#8217;Acci\u00f3 fomentant la realitzaci\u00f3 d&#8217;activitats competencials a tots els nivells.<\/span><\/p>\n<p><span style=\"color: #6b7db3;\">Difonem les actuacions de l&#8217;escola en \u00a0el blog d&#8217;escola Escoles Verdes.<\/span><\/p>\n<p><span style=\"color: #6b7db3;\">Participem en activitats globals de difusi\u00f3 del programa a diferents \u00e0mbits geogr\u00e0fics.<\/span><\/p>\n<p><span style=\"color: #6b7db3;\">Participem activament en el Seminari del Pla de Formaci\u00f3 de Zona i incorporem les propostes en el Pla d&#8217;Acci\u00f3.<\/span><\/p>\n<p><span style=\"color: #6b7db3;\">Editem una revista anual dedicada a la difusi\u00f3 del Programa Escoles Verdes.<\/span><\/p>\n<ul>\n<li>\n<h2><strong><span style=\"color: #6b7db3;\"><i><i> Les tecnologies de la informaci\u00f3: inform\u00e0tica i mitjans audiovisuals<\/i><\/i><\/span><\/strong><\/h2>\n<\/li>\n<\/ul>\n<p><span style=\"color: #6b7db3;\">La nostra traject\u00f2ria ens ha portat a prioritzar i actualitzar les \u00a0TAC i \u00a0eines 2.0 com a \u00a0objectiu de centre.<\/span><\/p>\n<p><span style=\"color: #6b7db3;\">Estem immersos en debats constants sobre el tractament de les TAC i les MAV a l&#8217;escola.<\/span><\/p>\n<p><span style=\"color: #6b7db3;\">Tenim consolidada la comissi\u00f3 TAC com a eix vertebredor de la dinamitzaci\u00f3 del Pla TAC \u00a0a l&#8217;escola.<\/span><\/p>\n<p><span style=\"color: #6b7db3;\">Apostem per una l\u00ednia de treball compartida amb l&#8217;AMPA i l&#8217;Ajuntament de Sant Quirze de Besora per tal d&#8217;actualitzar i innovar en TAC.<\/span><\/p>\n<p><span style=\"color: #6b7db3;\">Vetllem per l&#8217;aplicaci\u00f3 de millores per part del Departament d&#8217;Ensenyament amb l&#8217;objectiu de millorar l&#8217;aportaci\u00f3 de recursos.<\/span><\/p>\n<p><span style=\"color: #6b7db3;\">Prioritzem l&#8217;aplicaci\u00f3 de les TAC dins del pressupost anual de centre a partir de la diagnosi de les necessitats actualitzada a la rapidesa dels canvis.<\/span><\/p>\n<p><span style=\"color: #6b7db3;\">Participem en activitats adre\u00e7ades a l&#8217;alumnat per promoure l&#8217;\u00fas de les TAC.<\/span><\/p>\n<p><span style=\"color: #6b7db3;\">Participem en el Seminari i en cursos telem\u00e0tics del Pla de Formaci\u00f3 de Zona.<\/span><\/p>\n<p><span style=\"color: #6b7db3;\">Impartim formaci\u00f3 interna de centre per actualitzar els coneixements de l&#8217;equip de mestres.<\/span><\/p>\n<p><span style=\"color: #6b7db3;\">Difonem les activitats als blogs de centre i de cada cicle.<\/span><\/p>\n<p><span style=\"color: #6b7db3;\">Introdu\u00efm les TAC a tots els nivells dins de les \u00e0rees curriculars amb l&#8217;objectiu d&#8217;assolir les compet\u00e8ncies b\u00e0siques.<\/span><\/p>\n<ul>\n<li>\n<h2><strong><span style=\"color: #6b7db3;\"><i><i>Fem una escola per a tots<\/i><\/i><\/span><\/strong><\/h2>\n<\/li>\n<\/ul>\n<p><span style=\"color: #6b7db3;\">Som escola inclusiva amb l&#8217;objectiu clar d&#8217;atendre a tot l&#8217;alumnat.<\/span><\/p>\n<p><span style=\"color: #6b7db3;\">Entenem la diversitat com una font de de riquesa que cal gestionar perqu\u00e8 esdevingui coneixement.<\/span><\/p>\n<p><span style=\"color: #6b7db3;\">Planifiquem anualment els recursos humans d&#8217;acord amb les necessitats de l&#8217;alumnat a partir de la diagnosi de cada aula i del coneixement de l&#8217;alumnat.<\/span><\/p>\n<p><span style=\"color: #6b7db3;\">Disposem d&#8217;instruments d&#8217;avaluaci\u00f3 del grup classe des de la perspectives de la diversitat que avaluem a les Comissions d&#8217;Avaluaci\u00f3 i generen la prioritzaci\u00f3 d&#8217;atenci\u00f3 de cada grup classe.<\/span><\/p>\n<p><span style=\"color: #6b7db3;\">Publiquem els perfils de cada grup classe en la Mem\u00f2ria Anual.<\/span><\/p>\n<p><span style=\"color: #6b7db3;\">Publiquem els recursos humans atorgats a cada nivell \u00a0en el Pla Anual.<\/span><\/p>\n<p><span style=\"color: #6b7db3;\">Treballem coordinadament amb els Serveis Externs per tal d&#8217;ajustar les necessitats de cada alumne\/a d&#8217;acord amb els recursos humans de l&#8217;escola.<\/span><\/p>\n<p><span style=\"color: #6b7db3;\">Generem complicitats amb els Serveis Socials de l&#8217;Ajuntament de Sant Quirze de Besora per tal de donar una resposta assertiva als alumnes amb necessitats socials.<\/span><\/p>\n<p><span style=\"color: #6b7db3;\">Treballem amb l&#8217;EAP per tal d&#8217;actuar amb prevenci\u00f3 amb l&#8217;alumnat d&#8217;Educaci\u00f3 Infantil i amb els alumnes prioritzats.<\/span><\/p>\n<p><span style=\"color: #6b7db3;\">Planifiquem estrat\u00e8gies organitzatives de diferent tipologia per tal d&#8217;afavorir la interacci\u00f3 de l&#8217;alumnat i millorar la qualitat de l&#8217;ensenyament.<\/span><\/p>\n<p><span style=\"color: #6b7db3;\">Realitzem un c\u00f2mput d&#8217;hores setmanals amb alumnes del mateix cicle per tal d&#8217;ampliar les relacions humanes i afavorir la diversitat.<\/span><\/p>\n<p><span style=\"color: #6b7db3;\">Dediquem recursos humans a la coordinaci\u00f3 de les modalitats d&#8217;agrupament amb participaci\u00f3 de m\u00e9s d&#8217;un\/a mestre\/a.<\/span><\/p>\n<p><span style=\"color: #6b7db3;\">Exposem a les reunions de pares les modalitats d&#8217;agrupament de cada cicle.<\/span><\/p>\n<p><span style=\"color: #6b7db3;\">Plantegem la coeducaci\u00f3 com un eix a assolir dins del nostre projecte de centre.<\/span><\/p>\n<p><span style=\"color: #6b7db3;\">Fomentem un clima de prevenci\u00f3 a l&#8217;hora de tractar la resoluci\u00f3 de conflictes amb estrat\u00e8gies consensuades a nivell d&#8217;equip de mestres i comunitat educativa. <\/span><\/p>\n<p><span style=\"color: #6b7db3;\">Vetllem per una acci\u00f3 tutorial definida dins l&#8217;equip de mestres amb una vessat de grup classe i una altra d&#8217;atenci\u00f3 personal de l&#8217;alumnat.<\/span><\/p>\n<p><span style=\"color: #6b7db3;\">Impliquem a tot l&#8217;equip de mestres en el seguiment de l&#8217;alumnat.<\/span><\/p>\n<ul>\n<li>\n<h2><strong><span style=\"color: #6b7db3;\"><i><i>L\u2019atenci\u00f3 a l\u2019alumnat nouvingut<\/i><\/i><\/span><\/strong><\/h2>\n<\/li>\n<\/ul>\n<p><span style=\"color: #6b7db3;\">Planifiquem l&#8217;arribada de l&#8217;alumnat nouvingut dins de les compet\u00e8ncies del\/de la responsable ling\u00fc\u00edstica de centre.<\/span><\/p>\n<p><span style=\"color: #6b7db3;\">L&#8217;actuaci\u00f3 inclou l&#8217;atenci\u00f3 a l&#8217;alumne\/a, la coordinaci\u00f3 amb el servei LIC extern i l&#8217;acolliment a la fam\u00edlia.<\/span><\/p>\n<ul>\n<li>\n<h2><strong><span style=\"color: #6b7db3;\"><i><i>La lectura com a font de plaer i coneixement<\/i><\/i><\/span><\/strong><\/h2>\n<\/li>\n<\/ul>\n<p><span style=\"color: #6b7db3;\">Organitzem la lectura a partir dels tres eixos b\u00e0sics: gust per la lectura, saber llegir i llegir per aprendre.<\/span><\/p>\n<p><span style=\"color: #6b7db3;\">Recollim en el Pla Lector de Centre els objectius que pretenem assolir i les estrat\u00e8gies de dinamitzaci\u00f3 del proc\u00e9s.<\/span><\/p>\n<p><span style=\"color: #6b7db3;\">Prioritzem les actuacions dins de l&#8217;\u00e0mbit ling\u00fc\u00edstic com una eina clau per assolir les Compet\u00e8ncies B\u00e0siques.<\/span><\/p>\n<p><span style=\"color: #6b7db3;\">Establim com a centre el c\u00e0rrec de bibliotacari\/\u00e0ria amb una dedicaci\u00f3 lectiva a tasques derivades de gesti\u00f3, organitzaci\u00f3 i de difusi\u00f3 per tal de millorar l&#8217;assoliment d&#8217;objectius.<\/span><\/p>\n<p><span style=\"color: #6b7db3;\">Generem projectes de lectura propis dinamitzas per l&#8217;equip docent i amb la participaci\u00f3 de tot l&#8217;alumnat.<\/span><\/p>\n<p><span style=\"color: #6b7db3;\">Participem en activitats de formaci\u00f3 promogudes pel Departament d&#8217;Ensenyament i el Pla de Formaci\u00f3 de Centres de Zona.<\/span><\/p>\n<p><span style=\"color: #6b7db3;\">Participem en programes d&#8217;impuls a la lleng\u00fces.<\/span><\/p>\n<p><span style=\"color: #6b7db3;\">Prioritzem la Biblioteca Escolar com l&#8217;espai vertebrador de l&#8217;aprenentatge i el gust per la lectura.<\/span><\/p>\n<p><span style=\"color: #6b7db3;\">Treballem coordinadament amb la biblioteca Pompeu Fabra de Sant Quirze de Besora per incrementar els recursos materials i com a assessorament de centre.<\/span><\/p>\n<p><span style=\"color: #6b7db3;\">Difonem les activitats relacionades amb la lectura al blog de la biblioteca.<\/span><\/p>\n<p><span style=\"color: #6b7db3;\">Introdu\u00efm l&#8217;\u00fas de les eines 2.0 per tal de \u00a0facilitar la tasca a l&#8217;equip docent i difondre els materials i activitats.<\/span><\/p>\n<p><span style=\"color: #6b7db3;\">Participem en les jornades de biblioteques promogudes pel Departament d&#8217;Ensenyament.<\/span><\/p>\n<p><span style=\"color: #6b7db3;\">Editem una revista escolar, Xerraire, com a mostra de les activitats de l&#8217;\u00e0mbit de la lectura.<\/span><\/p>\n<p><span style=\"color: #6b7db3;\">Participem en activitats i concursos que fomentin el gust per la lectura i l&#8217;escriptura.<\/span><\/p>\n<ul>\n<li>\n<h2><strong><span style=\"color: #6b7db3;\"><i><i>El coneixement cient\u00edfic\/matem\u00e0tic com una aposta dins els aprenentatges<\/i><\/i><\/span><\/strong><\/h2>\n<\/li>\n<\/ul>\n<p><span style=\"color: #6b7db3;\">El rigor i la prioritzaci\u00f3 de continguts rellevants s\u00f3n els eixos del curr\u00edculum de Descoberta a Educaci\u00f3 Infantil i Medi Social i Natural a Educaci\u00f3 Prim\u00e0ria.<\/span><\/p>\n<p><span style=\"color: #6b7db3;\">Repensem monogr\u00e0fics relacionats amb els continguts del curr\u00edculum de temes d&#8217;inter\u00e8s, commemoracions d&#8217;efem\u00e8rides&#8230; com a projectes de centre de P3 a 6\u00e8.<\/span><\/p>\n<p><span style=\"color: #6b7db3;\">Vinculum el coneixement cient\u00edfic als nostres Projectes Interdisciplinaris, plantejats com un projecte de treball de P3 a 6\u00e8 amb adaptaci\u00f3 del curr\u00edculum a cada nivell i amb l&#8217;actualitzaci\u00f3 de continguts a cada edici\u00f3.<\/span><\/p>\n<p><span style=\"color: #6b7db3;\">Integrem el coneixement de l&#8217;entorn vinculat al Parc Comarcal del Castell de Montesquiu per arribar a l&#8217;abstracci\u00f3 dels coneixements del patrimoni natural i social.<\/span><\/p>\n<p><span style=\"color: #6b7db3;\">Planifiquem activitats i sortides vinculades a l&#8217;apropament de l&#8217;alumne\/a al patrimoni natural i social, seq\u00fcenciant les activitats i sortides dins les etapes educatives.<\/span><\/p>\n<p><span style=\"color: #6b7db3;\">Emprem estrat\u00e8gies d&#8217;experimentaci\u00f3 per tal de potenciar les activitats competencials.<\/span><\/p>\n<p><span style=\"color: #6b7db3;\">Introdu\u00efm els conceptes a partir de les idees pr\u00e8vies, textos expositius i mapes conceptuals per arribar a la creaci\u00f3 de coneixement propi utilitzant eines adequades a cada nivell.<\/span><\/p>\n<p><span style=\"color: #6b7db3;\">Difonem sistem\u00e0ticament les activitats i coneixements apresos als blogs de cada cicle.<\/span><\/p>\n<p><span style=\"color: #6b7db3;\">Fem \u00fas de les eines TAC i 2.0 com a eina de treball habitual per a l&#8217;alumnat.<\/span><\/p>\n<p><span style=\"color: #6b7db3;\">Fomentem el pensament matem\u00e0tic des d&#8217;una perspectiva global per tal d&#8217;afavorir la contextualitzaci\u00f3 i l&#8217;adquisici\u00f3 de les Compet\u00e8ncies B\u00e0siques.<\/span><\/p>\n<p><span style=\"color: #6b7db3;\">Participem en activitats que desenvolupin el pensament matem\u00e0tic.<\/span><\/p>\n<ul>\n<li>\n<h2><strong><span style=\"color: #6b7db3;\"><i><i>La innovaci\u00f3 educativa, una porta que ens obre nous reptes<\/i><\/i><\/span><\/strong><\/h2>\n<\/li>\n<\/ul>\n<p><span style=\"color: #6b7db3;\">Som conscients de la necessitat de formaci\u00f3 de l&#8217;equip docent i comptem amb un equip de mestres din\u00e0mic que s&#8217;esfor\u00e7a en l&#8217;actualitzaci\u00f3 de continguts i estrat\u00e8gies metodol\u00f2giques participant en cursos de formaci\u00f3 presencials i online, jornades de treball, creaci\u00f3 de materials propis&#8230;<\/span><\/p>\n<p><span style=\"color: #6b7db3;\">L&#8217;escola intenta estar connectada als nous impulsos educatius i fer-ne ress\u00f2 a tota la comunitat educativa.<\/span><\/p>\n<p><span style=\"color: #6b7db3;\">Entenem la participaci\u00f3 en els projectes i programes d&#8217;innovaci\u00f3 que participem com una mostra d&#8217;aquest tret.<\/span><\/p>\n<ul>\n<li>\n<h2><strong><span style=\"color: #6b7db3;\"><i><i>El tractament de la religi\u00f3<\/i><\/i><\/span><\/strong><\/h2>\n<\/li>\n<\/ul>\n<p><span style=\"color: #6b7db3;\">Impartim una sessi\u00f3 de 60&#8242; setmanals de l`\u00e0rea de religi\u00f3 a Educaci\u00f3 Prim\u00e0ria.<\/span><\/p>\n<p><span style=\"color: #6b7db3;\">L&#8217;\u00e0rea de religi\u00f3 la imparteix una mestra especialista nomenada pel Departament d&#8217;Ensenyament.<\/span><\/p>\n<p><span style=\"color: #6b7db3;\">Les fam\u00edlies manifesten la seva opci\u00f3, o no, en el moment de la matr\u00edcula i verifiquen l&#8217;opci\u00f3 en finalitzar P5.<\/span><\/p>\n<p><span style=\"color: #6b7db3;\">A P5 es realitza una sessi\u00f3 informativa per tal d&#8217;exposar el tractament d&#8217;aquesta \u00e0rea a Educaci\u00f3 Prim\u00e0ria.<\/span><\/p>\n<p><span style=\"color: #6b7db3;\">Es planifiquen sessions conjuntes amb continguts compartits des de les \u00e0rees de religi\u00f3 i educaci\u00f3 en valors des de 1r a 6\u00e8 amb l&#8217;objectiu d&#8217;incloure continguts MAV dins del curr\u00edculum. En el moment d&#8217;impartir aquestes sessions hi ha dos\/dues mestres a l&#8217;aula.<\/span><\/p>\n<ul>\n<li>\n<h2><strong><span style=\"color: #6b7db3;\"><i><i>La coher\u00e8ncia pedag\u00f2gica<\/i><\/i><\/span><\/strong><\/h2>\n<\/li>\n<\/ul>\n<p><span style=\"color: #6b7db3;\">Impartim un curr\u00edculum coherent i coordinat per l&#8217;equip de mestres des de P3 a 6\u00e8.<\/span><\/p>\n<p><span style=\"color: #6b7db3;\">Generem i compartint el curr\u00edculum a mesura que anem consolidant el nostre projecte curricular.<\/span><\/p>\n<p><span style=\"color: #6b7db3;\">Existeixen evid\u00e8ncies de digitalitzaci\u00f3 del curr\u00edculum.<\/span><\/p>\n<p><span style=\"color: #6b7db3;\">Prioritzem el treball en equip i el plantejament compartit d&#8217;estrat\u00e8gies metodol\u00f2giques amb el coneixement i implicaci\u00f3 de tot l&#8217;equip.<\/span><\/p>\n<p><span style=\"color: #6b7db3;\">Vetllem per l&#8217;actualitzaci\u00f3 i contextualitzaci\u00f3 del curr\u00edculum.<\/span><\/p>\n<p><span style=\"color: #6b7db3;\">Adequem el curr\u00edculum amb el suport dels serveis externs a les necessitats educatives de l&#8217;alumnat.<\/span><\/p>\n<p>&nbsp;<\/p>\n<p>Acc\u00e9s al document:\u00a0<strong><a href=\"https:\/\/agora.xtec.cat\/ceipsegimoncomas\/wp-content\/uploads\/usu388\/bp-attachments\/3913\/NODES_PEC-ESCOLA-SEGIMON-COMAS1617.pdf\">NODES_PEC ESCOLA SEGIMON COMAS1617<\/a><\/strong><\/p>\n","protected":false},"excerpt":{"rendered":"<p>MISSI\u00d3<br \/>\nLa principal finalitat de la nostra escola \u00e9s contribuir al creixement personal dels nostres alumnes en el seu proc\u00e9s de socialitzaci\u00f3 i individualitzaci\u00f3.<br \/>\nDesenvolupar al m\u00e0xim les capacitats i compet\u00e8ncies de tots i cadascun dels nens\/es, com a principi fonamentador de l\u2019equitat i garantia, alhora, de&hellip;  <a href=\"https:\/\/agora.xtec.cat\/ceipsegimoncomas\/documents-descola\/trets-didentitat\/\" title=\"Read Projecte Educatiu de Centre\">Llegeix m\u00e9s\u00bb<\/a><\/p>\n","protected":false},"author":1,"featured_media":0,"parent":11557,"menu_order":10,"comment_status":"closed","ping_status":"closed","template":"page-templates\/side-menu.php","meta":{"_bbp_topic_count":0,"_bbp_reply_count":0,"_bbp_total_topic_count":0,"_bbp_total_reply_count":0,"_bbp_voice_count":0,"_bbp_anonymous_reply_count":0,"_bbp_topic_count_hidden":0,"_bbp_reply_count_hidden":0,"_bbp_forum_subforum_count":0,"footnotes":""},"class_list":["post-290","page","type-page","status-publish","hentry"],"post_mailing_queue_ids":[],"_links":{"self":[{"href":"https:\/\/agora.xtec.cat\/ceipsegimoncomas\/wp-json\/wp\/v2\/pages\/290","targetHints":{"allow":["GET"]}}],"collection":[{"href":"https:\/\/agora.xtec.cat\/ceipsegimoncomas\/wp-json\/wp\/v2\/pages"}],"about":[{"href":"https:\/\/agora.xtec.cat\/ceipsegimoncomas\/wp-json\/wp\/v2\/types\/page"}],"author":[{"embeddable":true,"href":"https:\/\/agora.xtec.cat\/ceipsegimoncomas\/wp-json\/wp\/v2\/users\/1"}],"replies":[{"embeddable":true,"href":"https:\/\/agora.xtec.cat\/ceipsegimoncomas\/wp-json\/wp\/v2\/comments?post=290"}],"version-history":[{"count":4,"href":"https:\/\/agora.xtec.cat\/ceipsegimoncomas\/wp-json\/wp\/v2\/pages\/290\/revisions"}],"predecessor-version":[{"id":11086,"href":"https:\/\/agora.xtec.cat\/ceipsegimoncomas\/wp-json\/wp\/v2\/pages\/290\/revisions\/11086"}],"up":[{"embeddable":true,"href":"https:\/\/agora.xtec.cat\/ceipsegimoncomas\/wp-json\/wp\/v2\/pages\/11557"}],"wp:attachment":[{"href":"https:\/\/agora.xtec.cat\/ceipsegimoncomas\/wp-json\/wp\/v2\/media?parent=290"}],"curies":[{"name":"wp","href":"https:\/\/api.w.org\/{rel}","templated":true}]}}