{"id":26,"date":"2014-09-18T12:24:32","date_gmt":"2014-09-18T11:24:32","guid":{"rendered":"http:\/\/agora.xtec.cat\/ceipsegimoncomas\/?page_id=26"},"modified":"2024-01-03T11:13:05","modified_gmt":"2024-01-03T10:13:05","slug":"historia","status":"publish","type":"page","link":"https:\/\/agora.xtec.cat\/ceipsegimoncomas\/lescola\/historia\/","title":{"rendered":"Qui som"},"content":{"rendered":"<p style=\"text-align: justify;\"><span style=\"color: #6b7db3;\"><span style=\"color: #000000;\">L\u2019Escola Segimon Comas \u00e9s l\u2019escola p\u00fablica de Sant Quirze de Besora. Junts nens i nenes, mestres, fam\u00edlies i poble oferim un servei adre\u00e7at a tots els infants de 3 a 12 anys.<\/span><br \/>\n<span style=\"color: #000000;\">Estem orgullosos de formar part d\u2019aquesta comunitat educativa perqu\u00e8 som una instituci\u00f3 rica, viva i amb molta il\u00b7lusi\u00f3 per portar a terme els nostres projectes educatius.<\/span><br \/>\n<span style=\"color: #000000;\">Venim d\u2019una llarga traject\u00f2ria on tothom ha deixat el seu granet de sorra i ara ens pertoca a nosaltres escriure unes p\u00e0gines m\u00e9s de la hist\u00f2ria de la nostra escola.<\/span><br \/>\n<span style=\"color: #000000;\">Som all\u00f2 que volem perqu\u00e8 treballem junts colze a colze per aconseguir un \u00fanic projecte s\u00f2lid, real i vinculat al nostre entorn m\u00e9s proper.<\/span><br \/>\n<span style=\"color: #000000;\">Volem transmetre als nostres nens i nenes els h\u00e0bits i valors que els seran \u00fatils per ser ciutadans d\u2019una societat que cada vegada demana m\u00e9s d\u2019un mateix.<\/span><br \/>\n<span style=\"color: #000000;\">Desitgem fomentar amb el nostre dia a dia la cultura de l\u2019esfor\u00e7 per aconseguir els propis objectius i els de la col\u00b7lectivitat, l\u2019estimaci\u00f3 dels uns envers els altres, la lluita per una societat m\u00e9s preparada emocionalment.<\/span><br \/>\n<span style=\"color: #000000;\">La llengua i l\u2019entorn s\u00f3n eixos claus del nostre projecte de centre. Nens i nenes que valoren la seva llengua, estimen el seu pa\u00eds i la seva cultura esdevindran en un futur proper persones capaces de valorar el m\u00f3n global que ens toca viure i on l\u2019aprenentatge de moltes lleng\u00fces \u00e9s un element clau.<\/span><br \/>\n<span style=\"color: #000000;\">Sostenibilitat, reutilitzaci\u00f3 i reciclatge s\u00f3n conceptes que tenim presents en el desplegament del nostre curr\u00edculum.<\/span><br \/>\n<span style=\"color: #000000;\">La implicaci\u00f3 de l\u2019escola en projectes TAC (Tecnologies de l&#8217;Aprenentatge i el Coneixement) ja fa temps que \u00e9s una realitat a l\u2019escola i que creix pas a pas perqu\u00e8 vivim en una societat on les tecnologies s\u00f3n una prioritat i un repte que no volem deixar de banda.<\/span><br \/>\n<span style=\"color: #000000;\">Atendre la diversitat de cada un de nosaltres \u00e9s prioritari per portar a terme\u00a0bones pr\u00e0ctiques educatives. Tots tenim les nostres necessitats i hem de ser capa\u00e7os de diagnosticar-les, definir-les i prendre les actuacions m\u00e9s encertades per avan\u00e7ar.<\/span><br \/>\n<span style=\"color: #000000;\">Comptem amb un equip de mestres que desenvolupen la seva tasca d\u2019ensenyar a aprendre dia a dia, un Consell Escolar din\u00e0mic i amb ganes d\u2019assumir el repte de vetllar per una escola de qualitat, una AFA que impulsa noves iniciatives, un Ajuntament que s\u2019implica en les millores del proc\u00e9s educatiu i les infraestructures per portar-lo a terme, uns serveis educatius que reforcen l\u2019actuaci\u00f3 del centre i un grup ampli de persones vinculades a l\u2019escola disposades a donar el seu cop de m\u00e0.<\/span><br \/>\n<span style=\"color: #000000;\">\u00c9s per aquest motiu que creiem que som rics en potencial hum\u00e0 i per aquest motiu pensem que com a escola tenim la sort de poder compartir un temps junts que ens far\u00e0 cr\u00e9ixer a tots com a persones.<\/span><\/span><\/p>\n<table style=\"border-collapse: collapse; width: 100%;\">\n<tbody>\n<tr>\n<td style=\"width: 50%;\"><span style=\"color: #000000;\"><a style=\"color: #000000;\" href=\"https:\/\/agora.xtec.cat\/ceipsegimoncomas\/wp-content\/uploads\/usu388\/2024\/01\/Imatge2.png\"><img loading=\"lazy\" decoding=\"async\" class=\"alignnone size-full wp-image-11539\" src=\"https:\/\/agora.xtec.cat\/ceipsegimoncomas\/wp-content\/uploads\/usu388\/2024\/01\/Imatge2.png\" alt=\"\" width=\"567\" height=\"311\" srcset=\"https:\/\/agora.xtec.cat\/ceipsegimoncomas\/wp-content\/uploads\/usu388\/2024\/01\/Imatge2.png 567w, https:\/\/agora.xtec.cat\/ceipsegimoncomas\/wp-content\/uploads\/usu388\/2024\/01\/Imatge2-300x165.png 300w\" sizes=\"auto, (max-width: 567px) 100vw, 567px\" \/><\/a><\/span><\/td>\n<td style=\"width: 50%;\"><span style=\"color: #000000;\"><a style=\"color: #000000;\" href=\"https:\/\/agora.xtec.cat\/ceipsegimoncomas\/wp-content\/uploads\/usu388\/2024\/01\/Imatge1.png\"><img loading=\"lazy\" decoding=\"async\" class=\"alignnone size-full wp-image-11540\" src=\"https:\/\/agora.xtec.cat\/ceipsegimoncomas\/wp-content\/uploads\/usu388\/2024\/01\/Imatge1.png\" alt=\"\" width=\"567\" height=\"309\" srcset=\"https:\/\/agora.xtec.cat\/ceipsegimoncomas\/wp-content\/uploads\/usu388\/2024\/01\/Imatge1.png 567w, https:\/\/agora.xtec.cat\/ceipsegimoncomas\/wp-content\/uploads\/usu388\/2024\/01\/Imatge1-300x163.png 300w\" sizes=\"auto, (max-width: 567px) 100vw, 567px\" \/><\/a><\/span><\/td>\n<\/tr>\n<\/tbody>\n<\/table>\n<p><a href=\"https:\/\/agora.xtec.cat\/ceipsegimoncomas\/wp-content\/uploads\/usu388\/2024\/01\/Imatge3.png\"><img loading=\"lazy\" decoding=\"async\" class=\"wp-image-11538 aligncenter\" src=\"https:\/\/agora.xtec.cat\/ceipsegimoncomas\/wp-content\/uploads\/usu388\/2024\/01\/Imatge3.png\" alt=\"\" width=\"456\" height=\"246\" srcset=\"https:\/\/agora.xtec.cat\/ceipsegimoncomas\/wp-content\/uploads\/usu388\/2024\/01\/Imatge3.png 567w, https:\/\/agora.xtec.cat\/ceipsegimoncomas\/wp-content\/uploads\/usu388\/2024\/01\/Imatge3-300x162.png 300w\" sizes=\"auto, (max-width: 456px) 100vw, 456px\" \/><\/a><\/p>\n","protected":false},"excerpt":{"rendered":"<p>L\u2019Escola Segimon Comas \u00e9s l\u2019escola p\u00fablica de Sant Quirze de Besora. Junts nens i nenes, mestres, fam\u00edlies i poble oferim un servei adre\u00e7at a tots els infants de 3 a 12 anys.<br \/>\nEstem orgullosos de formar part d\u2019aquesta comunitat educativa perqu\u00e8 som una instituci\u00f3 rica, viva&hellip;  <a href=\"https:\/\/agora.xtec.cat\/ceipsegimoncomas\/lescola\/historia\/\" title=\"Read Qui som\">Llegeix m\u00e9s\u00bb<\/a><\/p>\n","protected":false},"author":1,"featured_media":0,"parent":22,"menu_order":0,"comment_status":"closed","ping_status":"closed","template":"page-templates\/side-menu.php","meta":{"_bbp_topic_count":0,"_bbp_reply_count":0,"_bbp_total_topic_count":0,"_bbp_total_reply_count":0,"_bbp_voice_count":0,"_bbp_anonymous_reply_count":0,"_bbp_topic_count_hidden":0,"_bbp_reply_count_hidden":0,"_bbp_forum_subforum_count":0,"footnotes":""},"class_list":["post-26","page","type-page","status-publish","hentry"],"post_mailing_queue_ids":[],"_links":{"self":[{"href":"https:\/\/agora.xtec.cat\/ceipsegimoncomas\/wp-json\/wp\/v2\/pages\/26","targetHints":{"allow":["GET"]}}],"collection":[{"href":"https:\/\/agora.xtec.cat\/ceipsegimoncomas\/wp-json\/wp\/v2\/pages"}],"about":[{"href":"https:\/\/agora.xtec.cat\/ceipsegimoncomas\/wp-json\/wp\/v2\/types\/page"}],"author":[{"embeddable":true,"href":"https:\/\/agora.xtec.cat\/ceipsegimoncomas\/wp-json\/wp\/v2\/users\/1"}],"replies":[{"embeddable":true,"href":"https:\/\/agora.xtec.cat\/ceipsegimoncomas\/wp-json\/wp\/v2\/comments?post=26"}],"version-history":[{"count":6,"href":"https:\/\/agora.xtec.cat\/ceipsegimoncomas\/wp-json\/wp\/v2\/pages\/26\/revisions"}],"predecessor-version":[{"id":11537,"href":"https:\/\/agora.xtec.cat\/ceipsegimoncomas\/wp-json\/wp\/v2\/pages\/26\/revisions\/11537"}],"up":[{"embeddable":true,"href":"https:\/\/agora.xtec.cat\/ceipsegimoncomas\/wp-json\/wp\/v2\/pages\/22"}],"wp:attachment":[{"href":"https:\/\/agora.xtec.cat\/ceipsegimoncomas\/wp-json\/wp\/v2\/media?parent=26"}],"curies":[{"name":"wp","href":"https:\/\/api.w.org\/{rel}","templated":true}]}}