{"id":12107,"date":"2025-06-19T13:09:51","date_gmt":"2025-06-19T11:09:51","guid":{"rendered":"https:\/\/agora.xtec.cat\/ceipsegimoncomas\/?page_id=12107"},"modified":"2026-02-27T21:11:25","modified_gmt":"2026-02-27T20:11:25","slug":"per-que-fer-se-soci","status":"publish","type":"page","link":"https:\/\/agora.xtec.cat\/ceipsegimoncomas\/afa\/per-que-fer-se-soci\/","title":{"rendered":"Per qu\u00e8 fer-se soci?"},"content":{"rendered":"<h3>Ser soci de l\u2019AFA \u00e9s molt m\u00e9s que pagar una quota: \u00e9s formar part activa de la vida escolar dels teus infants i contribuir a una escola i un entorn millors per a tothom.<\/h3>\n<h3 data-start=\"270\" data-end=\"317\"><a href=\"https:\/\/agora.xtec.cat\/ceipsegimoncomas\/wp-content\/uploads\/usu388\/2025\/02\/card_demo_2.jpg\"><img loading=\"lazy\" decoding=\"async\" class=\"wp-image-12022 aligncenter\" src=\"https:\/\/agora.xtec.cat\/ceipsegimoncomas\/wp-content\/uploads\/usu388\/2025\/02\/card_demo_2-1024x633.jpg\" alt=\"\" width=\"439\" height=\"271\" srcset=\"https:\/\/agora.xtec.cat\/ceipsegimoncomas\/wp-content\/uploads\/usu388\/2025\/02\/card_demo_2-1024x633.jpg 1024w, https:\/\/agora.xtec.cat\/ceipsegimoncomas\/wp-content\/uploads\/usu388\/2025\/02\/card_demo_2-300x186.jpg 300w, https:\/\/agora.xtec.cat\/ceipsegimoncomas\/wp-content\/uploads\/usu388\/2025\/02\/card_demo_2-768x475.jpg 768w, https:\/\/agora.xtec.cat\/ceipsegimoncomas\/wp-content\/uploads\/usu388\/2025\/02\/card_demo_2-1536x950.jpg 1536w, https:\/\/agora.xtec.cat\/ceipsegimoncomas\/wp-content\/uploads\/usu388\/2025\/02\/card_demo_2-2048x1266.jpg 2048w\" sizes=\"auto, (max-width: 439px) 100vw, 439px\" \/><\/a><\/h3>\n<h3 data-start=\"551\" data-end=\"604\"><strong data-start=\"558\" data-end=\"604\">1. Participaci\u00f3 activa en la presa de decisions<\/strong><\/h3>\n<p data-start=\"318\" data-end=\"544\">Formar part de l\u2019AFA et dona <strong data-start=\"347\" data-end=\"377\">veu i vot a les assemblees<\/strong>, on es prenen decisions que afecten directament el dia a dia dels infants i el funcionament del centre. A m\u00e9s, pots formar part de la Junta o les vocalies tem\u00e0tiques.<\/p>\n<hr data-start=\"546\" data-end=\"549\" \/>\n<h3 data-start=\"551\" data-end=\"604\"><strong data-start=\"558\" data-end=\"604\">2. Millora de l&#8217;entorn de la comunitat educativa<\/strong><\/h3>\n<p data-start=\"605\" data-end=\"660\">La quota de soci (22\u202f\u20ac anuals per alumne) es destina a:<\/p>\n<ul data-start=\"661\" data-end=\"882\">\n<li data-start=\"661\" data-end=\"694\">\n<p data-start=\"663\" data-end=\"694\">Comprar <strong data-start=\"671\" data-end=\"693\">material pedag\u00f2gic<\/strong>.<\/p>\n<\/li>\n<li data-start=\"695\" data-end=\"778\">\n<p data-start=\"697\" data-end=\"778\">Donar suport a <strong data-start=\"712\" data-end=\"747\">projectes i activitats escolars i familiars<\/strong> (festes, excursions, tallers&#8230;).<\/p>\n<\/li>\n<li data-start=\"779\" data-end=\"823\">\n<p data-start=\"781\" data-end=\"823\">Millorar la <strong data-start=\"793\" data-end=\"812\">infraestructura<\/strong> i serveis.<\/p>\n<\/li>\n<li data-start=\"824\" data-end=\"882\">\n<p data-start=\"826\" data-end=\"882\">Fomentar la <strong data-start=\"838\" data-end=\"864\">conviv\u00e8ncia i inclusi\u00f3<\/strong> dins i fora de l&#8217;escola.<\/p>\n<\/li>\n<\/ul>\n<hr data-start=\"884\" data-end=\"887\" \/>\n<h3 data-start=\"889\" data-end=\"928\"><strong data-start=\"896\" data-end=\"928\">3. Acc\u00e9s a serveis exclusius<\/strong><\/h3>\n<p data-start=\"929\" data-end=\"978\">Nom\u00e9s els socis poden inscriure els seus fills\/es a:<\/p>\n<ul data-start=\"979\" data-end=\"1141\">\n<li data-start=\"979\" data-end=\"1035\">\n<p data-start=\"981\" data-end=\"1035\"><strong data-start=\"981\" data-end=\"1009\">Activitats extraescolars<\/strong> (esportives, culturals, tecnol\u00f2giques\u2026).<\/p>\n<\/li>\n<li data-start=\"1036\" data-end=\"1080\">\n<p data-start=\"1038\" data-end=\"1080\"><strong data-start=\"1038\" data-end=\"1059\">Servei d\u2019acollida<\/strong> (matins i\/o tardes).<\/p>\n<\/li>\n<\/ul>\n<hr data-start=\"1143\" data-end=\"1146\" \/>\n<h3 data-start=\"1148\" data-end=\"1177\"><strong data-start=\"1155\" data-end=\"1177\">4. Creaci\u00f3 de xarxa comunit\u00e0ria<\/strong><\/h3>\n<p data-start=\"1178\" data-end=\"1381\">L\u2019AFA \u00e9s un espai de <strong data-start=\"1199\" data-end=\"1241\">trobada i col\u00b7laboraci\u00f3 entre fam\u00edlies<\/strong>. Hi pots compartir idees, preocupacions i propostes, i crear xarxes de suport. Participar-hi enforteix els vincles entre escola i fam\u00edlies.<\/p>\n<hr data-start=\"1383\" data-end=\"1386\" \/>\n<h3 data-start=\"1388\" data-end=\"1433\"><strong data-start=\"1395\" data-end=\"1433\">5. Representaci\u00f3 davant del centre i organismes<\/strong><\/h3>\n<p data-start=\"1434\" data-end=\"1471\">L\u2019AFA representa les fam\u00edlies davant:<\/p>\n<ul data-start=\"1472\" data-end=\"1554\">\n<li data-start=\"1472\" data-end=\"1503\">\n<p data-start=\"1474\" data-end=\"1503\">L\u2019equip directiu de l\u2019escola.<\/p>\n<\/li>\n<li data-start=\"1504\" data-end=\"1525\">\n<p data-start=\"1506\" data-end=\"1525\">El Consell Escolar.<\/p>\n<\/li>\n<li data-start=\"1526\" data-end=\"1554\">\n<p data-start=\"1528\" data-end=\"1554\">L\u2019administraci\u00f3 educativa.<\/p>\n<\/li>\n<\/ul>\n<p data-start=\"1556\" data-end=\"1662\">Aix\u00f2 assegura que les <strong data-start=\"1578\" data-end=\"1622\">necessitats i inquietuds de les fam\u00edlies<\/strong> siguin escoltades i tingudes en compte.<\/p>\n<hr data-start=\"1664\" data-end=\"1667\" \/>\n<h3 data-start=\"1669\" data-end=\"1684\">En resum:<\/h3>\n<p data-start=\"1685\" data-end=\"1871\">Fer-se soci de l\u2019AFA Segimon Comas \u00e9s <strong data-start=\"1723\" data-end=\"1763\">una petita acci\u00f3 amb un gran impacte<\/strong>: millores per a tots els infants, m\u00e9s serveis per a la teva fam\u00edlia, i una escola m\u00e9s viva i participativa.<\/p>\n<h4><strong>Estat d&#8217;associats<\/strong><\/h4>\n<p>137 alumnes de l&#8217;escola Segimon Comas s\u00f3n socis i s\u00f2cies de l&#8217;associaci\u00f3 durant el curs 25-26, el que suposa m\u00e9s del 84% de l&#8217;alumnat del centre.<\/p>\n<h5><strong><u>RECORDA: \u00c9s indispensable ser soci de l\u2019AFA per poder participar en les seves activitats, serveis i promocions.<\/u><\/strong><\/h5>\n","protected":false},"excerpt":{"rendered":"<p>Ser soci de l\u2019AFA \u00e9s molt m\u00e9s que pagar una quota: \u00e9s formar part activa de la vida escolar dels teus infants i contribuir a una escola i un entorn millors per a tothom.<br \/>\n<a href=\"https:\/\/agora.xtec.cat\/ceipsegimoncomas\/wp-content\/uploads\/usu388\/2025\/02\/card_demo_2.jpg\"><\/a><br \/>\n1. Participaci\u00f3 activa en la presa de decisions<br \/>\nFormar part de l\u2019AFA&hellip;  <a href=\"https:\/\/agora.xtec.cat\/ceipsegimoncomas\/afa\/per-que-fer-se-soci\/\" title=\"Read Per qu\u00e8 fer-se soci?\">Llegeix m\u00e9s\u00bb<\/a><\/p>\n","protected":false},"author":83,"featured_media":0,"parent":359,"menu_order":2,"comment_status":"closed","ping_status":"closed","template":"page-templates\/side-menu.php","meta":{"_bbp_topic_count":0,"_bbp_reply_count":0,"_bbp_total_topic_count":0,"_bbp_total_reply_count":0,"_bbp_voice_count":0,"_bbp_anonymous_reply_count":0,"_bbp_topic_count_hidden":0,"_bbp_reply_count_hidden":0,"_bbp_forum_subforum_count":0,"footnotes":""},"class_list":["post-12107","page","type-page","status-publish","hentry"],"post_mailing_queue_ids":[],"_links":{"self":[{"href":"https:\/\/agora.xtec.cat\/ceipsegimoncomas\/wp-json\/wp\/v2\/pages\/12107","targetHints":{"allow":["GET"]}}],"collection":[{"href":"https:\/\/agora.xtec.cat\/ceipsegimoncomas\/wp-json\/wp\/v2\/pages"}],"about":[{"href":"https:\/\/agora.xtec.cat\/ceipsegimoncomas\/wp-json\/wp\/v2\/types\/page"}],"author":[{"embeddable":true,"href":"https:\/\/agora.xtec.cat\/ceipsegimoncomas\/wp-json\/wp\/v2\/users\/83"}],"replies":[{"embeddable":true,"href":"https:\/\/agora.xtec.cat\/ceipsegimoncomas\/wp-json\/wp\/v2\/comments?post=12107"}],"version-history":[{"count":6,"href":"https:\/\/agora.xtec.cat\/ceipsegimoncomas\/wp-json\/wp\/v2\/pages\/12107\/revisions"}],"predecessor-version":[{"id":12407,"href":"https:\/\/agora.xtec.cat\/ceipsegimoncomas\/wp-json\/wp\/v2\/pages\/12107\/revisions\/12407"}],"up":[{"embeddable":true,"href":"https:\/\/agora.xtec.cat\/ceipsegimoncomas\/wp-json\/wp\/v2\/pages\/359"}],"wp:attachment":[{"href":"https:\/\/agora.xtec.cat\/ceipsegimoncomas\/wp-json\/wp\/v2\/media?parent=12107"}],"curies":[{"name":"wp","href":"https:\/\/api.w.org\/{rel}","templated":true}]}}