{"id":11785,"date":"2024-01-07T12:54:12","date_gmt":"2024-01-07T11:54:12","guid":{"rendered":"https:\/\/agora.xtec.cat\/ceipsegimoncomas\/?page_id=11785"},"modified":"2024-03-26T13:19:34","modified_gmt":"2024-03-26T12:19:34","slug":"serveis-externs-generals","status":"publish","type":"page","link":"https:\/\/agora.xtec.cat\/ceipsegimoncomas\/serveis\/serveis-externs-generals\/","title":{"rendered":"Serveis externs generals"},"content":{"rendered":"<h5>Serveis externs generals<\/h5>\n<p><a href=\"https:\/\/xtec.gencat.cat\/ca\/serveis\/sez\/eap\/\"><strong>EAP (Equip Assessorament Psicopedag\u00f2gic)<\/strong><\/a><\/p>\n<p>Els serveis s\u2019adrecen als centres educatius, els equips directius, el professorat i altres professionals implicats en l\u2019atenci\u00f3 a l\u2019alumnat amb dificultats o amb necessitats educatives especials, l\u2019alumnat i les seves fam\u00edlies i el treball a la seva zona d\u2019actuaci\u00f3.<\/p>\n<p><a href=\"http:\/\/Els ELIC s\u00f3n equips d\u2019assessorament i orientaci\u00f3 en llengua, interculturalitat i cohesi\u00f3 social\"><strong>ELIC (Equip d\u2019assessorament i orientaci\u00f3 en llengua, interculturalitat i cohesi\u00f3 social)<\/strong><\/a><\/p>\n<p>Donen suport al professorat en el treball de la compet\u00e8ncia ling\u00fc\u00edstica de tot l\u2019alumnat en general i en l\u2019atenci\u00f3 a l\u2019alumnat procedent de processos migratoris i a l\u2019alumnat amb risc d\u2019exclusi\u00f3 social, en l\u2019\u00e0mbit dels centres educatius i els plans educatius d\u2019entorn.<\/p>\n<p><a href=\"https:\/\/serveiseducatius.xtec.cat\/osona\/categoria\/crp\/\"><strong>CRP (Centre de Recursos Pedag\u00f2gics d&#8217;Osona)<\/strong><\/a><\/p>\n<p>Dona suport a l\u2019activitat pedag\u00f2gica dels centres i a la tasca docent del professorat.<\/p>\n<p><a href=\"https:\/\/www.ajsantquirze.cat\/\"><strong>Ajuntament<\/strong><\/a><\/p>\n<p>Col\u00b7laboren amb els projectes que es proposen, el manteniment de l&#8217;edifici, sol\u00b7licitud i gesti\u00f3 de recursos de la Diputaci\u00f3 en all\u00f2 que sigui \u00f2ptim per la relaci\u00f3 escola-poble.<\/p>\n<p><a href=\"https:\/\/www.ccosona.cat\/\"><strong>Consell Comarcal d\u2019Osona<\/strong><\/a><\/p>\n<p>Administra les beques del menjador escolar, material, llibres i transport.<\/p>\n<p>Gestiona el servei educatiu i social de menjador escolar.<\/p>\n<p>Gestiona l&#8217;horari de la calefacci\u00f3 de l&#8217;escola.<\/p>\n<p><a href=\"https:\/\/eapsantquirzedebesoraics.wordpress.com\/consultoris\/cap-sant-quirze-de-besora\/\"><strong>Serveis Sanitaris<\/strong><\/a><\/p>\n<p>Col\u00b7laboraci\u00f3 amb els serveis sanitaris en l\u2019actualitzaci\u00f3 de les vacunacions, revisions m\u00e8diques, revisions odontol\u00f2giques, coordinacions i d&#8217;altres programes que s\u2019han de realitzar durant l\u2019escolaritat.<\/p>\n<p><strong>Comissi\u00f3 social<\/strong><\/p>\n<p>Formada per membres de l&#8217;equip directiu, mestra de necessitats educatives, l&#8217;assistent social del poble, l\u2019assistent social de l\u2019EAP, la psicopedagoga de l\u2019EAP, serveis sanitaris del poble l\u2019inspector\/a (ocasionalment). La finalitat \u00e9s fer xarxa amb els diferents professionals per a una millor atenci\u00f3 a l&#8217;alumnat que ho requereix.<\/p>\n","protected":false},"excerpt":{"rendered":"<p>Serveis externs generals<br \/>\n<a href=\"https:\/\/xtec.gencat.cat\/ca\/serveis\/sez\/eap\/\">EAP (Equip Assessorament Psicopedag\u00f2gic)<\/a><br \/>\nEls serveis s\u2019adrecen als centres educatius, els equips directius, el professorat i altres professionals implicats en l\u2019atenci\u00f3 a l\u2019alumnat amb dificultats o amb necessitats educatives especials, l\u2019alumnat i les seves fam\u00edlies i el treball a la seva zona d\u2019actuaci\u00f3.<br \/>\n<a&hellip;  <a href=\"https:\/\/agora.xtec.cat\/ceipsegimoncomas\/serveis\/serveis-externs-generals\/\" title=\"Read Serveis externs generals\">Llegeix m\u00e9s\u00bb<\/a><\/p>\n","protected":false},"author":32,"featured_media":0,"parent":66,"menu_order":3,"comment_status":"closed","ping_status":"closed","template":"page-templates\/side-menu.php","meta":{"_bbp_topic_count":0,"_bbp_reply_count":0,"_bbp_total_topic_count":0,"_bbp_total_reply_count":0,"_bbp_voice_count":0,"_bbp_anonymous_reply_count":0,"_bbp_topic_count_hidden":0,"_bbp_reply_count_hidden":0,"_bbp_forum_subforum_count":0,"footnotes":""},"class_list":["post-11785","page","type-page","status-publish","hentry"],"post_mailing_queue_ids":[],"_links":{"self":[{"href":"https:\/\/agora.xtec.cat\/ceipsegimoncomas\/wp-json\/wp\/v2\/pages\/11785","targetHints":{"allow":["GET"]}}],"collection":[{"href":"https:\/\/agora.xtec.cat\/ceipsegimoncomas\/wp-json\/wp\/v2\/pages"}],"about":[{"href":"https:\/\/agora.xtec.cat\/ceipsegimoncomas\/wp-json\/wp\/v2\/types\/page"}],"author":[{"embeddable":true,"href":"https:\/\/agora.xtec.cat\/ceipsegimoncomas\/wp-json\/wp\/v2\/users\/32"}],"replies":[{"embeddable":true,"href":"https:\/\/agora.xtec.cat\/ceipsegimoncomas\/wp-json\/wp\/v2\/comments?post=11785"}],"version-history":[{"count":2,"href":"https:\/\/agora.xtec.cat\/ceipsegimoncomas\/wp-json\/wp\/v2\/pages\/11785\/revisions"}],"predecessor-version":[{"id":11909,"href":"https:\/\/agora.xtec.cat\/ceipsegimoncomas\/wp-json\/wp\/v2\/pages\/11785\/revisions\/11909"}],"up":[{"embeddable":true,"href":"https:\/\/agora.xtec.cat\/ceipsegimoncomas\/wp-json\/wp\/v2\/pages\/66"}],"wp:attachment":[{"href":"https:\/\/agora.xtec.cat\/ceipsegimoncomas\/wp-json\/wp\/v2\/media?parent=11785"}],"curies":[{"name":"wp","href":"https:\/\/api.w.org\/{rel}","templated":true}]}}