{"id":11745,"date":"2024-01-04T09:26:27","date_gmt":"2024-01-04T08:26:27","guid":{"rendered":"https:\/\/agora.xtec.cat\/ceipsegimoncomas\/?page_id=11745"},"modified":"2024-01-04T09:36:41","modified_gmt":"2024-01-04T08:36:41","slug":"families","status":"publish","type":"page","link":"https:\/\/agora.xtec.cat\/ceipsegimoncomas\/lescola\/families\/","title":{"rendered":"Fam\u00edlies"},"content":{"rendered":"<table style=\"border-collapse: collapse; width: 95.6019%; height: 225px;\">\n<tbody>\n<tr>\n<td style=\"width: 44.1516%;\"><strong>Breu informaci\u00f3<\/strong><\/td>\n<td style=\"width: 55.8484%;\"><strong>Espai web<\/strong><\/td>\n<\/tr>\n<tr>\n<td style=\"width: 44.1516%; text-align: left;\">Aquest espai ofereix eines amb la voluntat de facilitar la participaci\u00f3 de les fam\u00edlies en la vida escolar dels fills i filles i guiar-les en l&#8217;acompanyament de la seva educaci\u00f3, i promoure&#8217;n, com a conseq\u00fc\u00e8ncia, l&#8217;\u00e8xit educatiu.<\/td>\n<td style=\"width: 55.8484%;\"><a href=\"https:\/\/educacio.gencat.cat\/ca\/arees-actuacio\/families\/index.html\">enlla\u00e7 web<img decoding=\"async\" src=\"https:\/\/educacio.gencat.cat\/web\/resources\/fwkResponsive\/fpca_capcalera\/img\/gencat-nuevo-completo-w.svg\" alt=\"Logotip de la Generalitat\" \/><\/a><\/td>\n<\/tr>\n<tr>\n<td style=\"width: 44.1516%;\">Informaci\u00f3 per a fam\u00edlies nouvingudes<\/td>\n<td style=\"width: 55.8484%;\"><a href=\"https:\/\/affac.cat\/?mailpoet_router&amp;endpoint=view_in_browser&amp;action=view&amp;data=WzE0NCwiNzdhOGZkYTdlNjdlIiwyNzIxLCIwM2FmNjYiLDExOSwwXQ\">enlla\u00e7 web<img loading=\"lazy\" decoding=\"async\" class=\"\" src=\"https:\/\/affac.cat\/wp-content\/uploads\/2020\/09\/Logo-aFFaC_2020_POSITIU.jpg\" alt=\"Logo aFFaC_2020_POSITIU\" width=\"62\" height=\"48\" \/><\/a><\/td>\n<\/tr>\n<\/tbody>\n<\/table>\n","protected":false},"excerpt":{"rendered":"<p>Breu informaci\u00f3<br \/>\nEspai web<\/p>\n<p>Aquest espai ofereix eines amb la voluntat de facilitar la participaci\u00f3 de les fam\u00edlies en la vida escolar dels fills i filles i guiar-les en l&#8217;acompanyament de la seva educaci\u00f3, i promoure&#8217;n, com a conseq\u00fc\u00e8ncia, l&#8217;\u00e8xit educatiu.<br \/>\n<a href=\"https:\/\/educacio.gencat.cat\/ca\/arees-actuacio\/families\/index.html\">enlla\u00e7 web<\/a><\/p>\n<p>Informaci\u00f3 per a fam\u00edlies nouvingudes<br \/>\n<a&hellip;  <a href=\"https:\/\/agora.xtec.cat\/ceipsegimoncomas\/lescola\/families\/\" title=\"Read Fam\u00edlies\">Llegeix m\u00e9s\u00bb<\/a><\/p>\n","protected":false},"author":32,"featured_media":0,"parent":22,"menu_order":0,"comment_status":"closed","ping_status":"closed","template":"page-templates\/side-menu.php","meta":{"_bbp_topic_count":0,"_bbp_reply_count":0,"_bbp_total_topic_count":0,"_bbp_total_reply_count":0,"_bbp_voice_count":0,"_bbp_anonymous_reply_count":0,"_bbp_topic_count_hidden":0,"_bbp_reply_count_hidden":0,"_bbp_forum_subforum_count":0,"footnotes":""},"class_list":["post-11745","page","type-page","status-publish","hentry"],"post_mailing_queue_ids":[],"_links":{"self":[{"href":"https:\/\/agora.xtec.cat\/ceipsegimoncomas\/wp-json\/wp\/v2\/pages\/11745","targetHints":{"allow":["GET"]}}],"collection":[{"href":"https:\/\/agora.xtec.cat\/ceipsegimoncomas\/wp-json\/wp\/v2\/pages"}],"about":[{"href":"https:\/\/agora.xtec.cat\/ceipsegimoncomas\/wp-json\/wp\/v2\/types\/page"}],"author":[{"embeddable":true,"href":"https:\/\/agora.xtec.cat\/ceipsegimoncomas\/wp-json\/wp\/v2\/users\/32"}],"replies":[{"embeddable":true,"href":"https:\/\/agora.xtec.cat\/ceipsegimoncomas\/wp-json\/wp\/v2\/comments?post=11745"}],"version-history":[{"count":6,"href":"https:\/\/agora.xtec.cat\/ceipsegimoncomas\/wp-json\/wp\/v2\/pages\/11745\/revisions"}],"predecessor-version":[{"id":11752,"href":"https:\/\/agora.xtec.cat\/ceipsegimoncomas\/wp-json\/wp\/v2\/pages\/11745\/revisions\/11752"}],"up":[{"embeddable":true,"href":"https:\/\/agora.xtec.cat\/ceipsegimoncomas\/wp-json\/wp\/v2\/pages\/22"}],"wp:attachment":[{"href":"https:\/\/agora.xtec.cat\/ceipsegimoncomas\/wp-json\/wp\/v2\/media?parent=11745"}],"curies":[{"name":"wp","href":"https:\/\/api.w.org\/{rel}","templated":true}]}}