{"id":11225,"date":"2023-02-27T17:07:58","date_gmt":"2023-02-27T16:07:58","guid":{"rendered":"https:\/\/agora.xtec.cat\/ceipsegimoncomas\/?page_id=11225"},"modified":"2025-06-19T22:27:45","modified_gmt":"2025-06-19T20:27:45","slug":"butlleti-informatiu-de-lampa","status":"publish","type":"page","link":"https:\/\/agora.xtec.cat\/ceipsegimoncomas\/afa\/butlleti-informatiu-de-lampa\/","title":{"rendered":"Recursos informatius per a les fam\u00edlies"},"content":{"rendered":"<p><span style=\"text-decoration: underline;\"><strong><a href=\"https:\/\/educacio.gencat.cat\/web\/.content\/home\/departament\/publicacions\/protocols\/actuacio-davant-violencia-ambit-educatiu\/protocol-actuacio-davant-violencia.pdf\" target=\"_blank\" rel=\"noopener\">Protocol d&#8217;actuaci\u00f3 davant de qualsevol tipus de viol\u00e8ncia en l&#8217;\u00e0mbit educatiu<\/a><\/strong><\/span><\/p>\n<p><a href=\"https:\/\/educacio.gencat.cat\/web\/.content\/home\/departament\/publicacions\/protocols\/actuacio-davant-violencia-ambit-educatiu\/protocol-actuacio-davant-violencia.pdf\"><img loading=\"lazy\" decoding=\"async\" class=\"alignnone wp-image-12063\" src=\"https:\/\/agora.xtec.cat\/ceipsegimoncomas\/wp-content\/uploads\/usu388\/2025\/05\/actuacio-davant-violencia.png_622590183.png\" alt=\"\" width=\"257\" height=\"257\" srcset=\"https:\/\/agora.xtec.cat\/ceipsegimoncomas\/wp-content\/uploads\/usu388\/2025\/05\/actuacio-davant-violencia.png_622590183.png 500w, https:\/\/agora.xtec.cat\/ceipsegimoncomas\/wp-content\/uploads\/usu388\/2025\/05\/actuacio-davant-violencia.png_622590183-300x300.png 300w, https:\/\/agora.xtec.cat\/ceipsegimoncomas\/wp-content\/uploads\/usu388\/2025\/05\/actuacio-davant-violencia.png_622590183-150x150.png 150w\" sizes=\"auto, (max-width: 257px) 100vw, 257px\" \/><\/a><\/p>\n<p><span style=\"text-decoration: underline;\"><strong><a href=\"https:\/\/www.althaia.cat\/althaia\/ca\/usuaris\/portal-de-salut-1\/grups-de-pacients\/documents-adjunts\/documents-salut-mental\/llibret-us-tic-correccions-2022-web.pdf\" target=\"_blank\" rel=\"noopener\">Guia: \u00das adequat i prevenci\u00f3 de l&#8217;addicci\u00f3 a les pantalles en infants i adolescents. Consells i recomanacions<\/a><\/strong><\/span><\/p>\n<p><a href=\"https:\/\/www.althaia.cat\/althaia\/ca\/usuaris\/portal-de-salut-1\/grups-de-pacients\/documents-adjunts\/documents-salut-mental\/llibret-us-tic-correccions-2022-web.pdf\"><img loading=\"lazy\" decoding=\"async\" class=\"alignnone wp-image-12064\" src=\"https:\/\/agora.xtec.cat\/ceipsegimoncomas\/wp-content\/uploads\/usu388\/2025\/05\/Captura-de-pantalla-2025-05-26-a-las-20.59.54-766x1024.png\" alt=\"\" width=\"261\" height=\"349\" srcset=\"https:\/\/agora.xtec.cat\/ceipsegimoncomas\/wp-content\/uploads\/usu388\/2025\/05\/Captura-de-pantalla-2025-05-26-a-las-20.59.54-766x1024.png 766w, https:\/\/agora.xtec.cat\/ceipsegimoncomas\/wp-content\/uploads\/usu388\/2025\/05\/Captura-de-pantalla-2025-05-26-a-las-20.59.54-224x300.png 224w, https:\/\/agora.xtec.cat\/ceipsegimoncomas\/wp-content\/uploads\/usu388\/2025\/05\/Captura-de-pantalla-2025-05-26-a-las-20.59.54-768x1027.png 768w, https:\/\/agora.xtec.cat\/ceipsegimoncomas\/wp-content\/uploads\/usu388\/2025\/05\/Captura-de-pantalla-2025-05-26-a-las-20.59.54.png 1002w\" sizes=\"auto, (max-width: 261px) 100vw, 261px\" \/><\/a><\/p>\n<p>&nbsp;<\/p>\n","protected":false},"excerpt":{"rendered":"<p><a href=\"https:\/\/educacio.gencat.cat\/web\/.content\/home\/departament\/publicacions\/protocols\/actuacio-davant-violencia-ambit-educatiu\/protocol-actuacio-davant-violencia.pdf\" target=\"_blank\" rel=\"noopener\">Protocol d&#8217;actuaci\u00f3 davant de qualsevol tipus de viol\u00e8ncia en l&#8217;\u00e0mbit educatiu<\/a><br \/>\n<a href=\"https:\/\/educacio.gencat.cat\/web\/.content\/home\/departament\/publicacions\/protocols\/actuacio-davant-violencia-ambit-educatiu\/protocol-actuacio-davant-violencia.pdf\"><\/a><br \/>\n<a href=\"https:\/\/www.althaia.cat\/althaia\/ca\/usuaris\/portal-de-salut-1\/grups-de-pacients\/documents-adjunts\/documents-salut-mental\/llibret-us-tic-correccions-2022-web.pdf\" target=\"_blank\" rel=\"noopener\">Guia: \u00das adequat i prevenci\u00f3 de l&#8217;addicci\u00f3 a les pantalles en infants i adolescents. Consells i recomanacions<\/a><br \/>\n<a href=\"https:\/\/www.althaia.cat\/althaia\/ca\/usuaris\/portal-de-salut-1\/grups-de-pacients\/documents-adjunts\/documents-salut-mental\/llibret-us-tic-correccions-2022-web.pdf\"><\/a><br \/>\n&nbsp;<\/p>\n","protected":false},"author":83,"featured_media":0,"parent":359,"menu_order":6,"comment_status":"closed","ping_status":"closed","template":"page-templates\/side-menu.php","meta":{"_bbp_topic_count":0,"_bbp_reply_count":0,"_bbp_total_topic_count":0,"_bbp_total_reply_count":0,"_bbp_voice_count":0,"_bbp_anonymous_reply_count":0,"_bbp_topic_count_hidden":0,"_bbp_reply_count_hidden":0,"_bbp_forum_subforum_count":0,"footnotes":""},"class_list":["post-11225","page","type-page","status-publish","hentry"],"post_mailing_queue_ids":[],"_links":{"self":[{"href":"https:\/\/agora.xtec.cat\/ceipsegimoncomas\/wp-json\/wp\/v2\/pages\/11225","targetHints":{"allow":["GET"]}}],"collection":[{"href":"https:\/\/agora.xtec.cat\/ceipsegimoncomas\/wp-json\/wp\/v2\/pages"}],"about":[{"href":"https:\/\/agora.xtec.cat\/ceipsegimoncomas\/wp-json\/wp\/v2\/types\/page"}],"author":[{"embeddable":true,"href":"https:\/\/agora.xtec.cat\/ceipsegimoncomas\/wp-json\/wp\/v2\/users\/83"}],"replies":[{"embeddable":true,"href":"https:\/\/agora.xtec.cat\/ceipsegimoncomas\/wp-json\/wp\/v2\/comments?post=11225"}],"version-history":[{"count":6,"href":"https:\/\/agora.xtec.cat\/ceipsegimoncomas\/wp-json\/wp\/v2\/pages\/11225\/revisions"}],"predecessor-version":[{"id":12068,"href":"https:\/\/agora.xtec.cat\/ceipsegimoncomas\/wp-json\/wp\/v2\/pages\/11225\/revisions\/12068"}],"up":[{"embeddable":true,"href":"https:\/\/agora.xtec.cat\/ceipsegimoncomas\/wp-json\/wp\/v2\/pages\/359"}],"wp:attachment":[{"href":"https:\/\/agora.xtec.cat\/ceipsegimoncomas\/wp-json\/wp\/v2\/media?parent=11225"}],"curies":[{"name":"wp","href":"https:\/\/api.w.org\/{rel}","templated":true}]}}