{"id":11061,"date":"2022-10-31T19:27:28","date_gmt":"2022-10-31T18:27:28","guid":{"rendered":"https:\/\/agora.xtec.cat\/ceipsegimoncomas\/?page_id=11061"},"modified":"2026-04-10T19:42:05","modified_gmt":"2026-04-10T17:42:05","slug":"estat-de-comptes","status":"publish","type":"page","link":"https:\/\/agora.xtec.cat\/ceipsegimoncomas\/afa\/estat-de-comptes\/","title":{"rendered":"Estat de comptes"},"content":{"rendered":"<p>Aquestes s\u00f3n les despeses m\u00e9s rellevants del <strong>curs 2025\/26<\/strong>, a data de 10 d&#8217;abril de 2026:<\/p>\n<table dir=\"ltr\" style=\"height: 677px; width: 72.185%; border-style: solid; border-color: #9d25cc; background-color: #ffffff;\" border=\"1\" cellspacing=\"0\" cellpadding=\"0\" data-sheets-root=\"1\" data-sheets-baot=\"1\">\n<colgroup>\n<col width=\"231\" \/>\n<col width=\"100\" \/><\/colgroup>\n<tbody>\n<tr style=\"height: 23px;\">\n<td style=\"width: 60.2908%; height: 23px; border-style: solid; border-color: #764087; background-color: #ffffff;\">Ventiladors per a les aules<\/td>\n<td style=\"width: 39.4855%; height: 23px; border-style: solid; border-color: #764087; background-color: #ffffff;\">&#8211; 2.021,12 \u20ac<\/td>\n<\/tr>\n<tr style=\"height: 23px;\">\n<td style=\"width: 60.2908%; height: 23px; border-style: solid; border-color: #764087; background-color: #ffffff;\">Aplicatiu Dinantia<\/td>\n<td style=\"width: 39.4855%; height: 23px; border-style: solid; border-color: #764087; background-color: #ffffff;\">&#8211; 635,25 \u20ac<\/td>\n<\/tr>\n<tr style=\"height: 46px;\">\n<td style=\"width: 60.2908%; height: 46px; border-style: solid; border-color: #764087; background-color: #ffffff;\">Festa de Nadal &#8211; Taller de circ + manualitat + berenar<\/td>\n<td style=\"width: 39.4855%; height: 46px; border-style: solid; border-color: #764087; background-color: #ffffff;\">&#8211; 586,86 \u20ac<\/td>\n<\/tr>\n<tr style=\"height: 23px;\">\n<td style=\"width: 60.2908%; height: 23px; border-style: solid; border-color: #764087; background-color: #ffffff;\">Donatiu i material Carnestoltes solidari<\/td>\n<td style=\"width: 39.4855%; height: 23px; border-style: solid; border-color: #764087; background-color: #ffffff;\">&#8211; 513,22 \u20ac<\/td>\n<\/tr>\n<tr style=\"height: 23px;\">\n<td style=\"width: 60.2908%; height: 23px; border-style: solid; border-color: #764087; background-color: #ffffff;\">Activitat Sant Jordi Bibliojoc de l&#8217;Ot el Bruixot<\/td>\n<td style=\"width: 39.4855%; height: 23px; border-style: solid; border-color: #764087; background-color: #ffffff;\">&#8211; 393,25 \u20ac<\/td>\n<\/tr>\n<tr style=\"height: 23px;\">\n<td style=\"width: 60.2908%; height: 23px; border-style: solid; border-color: #764087; background-color: #ffffff;\">Gestoria<\/td>\n<td style=\"width: 39.4855%; height: 23px; border-style: solid; border-color: #764087; background-color: #ffffff;\">&#8211; 284,35 \u20ac<\/td>\n<\/tr>\n<tr style=\"height: 23px;\">\n<td style=\"width: 60.2908%; height: 23px; border-style: solid; border-color: #764087; background-color: #ffffff;\">Sortida escolar CM &#8211; Atl\u00e0ntida i adoberies<\/td>\n<td style=\"width: 39.4855%; height: 23px; border-style: solid; border-color: #764087; background-color: #ffffff;\">&#8211; 277,50 \u20ac<\/td>\n<\/tr>\n<tr style=\"height: 23px;\">\n<td style=\"width: 60.2908%; height: 23px; border-style: solid; border-color: #764087; background-color: #ffffff;\">Sortida escolar CI &#8211; Escalada<\/td>\n<td style=\"width: 39.4855%; height: 23px; border-style: solid; border-color: #764087; background-color: #ffffff;\">&#8211; 270 \u20ac<\/td>\n<\/tr>\n<tr style=\"height: 23px;\">\n<td style=\"width: 60.2908%; height: 23px; border-style: solid; border-color: #764087; background-color: #ffffff;\">Taller de cuina saludable<\/td>\n<td style=\"width: 39.4855%; height: 23px; border-style: solid; border-color: #764087; background-color: #ffffff;\">&#8211; 235,95 \u20ac<\/td>\n<\/tr>\n<tr style=\"height: 23px;\">\n<td style=\"width: 60.2908%; height: 23px; border-style: solid; border-color: #764087; background-color: #ffffff;\">Servei d&#8217;extraescolars<\/td>\n<td style=\"width: 39.4855%; height: 23px; border-style: solid; border-color: #764087; background-color: #ffffff;\">&#8211; 232,64 \u20ac<\/td>\n<\/tr>\n<tr style=\"height: 32px;\">\n<td style=\"width: 60.2908%; height: 32px; border-style: solid; border-color: #764087; background-color: #ffffff;\">Material i esmorzar Cros escolar<\/td>\n<td style=\"width: 39.4855%; height: 32px; border-style: solid; border-color: #764087; background-color: #ffffff;\">&#8211; 230,20 \u20ac<\/td>\n<\/tr>\n<tr style=\"height: 23px;\">\n<td style=\"width: 60.2908%; height: 23px; border-style: solid; border-color: #764087; background-color: #ffffff;\">Quota aFFac 2026<\/td>\n<td style=\"width: 39.4855%; height: 23px; border-style: solid; border-color: #764087; background-color: #ffffff;\">&#8211; 210,86 \u20ac<\/td>\n<\/tr>\n<tr style=\"height: 32px;\">\n<td style=\"width: 60.2908%; height: 32px; border-style: solid; border-color: #764087; background-color: #ffffff;\">Sortida escolar CS &#8211; Teatre Cirvi\u00e0num<\/td>\n<td style=\"width: 39.4855%; height: 32px; border-style: solid; border-color: #764087; background-color: #ffffff;\">&#8211; 208 \u20ac<\/td>\n<\/tr>\n<tr style=\"height: 46px;\">\n<td style=\"width: 60.2908%; height: 20px; border-style: solid; border-color: #764087; background-color: #ffffff;\">Quota aFFac 2025<\/td>\n<td style=\"width: 39.4855%; height: 20px; border-style: solid; border-color: #764087; background-color: #ffffff;\">&#8211; 204,95 \u20ac<\/td>\n<\/tr>\n<tr style=\"height: 23px;\">\n<td style=\"width: 60.2908%; height: 23px; border-style: solid; border-color: #764087; background-color: #ffffff;\">Comissions banc i Dinantia<\/td>\n<td style=\"width: 39.4855%; height: 23px; border-style: solid; border-color: #764087; background-color: #ffffff;\">&#8211; 184,31 \u20ac<\/td>\n<\/tr>\n<tr style=\"height: 32px;\">\n<td style=\"width: 60.2908%; height: 32px; border-style: solid; border-color: #764087; background-color: #ffffff;\">Berenar Castanyada<\/td>\n<td style=\"width: 39.4855%; height: 32px; border-style: solid; border-color: #764087; background-color: #ffffff;\">&#8211; 162,50 \u20ac<\/td>\n<\/tr>\n<tr style=\"height: 23px;\">\n<td style=\"width: 60.2908%; height: 23px; border-style: solid; border-color: #764087; background-color: #ffffff;\">Sortida escolar EI &#8211; Teatre en angl\u00e8s<\/td>\n<td style=\"width: 39.4855%; height: 23px; border-style: solid; border-color: #764087; background-color: #ffffff;\">&#8211; 150 \u20ac<\/td>\n<\/tr>\n<tr style=\"height: 32px;\">\n<td style=\"width: 60.2908%; height: 32px; border-style: solid; border-color: #764087; background-color: #ffffff;\">Regals del Ti\u00f3 EI i CI<\/td>\n<td style=\"width: 39.4855%; height: 32px; border-style: solid; border-color: #764087; background-color: #ffffff;\">&#8211; 137,96 \u20ac<\/td>\n<\/tr>\n<tr style=\"height: 32px;\">\n<td style=\"width: 60.2908%; height: 32px; border-style: solid; border-color: #764087; background-color: #ffffff;\">Subscripci\u00f3 anual Canva<\/td>\n<td style=\"width: 39.4855%; height: 32px; border-style: solid; border-color: #764087; background-color: #ffffff;\">&#8211; 109,99 \u20ac<\/td>\n<\/tr>\n<tr style=\"height: 32px;\">\n<td style=\"width: 60.2908%; height: 32px; border-style: solid; border-color: #764087; background-color: #ffffff;\">Xbanners<\/td>\n<td style=\"width: 39.4855%; height: 32px; border-style: solid; border-color: #764087; background-color: #ffffff;\">&#8211; 71,39 \u20ac<\/td>\n<\/tr>\n<tr style=\"height: 32px;\">\n<td style=\"width: 60.2908%; height: 32px; border-style: solid; border-color: #764087; background-color: #ffffff;\">Cafetera<\/td>\n<td style=\"width: 39.4855%; height: 32px; border-style: solid; border-color: #764087; background-color: #ffffff;\">&#8211; 58,70 \u20ac<\/td>\n<\/tr>\n<tr style=\"height: 46px;\">\n<td style=\"width: 60.2908%; height: 1px; border-style: solid; border-color: #764087; background-color: #ffffff;\">Carmanyoles + motxilles I3<\/td>\n<td style=\"width: 39.4855%; height: 1px; border-style: solid; border-color: #764087; background-color: #ffffff;\">&#8211; 27,41 \u20ac<\/td>\n<\/tr>\n<tr style=\"height: 32px;\">\n<td style=\"width: 60.2908%; height: 32px; border-style: solid; border-color: #764087; background-color: #ffffff;\">C\u00f2pia claus<\/td>\n<td style=\"width: 39.4855%; height: 32px; border-style: solid; border-color: #764087; background-color: #ffffff;\">&#8211; 16,95 \u20ac<\/td>\n<\/tr>\n<tr style=\"height: 23px;\">\n<td style=\"width: 60.2908%; height: 23px; border-style: solid; border-color: #764087; background-color: #ffffff;\">Regal graduaci\u00f3 6\u00e8<\/td>\n<td style=\"width: 39.4855%; height: 23px; border-style: solid; border-color: #764087; background-color: #ffffff;\">&#8211; 15,45 \u20ac<\/td>\n<\/tr>\n<tr style=\"height: 32px;\">\n<td style=\"width: 60.2908%; height: 32px; border-style: solid; border-color: #764087; background-color: #ffffff;\">Material activitats La Marat\u00f3<\/td>\n<td style=\"width: 39.4855%; height: 32px; border-style: solid; border-color: #764087; background-color: #ffffff;\">&#8211; 13,38 \u20ac<\/td>\n<\/tr>\n<\/tbody>\n<\/table>\n<p>Podeu consultar <strong>el balan\u00e7 econ\u00f2mic del curs 2024\/25 <\/strong><strong><a href=\"https:\/\/drive.google.com\/file\/d\/1E6Ofri6LoD-7gjzBmXTOs_7uL0oXouoi\/view?usp=sharing\" target=\"_blank\" rel=\"noopener\">aqu\u00ed<\/a><\/strong>.<\/p>\n<p>Podeu consultar <strong>el balan\u00e7 econ\u00f2mic del curs 2023\/24 <\/strong><strong><a href=\"https:\/\/drive.google.com\/file\/d\/1lPKqmdPQaz4XUlw-rR-Rmmm8ileAeRm5\/view?usp=sharing\" target=\"_blank\" rel=\"noopener\">aqu\u00ed<\/a><\/strong>.<\/p>\n<p>Podeu consultar <strong>el balan\u00e7 econ\u00f2mic del curs 2022\/23 <\/strong><strong><a href=\"https:\/\/drive.google.com\/file\/d\/1KVSb2YFefkiZYtm9ujniOjDKTEHH7ipd\/view?usp=drive_link\" target=\"_blank\" rel=\"noopener\">aqu\u00ed<\/a><\/strong>.<\/p>\n<h5><strong><u>Cal recordar que l\u2019AFA \u00e9s una associaci\u00f3 sense \u00e0nim de lucre. En conseq\u00fc\u00e8ncia, l\u2019AFA no actua per generar beneficis econ\u00f2mics, per\u00f2 necessita generar ingressos per finan\u00e7ar les seves activitats.<\/u><\/strong><\/h5>\n","protected":false},"excerpt":{"rendered":"<p>Aquestes s\u00f3n les despeses m\u00e9s rellevants del curs 2025\/26, a data de 10 d&#8217;abril de 2026:<\/p>\n<p>Ventiladors per a les aules<br \/>\n&#8211; 2.021,12 \u20ac<\/p>\n<p>Aplicatiu Dinantia<br \/>\n&#8211; 635,25 \u20ac<\/p>\n<p>Festa de Nadal &#8211; Taller de circ + manualitat + berenar<br \/>\n&#8211; 586,86 \u20ac<\/p>\n<p>Donatiu i material Carnestoltes solidari<br \/>\n&#8211; 513,22 \u20ac<\/p>\n<p>Activitat Sant Jordi&hellip;  <a href=\"https:\/\/agora.xtec.cat\/ceipsegimoncomas\/afa\/estat-de-comptes\/\" title=\"Read Estat de comptes\">Llegeix m\u00e9s\u00bb<\/a><\/p>\n","protected":false},"author":1,"featured_media":0,"parent":359,"menu_order":5,"comment_status":"closed","ping_status":"closed","template":"page-templates\/side-menu.php","meta":{"_bbp_topic_count":0,"_bbp_reply_count":0,"_bbp_total_topic_count":0,"_bbp_total_reply_count":0,"_bbp_voice_count":0,"_bbp_anonymous_reply_count":0,"_bbp_topic_count_hidden":0,"_bbp_reply_count_hidden":0,"_bbp_forum_subforum_count":0,"footnotes":""},"class_list":["post-11061","page","type-page","status-publish","hentry"],"post_mailing_queue_ids":[],"_links":{"self":[{"href":"https:\/\/agora.xtec.cat\/ceipsegimoncomas\/wp-json\/wp\/v2\/pages\/11061","targetHints":{"allow":["GET"]}}],"collection":[{"href":"https:\/\/agora.xtec.cat\/ceipsegimoncomas\/wp-json\/wp\/v2\/pages"}],"about":[{"href":"https:\/\/agora.xtec.cat\/ceipsegimoncomas\/wp-json\/wp\/v2\/types\/page"}],"author":[{"embeddable":true,"href":"https:\/\/agora.xtec.cat\/ceipsegimoncomas\/wp-json\/wp\/v2\/users\/1"}],"replies":[{"embeddable":true,"href":"https:\/\/agora.xtec.cat\/ceipsegimoncomas\/wp-json\/wp\/v2\/comments?post=11061"}],"version-history":[{"count":6,"href":"https:\/\/agora.xtec.cat\/ceipsegimoncomas\/wp-json\/wp\/v2\/pages\/11061\/revisions"}],"predecessor-version":[{"id":12418,"href":"https:\/\/agora.xtec.cat\/ceipsegimoncomas\/wp-json\/wp\/v2\/pages\/11061\/revisions\/12418"}],"up":[{"embeddable":true,"href":"https:\/\/agora.xtec.cat\/ceipsegimoncomas\/wp-json\/wp\/v2\/pages\/359"}],"wp:attachment":[{"href":"https:\/\/agora.xtec.cat\/ceipsegimoncomas\/wp-json\/wp\/v2\/media?parent=11061"}],"curies":[{"name":"wp","href":"https:\/\/api.w.org\/{rel}","templated":true}]}}