{"id":73,"date":"2017-09-18T14:01:51","date_gmt":"2017-09-18T12:01:51","guid":{"rendered":"http:\/\/agora.xtec.cat\/ceipsc\/?page_id=73"},"modified":"2026-04-29T11:27:06","modified_gmt":"2026-04-29T09:27:06","slug":"menjador-escolar","status":"publish","type":"page","link":"https:\/\/agora.xtec.cat\/ceipsc\/serveis\/menjador-escolar\/","title":{"rendered":"Menjador escolar"},"content":{"rendered":"<p>Aqu\u00ed podeu consultar el <a href=\"https:\/\/drive.google.com\/file\/d\/1plsklEsqMv23G_PMo81zRgr7FbK0N_9u\/view?usp=drive_link\">pla de funcionament del menjador<\/a> pel curs 2025-2026:<\/p>\n<p>MEN\u00da DEL MES:<br \/>\n<a href=\"https:\/\/agora.xtec.cat\/ceipsc\/wp-content\/uploads\/usu731\/2026\/04\/a059498a-c942-dd0a-246b-afa0b9b3eaec.pdf\">Maig<\/a><br \/>\n<a href=\"https:\/\/agora.xtec.cat\/ceipsc\/wp-content\/uploads\/usu731\/2026\/03\/511e114a-f172-7bea-6fc7-45ab00e41452.pdf\">Abril<\/a><br \/>\n<a href=\"https:\/\/agora.xtec.cat\/ceipsc\/wp-content\/uploads\/usu731\/2026\/02\/a26559ca-2592-8e7b-502d-07b03ca71ba1.pdf\">Mar\u00e7<\/a><br \/>\n<a href=\"https:\/\/agora.xtec.cat\/ceipsc\/wp-content\/uploads\/usu731\/2026\/02\/83f7f8e9-0283-15ae-c1d4-93d64e406efe.pdf\">Febrer<\/a><br \/>\n<a href=\"https:\/\/agora.xtec.cat\/ceipsc\/wp-content\/uploads\/usu731\/2025\/12\/ba63d2f7-5cac-c5bf-68a4-d71d4a70cb8a.pdf\">Gener<\/a><br \/>\n<a href=\"https:\/\/agora.xtec.cat\/ceipsc\/wp-content\/uploads\/usu731\/2025\/11\/ab326bb7-3647-b714-7614-3ee1d96fedbd.pdf\">Desembre<\/a><br \/>\n<a href=\"https:\/\/agora.xtec.cat\/ceipsc\/wp-content\/uploads\/usu731\/2025\/10\/6770956a-838d-9b06-e3c6-9a075c602f4d.pdf\">Novembre<\/a><br \/>\n<a href=\"https:\/\/agora.xtec.cat\/ceipsc\/wp-content\/uploads\/usu731\/2025\/10\/20810256-1a7b-f66a-d629-75e5115566ff-1.pdf\">Octubre<\/a><br \/>\n<a href=\"https:\/\/agora.xtec.cat\/ceipsc\/wp-content\/uploads\/usu731\/2025\/09\/a18225ce-756c-490a-ecc9-d763893a15e5.pdf\">Setembre<\/a><\/p>\n<h5><\/h5>\n","protected":false},"excerpt":{"rendered":"<p>Aqu\u00ed podeu consultar el pla de funcionament del menjador pel curs 2025-2026: MEN\u00da DEL MES: Maig Abril Mar\u00e7 Febrer Gener Desembre Novembre Octubre Setembre<\/p>\n","protected":false},"author":1,"featured_media":0,"parent":66,"menu_order":30,"comment_status":"closed","ping_status":"closed","template":"","meta":{"_bbp_topic_count":0,"_bbp_reply_count":0,"_bbp_total_topic_count":0,"_bbp_total_reply_count":0,"_bbp_voice_count":0,"_bbp_anonymous_reply_count":0,"_bbp_topic_count_hidden":0,"_bbp_reply_count_hidden":0,"_bbp_forum_subforum_count":0,"site-sidebar-layout":"default","site-content-layout":"","ast-site-content-layout":"default","site-content-style":"default","site-sidebar-style":"default","ast-global-header-display":"","ast-banner-title-visibility":"","ast-main-header-display":"","ast-hfb-above-header-display":"","ast-hfb-below-header-display":"","ast-hfb-mobile-header-display":"","site-post-title":"","ast-breadcrumbs-content":"","ast-featured-img":"","footer-sml-layout":"","theme-transparent-header-meta":"default","adv-header-id-meta":"","stick-header-meta":"","header-above-stick-meta":"","header-main-stick-meta":"","header-below-stick-meta":"","astra-migrate-meta-layouts":"set","ast-page-background-enabled":"default","ast-page-background-meta":{"desktop":{"background-color":"var(--ast-global-color-4)","background-image":"","background-repeat":"repeat","background-position":"center center","background-size":"auto","background-attachment":"scroll","background-type":"","background-media":"","overlay-type":"","overlay-color":"","overlay-opacity":"","overlay-gradient":""},"tablet":{"background-color":"","background-image":"","background-repeat":"repeat","background-position":"center center","background-size":"auto","background-attachment":"scroll","background-type":"","background-media":"","overlay-type":"","overlay-color":"","overlay-opacity":"","overlay-gradient":""},"mobile":{"background-color":"","background-image":"","background-repeat":"repeat","background-position":"center center","background-size":"auto","background-attachment":"scroll","background-type":"","background-media":"","overlay-type":"","overlay-color":"","overlay-opacity":"","overlay-gradient":""}},"ast-content-background-meta":{"desktop":{"background-color":"var(--ast-global-color-5)","background-image":"","background-repeat":"repeat","background-position":"center center","background-size":"auto","background-attachment":"scroll","background-type":"","background-media":"","overlay-type":"","overlay-color":"","overlay-opacity":"","overlay-gradient":""},"tablet":{"background-color":"var(--ast-global-color-5)","background-image":"","background-repeat":"repeat","background-position":"center center","background-size":"auto","background-attachment":"scroll","background-type":"","background-media":"","overlay-type":"","overlay-color":"","overlay-opacity":"","overlay-gradient":""},"mobile":{"background-color":"var(--ast-global-color-5)","background-image":"","background-repeat":"repeat","background-position":"center center","background-size":"auto","background-attachment":"scroll","background-type":"","background-media":"","overlay-type":"","overlay-color":"","overlay-opacity":"","overlay-gradient":""}},"footnotes":""},"class_list":["post-73","page","type-page","status-publish","hentry"],"post_mailing_queue_ids":[],"_links":{"self":[{"href":"https:\/\/agora.xtec.cat\/ceipsc\/wp-json\/wp\/v2\/pages\/73","targetHints":{"allow":["GET"]}}],"collection":[{"href":"https:\/\/agora.xtec.cat\/ceipsc\/wp-json\/wp\/v2\/pages"}],"about":[{"href":"https:\/\/agora.xtec.cat\/ceipsc\/wp-json\/wp\/v2\/types\/page"}],"author":[{"embeddable":true,"href":"https:\/\/agora.xtec.cat\/ceipsc\/wp-json\/wp\/v2\/users\/1"}],"replies":[{"embeddable":true,"href":"https:\/\/agora.xtec.cat\/ceipsc\/wp-json\/wp\/v2\/comments?post=73"}],"version-history":[{"count":8,"href":"https:\/\/agora.xtec.cat\/ceipsc\/wp-json\/wp\/v2\/pages\/73\/revisions"}],"predecessor-version":[{"id":5314,"href":"https:\/\/agora.xtec.cat\/ceipsc\/wp-json\/wp\/v2\/pages\/73\/revisions\/5314"}],"up":[{"embeddable":true,"href":"https:\/\/agora.xtec.cat\/ceipsc\/wp-json\/wp\/v2\/pages\/66"}],"wp:attachment":[{"href":"https:\/\/agora.xtec.cat\/ceipsc\/wp-json\/wp\/v2\/media?parent=73"}],"curies":[{"name":"wp","href":"https:\/\/api.w.org\/{rel}","templated":true}]}}