{"id":4696,"date":"2024-10-20T12:15:31","date_gmt":"2024-10-20T10:15:31","guid":{"rendered":"https:\/\/agora.xtec.cat\/ceipsc\/?page_id=4696"},"modified":"2025-09-19T15:56:48","modified_gmt":"2025-09-19T13:56:48","slug":"salut","status":"publish","type":"page","link":"https:\/\/agora.xtec.cat\/ceipsc\/projecte-educatiu\/salut\/","title":{"rendered":"Salut"},"content":{"rendered":"<p>Criteris de <strong>no assist\u00e8ncia de l\u2019alumnat a l\u2019escola<\/strong> durant un per\u00edode de temps determinat <strong>a causa de malalties transmissibles <\/strong>(<a href=\"https:\/\/scientiasalut.gencat.cat\/bitstream\/handle\/11351\/3061.3\/criteris_no_assistencia_alumnat_escola_llar_infants_durant_periode_temps_determina_causa_malalties_transmisibles_2023.pdf?sequence=11\">enlla\u00e7 al document complet<\/a>).<\/p>\n<p>En totes les malalties que cursen amb febre, a m\u00e9s de les recomanacions espec\u00edfiques per a cadascuna d\u2019elles, cal que el nen\/a hagi estat <strong>24h sense febre abans de tornar a l\u2019escola.<\/strong><\/p>\n<p><strong>Infeccions respirat\u00f2ries<\/strong><br \/>\n<a href=\"https:\/\/agora.xtec.cat\/ceipsc\/wp-content\/uploads\/usu731\/2024\/10\/Infeccions-respiratories.png\"><img loading=\"lazy\" decoding=\"async\" class=\"alignnone wp-image-4701\" src=\"https:\/\/agora.xtec.cat\/ceipsc\/wp-content\/uploads\/usu731\/2024\/10\/Infeccions-respiratories-1024x723.png\" alt=\"\" width=\"588\" height=\"415\" srcset=\"https:\/\/agora.xtec.cat\/ceipsc\/wp-content\/uploads\/usu731\/2024\/10\/Infeccions-respiratories-1024x723.png 1024w, https:\/\/agora.xtec.cat\/ceipsc\/wp-content\/uploads\/usu731\/2024\/10\/Infeccions-respiratories-300x212.png 300w, https:\/\/agora.xtec.cat\/ceipsc\/wp-content\/uploads\/usu731\/2024\/10\/Infeccions-respiratories-768x542.png 768w, https:\/\/agora.xtec.cat\/ceipsc\/wp-content\/uploads\/usu731\/2024\/10\/Infeccions-respiratories.png 1524w\" sizes=\"auto, (max-width: 588px) 100vw, 588px\" \/><\/a><\/p>\n<p><strong>Malalties gastrointestinals<\/strong><br \/>\n<a href=\"https:\/\/agora.xtec.cat\/ceipsc\/wp-content\/uploads\/usu731\/2024\/10\/Malalties-gastrointestinals.png\"><img loading=\"lazy\" decoding=\"async\" class=\"alignnone wp-image-4702\" src=\"https:\/\/agora.xtec.cat\/ceipsc\/wp-content\/uploads\/usu731\/2024\/10\/Malalties-gastrointestinals-1024x385.png\" alt=\"\" width=\"595\" height=\"224\" srcset=\"https:\/\/agora.xtec.cat\/ceipsc\/wp-content\/uploads\/usu731\/2024\/10\/Malalties-gastrointestinals-1024x385.png 1024w, https:\/\/agora.xtec.cat\/ceipsc\/wp-content\/uploads\/usu731\/2024\/10\/Malalties-gastrointestinals-300x113.png 300w, https:\/\/agora.xtec.cat\/ceipsc\/wp-content\/uploads\/usu731\/2024\/10\/Malalties-gastrointestinals-768x289.png 768w, https:\/\/agora.xtec.cat\/ceipsc\/wp-content\/uploads\/usu731\/2024\/10\/Malalties-gastrointestinals.png 1532w\" sizes=\"auto, (max-width: 595px) 100vw, 595px\" \/><\/a><\/p>\n<p><strong>Malalties que cursen erupci\u00f3 o lesions cut\u00e0nies<\/strong><br \/>\n<a href=\"https:\/\/agora.xtec.cat\/ceipsc\/wp-content\/uploads\/usu731\/2024\/10\/Malalties-que-cursen-erupcio-o-lesions-cutanies.png\"><img loading=\"lazy\" decoding=\"async\" class=\"alignnone wp-image-4703\" src=\"https:\/\/agora.xtec.cat\/ceipsc\/wp-content\/uploads\/usu731\/2024\/10\/Malalties-que-cursen-erupcio-o-lesions-cutanies-919x1024.png\" alt=\"\" width=\"605\" height=\"674\" srcset=\"https:\/\/agora.xtec.cat\/ceipsc\/wp-content\/uploads\/usu731\/2024\/10\/Malalties-que-cursen-erupcio-o-lesions-cutanies-919x1024.png 919w, https:\/\/agora.xtec.cat\/ceipsc\/wp-content\/uploads\/usu731\/2024\/10\/Malalties-que-cursen-erupcio-o-lesions-cutanies-269x300.png 269w, https:\/\/agora.xtec.cat\/ceipsc\/wp-content\/uploads\/usu731\/2024\/10\/Malalties-que-cursen-erupcio-o-lesions-cutanies-768x856.png 768w, https:\/\/agora.xtec.cat\/ceipsc\/wp-content\/uploads\/usu731\/2024\/10\/Malalties-que-cursen-erupcio-o-lesions-cutanies.png 1186w\" sizes=\"auto, (max-width: 605px) 100vw, 605px\" \/><\/a><\/p>\n<p><strong>Infeccions oculars<\/strong><br \/>\n<a href=\"https:\/\/agora.xtec.cat\/ceipsc\/wp-content\/uploads\/usu731\/2024\/10\/Infeccions-oculars.png\"><img loading=\"lazy\" decoding=\"async\" class=\"alignnone wp-image-4704\" src=\"https:\/\/agora.xtec.cat\/ceipsc\/wp-content\/uploads\/usu731\/2024\/10\/Infeccions-oculars-1024x141.png\" alt=\"\" width=\"617\" height=\"85\" srcset=\"https:\/\/agora.xtec.cat\/ceipsc\/wp-content\/uploads\/usu731\/2024\/10\/Infeccions-oculars-1024x141.png 1024w, https:\/\/agora.xtec.cat\/ceipsc\/wp-content\/uploads\/usu731\/2024\/10\/Infeccions-oculars-300x41.png 300w, https:\/\/agora.xtec.cat\/ceipsc\/wp-content\/uploads\/usu731\/2024\/10\/Infeccions-oculars-768x105.png 768w, https:\/\/agora.xtec.cat\/ceipsc\/wp-content\/uploads\/usu731\/2024\/10\/Infeccions-oculars.png 1180w\" sizes=\"auto, (max-width: 617px) 100vw, 617px\" \/><\/a><\/p>\n","protected":false},"excerpt":{"rendered":"<p>Criteris de no assist\u00e8ncia de l\u2019alumnat a l\u2019escola durant un per\u00edode de temps determinat a causa de malalties transmissibles (enlla\u00e7 al document complet). En totes les malalties que cursen amb febre, a m\u00e9s de les recomanacions espec\u00edfiques per a cadascuna d\u2019elles, cal que el nen\/a hagi estat 24h sense febre abans de tornar a l\u2019escola. [&hellip;]<\/p>\n","protected":false},"author":5,"featured_media":0,"parent":64,"menu_order":80,"comment_status":"closed","ping_status":"closed","template":"","meta":{"_bbp_topic_count":0,"_bbp_reply_count":0,"_bbp_total_topic_count":0,"_bbp_total_reply_count":0,"_bbp_voice_count":0,"_bbp_anonymous_reply_count":0,"_bbp_topic_count_hidden":0,"_bbp_reply_count_hidden":0,"_bbp_forum_subforum_count":0,"site-sidebar-layout":"default","site-content-layout":"","ast-site-content-layout":"default","site-content-style":"default","site-sidebar-style":"default","ast-global-header-display":"","ast-banner-title-visibility":"","ast-main-header-display":"","ast-hfb-above-header-display":"","ast-hfb-below-header-display":"","ast-hfb-mobile-header-display":"","site-post-title":"","ast-breadcrumbs-content":"","ast-featured-img":"","footer-sml-layout":"","theme-transparent-header-meta":"default","adv-header-id-meta":"","stick-header-meta":"","header-above-stick-meta":"","header-main-stick-meta":"","header-below-stick-meta":"","astra-migrate-meta-layouts":"set","ast-page-background-enabled":"default","ast-page-background-meta":{"desktop":{"background-color":"var(--ast-global-color-4)","background-image":"","background-repeat":"repeat","background-position":"center center","background-size":"auto","background-attachment":"scroll","background-type":"","background-media":"","overlay-type":"","overlay-color":"","overlay-opacity":"","overlay-gradient":""},"tablet":{"background-color":"","background-image":"","background-repeat":"repeat","background-position":"center center","background-size":"auto","background-attachment":"scroll","background-type":"","background-media":"","overlay-type":"","overlay-color":"","overlay-opacity":"","overlay-gradient":""},"mobile":{"background-color":"","background-image":"","background-repeat":"repeat","background-position":"center center","background-size":"auto","background-attachment":"scroll","background-type":"","background-media":"","overlay-type":"","overlay-color":"","overlay-opacity":"","overlay-gradient":""}},"ast-content-background-meta":{"desktop":{"background-color":"var(--ast-global-color-5)","background-image":"","background-repeat":"repeat","background-position":"center center","background-size":"auto","background-attachment":"scroll","background-type":"","background-media":"","overlay-type":"","overlay-color":"","overlay-opacity":"","overlay-gradient":""},"tablet":{"background-color":"var(--ast-global-color-5)","background-image":"","background-repeat":"repeat","background-position":"center center","background-size":"auto","background-attachment":"scroll","background-type":"","background-media":"","overlay-type":"","overlay-color":"","overlay-opacity":"","overlay-gradient":""},"mobile":{"background-color":"var(--ast-global-color-5)","background-image":"","background-repeat":"repeat","background-position":"center center","background-size":"auto","background-attachment":"scroll","background-type":"","background-media":"","overlay-type":"","overlay-color":"","overlay-opacity":"","overlay-gradient":""}},"footnotes":""},"class_list":["post-4696","page","type-page","status-publish","hentry"],"post_mailing_queue_ids":[],"_links":{"self":[{"href":"https:\/\/agora.xtec.cat\/ceipsc\/wp-json\/wp\/v2\/pages\/4696","targetHints":{"allow":["GET"]}}],"collection":[{"href":"https:\/\/agora.xtec.cat\/ceipsc\/wp-json\/wp\/v2\/pages"}],"about":[{"href":"https:\/\/agora.xtec.cat\/ceipsc\/wp-json\/wp\/v2\/types\/page"}],"author":[{"embeddable":true,"href":"https:\/\/agora.xtec.cat\/ceipsc\/wp-json\/wp\/v2\/users\/5"}],"replies":[{"embeddable":true,"href":"https:\/\/agora.xtec.cat\/ceipsc\/wp-json\/wp\/v2\/comments?post=4696"}],"version-history":[{"count":2,"href":"https:\/\/agora.xtec.cat\/ceipsc\/wp-json\/wp\/v2\/pages\/4696\/revisions"}],"predecessor-version":[{"id":4707,"href":"https:\/\/agora.xtec.cat\/ceipsc\/wp-json\/wp\/v2\/pages\/4696\/revisions\/4707"}],"up":[{"embeddable":true,"href":"https:\/\/agora.xtec.cat\/ceipsc\/wp-json\/wp\/v2\/pages\/64"}],"wp:attachment":[{"href":"https:\/\/agora.xtec.cat\/ceipsc\/wp-json\/wp\/v2\/media?parent=4696"}],"curies":[{"name":"wp","href":"https:\/\/api.w.org\/{rel}","templated":true}]}}