{"id":4228,"date":"2022-07-27T16:41:03","date_gmt":"2022-07-27T14:41:03","guid":{"rendered":"https:\/\/agora.xtec.cat\/ceipsc\/?page_id=4228"},"modified":"2025-09-19T15:56:26","modified_gmt":"2025-09-19T13:56:26","slug":"autoritzacions-per-descarregar","status":"publish","type":"page","link":"https:\/\/agora.xtec.cat\/ceipsc\/projecte-educatiu\/autoritzacions-per-descarregar\/","title":{"rendered":"Autoritzacions generals per descarregar"},"content":{"rendered":"<table style=\"border-collapse: collapse; width: 83.0406%;\">\n<tbody>\n<tr>\n<td style=\"width: 20.9519%;\"><a href=\"https:\/\/agora.xtec.cat\/ceipsc\/wp-content\/uploads\/usu731\/2022\/07\/baixa.png\"><img loading=\"lazy\" decoding=\"async\" class=\"wp-image-4231 aligncenter\" src=\"https:\/\/agora.xtec.cat\/ceipsc\/wp-content\/uploads\/usu731\/2022\/07\/baixa.png\" alt=\"\" width=\"58\" height=\"58\" srcset=\"https:\/\/agora.xtec.cat\/ceipsc\/wp-content\/uploads\/usu731\/2022\/07\/baixa.png 225w, https:\/\/agora.xtec.cat\/ceipsc\/wp-content\/uploads\/usu731\/2022\/07\/baixa-150x150.png 150w\" sizes=\"auto, (max-width: 58px) 100vw, 58px\" \/><\/a><\/td>\n<td style=\"width: 20.5467%;\"><a href=\"https:\/\/agora.xtec.cat\/ceipsc\/wp-content\/uploads\/usu731\/2022\/07\/baixa.png\"><img loading=\"lazy\" decoding=\"async\" class=\"wp-image-4231 aligncenter\" src=\"https:\/\/agora.xtec.cat\/ceipsc\/wp-content\/uploads\/usu731\/2022\/07\/baixa.png\" alt=\"\" width=\"58\" height=\"58\" srcset=\"https:\/\/agora.xtec.cat\/ceipsc\/wp-content\/uploads\/usu731\/2022\/07\/baixa.png 225w, https:\/\/agora.xtec.cat\/ceipsc\/wp-content\/uploads\/usu731\/2022\/07\/baixa-150x150.png 150w\" sizes=\"auto, (max-width: 58px) 100vw, 58px\" \/><\/a><\/td>\n<td style=\"width: 20.5142%;\"><a href=\"https:\/\/agora.xtec.cat\/ceipsc\/wp-content\/uploads\/usu731\/2022\/07\/baixa.png\"><img loading=\"lazy\" decoding=\"async\" class=\"wp-image-4231 aligncenter\" src=\"https:\/\/agora.xtec.cat\/ceipsc\/wp-content\/uploads\/usu731\/2022\/07\/baixa.png\" alt=\"\" width=\"58\" height=\"58\" srcset=\"https:\/\/agora.xtec.cat\/ceipsc\/wp-content\/uploads\/usu731\/2022\/07\/baixa.png 225w, https:\/\/agora.xtec.cat\/ceipsc\/wp-content\/uploads\/usu731\/2022\/07\/baixa-150x150.png 150w\" sizes=\"auto, (max-width: 58px) 100vw, 58px\" \/><\/a><\/td>\n<td style=\"width: 20.3502%;\"><a href=\"https:\/\/agora.xtec.cat\/ceipsc\/wp-content\/uploads\/usu731\/2022\/07\/baixa.png\"><img loading=\"lazy\" decoding=\"async\" class=\"wp-image-4231 aligncenter\" src=\"https:\/\/agora.xtec.cat\/ceipsc\/wp-content\/uploads\/usu731\/2022\/07\/baixa.png\" alt=\"\" width=\"58\" height=\"58\" srcset=\"https:\/\/agora.xtec.cat\/ceipsc\/wp-content\/uploads\/usu731\/2022\/07\/baixa.png 225w, https:\/\/agora.xtec.cat\/ceipsc\/wp-content\/uploads\/usu731\/2022\/07\/baixa-150x150.png 150w\" sizes=\"auto, (max-width: 58px) 100vw, 58px\" \/><\/a><\/td>\n<\/tr>\n<tr>\n<td style=\"width: 20.9519%; text-align: center;\"><a href=\"https:\/\/agora.xtec.cat\/ceipsc\/wp-content\/uploads\/usu731\/2014\/09\/autoritzacions-medicaments.pdf\">Autoritzaci\u00f3 medicaments<\/a><\/td>\n<td style=\"width: 20.5467%; text-align: center;\"><a href=\"https:\/\/agora.xtec.cat\/ceipsc\/wp-content\/uploads\/usu731\/2024\/10\/Autoritzacio-drets-dimatge.pdf\">Autoritzaci\u00f3 drets d&#8217;imatge<\/a><\/td>\n<td style=\"width: 20.5142%; text-align: center;\"><a href=\"https:\/\/drive.google.com\/file\/d\/1HUBG-esVpF-7Dbd1CQrfR--P32xObH93\/view?usp=sharing\">\u00das correu<\/a><\/td>\n<td style=\"width: 20.3502%; text-align: center;\"><a href=\"https:\/\/agora.xtec.cat\/ceipsc\/wp-content\/uploads\/usu731\/2024\/10\/Autoritzacio-sortir-sols.pdf\">Autoritzacio\u0301 sortir sols<\/a><\/td>\n<\/tr>\n<\/tbody>\n<\/table>\n","protected":false},"excerpt":{"rendered":"<p>Autoritzaci\u00f3 medicaments Autoritzaci\u00f3 drets d&#8217;imatge \u00das correu Autoritzacio\u0301 sortir sols<\/p>\n","protected":false},"author":5,"featured_media":0,"parent":64,"menu_order":90,"comment_status":"closed","ping_status":"closed","template":"","meta":{"_bbp_topic_count":0,"_bbp_reply_count":0,"_bbp_total_topic_count":0,"_bbp_total_reply_count":0,"_bbp_voice_count":0,"_bbp_anonymous_reply_count":0,"_bbp_topic_count_hidden":0,"_bbp_reply_count_hidden":0,"_bbp_forum_subforum_count":0,"site-sidebar-layout":"default","site-content-layout":"","ast-site-content-layout":"default","site-content-style":"default","site-sidebar-style":"default","ast-global-header-display":"","ast-banner-title-visibility":"","ast-main-header-display":"","ast-hfb-above-header-display":"","ast-hfb-below-header-display":"disabled","ast-hfb-mobile-header-display":"","site-post-title":"","ast-breadcrumbs-content":"","ast-featured-img":"","footer-sml-layout":"","theme-transparent-header-meta":"default","adv-header-id-meta":"","stick-header-meta":"","header-above-stick-meta":"","header-main-stick-meta":"","header-below-stick-meta":"","astra-migrate-meta-layouts":"set","ast-page-background-enabled":"default","ast-page-background-meta":{"desktop":{"background-color":"var(--ast-global-color-4)","background-image":"","background-repeat":"repeat","background-position":"center center","background-size":"auto","background-attachment":"scroll","background-type":"","background-media":"","overlay-type":"","overlay-color":"","overlay-opacity":"","overlay-gradient":""},"tablet":{"background-color":"","background-image":"","background-repeat":"repeat","background-position":"center center","background-size":"auto","background-attachment":"scroll","background-type":"","background-media":"","overlay-type":"","overlay-color":"","overlay-opacity":"","overlay-gradient":""},"mobile":{"background-color":"","background-image":"","background-repeat":"repeat","background-position":"center center","background-size":"auto","background-attachment":"scroll","background-type":"","background-media":"","overlay-type":"","overlay-color":"","overlay-opacity":"","overlay-gradient":""}},"ast-content-background-meta":{"desktop":{"background-color":"var(--ast-global-color-5)","background-image":"","background-repeat":"repeat","background-position":"center center","background-size":"auto","background-attachment":"scroll","background-type":"","background-media":"","overlay-type":"","overlay-color":"","overlay-opacity":"","overlay-gradient":""},"tablet":{"background-color":"var(--ast-global-color-5)","background-image":"","background-repeat":"repeat","background-position":"center center","background-size":"auto","background-attachment":"scroll","background-type":"","background-media":"","overlay-type":"","overlay-color":"","overlay-opacity":"","overlay-gradient":""},"mobile":{"background-color":"var(--ast-global-color-5)","background-image":"","background-repeat":"repeat","background-position":"center center","background-size":"auto","background-attachment":"scroll","background-type":"","background-media":"","overlay-type":"","overlay-color":"","overlay-opacity":"","overlay-gradient":""}},"footnotes":""},"class_list":["post-4228","page","type-page","status-publish","hentry"],"post_mailing_queue_ids":[],"_links":{"self":[{"href":"https:\/\/agora.xtec.cat\/ceipsc\/wp-json\/wp\/v2\/pages\/4228","targetHints":{"allow":["GET"]}}],"collection":[{"href":"https:\/\/agora.xtec.cat\/ceipsc\/wp-json\/wp\/v2\/pages"}],"about":[{"href":"https:\/\/agora.xtec.cat\/ceipsc\/wp-json\/wp\/v2\/types\/page"}],"author":[{"embeddable":true,"href":"https:\/\/agora.xtec.cat\/ceipsc\/wp-json\/wp\/v2\/users\/5"}],"replies":[{"embeddable":true,"href":"https:\/\/agora.xtec.cat\/ceipsc\/wp-json\/wp\/v2\/comments?post=4228"}],"version-history":[{"count":6,"href":"https:\/\/agora.xtec.cat\/ceipsc\/wp-json\/wp\/v2\/pages\/4228\/revisions"}],"predecessor-version":[{"id":4813,"href":"https:\/\/agora.xtec.cat\/ceipsc\/wp-json\/wp\/v2\/pages\/4228\/revisions\/4813"}],"up":[{"embeddable":true,"href":"https:\/\/agora.xtec.cat\/ceipsc\/wp-json\/wp\/v2\/pages\/64"}],"wp:attachment":[{"href":"https:\/\/agora.xtec.cat\/ceipsc\/wp-json\/wp\/v2\/media?parent=4228"}],"curies":[{"name":"wp","href":"https:\/\/api.w.org\/{rel}","templated":true}]}}