{"id":30,"date":"2014-09-18T12:30:23","date_gmt":"2014-09-18T11:30:23","guid":{"rendered":"http:\/\/agora.xtec.cat\/ceipsc\/?page_id=30"},"modified":"2025-09-19T15:24:46","modified_gmt":"2025-09-19T13:24:46","slug":"instal%c2%b7lacions","status":"publish","type":"page","link":"https:\/\/agora.xtec.cat\/ceipsc\/lescola\/instal%c2%b7lacions\/","title":{"rendered":"Qui som"},"content":{"rendered":"<p><a href=\"https:\/\/agora.xtec.cat\/ceipsc\/wp-content\/uploads\/usu731\/2025\/09\/Captura-de-pantalla-2025-09-19-152353.jpg\"><img loading=\"lazy\" decoding=\"async\" class=\"alignnone size-full wp-image-5105\" src=\"https:\/\/agora.xtec.cat\/ceipsc\/wp-content\/uploads\/usu731\/2025\/09\/Captura-de-pantalla-2025-09-19-152353.jpg\" alt=\"\" width=\"681\" height=\"403\" srcset=\"https:\/\/agora.xtec.cat\/ceipsc\/wp-content\/uploads\/usu731\/2025\/09\/Captura-de-pantalla-2025-09-19-152353.jpg 681w, https:\/\/agora.xtec.cat\/ceipsc\/wp-content\/uploads\/usu731\/2025\/09\/Captura-de-pantalla-2025-09-19-152353-300x178.jpg 300w\" sizes=\"auto, (max-width: 681px) 100vw, 681px\" \/><\/a><\/p>\n<p>EQUIP DIRECTIU &#8211; Eva Juh\u00e9, Cristina Torrent i Gemma Mart\u00ed<\/p>\n<p>TUTORA I3 &#8211; Griselda Brugada<br \/>\nTUTORA I4 &#8211; Maria Ginabreda<br \/>\nTUTORA I5 &#8211; Sandra Brengaret<br \/>\nTUTORA 1r &#8211; Eva Juh\u00e9<br \/>\nTUTORA 2n &#8211; Anna M\u00e0rquez<br \/>\nTUTORA 3r &#8211; M. Pilar<br \/>\nTUTORA 4t &#8211; L\u00eddia Saavedra<br \/>\nTUTORA 5\u00e8 &#8211; S\u00edlvia Pascual<br \/>\nTUTORA 6\u00e8 &#8211; Gemma Mart\u00ed<\/p>\n<p>MESTRA M\u00daSICA &#8211; Tere Cano<br \/>\nMESTRES ANGL\u00c8S &#8211; Gl\u00f2ria Rosell i Cristina Torrent<br \/>\nMESTRE EDUCACI\u00d3 F\u00cdSICA &#8211; Adri\u00e0 Aparisi<br \/>\nMESTRE EDUCACI\u00d3 ESPECIAL &#8211; Jordi Maj\u00f3<br \/>\nMESTRES DE SUPORT &#8211; M\u00f2nica Dalemus<\/p>\n<p>VETLLADORA: Merc\u00e8 Gonzalez<br \/>\nCREDV: Laura Rigau<br \/>\nFISIO: Manel<br \/>\nADMINISTRATIVA: Ferran Alosno<\/p>\n","protected":false},"excerpt":{"rendered":"<p>EQUIP DIRECTIU &#8211; Eva Juh\u00e9, Cristina Torrent i Gemma Mart\u00ed TUTORA I3 &#8211; Griselda Brugada TUTORA I4 &#8211; Maria Ginabreda TUTORA I5 &#8211; Sandra Brengaret TUTORA 1r &#8211; Eva Juh\u00e9 TUTORA 2n &#8211; Anna M\u00e0rquez TUTORA 3r &#8211; M. Pilar TUTORA 4t &#8211; L\u00eddia Saavedra TUTORA 5\u00e8 &#8211; S\u00edlvia Pascual TUTORA 6\u00e8 &#8211; Gemma Mart\u00ed [&hellip;]<\/p>\n","protected":false},"author":1,"featured_media":0,"parent":22,"menu_order":30,"comment_status":"closed","ping_status":"closed","template":"","meta":{"_bbp_topic_count":0,"_bbp_reply_count":0,"_bbp_total_topic_count":0,"_bbp_total_reply_count":0,"_bbp_voice_count":0,"_bbp_anonymous_reply_count":0,"_bbp_topic_count_hidden":0,"_bbp_reply_count_hidden":0,"_bbp_forum_subforum_count":0,"site-sidebar-layout":"default","site-content-layout":"","ast-site-content-layout":"default","site-content-style":"default","site-sidebar-style":"default","ast-global-header-display":"","ast-banner-title-visibility":"","ast-main-header-display":"","ast-hfb-above-header-display":"","ast-hfb-below-header-display":"","ast-hfb-mobile-header-display":"","site-post-title":"","ast-breadcrumbs-content":"","ast-featured-img":"","footer-sml-layout":"","theme-transparent-header-meta":"default","adv-header-id-meta":"","stick-header-meta":"","header-above-stick-meta":"","header-main-stick-meta":"","header-below-stick-meta":"","astra-migrate-meta-layouts":"set","ast-page-background-enabled":"default","ast-page-background-meta":{"desktop":{"background-color":"var(--ast-global-color-4)","background-image":"","background-repeat":"repeat","background-position":"center center","background-size":"auto","background-attachment":"scroll","background-type":"","background-media":"","overlay-type":"","overlay-color":"","overlay-opacity":"","overlay-gradient":""},"tablet":{"background-color":"","background-image":"","background-repeat":"repeat","background-position":"center center","background-size":"auto","background-attachment":"scroll","background-type":"","background-media":"","overlay-type":"","overlay-color":"","overlay-opacity":"","overlay-gradient":""},"mobile":{"background-color":"","background-image":"","background-repeat":"repeat","background-position":"center center","background-size":"auto","background-attachment":"scroll","background-type":"","background-media":"","overlay-type":"","overlay-color":"","overlay-opacity":"","overlay-gradient":""}},"ast-content-background-meta":{"desktop":{"background-color":"var(--ast-global-color-5)","background-image":"","background-repeat":"repeat","background-position":"center center","background-size":"auto","background-attachment":"scroll","background-type":"","background-media":"","overlay-type":"","overlay-color":"","overlay-opacity":"","overlay-gradient":""},"tablet":{"background-color":"var(--ast-global-color-5)","background-image":"","background-repeat":"repeat","background-position":"center center","background-size":"auto","background-attachment":"scroll","background-type":"","background-media":"","overlay-type":"","overlay-color":"","overlay-opacity":"","overlay-gradient":""},"mobile":{"background-color":"var(--ast-global-color-5)","background-image":"","background-repeat":"repeat","background-position":"center center","background-size":"auto","background-attachment":"scroll","background-type":"","background-media":"","overlay-type":"","overlay-color":"","overlay-opacity":"","overlay-gradient":""}},"footnotes":""},"class_list":["post-30","page","type-page","status-publish","hentry"],"post_mailing_queue_ids":[],"_links":{"self":[{"href":"https:\/\/agora.xtec.cat\/ceipsc\/wp-json\/wp\/v2\/pages\/30","targetHints":{"allow":["GET"]}}],"collection":[{"href":"https:\/\/agora.xtec.cat\/ceipsc\/wp-json\/wp\/v2\/pages"}],"about":[{"href":"https:\/\/agora.xtec.cat\/ceipsc\/wp-json\/wp\/v2\/types\/page"}],"author":[{"embeddable":true,"href":"https:\/\/agora.xtec.cat\/ceipsc\/wp-json\/wp\/v2\/users\/1"}],"replies":[{"embeddable":true,"href":"https:\/\/agora.xtec.cat\/ceipsc\/wp-json\/wp\/v2\/comments?post=30"}],"version-history":[{"count":6,"href":"https:\/\/agora.xtec.cat\/ceipsc\/wp-json\/wp\/v2\/pages\/30\/revisions"}],"predecessor-version":[{"id":5106,"href":"https:\/\/agora.xtec.cat\/ceipsc\/wp-json\/wp\/v2\/pages\/30\/revisions\/5106"}],"up":[{"embeddable":true,"href":"https:\/\/agora.xtec.cat\/ceipsc\/wp-json\/wp\/v2\/pages\/22"}],"wp:attachment":[{"href":"https:\/\/agora.xtec.cat\/ceipsc\/wp-json\/wp\/v2\/media?parent=30"}],"curies":[{"name":"wp","href":"https:\/\/api.w.org\/{rel}","templated":true}]}}