{"id":26,"date":"2014-09-18T12:24:32","date_gmt":"2014-09-18T11:24:32","guid":{"rendered":"http:\/\/agora.xtec.cat\/ceipsc\/?page_id=26"},"modified":"2024-10-19T09:23:03","modified_gmt":"2024-10-19T07:23:03","slug":"historia","status":"publish","type":"page","link":"https:\/\/agora.xtec.cat\/ceipsc\/lescola\/historia\/","title":{"rendered":"Hist\u00f2ria"},"content":{"rendered":"<p>L\u2019Escola Els Terraprims \u00e9s una escola centen\u00e0ria. Es va inaugurar el gener de 1924. Des de llavors fins ara ha passat molt de temps i l&#8217;escola ha anat evolucionant seguint els canvis pol\u00edtics i socials que hi ha hagut al llarg de la hist\u00f2ria.<\/p>\n<p>El juny de 2024 vam fer una gran celebraci\u00f3 dels 100 anys d&#8217;escola.<\/p>\n<p><a href=\"https:\/\/agora.xtec.cat\/ceipsc\/wp-content\/uploads\/usu731\/2024\/10\/Captura-de-pantalla-2024-10-19-a-les-9.17.23.png\"><img loading=\"lazy\" decoding=\"async\" class=\"alignnone  wp-image-4681\" src=\"https:\/\/agora.xtec.cat\/ceipsc\/wp-content\/uploads\/usu731\/2024\/10\/Captura-de-pantalla-2024-10-19-a-les-9.17.23-1024x676.png\" alt=\"\" width=\"437\" height=\"288\" srcset=\"https:\/\/agora.xtec.cat\/ceipsc\/wp-content\/uploads\/usu731\/2024\/10\/Captura-de-pantalla-2024-10-19-a-les-9.17.23-1024x676.png 1024w, https:\/\/agora.xtec.cat\/ceipsc\/wp-content\/uploads\/usu731\/2024\/10\/Captura-de-pantalla-2024-10-19-a-les-9.17.23-300x198.png 300w, https:\/\/agora.xtec.cat\/ceipsc\/wp-content\/uploads\/usu731\/2024\/10\/Captura-de-pantalla-2024-10-19-a-les-9.17.23-768x507.png 768w, https:\/\/agora.xtec.cat\/ceipsc\/wp-content\/uploads\/usu731\/2024\/10\/Captura-de-pantalla-2024-10-19-a-les-9.17.23.png 1490w\" sizes=\"auto, (max-width: 437px) 100vw, 437px\" \/><\/a>\u00a0<a href=\"https:\/\/agora.xtec.cat\/ceipsc\/wp-content\/uploads\/usu731\/2024\/10\/Captura-de-pantalla-2024-10-19-a-les-9.18.14.png\"><img loading=\"lazy\" decoding=\"async\" class=\"alignnone  wp-image-4682\" src=\"https:\/\/agora.xtec.cat\/ceipsc\/wp-content\/uploads\/usu731\/2024\/10\/Captura-de-pantalla-2024-10-19-a-les-9.18.14-1024x243.png\" alt=\"\" width=\"463\" height=\"110\" srcset=\"https:\/\/agora.xtec.cat\/ceipsc\/wp-content\/uploads\/usu731\/2024\/10\/Captura-de-pantalla-2024-10-19-a-les-9.18.14-1024x243.png 1024w, https:\/\/agora.xtec.cat\/ceipsc\/wp-content\/uploads\/usu731\/2024\/10\/Captura-de-pantalla-2024-10-19-a-les-9.18.14-300x71.png 300w, https:\/\/agora.xtec.cat\/ceipsc\/wp-content\/uploads\/usu731\/2024\/10\/Captura-de-pantalla-2024-10-19-a-les-9.18.14-768x182.png 768w, https:\/\/agora.xtec.cat\/ceipsc\/wp-content\/uploads\/usu731\/2024\/10\/Captura-de-pantalla-2024-10-19-a-les-9.18.14-1536x364.png 1536w, https:\/\/agora.xtec.cat\/ceipsc\/wp-content\/uploads\/usu731\/2024\/10\/Captura-de-pantalla-2024-10-19-a-les-9.18.14.png 1594w\" sizes=\"auto, (max-width: 463px) 100vw, 463px\" \/><\/a><\/p>\n<p><a href=\"https:\/\/agora.xtec.cat\/ceipsc\/wp-content\/uploads\/usu731\/2024\/10\/Captura-de-pantalla-2024-10-19-a-les-9.22.22.png\"><img loading=\"lazy\" decoding=\"async\" class=\"wp-image-4683 aligncenter\" src=\"https:\/\/agora.xtec.cat\/ceipsc\/wp-content\/uploads\/usu731\/2024\/10\/Captura-de-pantalla-2024-10-19-a-les-9.22.22.png\" alt=\"\" width=\"348\" height=\"412\" srcset=\"https:\/\/agora.xtec.cat\/ceipsc\/wp-content\/uploads\/usu731\/2024\/10\/Captura-de-pantalla-2024-10-19-a-les-9.22.22.png 776w, https:\/\/agora.xtec.cat\/ceipsc\/wp-content\/uploads\/usu731\/2024\/10\/Captura-de-pantalla-2024-10-19-a-les-9.22.22-254x300.png 254w, https:\/\/agora.xtec.cat\/ceipsc\/wp-content\/uploads\/usu731\/2024\/10\/Captura-de-pantalla-2024-10-19-a-les-9.22.22-768x909.png 768w\" sizes=\"auto, (max-width: 348px) 100vw, 348px\" \/><\/a><\/p>\n","protected":false},"excerpt":{"rendered":"<p>L\u2019Escola Els Terraprims \u00e9s una escola centen\u00e0ria. Es va inaugurar el gener de 1924. Des de llavors fins ara ha passat molt de temps i l&#8217;escola ha anat evolucionant seguint els canvis pol\u00edtics i socials que hi ha hagut al llarg de la hist\u00f2ria. El juny de 2024 vam fer una gran celebraci\u00f3 dels 100 [&hellip;]<\/p>\n","protected":false},"author":1,"featured_media":0,"parent":22,"menu_order":20,"comment_status":"closed","ping_status":"closed","template":"page-templates\/side-menu.php","meta":{"_bbp_topic_count":0,"_bbp_reply_count":0,"_bbp_total_topic_count":0,"_bbp_total_reply_count":0,"_bbp_voice_count":0,"_bbp_anonymous_reply_count":0,"_bbp_topic_count_hidden":0,"_bbp_reply_count_hidden":0,"_bbp_forum_subforum_count":0,"site-sidebar-layout":"default","site-content-layout":"","ast-site-content-layout":"","site-content-style":"default","site-sidebar-style":"default","ast-global-header-display":"","ast-banner-title-visibility":"","ast-main-header-display":"","ast-hfb-above-header-display":"","ast-hfb-below-header-display":"","ast-hfb-mobile-header-display":"","site-post-title":"","ast-breadcrumbs-content":"","ast-featured-img":"","footer-sml-layout":"","theme-transparent-header-meta":"","adv-header-id-meta":"","stick-header-meta":"","header-above-stick-meta":"","header-main-stick-meta":"","header-below-stick-meta":"","astra-migrate-meta-layouts":"default","ast-page-background-enabled":"default","ast-page-background-meta":{"desktop":{"background-color":"var(--ast-global-color-4)","background-image":"","background-repeat":"repeat","background-position":"center center","background-size":"auto","background-attachment":"scroll","background-type":"","background-media":"","overlay-type":"","overlay-color":"","overlay-opacity":"","overlay-gradient":""},"tablet":{"background-color":"","background-image":"","background-repeat":"repeat","background-position":"center center","background-size":"auto","background-attachment":"scroll","background-type":"","background-media":"","overlay-type":"","overlay-color":"","overlay-opacity":"","overlay-gradient":""},"mobile":{"background-color":"","background-image":"","background-repeat":"repeat","background-position":"center center","background-size":"auto","background-attachment":"scroll","background-type":"","background-media":"","overlay-type":"","overlay-color":"","overlay-opacity":"","overlay-gradient":""}},"ast-content-background-meta":{"desktop":{"background-color":"var(--ast-global-color-5)","background-image":"","background-repeat":"repeat","background-position":"center center","background-size":"auto","background-attachment":"scroll","background-type":"","background-media":"","overlay-type":"","overlay-color":"","overlay-opacity":"","overlay-gradient":""},"tablet":{"background-color":"var(--ast-global-color-5)","background-image":"","background-repeat":"repeat","background-position":"center center","background-size":"auto","background-attachment":"scroll","background-type":"","background-media":"","overlay-type":"","overlay-color":"","overlay-opacity":"","overlay-gradient":""},"mobile":{"background-color":"var(--ast-global-color-5)","background-image":"","background-repeat":"repeat","background-position":"center center","background-size":"auto","background-attachment":"scroll","background-type":"","background-media":"","overlay-type":"","overlay-color":"","overlay-opacity":"","overlay-gradient":""}},"footnotes":""},"class_list":["post-26","page","type-page","status-publish","hentry"],"post_mailing_queue_ids":[],"_links":{"self":[{"href":"https:\/\/agora.xtec.cat\/ceipsc\/wp-json\/wp\/v2\/pages\/26","targetHints":{"allow":["GET"]}}],"collection":[{"href":"https:\/\/agora.xtec.cat\/ceipsc\/wp-json\/wp\/v2\/pages"}],"about":[{"href":"https:\/\/agora.xtec.cat\/ceipsc\/wp-json\/wp\/v2\/types\/page"}],"author":[{"embeddable":true,"href":"https:\/\/agora.xtec.cat\/ceipsc\/wp-json\/wp\/v2\/users\/1"}],"replies":[{"embeddable":true,"href":"https:\/\/agora.xtec.cat\/ceipsc\/wp-json\/wp\/v2\/comments?post=26"}],"version-history":[{"count":4,"href":"https:\/\/agora.xtec.cat\/ceipsc\/wp-json\/wp\/v2\/pages\/26\/revisions"}],"predecessor-version":[{"id":4684,"href":"https:\/\/agora.xtec.cat\/ceipsc\/wp-json\/wp\/v2\/pages\/26\/revisions\/4684"}],"up":[{"embeddable":true,"href":"https:\/\/agora.xtec.cat\/ceipsc\/wp-json\/wp\/v2\/pages\/22"}],"wp:attachment":[{"href":"https:\/\/agora.xtec.cat\/ceipsc\/wp-json\/wp\/v2\/media?parent=26"}],"curies":[{"name":"wp","href":"https:\/\/api.w.org\/{rel}","templated":true}]}}