{"id":38,"date":"2014-09-18T12:34:08","date_gmt":"2014-09-18T11:34:08","guid":{"rendered":"http:\/\/agora.xtec.cat\/ceipsarroca\/?page_id=38"},"modified":"2018-11-15T11:03:15","modified_gmt":"2018-11-15T10:03:15","slug":"salut","status":"publish","type":"page","link":"https:\/\/agora.xtec.cat\/ceipsarroca\/salut\/","title":{"rendered":"Salut"},"content":{"rendered":"<ul>\n<li><strong><u>Esmorzars i aniversaris:<\/u><\/strong><\/li>\n<li style=\"list-style-type: none;\">Els nens\/es han de venir esmorzats de casa. Els d\u2019educaci\u00f3 infantil han de portar poca cosa per esmorzar a l\u2019escola, l\u2019objectiu \u00e9s el treball d\u2019h\u00e0bits (seure b\u00e9, no aixecar-se de la cadira, parar taula i recollir, etc.).\n<p>A l\u2019escola nom\u00e9s es pot portar; ENTREPANS, FRUITA DOL\u00c7A i FRUITS SECS.<\/p>\n<p>Els dimecres \u00e9s el dia de la fruita dol\u00e7a.<\/p>\n<p>Si es vol celebrar un aniversari es pot portar coca amb xocolata o entrepans i avisar abans per tal de notificar-ho a les fam\u00edlies. No porteu llaminadures.<\/li>\n<li><strong><u>Medicaments:<\/u><\/strong><\/li>\n<\/ul>\n<p>Si un nen\/a est\u00e0 malalt no ha de venir a l\u2019escola. En cas d\u2019assist\u00e8ncia realitzar\u00e0 totes les activitats, incl\u00f2s el pati i l\u2019educaci\u00f3 f\u00edsica.<\/p>\n<p>No es poden donar medicaments a l\u2019escola. En cas de malaltia de llarga durada s\u2019administrar\u00e0 amb la fotoc\u00f2pia de la <strong>recepta m\u00e8dica<\/strong> i omplint el <strong>full d\u2019autoritzaci\u00f3 de medicaments. <\/strong>No es donar\u00e0 cap medicament sense aquests documents, com tampoc aquells medicaments que requereixin uns coneixements espec\u00edfics per administrar-los.<\/p>\n<p>&nbsp;<\/p>\n<p>&nbsp;<\/p>\n<p>&nbsp;<\/p>\n<p>&nbsp;<\/p>\n<p>&nbsp;<\/p>\n<p>&nbsp;<\/p>\n","protected":false},"excerpt":{"rendered":"<p>Esmorzars i aniversaris: Els nens\/es han de venir esmorzats de casa. Els d\u2019educaci\u00f3 infantil han de portar poca cosa per esmorzar a l\u2019escola, l\u2019objectiu \u00e9s el treball d\u2019h\u00e0bits (seure b\u00e9, no aixecar-se de la cadira, parar taula i recollir, etc.). A l\u2019escola nom\u00e9s es pot portar; ENTREPANS, FRUITA DOL\u00c7A i FRUITS SECS. Els dimecres \u00e9s [&hellip;]<\/p>\n","protected":false},"author":1,"featured_media":0,"parent":0,"menu_order":50,"comment_status":"closed","ping_status":"closed","template":"page-templates\/side-menu.php","meta":{"_bbp_topic_count":0,"_bbp_reply_count":0,"_bbp_total_topic_count":0,"_bbp_total_reply_count":0,"_bbp_voice_count":0,"_bbp_anonymous_reply_count":0,"_bbp_topic_count_hidden":0,"_bbp_reply_count_hidden":0,"_bbp_forum_subforum_count":0,"site-sidebar-layout":"default","site-content-layout":"","ast-site-content-layout":"","site-content-style":"default","site-sidebar-style":"default","ast-global-header-display":"","ast-banner-title-visibility":"","ast-main-header-display":"","ast-hfb-above-header-display":"","ast-hfb-below-header-display":"","ast-hfb-mobile-header-display":"","site-post-title":"","ast-breadcrumbs-content":"","ast-featured-img":"","footer-sml-layout":"","theme-transparent-header-meta":"","adv-header-id-meta":"","stick-header-meta":"","header-above-stick-meta":"","header-main-stick-meta":"","header-below-stick-meta":"","astra-migrate-meta-layouts":"default","ast-page-background-enabled":"default","ast-page-background-meta":{"desktop":{"background-color":"var(--ast-global-color-4)","background-image":"","background-repeat":"repeat","background-position":"center center","background-size":"auto","background-attachment":"scroll","background-type":"","background-media":"","overlay-type":"","overlay-color":"","overlay-opacity":"","overlay-gradient":""},"tablet":{"background-color":"","background-image":"","background-repeat":"repeat","background-position":"center center","background-size":"auto","background-attachment":"scroll","background-type":"","background-media":"","overlay-type":"","overlay-color":"","overlay-opacity":"","overlay-gradient":""},"mobile":{"background-color":"","background-image":"","background-repeat":"repeat","background-position":"center center","background-size":"auto","background-attachment":"scroll","background-type":"","background-media":"","overlay-type":"","overlay-color":"","overlay-opacity":"","overlay-gradient":""}},"ast-content-background-meta":{"desktop":{"background-color":"var(--ast-global-color-5)","background-image":"","background-repeat":"repeat","background-position":"center center","background-size":"auto","background-attachment":"scroll","background-type":"","background-media":"","overlay-type":"","overlay-color":"","overlay-opacity":"","overlay-gradient":""},"tablet":{"background-color":"var(--ast-global-color-5)","background-image":"","background-repeat":"repeat","background-position":"center center","background-size":"auto","background-attachment":"scroll","background-type":"","background-media":"","overlay-type":"","overlay-color":"","overlay-opacity":"","overlay-gradient":""},"mobile":{"background-color":"var(--ast-global-color-5)","background-image":"","background-repeat":"repeat","background-position":"center center","background-size":"auto","background-attachment":"scroll","background-type":"","background-media":"","overlay-type":"","overlay-color":"","overlay-opacity":"","overlay-gradient":""}},"footnotes":""},"class_list":["post-38","page","type-page","status-publish","hentry"],"post_mailing_queue_ids":[],"_links":{"self":[{"href":"https:\/\/agora.xtec.cat\/ceipsarroca\/wp-json\/wp\/v2\/pages\/38","targetHints":{"allow":["GET"]}}],"collection":[{"href":"https:\/\/agora.xtec.cat\/ceipsarroca\/wp-json\/wp\/v2\/pages"}],"about":[{"href":"https:\/\/agora.xtec.cat\/ceipsarroca\/wp-json\/wp\/v2\/types\/page"}],"author":[{"embeddable":true,"href":"https:\/\/agora.xtec.cat\/ceipsarroca\/wp-json\/wp\/v2\/users\/1"}],"replies":[{"embeddable":true,"href":"https:\/\/agora.xtec.cat\/ceipsarroca\/wp-json\/wp\/v2\/comments?post=38"}],"version-history":[{"count":3,"href":"https:\/\/agora.xtec.cat\/ceipsarroca\/wp-json\/wp\/v2\/pages\/38\/revisions"}],"predecessor-version":[{"id":908,"href":"https:\/\/agora.xtec.cat\/ceipsarroca\/wp-json\/wp\/v2\/pages\/38\/revisions\/908"}],"wp:attachment":[{"href":"https:\/\/agora.xtec.cat\/ceipsarroca\/wp-json\/wp\/v2\/media?parent=38"}],"curies":[{"name":"wp","href":"https:\/\/api.w.org\/{rel}","templated":true}]}}