{"id":36,"date":"2014-09-18T12:33:11","date_gmt":"2014-09-18T11:33:11","guid":{"rendered":"http:\/\/agora.xtec.cat\/ceipsarroca\/?page_id=36"},"modified":"2024-02-25T11:57:45","modified_gmt":"2024-02-25T10:57:45","slug":"material-escolar","status":"publish","type":"page","link":"https:\/\/agora.xtec.cat\/ceipsarroca\/material-escolar\/","title":{"rendered":"Material escolar"},"content":{"rendered":"<table style=\"border-collapse: collapse; width: 100%;\" border=\"1\">\n<tbody>\n<tr>\n<td style=\"width: 50%;\">\n<p style=\"font-family: 'Helvetica Neue', Helvetica, Helvetica, Arial, sans-serif; font-size: 16px;\"><strong>MATERIAL ALUMNAT DE CICLE MITJ\u00c0 i SUPERIOR (de 3r a 6\u00e8):<\/strong><\/p>\n<ul style=\"font-size: 16px; font-family: 'Helvetica Neue', Helvetica, Helvetica, Arial, sans-serif;\">\n<li>bata o camisa per l\u2019assignatura de pl\u00e0stica (OBLIGATORI)<\/li>\n<li>1 paquet de tovalloletes humides<\/li>\n<li>2 caixes de mocadors<\/li>\n<li>estoig (buit) petit, que es quedar\u00e0 a l\u2019escola durant tot el curs<\/li>\n<li>tovallola petita per penjar al lavabo, marcada amb el nom<\/li>\n<li>1 got de pl\u00e0stic per a beure<\/li>\n<li>1 llibreta quadriculada DIN A4. NOM\u00c9S 3r<\/li>\n<li>3 llibretes amb full pautat DIN A4. NOM\u00c9S 3r<\/li>\n<li>Carpeta de quatre anelles amb separadors. TOTS<\/li>\n<li>Paquet de folis quadriculats per la carpeta de quatre anelles (De 4rt a 6\u00e8)<\/li>\n<\/ul>\n<\/td>\n<td style=\"width: 50%;\"><strong>\u00a0RECORDEU<\/strong> que els dies d\u2019educaci\u00f3 f\u00edsica s\u00f3n els seg\u00fcents:<\/p>\n<ul>\n<li>alumnat d\u2019educaci\u00f3 infantil i cicle inicial (1r i 2n): dimarts al mat\u00ed i dijous per la tarda.<\/li>\n<li>alumnat de cicle mitj\u00e0 i superior: dilluns al mat\u00ed i dijous a la tarda.<\/li>\n<\/ul>\n<h5><strong>MATERIAL D&#8217;EDUCACI\u00d3 F\u00cdSICA:<br \/>\n<\/strong><\/h5>\n<ul>\n<li>el xandall,<\/li>\n<li>la samarreta de recanvi (<strong>marcada amb el nom<\/strong>) i<\/li>\n<li>el necesser, amb una tovallola petita, una pinta, col\u00f2nia i desodorant (els petits no cal).<\/li>\n<\/ul>\n<p>Els nens i nenes de la classe dels petits se\u2019l poden deixar al lavabo per no haver de portar-lo cada dia.<\/td>\n<\/tr>\n<tr>\n<td style=\"width: 50%;\">\n<p style=\"font-family: 'Helvetica Neue', Helvetica, Helvetica, Arial, sans-serif; font-size: 16px;\"><strong>MATERIAL ALUMNAT DE CICLE INICIAL (DE 1r i 2n):<\/strong><\/p>\n<ul style=\"font-size: 16px; font-family: 'Helvetica Neue', Helvetica, Helvetica, Arial, sans-serif;\">\n<li>la bata marcada amb el nom i la beta per penjar-la<\/li>\n<li>un got de pl\u00e0stic<\/li>\n<li>una tovallola petita per penjar al lavabo amb beta<\/li>\n<li>dues capses de mocadors de paper<\/li>\n<li>dos paquets de tovalloletes humides<\/li>\n<li>un carpeta de quatre anelles amb separadors<\/li>\n<li>un coix\u00ed<\/li>\n<\/ul>\n<\/td>\n<td style=\"width: 50%;\" rowspan=\"2\"><\/td>\n<\/tr>\n<tr>\n<td style=\"width: 50%;\">\n<p style=\"font-family: 'Helvetica Neue', Helvetica, Helvetica, Arial, sans-serif; font-size: 16px;\"><strong>MATERIAL ALUMNAT D\u2019EDUCACI\u00d3 INFANTIL (I3,I4 i I5):<\/strong><\/p>\n<ul style=\"font-size: 16px; font-family: 'Helvetica Neue', Helvetica, Helvetica, Arial, sans-serif;\">\n<li>la bata marcada amb el nom i la beta per penjar-la<\/li>\n<li>un got de pl\u00e0stic<\/li>\n<li>un tovall\u00f3<\/li>\n<li>unes tovalles individuals<\/li>\n<li>una tovallola petita per penjar al lavabo amb beta<\/li>\n<li>dues capses de mocadors de paper<\/li>\n<li>dos paquets de tovalloletes humides<\/li>\n<li>una muda de recanvi complerta amb el nom<\/li>\n<li>una llibreta petita o agenda<\/li>\n<li>un coix\u00ed<\/li>\n<li>una caixa de sabates buida (mida adult)<\/li>\n<\/ul>\n<\/td>\n<\/tr>\n<\/tbody>\n<\/table>\n<p>&nbsp;<\/p>\n<p>&nbsp;<\/p>\n<p>&nbsp;<\/p>\n","protected":false},"excerpt":{"rendered":"<p>MATERIAL ALUMNAT DE CICLE MITJ\u00c0 i SUPERIOR (de 3r a 6\u00e8): bata o camisa per l\u2019assignatura de pl\u00e0stica (OBLIGATORI) 1 paquet de tovalloletes humides 2 caixes de mocadors estoig (buit) petit, que es quedar\u00e0 a l\u2019escola durant tot el curs tovallola petita per penjar al lavabo, marcada amb el nom 1 got de pl\u00e0stic per [&hellip;]<\/p>\n","protected":false},"author":1,"featured_media":0,"parent":0,"menu_order":40,"comment_status":"closed","ping_status":"closed","template":"","meta":{"_bbp_topic_count":0,"_bbp_reply_count":0,"_bbp_total_topic_count":0,"_bbp_total_reply_count":0,"_bbp_voice_count":0,"_bbp_anonymous_reply_count":0,"_bbp_topic_count_hidden":0,"_bbp_reply_count_hidden":0,"_bbp_forum_subforum_count":0,"site-sidebar-layout":"default","site-content-layout":"","ast-site-content-layout":"","site-content-style":"default","site-sidebar-style":"default","ast-global-header-display":"","ast-banner-title-visibility":"","ast-main-header-display":"","ast-hfb-above-header-display":"","ast-hfb-below-header-display":"","ast-hfb-mobile-header-display":"","site-post-title":"","ast-breadcrumbs-content":"","ast-featured-img":"","footer-sml-layout":"","theme-transparent-header-meta":"","adv-header-id-meta":"","stick-header-meta":"","header-above-stick-meta":"","header-main-stick-meta":"","header-below-stick-meta":"","astra-migrate-meta-layouts":"default","ast-page-background-enabled":"default","ast-page-background-meta":{"desktop":{"background-color":"var(--ast-global-color-4)","background-image":"","background-repeat":"repeat","background-position":"center center","background-size":"auto","background-attachment":"scroll","background-type":"","background-media":"","overlay-type":"","overlay-color":"","overlay-opacity":"","overlay-gradient":""},"tablet":{"background-color":"","background-image":"","background-repeat":"repeat","background-position":"center center","background-size":"auto","background-attachment":"scroll","background-type":"","background-media":"","overlay-type":"","overlay-color":"","overlay-opacity":"","overlay-gradient":""},"mobile":{"background-color":"","background-image":"","background-repeat":"repeat","background-position":"center center","background-size":"auto","background-attachment":"scroll","background-type":"","background-media":"","overlay-type":"","overlay-color":"","overlay-opacity":"","overlay-gradient":""}},"ast-content-background-meta":{"desktop":{"background-color":"var(--ast-global-color-5)","background-image":"","background-repeat":"repeat","background-position":"center center","background-size":"auto","background-attachment":"scroll","background-type":"","background-media":"","overlay-type":"","overlay-color":"","overlay-opacity":"","overlay-gradient":""},"tablet":{"background-color":"var(--ast-global-color-5)","background-image":"","background-repeat":"repeat","background-position":"center center","background-size":"auto","background-attachment":"scroll","background-type":"","background-media":"","overlay-type":"","overlay-color":"","overlay-opacity":"","overlay-gradient":""},"mobile":{"background-color":"var(--ast-global-color-5)","background-image":"","background-repeat":"repeat","background-position":"center center","background-size":"auto","background-attachment":"scroll","background-type":"","background-media":"","overlay-type":"","overlay-color":"","overlay-opacity":"","overlay-gradient":""}},"footnotes":""},"class_list":["post-36","page","type-page","status-publish","hentry"],"post_mailing_queue_ids":[],"_links":{"self":[{"href":"https:\/\/agora.xtec.cat\/ceipsarroca\/wp-json\/wp\/v2\/pages\/36","targetHints":{"allow":["GET"]}}],"collection":[{"href":"https:\/\/agora.xtec.cat\/ceipsarroca\/wp-json\/wp\/v2\/pages"}],"about":[{"href":"https:\/\/agora.xtec.cat\/ceipsarroca\/wp-json\/wp\/v2\/types\/page"}],"author":[{"embeddable":true,"href":"https:\/\/agora.xtec.cat\/ceipsarroca\/wp-json\/wp\/v2\/users\/1"}],"replies":[{"embeddable":true,"href":"https:\/\/agora.xtec.cat\/ceipsarroca\/wp-json\/wp\/v2\/comments?post=36"}],"version-history":[{"count":5,"href":"https:\/\/agora.xtec.cat\/ceipsarroca\/wp-json\/wp\/v2\/pages\/36\/revisions"}],"predecessor-version":[{"id":2510,"href":"https:\/\/agora.xtec.cat\/ceipsarroca\/wp-json\/wp\/v2\/pages\/36\/revisions\/2510"}],"wp:attachment":[{"href":"https:\/\/agora.xtec.cat\/ceipsarroca\/wp-json\/wp\/v2\/media?parent=36"}],"curies":[{"name":"wp","href":"https:\/\/api.w.org\/{rel}","templated":true}]}}