{"id":2982,"date":"2025-11-07T09:36:36","date_gmt":"2025-11-07T08:36:36","guid":{"rendered":"https:\/\/agora.xtec.cat\/ceipsarroca\/?page_id=2982"},"modified":"2025-11-07T09:36:36","modified_gmt":"2025-11-07T08:36:36","slug":"certificat-escolaritat","status":"publish","type":"page","link":"https:\/\/agora.xtec.cat\/ceipsarroca\/certificat-escolaritat\/","title":{"rendered":"Certificat escolaritat"},"content":{"rendered":"<p>Aquells ex alumnes de l\u2019escola que necessitin acreditar el nivell de catal\u00e0, han d\u2019omplir el <a href=\"https:\/\/forms.gle\/toBpmuwb9iBBHBeP9\">formulari<\/a>, emplenar les dades que es demanen i adjuntar c\u00f2pia del DNI per ambdues cares.<\/p>\n<p>Un cop s\u2019hagi comprovat l\u2019expedient de l\u2019alumne, se li enviar\u00e0 al correu electr\u00f2nic que hagi informat al formulari, el certificat d\u2019escolaritat, que haur\u00e0 de presentar a un institut p\u00fablic per tal que li emetin el certificat acreditatiu de nivell C1 de catal\u00e0.<\/p>\n<p>Poden consultar els requisits per acreditar el nivell de catal\u00e0 a l\u2019<a href=\"https:\/\/llengua.gencat.cat\/web\/.content\/documents\/legislacio\/recull_de_normativa\/ensenyament\/arxius\/ens_equiv.pdf\">Ordre VCP\/491\/2009<\/a><\/p>\n","protected":false},"excerpt":{"rendered":"<p>Aquells ex alumnes de l\u2019escola que necessitin acreditar el nivell de catal\u00e0, han d\u2019omplir el formulari, emplenar les dades que es demanen i adjuntar c\u00f2pia del DNI per ambdues cares. Un cop s\u2019hagi comprovat l\u2019expedient de l\u2019alumne, se li enviar\u00e0 al correu electr\u00f2nic que hagi informat al formulari, el certificat d\u2019escolaritat, que haur\u00e0 de presentar [&hellip;]<\/p>\n","protected":false},"author":1,"featured_media":0,"parent":0,"menu_order":0,"comment_status":"closed","ping_status":"closed","template":"","meta":{"_bbp_topic_count":0,"_bbp_reply_count":0,"_bbp_total_topic_count":0,"_bbp_total_reply_count":0,"_bbp_voice_count":0,"_bbp_anonymous_reply_count":0,"_bbp_topic_count_hidden":0,"_bbp_reply_count_hidden":0,"_bbp_forum_subforum_count":0,"site-sidebar-layout":"default","site-content-layout":"","ast-site-content-layout":"default","site-content-style":"default","site-sidebar-style":"default","ast-global-header-display":"","ast-banner-title-visibility":"","ast-main-header-display":"","ast-hfb-above-header-display":"","ast-hfb-below-header-display":"","ast-hfb-mobile-header-display":"","site-post-title":"","ast-breadcrumbs-content":"","ast-featured-img":"","footer-sml-layout":"","theme-transparent-header-meta":"default","adv-header-id-meta":"","stick-header-meta":"","header-above-stick-meta":"","header-main-stick-meta":"","header-below-stick-meta":"","astra-migrate-meta-layouts":"set","ast-page-background-enabled":"default","ast-page-background-meta":{"desktop":{"background-color":"var(--ast-global-color-4)","background-image":"","background-repeat":"repeat","background-position":"center center","background-size":"auto","background-attachment":"scroll","background-type":"","background-media":"","overlay-type":"","overlay-color":"","overlay-opacity":"","overlay-gradient":""},"tablet":{"background-color":"","background-image":"","background-repeat":"repeat","background-position":"center center","background-size":"auto","background-attachment":"scroll","background-type":"","background-media":"","overlay-type":"","overlay-color":"","overlay-opacity":"","overlay-gradient":""},"mobile":{"background-color":"","background-image":"","background-repeat":"repeat","background-position":"center center","background-size":"auto","background-attachment":"scroll","background-type":"","background-media":"","overlay-type":"","overlay-color":"","overlay-opacity":"","overlay-gradient":""}},"ast-content-background-meta":{"desktop":{"background-color":"var(--ast-global-color-5)","background-image":"","background-repeat":"repeat","background-position":"center center","background-size":"auto","background-attachment":"scroll","background-type":"","background-media":"","overlay-type":"","overlay-color":"","overlay-opacity":"","overlay-gradient":""},"tablet":{"background-color":"var(--ast-global-color-5)","background-image":"","background-repeat":"repeat","background-position":"center center","background-size":"auto","background-attachment":"scroll","background-type":"","background-media":"","overlay-type":"","overlay-color":"","overlay-opacity":"","overlay-gradient":""},"mobile":{"background-color":"var(--ast-global-color-5)","background-image":"","background-repeat":"repeat","background-position":"center center","background-size":"auto","background-attachment":"scroll","background-type":"","background-media":"","overlay-type":"","overlay-color":"","overlay-opacity":"","overlay-gradient":""}},"footnotes":""},"class_list":["post-2982","page","type-page","status-publish","hentry"],"post_mailing_queue_ids":[],"_links":{"self":[{"href":"https:\/\/agora.xtec.cat\/ceipsarroca\/wp-json\/wp\/v2\/pages\/2982","targetHints":{"allow":["GET"]}}],"collection":[{"href":"https:\/\/agora.xtec.cat\/ceipsarroca\/wp-json\/wp\/v2\/pages"}],"about":[{"href":"https:\/\/agora.xtec.cat\/ceipsarroca\/wp-json\/wp\/v2\/types\/page"}],"author":[{"embeddable":true,"href":"https:\/\/agora.xtec.cat\/ceipsarroca\/wp-json\/wp\/v2\/users\/1"}],"replies":[{"embeddable":true,"href":"https:\/\/agora.xtec.cat\/ceipsarroca\/wp-json\/wp\/v2\/comments?post=2982"}],"version-history":[{"count":1,"href":"https:\/\/agora.xtec.cat\/ceipsarroca\/wp-json\/wp\/v2\/pages\/2982\/revisions"}],"predecessor-version":[{"id":2983,"href":"https:\/\/agora.xtec.cat\/ceipsarroca\/wp-json\/wp\/v2\/pages\/2982\/revisions\/2983"}],"wp:attachment":[{"href":"https:\/\/agora.xtec.cat\/ceipsarroca\/wp-json\/wp\/v2\/media?parent=2982"}],"curies":[{"name":"wp","href":"https:\/\/api.w.org\/{rel}","templated":true}]}}