{"id":274,"date":"2016-04-05T14:59:54","date_gmt":"2016-04-05T13:59:54","guid":{"rendered":"http:\/\/agora.xtec.cat\/ceipsarroca\/?page_id=274"},"modified":"2024-02-26T13:25:19","modified_gmt":"2024-02-26T12:25:19","slug":"equip-docent","status":"publish","type":"page","link":"https:\/\/agora.xtec.cat\/ceipsarroca\/equip-docent\/","title":{"rendered":"Equip Docent"},"content":{"rendered":"<table style=\"height: 465px; width: 25.8086%;\">\n<tbody>\n<tr style=\"height: 31px;\">\n<td style=\"text-align: left; height: 31px; width: 101.471%;\" colspan=\"2\"><strong>TUTORES<\/strong><\/td>\n<\/tr>\n<tr>\n<td style=\"text-align: left; width: 40.5797%;\"><span style=\"background-color: #ffffff;\">Segon i Tercer<\/span><\/td>\n<td style=\"text-align: left; width: 60.8915%;\"><span style=\"background-color: #ffffff;\">Isabel Vidal Mic\u00f3 (directora)<\/span><\/td>\n<\/tr>\n<tr style=\"height: 31px;\">\n<td style=\"text-align: left; height: 31px; width: 40.5797%;\">I3 i Primer<\/td>\n<td style=\"text-align: left; height: 31px; width: 60.8915%;\">Merc\u00e8 Farr\u00fas Farran<\/td>\n<\/tr>\n<tr style=\"height: 31px;\">\n<td style=\"text-align: left; height: 31px; width: 101.471%;\" colspan=\"2\"><strong>ESPECIALISTES<\/strong><\/td>\n<\/tr>\n<tr style=\"height: 31px;\">\n<td style=\"text-align: left; height: 31px; width: 40.5797%;\">Ed. F\u00edsica<\/td>\n<td style=\"text-align: left; height: 31px; width: 60.8915%;\"><span style=\"background-color: #ffffff;\">Gerard Esquerda Ribera<\/span><\/td>\n<\/tr>\n<tr style=\"height: 31px;\">\n<td style=\"text-align: left; height: 31px; width: 40.5797%;\">Ed. Art\u00edstica musica<\/td>\n<td style=\"text-align: left; height: 31px; width: 60.8915%;\">Sebasti\u00e0 Torreguitart Doncel<\/td>\n<\/tr>\n<tr style=\"height: 31px;\">\n<td style=\"text-align: left; height: 31px; width: 40.5797%;\">Ed. Especial<\/td>\n<td style=\"text-align: left; height: 31px; width: 60.8915%;\">Gemma Terr\u00e9 S\u00e1nchez\/ Joana Daniel LLorens<\/td>\n<\/tr>\n<tr style=\"height: 31px;\">\n<td style=\"text-align: left; height: 31px; width: 40.5797%;\">Llengua estrangera<\/td>\n<td style=\"text-align: left; height: 31px; width: 60.8915%;\"><span style=\"background-color: #ffffff;\">Maria Elena Pablo Novales<\/span><\/td>\n<\/tr>\n<tr style=\"height: 31px;\">\n<td style=\"text-align: left; height: 31px; width: 40.5797%;\">Religi\u00f3\/Art\u00edstica<\/td>\n<td style=\"text-align: left; height: 31px; width: 60.8915%;\">Carme Garcia Cardet<\/td>\n<\/tr>\n<tr style=\"height: 31px;\">\n<td style=\"text-align: left; height: 31px; width: 101.471%;\" colspan=\"2\"><strong>AUXILIAR ADMINISTRATIVA<\/strong><\/td>\n<\/tr>\n<tr style=\"height: 31px;\">\n<td style=\"text-align: left; height: 31px; width: 101.471%;\" colspan=\"2\">S\u00f2nia Benseny<\/td>\n<\/tr>\n<tr style=\"height: 31px;\">\n<td style=\"text-align: left; height: 31px; width: 101.471%;\" colspan=\"2\"><strong>MONITORA SERVEI DE MENJADOR<\/strong><\/td>\n<\/tr>\n<tr style=\"height: 31px;\">\n<td style=\"text-align: left; height: 31px; width: 101.471%;\" colspan=\"2\">Meritxell Carbassa \/ Cl\u00e0udia Nogu\u00e9s<\/td>\n<\/tr>\n<tr style=\"height: 31px;\">\n<td style=\"text-align: left; height: 31px; width: 101.471%;\" colspan=\"2\"><strong>PROFESSIONAL DE L&#8217;EAP<\/strong><\/td>\n<\/tr>\n<tr style=\"height: 31px;\">\n<td style=\"text-align: left; height: 31px; width: 101.471%;\" colspan=\"2\">Yolanda Jov\u00e9<\/td>\n<\/tr>\n<\/tbody>\n<\/table>\n<p>&nbsp;<\/p>\n","protected":false},"excerpt":{"rendered":"<p>TUTORES Segon i Tercer Isabel Vidal Mic\u00f3 (directora) I3 i Primer Merc\u00e8 Farr\u00fas Farran ESPECIALISTES Ed. F\u00edsica Gerard Esquerda Ribera Ed. Art\u00edstica musica Sebasti\u00e0 Torreguitart Doncel Ed. Especial Gemma Terr\u00e9 S\u00e1nchez\/ Joana Daniel LLorens Llengua estrangera Maria Elena Pablo Novales Religi\u00f3\/Art\u00edstica Carme Garcia Cardet AUXILIAR ADMINISTRATIVA S\u00f2nia Benseny MONITORA SERVEI DE MENJADOR Meritxell Carbassa \/ [&hellip;]<\/p>\n","protected":false},"author":1,"featured_media":0,"parent":0,"menu_order":30,"comment_status":"closed","ping_status":"closed","template":"page-templates\/side-menu.php","meta":{"_bbp_topic_count":0,"_bbp_reply_count":0,"_bbp_total_topic_count":0,"_bbp_total_reply_count":0,"_bbp_voice_count":0,"_bbp_anonymous_reply_count":0,"_bbp_topic_count_hidden":0,"_bbp_reply_count_hidden":0,"_bbp_forum_subforum_count":0,"site-sidebar-layout":"default","site-content-layout":"","ast-site-content-layout":"","site-content-style":"default","site-sidebar-style":"default","ast-global-header-display":"","ast-banner-title-visibility":"","ast-main-header-display":"","ast-hfb-above-header-display":"","ast-hfb-below-header-display":"","ast-hfb-mobile-header-display":"","site-post-title":"","ast-breadcrumbs-content":"","ast-featured-img":"","footer-sml-layout":"","theme-transparent-header-meta":"","adv-header-id-meta":"","stick-header-meta":"","header-above-stick-meta":"","header-main-stick-meta":"","header-below-stick-meta":"","astra-migrate-meta-layouts":"default","ast-page-background-enabled":"default","ast-page-background-meta":{"desktop":{"background-color":"var(--ast-global-color-4)","background-image":"","background-repeat":"repeat","background-position":"center center","background-size":"auto","background-attachment":"scroll","background-type":"","background-media":"","overlay-type":"","overlay-color":"","overlay-opacity":"","overlay-gradient":""},"tablet":{"background-color":"","background-image":"","background-repeat":"repeat","background-position":"center center","background-size":"auto","background-attachment":"scroll","background-type":"","background-media":"","overlay-type":"","overlay-color":"","overlay-opacity":"","overlay-gradient":""},"mobile":{"background-color":"","background-image":"","background-repeat":"repeat","background-position":"center center","background-size":"auto","background-attachment":"scroll","background-type":"","background-media":"","overlay-type":"","overlay-color":"","overlay-opacity":"","overlay-gradient":""}},"ast-content-background-meta":{"desktop":{"background-color":"var(--ast-global-color-5)","background-image":"","background-repeat":"repeat","background-position":"center center","background-size":"auto","background-attachment":"scroll","background-type":"","background-media":"","overlay-type":"","overlay-color":"","overlay-opacity":"","overlay-gradient":""},"tablet":{"background-color":"var(--ast-global-color-5)","background-image":"","background-repeat":"repeat","background-position":"center center","background-size":"auto","background-attachment":"scroll","background-type":"","background-media":"","overlay-type":"","overlay-color":"","overlay-opacity":"","overlay-gradient":""},"mobile":{"background-color":"var(--ast-global-color-5)","background-image":"","background-repeat":"repeat","background-position":"center center","background-size":"auto","background-attachment":"scroll","background-type":"","background-media":"","overlay-type":"","overlay-color":"","overlay-opacity":"","overlay-gradient":""}},"footnotes":""},"class_list":["post-274","page","type-page","status-publish","hentry"],"post_mailing_queue_ids":[],"_links":{"self":[{"href":"https:\/\/agora.xtec.cat\/ceipsarroca\/wp-json\/wp\/v2\/pages\/274","targetHints":{"allow":["GET"]}}],"collection":[{"href":"https:\/\/agora.xtec.cat\/ceipsarroca\/wp-json\/wp\/v2\/pages"}],"about":[{"href":"https:\/\/agora.xtec.cat\/ceipsarroca\/wp-json\/wp\/v2\/types\/page"}],"author":[{"embeddable":true,"href":"https:\/\/agora.xtec.cat\/ceipsarroca\/wp-json\/wp\/v2\/users\/1"}],"replies":[{"embeddable":true,"href":"https:\/\/agora.xtec.cat\/ceipsarroca\/wp-json\/wp\/v2\/comments?post=274"}],"version-history":[{"count":6,"href":"https:\/\/agora.xtec.cat\/ceipsarroca\/wp-json\/wp\/v2\/pages\/274\/revisions"}],"predecessor-version":[{"id":2540,"href":"https:\/\/agora.xtec.cat\/ceipsarroca\/wp-json\/wp\/v2\/pages\/274\/revisions\/2540"}],"wp:attachment":[{"href":"https:\/\/agora.xtec.cat\/ceipsarroca\/wp-json\/wp\/v2\/media?parent=274"}],"curies":[{"name":"wp","href":"https:\/\/api.w.org\/{rel}","templated":true}]}}