{"id":26,"date":"2014-09-18T12:24:32","date_gmt":"2014-09-18T11:24:32","guid":{"rendered":"http:\/\/agora.xtec.cat\/ceipsarroca\/?page_id=26"},"modified":"2016-04-04T22:30:23","modified_gmt":"2016-04-04T21:30:23","slug":"historia","status":"publish","type":"page","link":"https:\/\/agora.xtec.cat\/ceipsarroca\/historia\/","title":{"rendered":"Hist\u00f2ria"},"content":{"rendered":"<p class=\"Estilo22\" align=\"justify\"><span class=\"Estilo22\">Ens consta que a l&#8217;any 1931 es va inaugurar el que anomenaven &#8220;les escoles noves&#8221;, \u00e9s a dir, el nou edifici escolar. Abans els nens i nenes de Sarroca assistien a l\u2019escola en edificis separats. <\/span>A partir d&#8217;aquesta data els nens i les nenes compartien un \u00fanic edifici,\u00a0 tanmateix, ni els espais, ni l&#8217;educaci\u00f3 eren els mateixos pels nens i per les nenes.<\/p>\n<p class=\"Estilo22\" align=\"justify\">Encara avui en dia es pot apreciar, per l&#8217;estructura sim\u00e8trica de l&#8217;escola i l&#8217;exist\u00e8ncia de dues portes principals d&#8217;entrada, la separaci\u00f3 de l&#8217;alumnat per sexes en l&#8217;\u00e8poca anterior.<\/p>\n<p class=\"Estilo22\" align=\"justify\">Al pati de darrera de l&#8217;escola que nosaltres en diem &#8220;la Pinyolera&#8221;, trobem un mapa f\u00edsic de la Pen\u00ednsula Ib\u00e8rica.<\/p>\n<p class=\"Estilo22\" align=\"justify\">Aquest mapa va ser constru\u00eft pel mestre de l&#8217;escola Joan Serra Arqu\u00e9s amb els seus alumnes aproximadament l&#8217;any 1939. Posteriorment, aquest mestre va exercir en una altra escola de Lleida on tamb\u00e9 va construir un mapa igual que el de Sarroca. La pla\u00e7a on es troba el mapa a Lleida porta el nom d&#8217;aquest mestre: Pla\u00e7a Joan Serra. Desgraciadament el mapa d&#8217;aquesta pla\u00e7a ja no es conserva.<\/p>\n<p class=\"Estilo22\" align=\"justify\">A sota dels mapes hi ha un sistema de canonades de plom que servia per emplenar els rius de la Pen\u00ednsula Ib\u00e8rica.<\/p>\n<p class=\"Estilo22\" align=\"justify\">No deixeu de llegir el llibre que es presenta a continuaci\u00f3 amb fotografies de l&#8217;escola de Sarroca des de que es va ignaugurar, fotografies d&#8217;antics alumnes i mestres,etc!<\/p>\n","protected":false},"excerpt":{"rendered":"<p>Ens consta que a l&#8217;any 1931 es va inaugurar el que anomenaven &#8220;les escoles noves&#8221;, \u00e9s a dir, el nou edifici escolar. Abans els nens i nenes de Sarroca assistien a l\u2019escola en edificis separats. A partir d&#8217;aquesta data els nens i les nenes compartien un \u00fanic edifici,\u00a0 tanmateix, ni els espais, ni l&#8217;educaci\u00f3 eren [&hellip;]<\/p>\n","protected":false},"author":1,"featured_media":0,"parent":0,"menu_order":20,"comment_status":"closed","ping_status":"closed","template":"page-templates\/side-menu.php","meta":{"_bbp_topic_count":0,"_bbp_reply_count":0,"_bbp_total_topic_count":0,"_bbp_total_reply_count":0,"_bbp_voice_count":0,"_bbp_anonymous_reply_count":0,"_bbp_topic_count_hidden":0,"_bbp_reply_count_hidden":0,"_bbp_forum_subforum_count":0,"site-sidebar-layout":"default","site-content-layout":"","ast-site-content-layout":"","site-content-style":"default","site-sidebar-style":"default","ast-global-header-display":"","ast-banner-title-visibility":"","ast-main-header-display":"","ast-hfb-above-header-display":"","ast-hfb-below-header-display":"","ast-hfb-mobile-header-display":"","site-post-title":"","ast-breadcrumbs-content":"","ast-featured-img":"","footer-sml-layout":"","theme-transparent-header-meta":"","adv-header-id-meta":"","stick-header-meta":"","header-above-stick-meta":"","header-main-stick-meta":"","header-below-stick-meta":"","astra-migrate-meta-layouts":"default","ast-page-background-enabled":"default","ast-page-background-meta":{"desktop":{"background-color":"var(--ast-global-color-4)","background-image":"","background-repeat":"repeat","background-position":"center center","background-size":"auto","background-attachment":"scroll","background-type":"","background-media":"","overlay-type":"","overlay-color":"","overlay-opacity":"","overlay-gradient":""},"tablet":{"background-color":"","background-image":"","background-repeat":"repeat","background-position":"center center","background-size":"auto","background-attachment":"scroll","background-type":"","background-media":"","overlay-type":"","overlay-color":"","overlay-opacity":"","overlay-gradient":""},"mobile":{"background-color":"","background-image":"","background-repeat":"repeat","background-position":"center center","background-size":"auto","background-attachment":"scroll","background-type":"","background-media":"","overlay-type":"","overlay-color":"","overlay-opacity":"","overlay-gradient":""}},"ast-content-background-meta":{"desktop":{"background-color":"var(--ast-global-color-5)","background-image":"","background-repeat":"repeat","background-position":"center center","background-size":"auto","background-attachment":"scroll","background-type":"","background-media":"","overlay-type":"","overlay-color":"","overlay-opacity":"","overlay-gradient":""},"tablet":{"background-color":"var(--ast-global-color-5)","background-image":"","background-repeat":"repeat","background-position":"center center","background-size":"auto","background-attachment":"scroll","background-type":"","background-media":"","overlay-type":"","overlay-color":"","overlay-opacity":"","overlay-gradient":""},"mobile":{"background-color":"var(--ast-global-color-5)","background-image":"","background-repeat":"repeat","background-position":"center center","background-size":"auto","background-attachment":"scroll","background-type":"","background-media":"","overlay-type":"","overlay-color":"","overlay-opacity":"","overlay-gradient":""}},"footnotes":""},"class_list":["post-26","page","type-page","status-publish","hentry"],"post_mailing_queue_ids":[],"_links":{"self":[{"href":"https:\/\/agora.xtec.cat\/ceipsarroca\/wp-json\/wp\/v2\/pages\/26","targetHints":{"allow":["GET"]}}],"collection":[{"href":"https:\/\/agora.xtec.cat\/ceipsarroca\/wp-json\/wp\/v2\/pages"}],"about":[{"href":"https:\/\/agora.xtec.cat\/ceipsarroca\/wp-json\/wp\/v2\/types\/page"}],"author":[{"embeddable":true,"href":"https:\/\/agora.xtec.cat\/ceipsarroca\/wp-json\/wp\/v2\/users\/1"}],"replies":[{"embeddable":true,"href":"https:\/\/agora.xtec.cat\/ceipsarroca\/wp-json\/wp\/v2\/comments?post=26"}],"version-history":[{"count":3,"href":"https:\/\/agora.xtec.cat\/ceipsarroca\/wp-json\/wp\/v2\/pages\/26\/revisions"}],"predecessor-version":[{"id":271,"href":"https:\/\/agora.xtec.cat\/ceipsarroca\/wp-json\/wp\/v2\/pages\/26\/revisions\/271"}],"wp:attachment":[{"href":"https:\/\/agora.xtec.cat\/ceipsarroca\/wp-json\/wp\/v2\/media?parent=26"}],"curies":[{"name":"wp","href":"https:\/\/api.w.org\/{rel}","templated":true}]}}